{"id":52617,"date":"2025-11-21T09:18:21","date_gmt":"2025-11-21T08:18:21","guid":{"rendered":"https:\/\/librairie7l.com\/?post_type=product&#038;p=52617"},"modified":"2026-04-04T19:57:20","modified_gmt":"2026-04-04T17:57:20","slug":"robert-rauschenbergs-new-york-pictures-from-the-real-world-2","status":"publish","type":"product","link":"https:\/\/librairie7l.com\/en\/produit\/robert-rauschenbergs-new-york-pictures-from-the-real-world-2\/","title":{"rendered":"ROBERT RAUSCHENBERG&#8217;S NEW YORK : PICTURES FROM THE REAL WORLD"},"content":{"rendered":"<p>\u00c0 l&#8217;occasion du centenaire de la naissance de Robert Rauschenberg, cette publication attendue depuis longtemps examine l&#8217;importance centrale de la photographie pour l&#8217;artiste. Robert Rauschenberg (1925-2008) \u00e9tait l&#8217;artiste par excellence de l&#8217;apr\u00e8s-guerre \u00e0 New York et l&#8217;un des cr\u00e9ateurs am\u00e9ricains les plus influents du XXe si\u00e8cle, surtout connu comme peintre et graphiste qui a ouvert la voie au Pop Art. Robert Rauschenberg&#8217;s New York explore en profondeur l&#8217;engagement de l&#8217;artiste avec la photographie, en se concen- trant sur sa relation avec la ville de New York. Des photographies initiales marquantes pr\u00e9parent le terrain pour le volume, en examinant la vie et la carri\u00e8re de l&#8217;artiste, ainsi que la sc\u00e8ne artistique new-yorkaise des ann\u00e9es 1950 et du d\u00e9but des ann\u00e9es 1960. Plus tard, les photographies qui ont d\u00e9fini la carri\u00e8re de Rauschenberg \u00e0 New York entre 1979 et 1981 sont pr\u00e9sent\u00e9es aux c\u00f4t\u00e9s d&#8217;une s\u00e9lection minutieuse de ses peintures et estampes qui reproduisent et r\u00e9utilisent les photographies de nouvelles mani\u00e8res. Ici, son imagerie photographique est vue dans un nouveau contexte, comme source de cr\u00e9ativit\u00e9 et d&#8217;improvisation artistiques suppl\u00e9mentaires.<\/p>\n","protected":false},"excerpt":{"rendered":"<p>\u00c0 l&#8217;occasion du centenaire de la naissance de Robert Rauschenberg, cette publication attendue depuis longtemps examine l&#8217;importance centrale de la photographie pour l&#8217;artiste. Robert Rauschenberg (1925-2008) \u00e9tait l&#8217;artiste par excellence de l&#8217;apr\u00e8s-guerre \u00e0 New York et l&#8217;un des cr\u00e9ateurs am\u00e9ricains les plus influents du XXe si\u00e8cle, surtout connu comme peintre et graphiste qui a ouvert [&hellip;]<\/p>\n","protected":false},"featured_media":52615,"template":"","meta":[],"product_cat":[2948,2958],"product_tag":[],"acf":[],"yoast_head":"<!-- This site is optimized with the Yoast SEO plugin v20.11 - https:\/\/yoast.com\/wordpress\/plugins\/seo\/ -->\n<title>Robert Rauschenberg&#039;s New York : Pictures from the Real World - Librairie 7L<\/title>\n<meta name=\"robots\" content=\"index, follow, max-snippet:-1, max-image-preview:large, max-video-preview:-1\" \/>\n<link rel=\"canonical\" href=\"https:\/\/librairie7l.com\/en\/produit\/robert-rauschenbergs-new-york-pictures-from-the-real-world-2\/\" \/>\n<meta property=\"og:locale\" content=\"en_US\" \/>\n<meta property=\"og:type\" content=\"article\" \/>\n<meta property=\"og:title\" content=\"Robert Rauschenberg&#039;s New York : Pictures from the Real World - Librairie 7L\" \/>\n<meta property=\"og:description\" content=\"\u00c0 l&#8217;occasion du centenaire de la naissance de Robert Rauschenberg, cette publication attendue depuis longtemps examine l&#8217;importance centrale de la photographie pour l&#8217;artiste. Robert Rauschenberg (1925-2008) \u00e9tait l&#8217;artiste par excellence de l&#8217;apr\u00e8s-guerre \u00e0 New York et l&#8217;un des cr\u00e9ateurs am\u00e9ricains les plus influents du XXe si\u00e8cle, surtout connu comme peintre et graphiste qui a ouvert [&hellip;]\" \/>\n<meta property=\"og:url\" content=\"https:\/\/librairie7l.com\/en\/produit\/robert-rauschenbergs-new-york-pictures-from-the-real-world-2\/\" \/>\n<meta property=\"og:site_name\" content=\"Librairie 7L\" \/>\n<meta property=\"article:modified_time\" content=\"2026-04-04T17:57:20+00:00\" \/>\n<meta property=\"og:image\" content=\"https:\/\/librairie7l.com\/wp-content\/uploads\/2025\/09\/9781917273091_1_75.jpg\" \/>\n\t<meta property=\"og:image:width\" content=\"600\" \/>\n\t<meta property=\"og:image:height\" content=\"691\" \/>\n\t<meta property=\"og:image:type\" content=\"image\/jpeg\" \/>\n<meta name=\"twitter:card\" content=\"summary_large_image\" \/>\n<meta name=\"twitter:label1\" content=\"Est. reading time\" \/>\n\t<meta name=\"twitter:data1\" content=\"1 minute\" \/>\n<script type=\"application\/ld+json\" class=\"yoast-schema-graph\">{\"@context\":\"https:\/\/schema.org\",\"@graph\":[{\"@type\":\"WebPage\",\"@id\":\"https:\/\/librairie7l.com\/en\/produit\/robert-rauschenbergs-new-york-pictures-from-the-real-world-2\/\",\"url\":\"https:\/\/librairie7l.com\/en\/produit\/robert-rauschenbergs-new-york-pictures-from-the-real-world-2\/\",\"name\":\"Robert Rauschenberg's New York : Pictures from the Real World - Librairie 7L\",\"isPartOf\":{\"@id\":\"https:\/\/librairie7l.com\/en\/#website\"},\"datePublished\":\"2025-11-21T08:18:21+00:00\",\"dateModified\":\"2026-04-04T17:57:20+00:00\",\"breadcrumb\":{\"@id\":\"https:\/\/librairie7l.com\/en\/produit\/robert-rauschenbergs-new-york-pictures-from-the-real-world-2\/#breadcrumb\"},\"inLanguage\":\"en-US\",\"potentialAction\":[{\"@type\":\"ReadAction\",\"target\":[\"https:\/\/librairie7l.com\/en\/produit\/robert-rauschenbergs-new-york-pictures-from-the-real-world-2\/\"]}]},{\"@type\":\"BreadcrumbList\",\"@id\":\"https:\/\/librairie7l.com\/en\/produit\/robert-rauschenbergs-new-york-pictures-from-the-real-world-2\/#breadcrumb\",\"itemListElement\":[{\"@type\":\"ListItem\",\"position\":1,\"name\":\"Accueil\",\"item\":\"https:\/\/librairie7l.com\/en\/\"},{\"@type\":\"ListItem\",\"position\":2,\"name\":\"Shop\",\"item\":\"https:\/\/librairie7l.com\/en\/shop\/\"},{\"@type\":\"ListItem\",\"position\":3,\"name\":\"ROBERT RAUSCHENBERG&#8217;S NEW YORK : PICTURES FROM THE REAL WORLD\"}]},{\"@type\":\"WebSite\",\"@id\":\"https:\/\/librairie7l.com\/en\/#website\",\"url\":\"https:\/\/librairie7l.com\/en\/\",\"name\":\"Librairie 7L\",\"description\":\"Librairie fond\u00e9e en 1999 par Karl Lagerfeld \u00e0 Paris\",\"publisher\":{\"@id\":\"https:\/\/librairie7l.com\/en\/#organization\"},\"potentialAction\":[{\"@type\":\"SearchAction\",\"target\":{\"@type\":\"EntryPoint\",\"urlTemplate\":\"https:\/\/librairie7l.com\/en\/?s={search_term_string}\"},\"query-input\":\"required name=search_term_string\"}],\"inLanguage\":\"en-US\"},{\"@type\":\"Organization\",\"@id\":\"https:\/\/librairie7l.com\/en\/#organization\",\"name\":\"Librairie 7L\",\"url\":\"https:\/\/librairie7l.com\/en\/\",\"logo\":{\"@type\":\"ImageObject\",\"inLanguage\":\"en-US\",\"@id\":\"https:\/\/librairie7l.com\/en\/#\/schema\/logo\/image\/\",\"url\":\"https:\/\/librairie7l.com\/wp-content\/uploads\/2022\/08\/logo-1.png\",\"contentUrl\":\"https:\/\/librairie7l.com\/wp-content\/uploads\/2022\/08\/logo-1.png\",\"width\":227,\"height\":301,\"caption\":\"Librairie 7L\"},\"image\":{\"@id\":\"https:\/\/librairie7l.com\/en\/#\/schema\/logo\/image\/\"}}]}<\/script>\n<!-- \/ Yoast SEO plugin. -->","yoast_head_json":{"title":"Robert Rauschenberg's New York : Pictures from the Real World - Librairie 7L","robots":{"index":"index","follow":"follow","max-snippet":"max-snippet:-1","max-image-preview":"max-image-preview:large","max-video-preview":"max-video-preview:-1"},"canonical":"https:\/\/librairie7l.com\/en\/produit\/robert-rauschenbergs-new-york-pictures-from-the-real-world-2\/","og_locale":"en_US","og_type":"article","og_title":"Robert Rauschenberg's New York : Pictures from the Real World - Librairie 7L","og_description":"\u00c0 l&#8217;occasion du centenaire de la naissance de Robert Rauschenberg, cette publication attendue depuis longtemps examine l&#8217;importance centrale de la photographie pour l&#8217;artiste. Robert Rauschenberg (1925-2008) \u00e9tait l&#8217;artiste par excellence de l&#8217;apr\u00e8s-guerre \u00e0 New York et l&#8217;un des cr\u00e9ateurs am\u00e9ricains les plus influents du XXe si\u00e8cle, surtout connu comme peintre et graphiste qui a ouvert [&hellip;]","og_url":"https:\/\/librairie7l.com\/en\/produit\/robert-rauschenbergs-new-york-pictures-from-the-real-world-2\/","og_site_name":"Librairie 7L","article_modified_time":"2026-04-04T17:57:20+00:00","og_image":[{"width":600,"height":691,"url":"https:\/\/librairie7l.com\/wp-content\/uploads\/2025\/09\/9781917273091_1_75.jpg","type":"image\/jpeg"}],"twitter_card":"summary_large_image","twitter_misc":{"Est. reading time":"1 minute"},"schema":{"@context":"https:\/\/schema.org","@graph":[{"@type":"WebPage","@id":"https:\/\/librairie7l.com\/en\/produit\/robert-rauschenbergs-new-york-pictures-from-the-real-world-2\/","url":"https:\/\/librairie7l.com\/en\/produit\/robert-rauschenbergs-new-york-pictures-from-the-real-world-2\/","name":"Robert Rauschenberg's New York : Pictures from the Real World - Librairie 7L","isPartOf":{"@id":"https:\/\/librairie7l.com\/en\/#website"},"datePublished":"2025-11-21T08:18:21+00:00","dateModified":"2026-04-04T17:57:20+00:00","breadcrumb":{"@id":"https:\/\/librairie7l.com\/en\/produit\/robert-rauschenbergs-new-york-pictures-from-the-real-world-2\/#breadcrumb"},"inLanguage":"en-US","potentialAction":[{"@type":"ReadAction","target":["https:\/\/librairie7l.com\/en\/produit\/robert-rauschenbergs-new-york-pictures-from-the-real-world-2\/"]}]},{"@type":"BreadcrumbList","@id":"https:\/\/librairie7l.com\/en\/produit\/robert-rauschenbergs-new-york-pictures-from-the-real-world-2\/#breadcrumb","itemListElement":[{"@type":"ListItem","position":1,"name":"Accueil","item":"https:\/\/librairie7l.com\/en\/"},{"@type":"ListItem","position":2,"name":"Shop","item":"https:\/\/librairie7l.com\/en\/shop\/"},{"@type":"ListItem","position":3,"name":"ROBERT RAUSCHENBERG&#8217;S NEW YORK : PICTURES FROM THE REAL WORLD"}]},{"@type":"WebSite","@id":"https:\/\/librairie7l.com\/en\/#website","url":"https:\/\/librairie7l.com\/en\/","name":"Librairie 7L","description":"Librairie fond\u00e9e en 1999 par Karl Lagerfeld \u00e0 Paris","publisher":{"@id":"https:\/\/librairie7l.com\/en\/#organization"},"potentialAction":[{"@type":"SearchAction","target":{"@type":"EntryPoint","urlTemplate":"https:\/\/librairie7l.com\/en\/?s={search_term_string}"},"query-input":"required name=search_term_string"}],"inLanguage":"en-US"},{"@type":"Organization","@id":"https:\/\/librairie7l.com\/en\/#organization","name":"Librairie 7L","url":"https:\/\/librairie7l.com\/en\/","logo":{"@type":"ImageObject","inLanguage":"en-US","@id":"https:\/\/librairie7l.com\/en\/#\/schema\/logo\/image\/","url":"https:\/\/librairie7l.com\/wp-content\/uploads\/2022\/08\/logo-1.png","contentUrl":"https:\/\/librairie7l.com\/wp-content\/uploads\/2022\/08\/logo-1.png","width":227,"height":301,"caption":"Librairie 7L"},"image":{"@id":"https:\/\/librairie7l.com\/en\/#\/schema\/logo\/image\/"}}]}},"_links":{"self":[{"href":"https:\/\/librairie7l.com\/en\/wp-json\/wp\/v2\/product\/52617"}],"collection":[{"href":"https:\/\/librairie7l.com\/en\/wp-json\/wp\/v2\/product"}],"about":[{"href":"https:\/\/librairie7l.com\/en\/wp-json\/wp\/v2\/types\/product"}],"wp:featuredmedia":[{"embeddable":true,"href":"https:\/\/librairie7l.com\/en\/wp-json\/wp\/v2\/media\/52615"}],"wp:attachment":[{"href":"https:\/\/librairie7l.com\/en\/wp-json\/wp\/v2\/media?parent=52617"}],"wp:term":[{"taxonomy":"product_cat","embeddable":true,"href":"https:\/\/librairie7l.com\/en\/wp-json\/wp\/v2\/product_cat?post=52617"},{"taxonomy":"product_tag","embeddable":true,"href":"https:\/\/librairie7l.com\/en\/wp-json\/wp\/v2\/product_tag?post=52617"}],"curies":[{"name":"wp","href":"https:\/\/api.w.org\/{rel}","templated":true}]}}