{"id":52621,"date":"2025-11-21T10:16:07","date_gmt":"2025-11-21T09:16:07","guid":{"rendered":"https:\/\/librairie7l.com\/?post_type=product&#038;p=52621"},"modified":"2026-04-14T21:26:03","modified_gmt":"2026-04-14T19:26:03","slug":"histoire-du-the-2","status":"publish","type":"product","link":"https:\/\/librairie7l.com\/en\/produit\/histoire-du-the-2\/","title":{"rendered":"HISTOIRE DU TH\u00c9"},"content":{"rendered":"<p>L&#8217;histoire du th\u00e9 remonte dans le plus lointain pass\u00e9 de l&#8217;Asie ; l\u00e9gendes et histoires se m\u00ealent pour raconter ses origines en Chine, plus de 2 000 ans avant J. C. Peu \u00e0 peu, la pr\u00e9paration et la c\u00e9r\u00e9monie du th\u00e9 allaient s&#8217;\u00e9laborer dans des rites raffin\u00e9s qui trouv\u00e8rent leur voie id\u00e9ale dans le tao\u00efsme chinois. Le Japon fut ensuite initi\u00e9 \u00e0 ses d\u00e9lices et en fit un \u00e9l\u00e9ment essentiel de sa culture. C&#8217;est seulement au xviie si\u00e8cle que l&#8217;Europe d\u00e9couvre le th\u00e9 quand les navires de la Compagnie des Indes orientales ram\u00e8nent d&#8217;Extr\u00eame-Orient la pr\u00e9cieuse denr\u00e9e. Les Anglais font alors du th\u00e9 leur boisson nationale et son commerce est une des bases de leur supr\u00e9matie mondiale \u00e0 l&#8217;\u00e9poque des clippers. Tout un art de l&#8217;hospitalit\u00e9 se cr\u00e9e par le th\u00e9 tandis que les plantations de l&#8217;Assam, fleuron de l&#8217;Empire des Indes, se d\u00e9veloppent dans le sang et les larmes : par dizaines de milliers, les coolies y furent massacr\u00e9s. Tel fut le prix de l&#8217;expansion brutale d&#8217;une \u00e9conomie conqu\u00e9rante qui soutiendra le raffinement des salons victoriens. Boisson \u00e0 l&#8217;histoire fabuleuse, par ses origines comme par ses plus r\u00e9cents d\u00e9veloppements, le th\u00e9 s\u00e9duit toujours les imaginations par l&#8217;exotisme attach\u00e9 \u00e0 son nom. C&#8217;est aujourd&#8217;hui une boisson mondiale, un agent \u00e9conomique important, un art de vivre, et un des symboles du monde britannique.<\/p>\n","protected":false},"excerpt":{"rendered":"<p>L&#8217;histoire du th\u00e9 remonte dans le plus lointain pass\u00e9 de l&#8217;Asie ; l\u00e9gendes et histoires se m\u00ealent pour raconter ses origines en Chine, plus de 2 000 ans avant J. C. Peu \u00e0 peu, la pr\u00e9paration et la c\u00e9r\u00e9monie du th\u00e9 allaient s&#8217;\u00e9laborer dans des rites raffin\u00e9s qui trouv\u00e8rent leur voie id\u00e9ale dans le tao\u00efsme [&hellip;]<\/p>\n","protected":false},"featured_media":52619,"template":"","meta":[],"product_cat":[2948,2956],"product_tag":[],"acf":[],"yoast_head":"<!-- This site is optimized with the Yoast SEO plugin v20.11 - https:\/\/yoast.com\/wordpress\/plugins\/seo\/ -->\n<title>Histoire du th\u00e9 - Librairie 7L<\/title>\n<meta name=\"robots\" content=\"index, follow, max-snippet:-1, max-image-preview:large, max-video-preview:-1\" \/>\n<link rel=\"canonical\" href=\"https:\/\/librairie7l.com\/en\/produit\/histoire-du-the-2\/\" \/>\n<meta property=\"og:locale\" content=\"en_US\" \/>\n<meta property=\"og:type\" content=\"article\" \/>\n<meta property=\"og:title\" content=\"Histoire du th\u00e9 - Librairie 7L\" \/>\n<meta property=\"og:description\" content=\"L&#8217;histoire du th\u00e9 remonte dans le plus lointain pass\u00e9 de l&#8217;Asie ; l\u00e9gendes et histoires se m\u00ealent pour raconter ses origines en Chine, plus de 2 000 ans avant J. C. Peu \u00e0 peu, la pr\u00e9paration et la c\u00e9r\u00e9monie du th\u00e9 allaient s&#8217;\u00e9laborer dans des rites raffin\u00e9s qui trouv\u00e8rent leur voie id\u00e9ale dans le tao\u00efsme [&hellip;]\" \/>\n<meta property=\"og:url\" content=\"https:\/\/librairie7l.com\/en\/produit\/histoire-du-the-2\/\" \/>\n<meta property=\"og:site_name\" content=\"Librairie 7L\" \/>\n<meta property=\"article:modified_time\" content=\"2026-04-14T19:26:03+00:00\" \/>\n<meta property=\"og:image\" content=\"https:\/\/librairie7l.com\/wp-content\/uploads\/2023\/06\/9782494500099_1_75.jpg\" \/>\n\t<meta property=\"og:image:width\" content=\"312\" \/>\n\t<meta property=\"og:image:height\" content=\"475\" \/>\n\t<meta property=\"og:image:type\" content=\"image\/jpeg\" \/>\n<meta name=\"twitter:card\" content=\"summary_large_image\" \/>\n<meta name=\"twitter:label1\" content=\"Est. reading time\" \/>\n\t<meta name=\"twitter:data1\" content=\"1 minute\" \/>\n<script type=\"application\/ld+json\" class=\"yoast-schema-graph\">{\"@context\":\"https:\/\/schema.org\",\"@graph\":[{\"@type\":\"WebPage\",\"@id\":\"https:\/\/librairie7l.com\/en\/produit\/histoire-du-the-2\/\",\"url\":\"https:\/\/librairie7l.com\/en\/produit\/histoire-du-the-2\/\",\"name\":\"Histoire du th\u00e9 - Librairie 7L\",\"isPartOf\":{\"@id\":\"https:\/\/librairie7l.com\/en\/#website\"},\"datePublished\":\"2025-11-21T09:16:07+00:00\",\"dateModified\":\"2026-04-14T19:26:03+00:00\",\"breadcrumb\":{\"@id\":\"https:\/\/librairie7l.com\/en\/produit\/histoire-du-the-2\/#breadcrumb\"},\"inLanguage\":\"en-US\",\"potentialAction\":[{\"@type\":\"ReadAction\",\"target\":[\"https:\/\/librairie7l.com\/en\/produit\/histoire-du-the-2\/\"]}]},{\"@type\":\"BreadcrumbList\",\"@id\":\"https:\/\/librairie7l.com\/en\/produit\/histoire-du-the-2\/#breadcrumb\",\"itemListElement\":[{\"@type\":\"ListItem\",\"position\":1,\"name\":\"Accueil\",\"item\":\"https:\/\/librairie7l.com\/en\/\"},{\"@type\":\"ListItem\",\"position\":2,\"name\":\"Shop\",\"item\":\"https:\/\/librairie7l.com\/en\/shop\/\"},{\"@type\":\"ListItem\",\"position\":3,\"name\":\"HISTOIRE DU TH\u00c9\"}]},{\"@type\":\"WebSite\",\"@id\":\"https:\/\/librairie7l.com\/en\/#website\",\"url\":\"https:\/\/librairie7l.com\/en\/\",\"name\":\"Librairie 7L\",\"description\":\"Librairie fond\u00e9e en 1999 par Karl Lagerfeld \u00e0 Paris\",\"publisher\":{\"@id\":\"https:\/\/librairie7l.com\/en\/#organization\"},\"potentialAction\":[{\"@type\":\"SearchAction\",\"target\":{\"@type\":\"EntryPoint\",\"urlTemplate\":\"https:\/\/librairie7l.com\/en\/?s={search_term_string}\"},\"query-input\":\"required name=search_term_string\"}],\"inLanguage\":\"en-US\"},{\"@type\":\"Organization\",\"@id\":\"https:\/\/librairie7l.com\/en\/#organization\",\"name\":\"Librairie 7L\",\"url\":\"https:\/\/librairie7l.com\/en\/\",\"logo\":{\"@type\":\"ImageObject\",\"inLanguage\":\"en-US\",\"@id\":\"https:\/\/librairie7l.com\/en\/#\/schema\/logo\/image\/\",\"url\":\"https:\/\/librairie7l.com\/wp-content\/uploads\/2022\/08\/logo-1.png\",\"contentUrl\":\"https:\/\/librairie7l.com\/wp-content\/uploads\/2022\/08\/logo-1.png\",\"width\":227,\"height\":301,\"caption\":\"Librairie 7L\"},\"image\":{\"@id\":\"https:\/\/librairie7l.com\/en\/#\/schema\/logo\/image\/\"}}]}<\/script>\n<!-- \/ Yoast SEO plugin. -->","yoast_head_json":{"title":"Histoire du th\u00e9 - Librairie 7L","robots":{"index":"index","follow":"follow","max-snippet":"max-snippet:-1","max-image-preview":"max-image-preview:large","max-video-preview":"max-video-preview:-1"},"canonical":"https:\/\/librairie7l.com\/en\/produit\/histoire-du-the-2\/","og_locale":"en_US","og_type":"article","og_title":"Histoire du th\u00e9 - Librairie 7L","og_description":"L&#8217;histoire du th\u00e9 remonte dans le plus lointain pass\u00e9 de l&#8217;Asie ; l\u00e9gendes et histoires se m\u00ealent pour raconter ses origines en Chine, plus de 2 000 ans avant J. C. Peu \u00e0 peu, la pr\u00e9paration et la c\u00e9r\u00e9monie du th\u00e9 allaient s&#8217;\u00e9laborer dans des rites raffin\u00e9s qui trouv\u00e8rent leur voie id\u00e9ale dans le tao\u00efsme [&hellip;]","og_url":"https:\/\/librairie7l.com\/en\/produit\/histoire-du-the-2\/","og_site_name":"Librairie 7L","article_modified_time":"2026-04-14T19:26:03+00:00","og_image":[{"width":312,"height":475,"url":"https:\/\/librairie7l.com\/wp-content\/uploads\/2023\/06\/9782494500099_1_75.jpg","type":"image\/jpeg"}],"twitter_card":"summary_large_image","twitter_misc":{"Est. reading time":"1 minute"},"schema":{"@context":"https:\/\/schema.org","@graph":[{"@type":"WebPage","@id":"https:\/\/librairie7l.com\/en\/produit\/histoire-du-the-2\/","url":"https:\/\/librairie7l.com\/en\/produit\/histoire-du-the-2\/","name":"Histoire du th\u00e9 - Librairie 7L","isPartOf":{"@id":"https:\/\/librairie7l.com\/en\/#website"},"datePublished":"2025-11-21T09:16:07+00:00","dateModified":"2026-04-14T19:26:03+00:00","breadcrumb":{"@id":"https:\/\/librairie7l.com\/en\/produit\/histoire-du-the-2\/#breadcrumb"},"inLanguage":"en-US","potentialAction":[{"@type":"ReadAction","target":["https:\/\/librairie7l.com\/en\/produit\/histoire-du-the-2\/"]}]},{"@type":"BreadcrumbList","@id":"https:\/\/librairie7l.com\/en\/produit\/histoire-du-the-2\/#breadcrumb","itemListElement":[{"@type":"ListItem","position":1,"name":"Accueil","item":"https:\/\/librairie7l.com\/en\/"},{"@type":"ListItem","position":2,"name":"Shop","item":"https:\/\/librairie7l.com\/en\/shop\/"},{"@type":"ListItem","position":3,"name":"HISTOIRE DU TH\u00c9"}]},{"@type":"WebSite","@id":"https:\/\/librairie7l.com\/en\/#website","url":"https:\/\/librairie7l.com\/en\/","name":"Librairie 7L","description":"Librairie fond\u00e9e en 1999 par Karl Lagerfeld \u00e0 Paris","publisher":{"@id":"https:\/\/librairie7l.com\/en\/#organization"},"potentialAction":[{"@type":"SearchAction","target":{"@type":"EntryPoint","urlTemplate":"https:\/\/librairie7l.com\/en\/?s={search_term_string}"},"query-input":"required name=search_term_string"}],"inLanguage":"en-US"},{"@type":"Organization","@id":"https:\/\/librairie7l.com\/en\/#organization","name":"Librairie 7L","url":"https:\/\/librairie7l.com\/en\/","logo":{"@type":"ImageObject","inLanguage":"en-US","@id":"https:\/\/librairie7l.com\/en\/#\/schema\/logo\/image\/","url":"https:\/\/librairie7l.com\/wp-content\/uploads\/2022\/08\/logo-1.png","contentUrl":"https:\/\/librairie7l.com\/wp-content\/uploads\/2022\/08\/logo-1.png","width":227,"height":301,"caption":"Librairie 7L"},"image":{"@id":"https:\/\/librairie7l.com\/en\/#\/schema\/logo\/image\/"}}]}},"_links":{"self":[{"href":"https:\/\/librairie7l.com\/en\/wp-json\/wp\/v2\/product\/52621"}],"collection":[{"href":"https:\/\/librairie7l.com\/en\/wp-json\/wp\/v2\/product"}],"about":[{"href":"https:\/\/librairie7l.com\/en\/wp-json\/wp\/v2\/types\/product"}],"wp:featuredmedia":[{"embeddable":true,"href":"https:\/\/librairie7l.com\/en\/wp-json\/wp\/v2\/media\/52619"}],"wp:attachment":[{"href":"https:\/\/librairie7l.com\/en\/wp-json\/wp\/v2\/media?parent=52621"}],"wp:term":[{"taxonomy":"product_cat","embeddable":true,"href":"https:\/\/librairie7l.com\/en\/wp-json\/wp\/v2\/product_cat?post=52621"},{"taxonomy":"product_tag","embeddable":true,"href":"https:\/\/librairie7l.com\/en\/wp-json\/wp\/v2\/product_tag?post=52621"}],"curies":[{"name":"wp","href":"https:\/\/api.w.org\/{rel}","templated":true}]}}