{"id":52627,"date":"2025-11-21T10:16:12","date_gmt":"2025-11-21T09:16:12","guid":{"rendered":"https:\/\/librairie7l.com\/?post_type=product&#038;p=52627"},"modified":"2026-04-05T05:17:20","modified_gmt":"2026-04-05T03:17:20","slug":"dictionnaire-amoureux-de-gabrielle-chanel-2","status":"publish","type":"product","link":"https:\/\/librairie7l.com\/en\/produit\/dictionnaire-amoureux-de-gabrielle-chanel-2\/","title":{"rendered":"DICTIONNAIRE AMOUREUX DE GABRIELLE CHANEL"},"content":{"rendered":"<p>Ce Dictionnaire amoureux m\u00eale souvenirs d&#8217;enfance, inspiration artistique et sources de cr\u00e9ation. Jean-Louis Froment y convoque ses talents de po\u00e8te pour dresser un portrait unique de la cr\u00e9atrice. Il ne se contente pas de raconter Gabrielle Chanel, femme en mouvement permanent, avant-gardiste devenue une ic\u00f4ne incontournable de la mode, il tente d&#8217;en capturer l&#8217;essence.<br \/>\nIl est parmi les rares connaisseurs de la vie de Gabrielle Chanel. Il a parcouru les chemins de ses lieux de vie, de ses rencontres, de ses lectures, de ses regards, de tout ce qui touche \u00e0 l&#8217;invisible d&#8217;une cr\u00e9ation: d&#8217;o\u00f9 elle survient, comment elle se glisse dans le projet d&#8217;une vie, comment elle sait capturer le sens d&#8217;un mot de Jean Cocteau, d&#8217;une image de Pierre Reverdy, d&#8217;un rythme de Guillaume Apollinaire, d&#8217;une mati\u00e8re de Picasso, d&#8217;une sonorit\u00e9 de Stravinsky, pour en faire son langage, tout en l&#8217;associant aux paysages secrets des manques de l&#8217;enfance.<br \/>\nCe texte tr\u00e8s litt\u00e9raire et d&#8217;une grande po\u00e9sie, nous d\u00e9peint l&#8217;\u00e2me d&#8217;une grande cr\u00e9atrice.<br \/>\nSans jamais \u00eatre historique, didactique ou p\u00e9dagogique, l&#8217;auteur nous r\u00e9v\u00e8le ce qui a inspir\u00e9 Gabrielle Chanel. Par une approche sensible, il met en lumi\u00e8re l&#8217;origine des cr\u00e9ations embl\u00e9matiques de Chanel. Comment sont n\u00e9s le tweed, le jersey, le cam\u00e9lia, le logo Chanel, la veste noire, la joaillerie, les fragrances&#8230; Il nous m\u00e8ne \u00e9galement dans les pas de Gabrielle Chanel, en compagnie des hommes et des femmes de sa vie, d&#8217;Obazine \u00e0 Paris, en passant par Moulins, Biarritz, Deauville, New York.<br \/>\nL&#8217;auteur nous offre aussi une formidable plong\u00e9e dans un monde artistique d&#8217;avant-garde d&#8217;une incroyable richesse avec des inspirations multiples. On y c\u00f4toie Misia, Cocteau, Lifar, Picasso, Diaghilev et tant d&#8217;autres. On d\u00e9couvre Gabrielle \u00e0 travers ses lectures, on apprend comment chaque livre l&#8217;a accompagn\u00e9e et inspir\u00e9e.<br \/>\nSous la forme d&#8217;un portrait chinois d&#8217;une extr\u00eame finesse, d&#8217;une po\u00e9sie merveilleuse,<\/p>\n","protected":false},"excerpt":{"rendered":"<p>Ce Dictionnaire amoureux m\u00eale souvenirs d&#8217;enfance, inspiration artistique et sources de cr\u00e9ation. Jean-Louis Froment y convoque ses talents de po\u00e8te pour dresser un portrait unique de la cr\u00e9atrice. Il ne se contente pas de raconter Gabrielle Chanel, femme en mouvement permanent, avant-gardiste devenue une ic\u00f4ne incontournable de la mode, il tente d&#8217;en capturer l&#8217;essence. Il [&hellip;]<\/p>\n","protected":false},"featured_media":52625,"template":"","meta":[],"product_cat":[2948,2957],"product_tag":[],"acf":[],"yoast_head":"<!-- This site is optimized with the Yoast SEO plugin v20.11 - https:\/\/yoast.com\/wordpress\/plugins\/seo\/ -->\n<title>Dictionnaire amoureux de Gabrielle Chanel - Librairie 7L<\/title>\n<meta name=\"robots\" content=\"index, follow, max-snippet:-1, max-image-preview:large, max-video-preview:-1\" \/>\n<link rel=\"canonical\" href=\"https:\/\/librairie7l.com\/en\/produit\/dictionnaire-amoureux-de-gabrielle-chanel-2\/\" \/>\n<meta property=\"og:locale\" content=\"en_US\" \/>\n<meta property=\"og:type\" content=\"article\" \/>\n<meta property=\"og:title\" content=\"Dictionnaire amoureux de Gabrielle Chanel - Librairie 7L\" \/>\n<meta property=\"og:description\" content=\"Ce Dictionnaire amoureux m\u00eale souvenirs d&#8217;enfance, inspiration artistique et sources de cr\u00e9ation. Jean-Louis Froment y convoque ses talents de po\u00e8te pour dresser un portrait unique de la cr\u00e9atrice. Il ne se contente pas de raconter Gabrielle Chanel, femme en mouvement permanent, avant-gardiste devenue une ic\u00f4ne incontournable de la mode, il tente d&#8217;en capturer l&#8217;essence. Il [&hellip;]\" \/>\n<meta property=\"og:url\" content=\"https:\/\/librairie7l.com\/en\/produit\/dictionnaire-amoureux-de-gabrielle-chanel-2\/\" \/>\n<meta property=\"og:site_name\" content=\"Librairie 7L\" \/>\n<meta property=\"article:modified_time\" content=\"2026-04-05T03:17:20+00:00\" \/>\n<meta property=\"og:image\" content=\"https:\/\/librairie7l.com\/wp-content\/uploads\/2025\/06\/9782259322881_1_75.jpg\" \/>\n\t<meta property=\"og:image:width\" content=\"600\" \/>\n\t<meta property=\"og:image:height\" content=\"913\" \/>\n\t<meta property=\"og:image:type\" content=\"image\/jpeg\" \/>\n<meta name=\"twitter:card\" content=\"summary_large_image\" \/>\n<meta name=\"twitter:label1\" content=\"Est. reading time\" \/>\n\t<meta name=\"twitter:data1\" content=\"2 minutes\" \/>\n<script type=\"application\/ld+json\" class=\"yoast-schema-graph\">{\"@context\":\"https:\/\/schema.org\",\"@graph\":[{\"@type\":\"WebPage\",\"@id\":\"https:\/\/librairie7l.com\/en\/produit\/dictionnaire-amoureux-de-gabrielle-chanel-2\/\",\"url\":\"https:\/\/librairie7l.com\/en\/produit\/dictionnaire-amoureux-de-gabrielle-chanel-2\/\",\"name\":\"Dictionnaire amoureux de Gabrielle Chanel - Librairie 7L\",\"isPartOf\":{\"@id\":\"https:\/\/librairie7l.com\/en\/#website\"},\"datePublished\":\"2025-11-21T09:16:12+00:00\",\"dateModified\":\"2026-04-05T03:17:20+00:00\",\"breadcrumb\":{\"@id\":\"https:\/\/librairie7l.com\/en\/produit\/dictionnaire-amoureux-de-gabrielle-chanel-2\/#breadcrumb\"},\"inLanguage\":\"en-US\",\"potentialAction\":[{\"@type\":\"ReadAction\",\"target\":[\"https:\/\/librairie7l.com\/en\/produit\/dictionnaire-amoureux-de-gabrielle-chanel-2\/\"]}]},{\"@type\":\"BreadcrumbList\",\"@id\":\"https:\/\/librairie7l.com\/en\/produit\/dictionnaire-amoureux-de-gabrielle-chanel-2\/#breadcrumb\",\"itemListElement\":[{\"@type\":\"ListItem\",\"position\":1,\"name\":\"Accueil\",\"item\":\"https:\/\/librairie7l.com\/en\/\"},{\"@type\":\"ListItem\",\"position\":2,\"name\":\"Shop\",\"item\":\"https:\/\/librairie7l.com\/en\/shop\/\"},{\"@type\":\"ListItem\",\"position\":3,\"name\":\"DICTIONNAIRE AMOUREUX DE GABRIELLE CHANEL\"}]},{\"@type\":\"WebSite\",\"@id\":\"https:\/\/librairie7l.com\/en\/#website\",\"url\":\"https:\/\/librairie7l.com\/en\/\",\"name\":\"Librairie 7L\",\"description\":\"Librairie fond\u00e9e en 1999 par Karl Lagerfeld \u00e0 Paris\",\"publisher\":{\"@id\":\"https:\/\/librairie7l.com\/en\/#organization\"},\"potentialAction\":[{\"@type\":\"SearchAction\",\"target\":{\"@type\":\"EntryPoint\",\"urlTemplate\":\"https:\/\/librairie7l.com\/en\/?s={search_term_string}\"},\"query-input\":\"required name=search_term_string\"}],\"inLanguage\":\"en-US\"},{\"@type\":\"Organization\",\"@id\":\"https:\/\/librairie7l.com\/en\/#organization\",\"name\":\"Librairie 7L\",\"url\":\"https:\/\/librairie7l.com\/en\/\",\"logo\":{\"@type\":\"ImageObject\",\"inLanguage\":\"en-US\",\"@id\":\"https:\/\/librairie7l.com\/en\/#\/schema\/logo\/image\/\",\"url\":\"https:\/\/librairie7l.com\/wp-content\/uploads\/2022\/08\/logo-1.png\",\"contentUrl\":\"https:\/\/librairie7l.com\/wp-content\/uploads\/2022\/08\/logo-1.png\",\"width\":227,\"height\":301,\"caption\":\"Librairie 7L\"},\"image\":{\"@id\":\"https:\/\/librairie7l.com\/en\/#\/schema\/logo\/image\/\"}}]}<\/script>\n<!-- \/ Yoast SEO plugin. -->","yoast_head_json":{"title":"Dictionnaire amoureux de Gabrielle Chanel - Librairie 7L","robots":{"index":"index","follow":"follow","max-snippet":"max-snippet:-1","max-image-preview":"max-image-preview:large","max-video-preview":"max-video-preview:-1"},"canonical":"https:\/\/librairie7l.com\/en\/produit\/dictionnaire-amoureux-de-gabrielle-chanel-2\/","og_locale":"en_US","og_type":"article","og_title":"Dictionnaire amoureux de Gabrielle Chanel - Librairie 7L","og_description":"Ce Dictionnaire amoureux m\u00eale souvenirs d&#8217;enfance, inspiration artistique et sources de cr\u00e9ation. Jean-Louis Froment y convoque ses talents de po\u00e8te pour dresser un portrait unique de la cr\u00e9atrice. Il ne se contente pas de raconter Gabrielle Chanel, femme en mouvement permanent, avant-gardiste devenue une ic\u00f4ne incontournable de la mode, il tente d&#8217;en capturer l&#8217;essence. Il [&hellip;]","og_url":"https:\/\/librairie7l.com\/en\/produit\/dictionnaire-amoureux-de-gabrielle-chanel-2\/","og_site_name":"Librairie 7L","article_modified_time":"2026-04-05T03:17:20+00:00","og_image":[{"width":600,"height":913,"url":"https:\/\/librairie7l.com\/wp-content\/uploads\/2025\/06\/9782259322881_1_75.jpg","type":"image\/jpeg"}],"twitter_card":"summary_large_image","twitter_misc":{"Est. reading time":"2 minutes"},"schema":{"@context":"https:\/\/schema.org","@graph":[{"@type":"WebPage","@id":"https:\/\/librairie7l.com\/en\/produit\/dictionnaire-amoureux-de-gabrielle-chanel-2\/","url":"https:\/\/librairie7l.com\/en\/produit\/dictionnaire-amoureux-de-gabrielle-chanel-2\/","name":"Dictionnaire amoureux de Gabrielle Chanel - Librairie 7L","isPartOf":{"@id":"https:\/\/librairie7l.com\/en\/#website"},"datePublished":"2025-11-21T09:16:12+00:00","dateModified":"2026-04-05T03:17:20+00:00","breadcrumb":{"@id":"https:\/\/librairie7l.com\/en\/produit\/dictionnaire-amoureux-de-gabrielle-chanel-2\/#breadcrumb"},"inLanguage":"en-US","potentialAction":[{"@type":"ReadAction","target":["https:\/\/librairie7l.com\/en\/produit\/dictionnaire-amoureux-de-gabrielle-chanel-2\/"]}]},{"@type":"BreadcrumbList","@id":"https:\/\/librairie7l.com\/en\/produit\/dictionnaire-amoureux-de-gabrielle-chanel-2\/#breadcrumb","itemListElement":[{"@type":"ListItem","position":1,"name":"Accueil","item":"https:\/\/librairie7l.com\/en\/"},{"@type":"ListItem","position":2,"name":"Shop","item":"https:\/\/librairie7l.com\/en\/shop\/"},{"@type":"ListItem","position":3,"name":"DICTIONNAIRE AMOUREUX DE GABRIELLE CHANEL"}]},{"@type":"WebSite","@id":"https:\/\/librairie7l.com\/en\/#website","url":"https:\/\/librairie7l.com\/en\/","name":"Librairie 7L","description":"Librairie fond\u00e9e en 1999 par Karl Lagerfeld \u00e0 Paris","publisher":{"@id":"https:\/\/librairie7l.com\/en\/#organization"},"potentialAction":[{"@type":"SearchAction","target":{"@type":"EntryPoint","urlTemplate":"https:\/\/librairie7l.com\/en\/?s={search_term_string}"},"query-input":"required name=search_term_string"}],"inLanguage":"en-US"},{"@type":"Organization","@id":"https:\/\/librairie7l.com\/en\/#organization","name":"Librairie 7L","url":"https:\/\/librairie7l.com\/en\/","logo":{"@type":"ImageObject","inLanguage":"en-US","@id":"https:\/\/librairie7l.com\/en\/#\/schema\/logo\/image\/","url":"https:\/\/librairie7l.com\/wp-content\/uploads\/2022\/08\/logo-1.png","contentUrl":"https:\/\/librairie7l.com\/wp-content\/uploads\/2022\/08\/logo-1.png","width":227,"height":301,"caption":"Librairie 7L"},"image":{"@id":"https:\/\/librairie7l.com\/en\/#\/schema\/logo\/image\/"}}]}},"_links":{"self":[{"href":"https:\/\/librairie7l.com\/en\/wp-json\/wp\/v2\/product\/52627"}],"collection":[{"href":"https:\/\/librairie7l.com\/en\/wp-json\/wp\/v2\/product"}],"about":[{"href":"https:\/\/librairie7l.com\/en\/wp-json\/wp\/v2\/types\/product"}],"wp:featuredmedia":[{"embeddable":true,"href":"https:\/\/librairie7l.com\/en\/wp-json\/wp\/v2\/media\/52625"}],"wp:attachment":[{"href":"https:\/\/librairie7l.com\/en\/wp-json\/wp\/v2\/media?parent=52627"}],"wp:term":[{"taxonomy":"product_cat","embeddable":true,"href":"https:\/\/librairie7l.com\/en\/wp-json\/wp\/v2\/product_cat?post=52627"},{"taxonomy":"product_tag","embeddable":true,"href":"https:\/\/librairie7l.com\/en\/wp-json\/wp\/v2\/product_tag?post=52627"}],"curies":[{"name":"wp","href":"https:\/\/api.w.org\/{rel}","templated":true}]}}