{"id":52664,"date":"2025-11-22T09:18:05","date_gmt":"2025-11-22T08:18:05","guid":{"rendered":"https:\/\/librairie7l.com\/?post_type=product&#038;p=52664"},"modified":"2026-04-19T02:07:51","modified_gmt":"2026-04-19T00:07:51","slug":"carnets-bleus-2","status":"publish","type":"product","link":"https:\/\/librairie7l.com\/en\/produit\/carnets-bleus-2\/","title":{"rendered":"CARNETS BLEUS"},"content":{"rendered":"<p>L&#8217;ouvrage pr\u00e9sent\u00e9 aujourd&#8217;hui est la traduction int\u00e9grale de deux livres : &#8220;Saturated Blue&#8221;, paru chez Lapis Press (maison d&#8217;\u00e9dition fond\u00e9e par l&#8217;artiste), peu de temps avant sa mort et &#8220;Cobalt Blue&#8221;, ouvrage publi\u00e9 par la Sam Francis Foundation il y a trois ans, qui est la retranscription des textes trouv\u00e9s dans son atelier apr\u00e8s son d\u00e9c\u00e8s &#8211; po\u00e8mes, notes, pages de carnets, journaux&#8230;<br \/>\nSa vie durant, Sam Francis \u00e9crivit  beaucoup, mais il ne publia rien, hormis quelques phrases ici et l\u00e0 dans des catalogues.<br \/>\nLa publication de cet ensemble est essentiel pour la connaissance de l&#8217;artiste, homme et oeuvre.<br \/>\nLes \u00e9crits de Sam Francis sont tr\u00e8s \u00e9troitement li\u00e9s \u00e0 ses peintures. Mais ces \u00e9crits ne concernent pas seulement l&#8217;esth\u00e9tique ; ils traitent souvent de questions fondamentales, mais d&#8217;une fa\u00e7on subtilement m\u00e9taphysique.<br \/>\nSon attention se porte vers la lumi\u00e8re, l&#8217;ombre et l&#8217;obscurit\u00e9 : la magie de la couleur, le secret de l&#8217;existence, l&#8217;\u00e9vidence et le doute de l&#8217;univers.<br \/>\nCes textes sont religieux, mais dans un certain sens uniquement. Cette religiosit\u00e9 est plus transcendante que structur\u00e9e. On n&#8217;y trouvera nulle nostalgie de perfection, ni d&#8217;un quelconque syst\u00e8me id\u00e9ologique, mais plut\u00f4t la simple invocation d&#8217;une pr\u00e9sence globale.<br \/>\nPourquoi Sam Francis \u00e9crit-il ces textes, si inhabituels dans la forme et le contenu qu&#8217;il est difficile de les cat\u00e9goriser ? Peut-\u00eatre \u00e9crit-il pour se d\u00e9barrasser d&#8217;id\u00e9es et de formulations qui autrement lui tourneraient ind\u00e9finiment dans la t\u00eate. Un sentiment de n\u00e9cessit\u00e9 anime ces \u00e9crits. Peut-\u00eatre sont-ils comme les r\u00e9miniscences de r\u00eaves qui, \u00e0 certains moments imp\u00e9rieux, exigent d&#8217;\u00eatre traduits sur le papier. Car Sam Francis a \u00e9crit toute sa vie.<br \/>\nSa vision est globale, en ce sens que ses \u00e9crits se pr\u00e9occupent globalement de questions artistiques envisag\u00e9es sous l&#8217;angle le plus universel.<\/p>\n","protected":false},"excerpt":{"rendered":"<p>L&#8217;ouvrage pr\u00e9sent\u00e9 aujourd&#8217;hui est la traduction int\u00e9grale de deux livres : &#8220;Saturated Blue&#8221;, paru chez Lapis Press (maison d&#8217;\u00e9dition fond\u00e9e par l&#8217;artiste), peu de temps avant sa mort et &#8220;Cobalt Blue&#8221;, ouvrage publi\u00e9 par la Sam Francis Foundation il y a trois ans, qui est la retranscription des textes trouv\u00e9s dans son atelier apr\u00e8s son [&hellip;]<\/p>\n","protected":false},"featured_media":52662,"template":"","meta":[],"product_cat":[2948,2953],"product_tag":[],"acf":[],"yoast_head":"<!-- This site is optimized with the Yoast SEO plugin v20.11 - https:\/\/yoast.com\/wordpress\/plugins\/seo\/ -->\n<title>Carnets bleus - Librairie 7L<\/title>\n<meta name=\"robots\" content=\"index, follow, max-snippet:-1, max-image-preview:large, max-video-preview:-1\" \/>\n<link rel=\"canonical\" href=\"https:\/\/librairie7l.com\/en\/produit\/carnets-bleus-2\/\" \/>\n<meta property=\"og:locale\" content=\"en_US\" \/>\n<meta property=\"og:type\" content=\"article\" \/>\n<meta property=\"og:title\" content=\"Carnets bleus - Librairie 7L\" \/>\n<meta property=\"og:description\" content=\"L&#8217;ouvrage pr\u00e9sent\u00e9 aujourd&#8217;hui est la traduction int\u00e9grale de deux livres : &#8220;Saturated Blue&#8221;, paru chez Lapis Press (maison d&#8217;\u00e9dition fond\u00e9e par l&#8217;artiste), peu de temps avant sa mort et &#8220;Cobalt Blue&#8221;, ouvrage publi\u00e9 par la Sam Francis Foundation il y a trois ans, qui est la retranscription des textes trouv\u00e9s dans son atelier apr\u00e8s son [&hellip;]\" \/>\n<meta property=\"og:url\" content=\"https:\/\/librairie7l.com\/en\/produit\/carnets-bleus-2\/\" \/>\n<meta property=\"og:site_name\" content=\"Librairie 7L\" \/>\n<meta property=\"article:modified_time\" content=\"2026-04-19T00:07:51+00:00\" \/>\n<meta property=\"og:image\" content=\"https:\/\/librairie7l.com\/wp-content\/uploads\/2024\/09\/9782850351761_1_75.jpg\" \/>\n\t<meta property=\"og:image:width\" content=\"600\" \/>\n\t<meta property=\"og:image:height\" content=\"705\" \/>\n\t<meta property=\"og:image:type\" content=\"image\/jpeg\" \/>\n<meta name=\"twitter:card\" content=\"summary_large_image\" \/>\n<meta name=\"twitter:label1\" content=\"Est. reading time\" \/>\n\t<meta name=\"twitter:data1\" content=\"2 minutes\" \/>\n<script type=\"application\/ld+json\" class=\"yoast-schema-graph\">{\"@context\":\"https:\/\/schema.org\",\"@graph\":[{\"@type\":\"WebPage\",\"@id\":\"https:\/\/librairie7l.com\/en\/produit\/carnets-bleus-2\/\",\"url\":\"https:\/\/librairie7l.com\/en\/produit\/carnets-bleus-2\/\",\"name\":\"Carnets bleus - Librairie 7L\",\"isPartOf\":{\"@id\":\"https:\/\/librairie7l.com\/en\/#website\"},\"datePublished\":\"2025-11-22T08:18:05+00:00\",\"dateModified\":\"2026-04-19T00:07:51+00:00\",\"breadcrumb\":{\"@id\":\"https:\/\/librairie7l.com\/en\/produit\/carnets-bleus-2\/#breadcrumb\"},\"inLanguage\":\"en-US\",\"potentialAction\":[{\"@type\":\"ReadAction\",\"target\":[\"https:\/\/librairie7l.com\/en\/produit\/carnets-bleus-2\/\"]}]},{\"@type\":\"BreadcrumbList\",\"@id\":\"https:\/\/librairie7l.com\/en\/produit\/carnets-bleus-2\/#breadcrumb\",\"itemListElement\":[{\"@type\":\"ListItem\",\"position\":1,\"name\":\"Accueil\",\"item\":\"https:\/\/librairie7l.com\/en\/\"},{\"@type\":\"ListItem\",\"position\":2,\"name\":\"Shop\",\"item\":\"https:\/\/librairie7l.com\/en\/shop\/\"},{\"@type\":\"ListItem\",\"position\":3,\"name\":\"CARNETS BLEUS\"}]},{\"@type\":\"WebSite\",\"@id\":\"https:\/\/librairie7l.com\/en\/#website\",\"url\":\"https:\/\/librairie7l.com\/en\/\",\"name\":\"Librairie 7L\",\"description\":\"Librairie fond\u00e9e en 1999 par Karl Lagerfeld \u00e0 Paris\",\"publisher\":{\"@id\":\"https:\/\/librairie7l.com\/en\/#organization\"},\"potentialAction\":[{\"@type\":\"SearchAction\",\"target\":{\"@type\":\"EntryPoint\",\"urlTemplate\":\"https:\/\/librairie7l.com\/en\/?s={search_term_string}\"},\"query-input\":\"required name=search_term_string\"}],\"inLanguage\":\"en-US\"},{\"@type\":\"Organization\",\"@id\":\"https:\/\/librairie7l.com\/en\/#organization\",\"name\":\"Librairie 7L\",\"url\":\"https:\/\/librairie7l.com\/en\/\",\"logo\":{\"@type\":\"ImageObject\",\"inLanguage\":\"en-US\",\"@id\":\"https:\/\/librairie7l.com\/en\/#\/schema\/logo\/image\/\",\"url\":\"https:\/\/librairie7l.com\/wp-content\/uploads\/2022\/08\/logo-1.png\",\"contentUrl\":\"https:\/\/librairie7l.com\/wp-content\/uploads\/2022\/08\/logo-1.png\",\"width\":227,\"height\":301,\"caption\":\"Librairie 7L\"},\"image\":{\"@id\":\"https:\/\/librairie7l.com\/en\/#\/schema\/logo\/image\/\"}}]}<\/script>\n<!-- \/ Yoast SEO plugin. -->","yoast_head_json":{"title":"Carnets bleus - Librairie 7L","robots":{"index":"index","follow":"follow","max-snippet":"max-snippet:-1","max-image-preview":"max-image-preview:large","max-video-preview":"max-video-preview:-1"},"canonical":"https:\/\/librairie7l.com\/en\/produit\/carnets-bleus-2\/","og_locale":"en_US","og_type":"article","og_title":"Carnets bleus - Librairie 7L","og_description":"L&#8217;ouvrage pr\u00e9sent\u00e9 aujourd&#8217;hui est la traduction int\u00e9grale de deux livres : &#8220;Saturated Blue&#8221;, paru chez Lapis Press (maison d&#8217;\u00e9dition fond\u00e9e par l&#8217;artiste), peu de temps avant sa mort et &#8220;Cobalt Blue&#8221;, ouvrage publi\u00e9 par la Sam Francis Foundation il y a trois ans, qui est la retranscription des textes trouv\u00e9s dans son atelier apr\u00e8s son [&hellip;]","og_url":"https:\/\/librairie7l.com\/en\/produit\/carnets-bleus-2\/","og_site_name":"Librairie 7L","article_modified_time":"2026-04-19T00:07:51+00:00","og_image":[{"width":600,"height":705,"url":"https:\/\/librairie7l.com\/wp-content\/uploads\/2024\/09\/9782850351761_1_75.jpg","type":"image\/jpeg"}],"twitter_card":"summary_large_image","twitter_misc":{"Est. reading time":"2 minutes"},"schema":{"@context":"https:\/\/schema.org","@graph":[{"@type":"WebPage","@id":"https:\/\/librairie7l.com\/en\/produit\/carnets-bleus-2\/","url":"https:\/\/librairie7l.com\/en\/produit\/carnets-bleus-2\/","name":"Carnets bleus - Librairie 7L","isPartOf":{"@id":"https:\/\/librairie7l.com\/en\/#website"},"datePublished":"2025-11-22T08:18:05+00:00","dateModified":"2026-04-19T00:07:51+00:00","breadcrumb":{"@id":"https:\/\/librairie7l.com\/en\/produit\/carnets-bleus-2\/#breadcrumb"},"inLanguage":"en-US","potentialAction":[{"@type":"ReadAction","target":["https:\/\/librairie7l.com\/en\/produit\/carnets-bleus-2\/"]}]},{"@type":"BreadcrumbList","@id":"https:\/\/librairie7l.com\/en\/produit\/carnets-bleus-2\/#breadcrumb","itemListElement":[{"@type":"ListItem","position":1,"name":"Accueil","item":"https:\/\/librairie7l.com\/en\/"},{"@type":"ListItem","position":2,"name":"Shop","item":"https:\/\/librairie7l.com\/en\/shop\/"},{"@type":"ListItem","position":3,"name":"CARNETS BLEUS"}]},{"@type":"WebSite","@id":"https:\/\/librairie7l.com\/en\/#website","url":"https:\/\/librairie7l.com\/en\/","name":"Librairie 7L","description":"Librairie fond\u00e9e en 1999 par Karl Lagerfeld \u00e0 Paris","publisher":{"@id":"https:\/\/librairie7l.com\/en\/#organization"},"potentialAction":[{"@type":"SearchAction","target":{"@type":"EntryPoint","urlTemplate":"https:\/\/librairie7l.com\/en\/?s={search_term_string}"},"query-input":"required name=search_term_string"}],"inLanguage":"en-US"},{"@type":"Organization","@id":"https:\/\/librairie7l.com\/en\/#organization","name":"Librairie 7L","url":"https:\/\/librairie7l.com\/en\/","logo":{"@type":"ImageObject","inLanguage":"en-US","@id":"https:\/\/librairie7l.com\/en\/#\/schema\/logo\/image\/","url":"https:\/\/librairie7l.com\/wp-content\/uploads\/2022\/08\/logo-1.png","contentUrl":"https:\/\/librairie7l.com\/wp-content\/uploads\/2022\/08\/logo-1.png","width":227,"height":301,"caption":"Librairie 7L"},"image":{"@id":"https:\/\/librairie7l.com\/en\/#\/schema\/logo\/image\/"}}]}},"_links":{"self":[{"href":"https:\/\/librairie7l.com\/en\/wp-json\/wp\/v2\/product\/52664"}],"collection":[{"href":"https:\/\/librairie7l.com\/en\/wp-json\/wp\/v2\/product"}],"about":[{"href":"https:\/\/librairie7l.com\/en\/wp-json\/wp\/v2\/types\/product"}],"wp:featuredmedia":[{"embeddable":true,"href":"https:\/\/librairie7l.com\/en\/wp-json\/wp\/v2\/media\/52662"}],"wp:attachment":[{"href":"https:\/\/librairie7l.com\/en\/wp-json\/wp\/v2\/media?parent=52664"}],"wp:term":[{"taxonomy":"product_cat","embeddable":true,"href":"https:\/\/librairie7l.com\/en\/wp-json\/wp\/v2\/product_cat?post=52664"},{"taxonomy":"product_tag","embeddable":true,"href":"https:\/\/librairie7l.com\/en\/wp-json\/wp\/v2\/product_tag?post=52664"}],"curies":[{"name":"wp","href":"https:\/\/api.w.org\/{rel}","templated":true}]}}