{"id":52684,"date":"2025-11-22T09:18:18","date_gmt":"2025-11-22T08:18:18","guid":{"rendered":"https:\/\/librairie7l.com\/?post_type=product&#038;p=52684"},"modified":"2026-04-06T10:18:42","modified_gmt":"2026-04-06T08:18:42","slug":"albarran-cabrera-fenetres-sur-linsolite-2","status":"publish","type":"product","link":"https:\/\/librairie7l.com\/en\/produit\/albarran-cabrera-fenetres-sur-linsolite-2\/","title":{"rendered":"ALBARRAN CABRERA : FEN\u00caTRES SUR L&#8217;INSOLITE"},"content":{"rendered":"<p>Anna Cabrera y \u00c1ngel Albarr\u00e1n destacan como dos de los fot\u00f3grafos m\u00e1s innovadores y reconocidos de su generaci\u00f3n.<\/p>\n<p>Ventanas a lo ins\u00f3lito es el segundo libro de una trilog\u00eda iniciada con el exitoso volumen &#8220;Remembering the Future&#8221;, donde los autores exploran la complejidad de la forma y la narrativa en la fotograf\u00eda.<\/p>\n<p>Este libro explora la tensi\u00f3n entre lo visible y lo imprevisto, invitando al espectador a cuestionar lo que ve y a descubrir lo que se esconde m\u00e1s all\u00e1 de la imagen.<\/p>\n<p>Inspirado en el ensayo hom\u00f3nimo de Julio Cort\u00e1zar, este volumen examina como lo inesperado irrumpe en las im\u00e1genes sin previo aviso y desaf\u00eda la percepci\u00f3n convencional de la realidad. Lo ins\u00f3lito no se fabrica, sino que se revela, transformando la fotograf\u00eda en un territorio de m\u00faltiples lecturas donde lo extraordinario se oculta en lo cotidiano.<\/p>\n<p>Albarr\u00e1n Cabrera son ampliamente reconocidos por su dominio de los procesos de platino, paladio, cianotipo y gelatina de plata. Han sido pioneros en el desarrollo de nuevas t\u00e9cnicas en sus impresiones en color, que incorporan pigmentos, papel japon\u00e9s y pan de oro. Su obra ha sido expuesta en Espa\u00f1a, Jap\u00f3n, Pa\u00edses Bajos, Francia, Alemania, L\u00edbano, Italia y Estados Unidos. Importantes colecciones privadas e instituciones prestigiosas, como Herm\u00e8s, la Colecci\u00f3n Goetz, la Colecci\u00f3n de Arte del Bundestag alem\u00e1n y el Banco Santander, albergan una significativa selecci\u00f3n de sus fotograf\u00edas.<\/p>\n","protected":false},"excerpt":{"rendered":"<p>Anna Cabrera y \u00c1ngel Albarr\u00e1n destacan como dos de los fot\u00f3grafos m\u00e1s innovadores y reconocidos de su generaci\u00f3n. Ventanas a lo ins\u00f3lito es el segundo libro de una trilog\u00eda iniciada con el exitoso volumen &#8220;Remembering the Future&#8221;, donde los autores exploran la complejidad de la forma y la narrativa en la fotograf\u00eda. Este libro explora [&hellip;]<\/p>\n","protected":false},"featured_media":52682,"template":"","meta":[],"product_cat":[2948,2958],"product_tag":[],"acf":[],"yoast_head":"<!-- This site is optimized with the Yoast SEO plugin v20.11 - https:\/\/yoast.com\/wordpress\/plugins\/seo\/ -->\n<title>Albarran Cabrera : Fen\u00eatres sur l&#039;insolite - Librairie 7L<\/title>\n<meta name=\"robots\" content=\"index, follow, max-snippet:-1, max-image-preview:large, max-video-preview:-1\" \/>\n<link rel=\"canonical\" href=\"https:\/\/librairie7l.com\/en\/produit\/albarran-cabrera-fenetres-sur-linsolite-2\/\" \/>\n<meta property=\"og:locale\" content=\"en_US\" \/>\n<meta property=\"og:type\" content=\"article\" \/>\n<meta property=\"og:title\" content=\"Albarran Cabrera : Fen\u00eatres sur l&#039;insolite - Librairie 7L\" \/>\n<meta property=\"og:description\" content=\"Anna Cabrera y \u00c1ngel Albarr\u00e1n destacan como dos de los fot\u00f3grafos m\u00e1s innovadores y reconocidos de su generaci\u00f3n. Ventanas a lo ins\u00f3lito es el segundo libro de una trilog\u00eda iniciada con el exitoso volumen &#8220;Remembering the Future&#8221;, donde los autores exploran la complejidad de la forma y la narrativa en la fotograf\u00eda. Este libro explora [&hellip;]\" \/>\n<meta property=\"og:url\" content=\"https:\/\/librairie7l.com\/en\/produit\/albarran-cabrera-fenetres-sur-linsolite-2\/\" \/>\n<meta property=\"og:site_name\" content=\"Librairie 7L\" \/>\n<meta property=\"article:modified_time\" content=\"2026-04-06T08:18:42+00:00\" \/>\n<meta property=\"og:image\" content=\"https:\/\/librairie7l.com\/wp-content\/uploads\/2025\/10\/9788410290488_1_75.jpg\" \/>\n\t<meta property=\"og:image:width\" content=\"347\" \/>\n\t<meta property=\"og:image:height\" content=\"500\" \/>\n\t<meta property=\"og:image:type\" content=\"image\/jpeg\" \/>\n<meta name=\"twitter:card\" content=\"summary_large_image\" \/>\n<meta name=\"twitter:label1\" content=\"Est. reading time\" \/>\n\t<meta name=\"twitter:data1\" content=\"1 minute\" \/>\n<script type=\"application\/ld+json\" class=\"yoast-schema-graph\">{\"@context\":\"https:\/\/schema.org\",\"@graph\":[{\"@type\":\"WebPage\",\"@id\":\"https:\/\/librairie7l.com\/en\/produit\/albarran-cabrera-fenetres-sur-linsolite-2\/\",\"url\":\"https:\/\/librairie7l.com\/en\/produit\/albarran-cabrera-fenetres-sur-linsolite-2\/\",\"name\":\"Albarran Cabrera : Fen\u00eatres sur l'insolite - Librairie 7L\",\"isPartOf\":{\"@id\":\"https:\/\/librairie7l.com\/en\/#website\"},\"datePublished\":\"2025-11-22T08:18:18+00:00\",\"dateModified\":\"2026-04-06T08:18:42+00:00\",\"breadcrumb\":{\"@id\":\"https:\/\/librairie7l.com\/en\/produit\/albarran-cabrera-fenetres-sur-linsolite-2\/#breadcrumb\"},\"inLanguage\":\"en-US\",\"potentialAction\":[{\"@type\":\"ReadAction\",\"target\":[\"https:\/\/librairie7l.com\/en\/produit\/albarran-cabrera-fenetres-sur-linsolite-2\/\"]}]},{\"@type\":\"BreadcrumbList\",\"@id\":\"https:\/\/librairie7l.com\/en\/produit\/albarran-cabrera-fenetres-sur-linsolite-2\/#breadcrumb\",\"itemListElement\":[{\"@type\":\"ListItem\",\"position\":1,\"name\":\"Accueil\",\"item\":\"https:\/\/librairie7l.com\/en\/\"},{\"@type\":\"ListItem\",\"position\":2,\"name\":\"Shop\",\"item\":\"https:\/\/librairie7l.com\/en\/shop\/\"},{\"@type\":\"ListItem\",\"position\":3,\"name\":\"ALBARRAN CABRERA : FEN\u00caTRES SUR L&#8217;INSOLITE\"}]},{\"@type\":\"WebSite\",\"@id\":\"https:\/\/librairie7l.com\/en\/#website\",\"url\":\"https:\/\/librairie7l.com\/en\/\",\"name\":\"Librairie 7L\",\"description\":\"Librairie fond\u00e9e en 1999 par Karl Lagerfeld \u00e0 Paris\",\"publisher\":{\"@id\":\"https:\/\/librairie7l.com\/en\/#organization\"},\"potentialAction\":[{\"@type\":\"SearchAction\",\"target\":{\"@type\":\"EntryPoint\",\"urlTemplate\":\"https:\/\/librairie7l.com\/en\/?s={search_term_string}\"},\"query-input\":\"required name=search_term_string\"}],\"inLanguage\":\"en-US\"},{\"@type\":\"Organization\",\"@id\":\"https:\/\/librairie7l.com\/en\/#organization\",\"name\":\"Librairie 7L\",\"url\":\"https:\/\/librairie7l.com\/en\/\",\"logo\":{\"@type\":\"ImageObject\",\"inLanguage\":\"en-US\",\"@id\":\"https:\/\/librairie7l.com\/en\/#\/schema\/logo\/image\/\",\"url\":\"https:\/\/librairie7l.com\/wp-content\/uploads\/2022\/08\/logo-1.png\",\"contentUrl\":\"https:\/\/librairie7l.com\/wp-content\/uploads\/2022\/08\/logo-1.png\",\"width\":227,\"height\":301,\"caption\":\"Librairie 7L\"},\"image\":{\"@id\":\"https:\/\/librairie7l.com\/en\/#\/schema\/logo\/image\/\"}}]}<\/script>\n<!-- \/ Yoast SEO plugin. -->","yoast_head_json":{"title":"Albarran Cabrera : Fen\u00eatres sur l'insolite - Librairie 7L","robots":{"index":"index","follow":"follow","max-snippet":"max-snippet:-1","max-image-preview":"max-image-preview:large","max-video-preview":"max-video-preview:-1"},"canonical":"https:\/\/librairie7l.com\/en\/produit\/albarran-cabrera-fenetres-sur-linsolite-2\/","og_locale":"en_US","og_type":"article","og_title":"Albarran Cabrera : Fen\u00eatres sur l'insolite - Librairie 7L","og_description":"Anna Cabrera y \u00c1ngel Albarr\u00e1n destacan como dos de los fot\u00f3grafos m\u00e1s innovadores y reconocidos de su generaci\u00f3n. Ventanas a lo ins\u00f3lito es el segundo libro de una trilog\u00eda iniciada con el exitoso volumen &#8220;Remembering the Future&#8221;, donde los autores exploran la complejidad de la forma y la narrativa en la fotograf\u00eda. Este libro explora [&hellip;]","og_url":"https:\/\/librairie7l.com\/en\/produit\/albarran-cabrera-fenetres-sur-linsolite-2\/","og_site_name":"Librairie 7L","article_modified_time":"2026-04-06T08:18:42+00:00","og_image":[{"width":347,"height":500,"url":"https:\/\/librairie7l.com\/wp-content\/uploads\/2025\/10\/9788410290488_1_75.jpg","type":"image\/jpeg"}],"twitter_card":"summary_large_image","twitter_misc":{"Est. reading time":"1 minute"},"schema":{"@context":"https:\/\/schema.org","@graph":[{"@type":"WebPage","@id":"https:\/\/librairie7l.com\/en\/produit\/albarran-cabrera-fenetres-sur-linsolite-2\/","url":"https:\/\/librairie7l.com\/en\/produit\/albarran-cabrera-fenetres-sur-linsolite-2\/","name":"Albarran Cabrera : Fen\u00eatres sur l'insolite - Librairie 7L","isPartOf":{"@id":"https:\/\/librairie7l.com\/en\/#website"},"datePublished":"2025-11-22T08:18:18+00:00","dateModified":"2026-04-06T08:18:42+00:00","breadcrumb":{"@id":"https:\/\/librairie7l.com\/en\/produit\/albarran-cabrera-fenetres-sur-linsolite-2\/#breadcrumb"},"inLanguage":"en-US","potentialAction":[{"@type":"ReadAction","target":["https:\/\/librairie7l.com\/en\/produit\/albarran-cabrera-fenetres-sur-linsolite-2\/"]}]},{"@type":"BreadcrumbList","@id":"https:\/\/librairie7l.com\/en\/produit\/albarran-cabrera-fenetres-sur-linsolite-2\/#breadcrumb","itemListElement":[{"@type":"ListItem","position":1,"name":"Accueil","item":"https:\/\/librairie7l.com\/en\/"},{"@type":"ListItem","position":2,"name":"Shop","item":"https:\/\/librairie7l.com\/en\/shop\/"},{"@type":"ListItem","position":3,"name":"ALBARRAN CABRERA : FEN\u00caTRES SUR L&#8217;INSOLITE"}]},{"@type":"WebSite","@id":"https:\/\/librairie7l.com\/en\/#website","url":"https:\/\/librairie7l.com\/en\/","name":"Librairie 7L","description":"Librairie fond\u00e9e en 1999 par Karl Lagerfeld \u00e0 Paris","publisher":{"@id":"https:\/\/librairie7l.com\/en\/#organization"},"potentialAction":[{"@type":"SearchAction","target":{"@type":"EntryPoint","urlTemplate":"https:\/\/librairie7l.com\/en\/?s={search_term_string}"},"query-input":"required name=search_term_string"}],"inLanguage":"en-US"},{"@type":"Organization","@id":"https:\/\/librairie7l.com\/en\/#organization","name":"Librairie 7L","url":"https:\/\/librairie7l.com\/en\/","logo":{"@type":"ImageObject","inLanguage":"en-US","@id":"https:\/\/librairie7l.com\/en\/#\/schema\/logo\/image\/","url":"https:\/\/librairie7l.com\/wp-content\/uploads\/2022\/08\/logo-1.png","contentUrl":"https:\/\/librairie7l.com\/wp-content\/uploads\/2022\/08\/logo-1.png","width":227,"height":301,"caption":"Librairie 7L"},"image":{"@id":"https:\/\/librairie7l.com\/en\/#\/schema\/logo\/image\/"}}]}},"_links":{"self":[{"href":"https:\/\/librairie7l.com\/en\/wp-json\/wp\/v2\/product\/52684"}],"collection":[{"href":"https:\/\/librairie7l.com\/en\/wp-json\/wp\/v2\/product"}],"about":[{"href":"https:\/\/librairie7l.com\/en\/wp-json\/wp\/v2\/types\/product"}],"wp:featuredmedia":[{"embeddable":true,"href":"https:\/\/librairie7l.com\/en\/wp-json\/wp\/v2\/media\/52682"}],"wp:attachment":[{"href":"https:\/\/librairie7l.com\/en\/wp-json\/wp\/v2\/media?parent=52684"}],"wp:term":[{"taxonomy":"product_cat","embeddable":true,"href":"https:\/\/librairie7l.com\/en\/wp-json\/wp\/v2\/product_cat?post=52684"},{"taxonomy":"product_tag","embeddable":true,"href":"https:\/\/librairie7l.com\/en\/wp-json\/wp\/v2\/product_tag?post=52684"}],"curies":[{"name":"wp","href":"https:\/\/api.w.org\/{rel}","templated":true}]}}