{"id":52721,"date":"2025-11-23T09:18:02","date_gmt":"2025-11-23T08:18:02","guid":{"rendered":"https:\/\/librairie7l.com\/?post_type=product&#038;p=52721"},"modified":"2026-04-04T09:14:24","modified_gmt":"2026-04-04T07:14:24","slug":"art-concret-nature-homme-vu-par-une-fleur-2","status":"publish","type":"product","link":"https:\/\/librairie7l.com\/en\/produit\/art-concret-nature-homme-vu-par-une-fleur-2\/","title":{"rendered":"ART CONCRET, NATURE, HOMME VU PAR UNE FLEUR"},"content":{"rendered":"<p>Explorer les relations subtiles entre l&#8217;art concret et la nature, tel est le dessein de cet ouvrage plac\u00e9 sous le signe d&#8217;une sculpture de Jean Arp dont le titre, Homme vu par une fleur, invite \u00e0 renverser toutes nos certitudes. Des chemins de traverse sont emprunt\u00e9s pour observer la mani\u00e8re dont la nature s&#8217;immisce dans les probl\u00e8mes math\u00e9matiques de Max Bill, s&#8217;octroie une place non n\u00e9gligeable dans la cr\u00e9ation de la pionni\u00e8re du Computer Art Vera Moln\u00e1r, pr\u00e9side \u00e0 la pens\u00e9e \u00e9cologique de Gottfried Honegger, constitue un mod\u00e8le essentiel pour les artistes de ZERO tels que herman de vries ou Heinz Mack, offre un espace infini qu&#8217;explore la po\u00e8te spatialiste Ilse Garnier. Pour concr\u00e9tiser cette rencontre entre l&#8217;art et la nature, des jardins d&#8217;artistes, d&#8217;architectes, de designers, de paysagistes tels que Sophie Taeuber-Arp, Gabriel Gu\u00e9vr\u00e9kian, Herbert Bayer, Roberto Burle Marx ou Gilles Cl\u00e9ment ouvrent le champ des possibles.<\/p>\n","protected":false},"excerpt":{"rendered":"<p>Explorer les relations subtiles entre l&#8217;art concret et la nature, tel est le dessein de cet ouvrage plac\u00e9 sous le signe d&#8217;une sculpture de Jean Arp dont le titre, Homme vu par une fleur, invite \u00e0 renverser toutes nos certitudes. Des chemins de traverse sont emprunt\u00e9s pour observer la mani\u00e8re dont la nature s&#8217;immisce dans [&hellip;]<\/p>\n","protected":false},"featured_media":53906,"template":"","meta":[],"product_cat":[2948,2953],"product_tag":[],"acf":[],"yoast_head":"<!-- This site is optimized with the Yoast SEO plugin v20.11 - https:\/\/yoast.com\/wordpress\/plugins\/seo\/ -->\n<title>Art concret, nature, homme vu par une fleur - Librairie 7L<\/title>\n<meta name=\"robots\" content=\"index, follow, max-snippet:-1, max-image-preview:large, max-video-preview:-1\" \/>\n<link rel=\"canonical\" href=\"https:\/\/librairie7l.com\/en\/produit\/art-concret-nature-homme-vu-par-une-fleur-2\/\" \/>\n<meta property=\"og:locale\" content=\"en_US\" \/>\n<meta property=\"og:type\" content=\"article\" \/>\n<meta property=\"og:title\" content=\"Art concret, nature, homme vu par une fleur - Librairie 7L\" \/>\n<meta property=\"og:description\" content=\"Explorer les relations subtiles entre l&#8217;art concret et la nature, tel est le dessein de cet ouvrage plac\u00e9 sous le signe d&#8217;une sculpture de Jean Arp dont le titre, Homme vu par une fleur, invite \u00e0 renverser toutes nos certitudes. Des chemins de traverse sont emprunt\u00e9s pour observer la mani\u00e8re dont la nature s&#8217;immisce dans [&hellip;]\" \/>\n<meta property=\"og:url\" content=\"https:\/\/librairie7l.com\/en\/produit\/art-concret-nature-homme-vu-par-une-fleur-2\/\" \/>\n<meta property=\"og:site_name\" content=\"Librairie 7L\" \/>\n<meta property=\"article:modified_time\" content=\"2026-04-04T07:14:24+00:00\" \/>\n<meta property=\"og:image\" content=\"https:\/\/librairie7l.com\/wp-content\/uploads\/2023\/10\/9782849757697_1_75.jpg\" \/>\n\t<meta property=\"og:image:width\" content=\"600\" \/>\n\t<meta property=\"og:image:height\" content=\"846\" \/>\n\t<meta property=\"og:image:type\" content=\"image\/jpeg\" \/>\n<meta name=\"twitter:card\" content=\"summary_large_image\" \/>\n<meta name=\"twitter:label1\" content=\"Est. reading time\" \/>\n\t<meta name=\"twitter:data1\" content=\"1 minute\" \/>\n<script type=\"application\/ld+json\" class=\"yoast-schema-graph\">{\"@context\":\"https:\/\/schema.org\",\"@graph\":[{\"@type\":\"WebPage\",\"@id\":\"https:\/\/librairie7l.com\/en\/produit\/art-concret-nature-homme-vu-par-une-fleur-2\/\",\"url\":\"https:\/\/librairie7l.com\/en\/produit\/art-concret-nature-homme-vu-par-une-fleur-2\/\",\"name\":\"Art concret, nature, homme vu par une fleur - Librairie 7L\",\"isPartOf\":{\"@id\":\"https:\/\/librairie7l.com\/en\/#website\"},\"datePublished\":\"2025-11-23T08:18:02+00:00\",\"dateModified\":\"2026-04-04T07:14:24+00:00\",\"breadcrumb\":{\"@id\":\"https:\/\/librairie7l.com\/en\/produit\/art-concret-nature-homme-vu-par-une-fleur-2\/#breadcrumb\"},\"inLanguage\":\"en-US\",\"potentialAction\":[{\"@type\":\"ReadAction\",\"target\":[\"https:\/\/librairie7l.com\/en\/produit\/art-concret-nature-homme-vu-par-une-fleur-2\/\"]}]},{\"@type\":\"BreadcrumbList\",\"@id\":\"https:\/\/librairie7l.com\/en\/produit\/art-concret-nature-homme-vu-par-une-fleur-2\/#breadcrumb\",\"itemListElement\":[{\"@type\":\"ListItem\",\"position\":1,\"name\":\"Accueil\",\"item\":\"https:\/\/librairie7l.com\/en\/\"},{\"@type\":\"ListItem\",\"position\":2,\"name\":\"Shop\",\"item\":\"https:\/\/librairie7l.com\/en\/shop\/\"},{\"@type\":\"ListItem\",\"position\":3,\"name\":\"ART CONCRET, NATURE, HOMME VU PAR UNE FLEUR\"}]},{\"@type\":\"WebSite\",\"@id\":\"https:\/\/librairie7l.com\/en\/#website\",\"url\":\"https:\/\/librairie7l.com\/en\/\",\"name\":\"Librairie 7L\",\"description\":\"Librairie fond\u00e9e en 1999 par Karl Lagerfeld \u00e0 Paris\",\"publisher\":{\"@id\":\"https:\/\/librairie7l.com\/en\/#organization\"},\"potentialAction\":[{\"@type\":\"SearchAction\",\"target\":{\"@type\":\"EntryPoint\",\"urlTemplate\":\"https:\/\/librairie7l.com\/en\/?s={search_term_string}\"},\"query-input\":\"required name=search_term_string\"}],\"inLanguage\":\"en-US\"},{\"@type\":\"Organization\",\"@id\":\"https:\/\/librairie7l.com\/en\/#organization\",\"name\":\"Librairie 7L\",\"url\":\"https:\/\/librairie7l.com\/en\/\",\"logo\":{\"@type\":\"ImageObject\",\"inLanguage\":\"en-US\",\"@id\":\"https:\/\/librairie7l.com\/en\/#\/schema\/logo\/image\/\",\"url\":\"https:\/\/librairie7l.com\/wp-content\/uploads\/2022\/08\/logo-1.png\",\"contentUrl\":\"https:\/\/librairie7l.com\/wp-content\/uploads\/2022\/08\/logo-1.png\",\"width\":227,\"height\":301,\"caption\":\"Librairie 7L\"},\"image\":{\"@id\":\"https:\/\/librairie7l.com\/en\/#\/schema\/logo\/image\/\"}}]}<\/script>\n<!-- \/ Yoast SEO plugin. -->","yoast_head_json":{"title":"Art concret, nature, homme vu par une fleur - Librairie 7L","robots":{"index":"index","follow":"follow","max-snippet":"max-snippet:-1","max-image-preview":"max-image-preview:large","max-video-preview":"max-video-preview:-1"},"canonical":"https:\/\/librairie7l.com\/en\/produit\/art-concret-nature-homme-vu-par-une-fleur-2\/","og_locale":"en_US","og_type":"article","og_title":"Art concret, nature, homme vu par une fleur - Librairie 7L","og_description":"Explorer les relations subtiles entre l&#8217;art concret et la nature, tel est le dessein de cet ouvrage plac\u00e9 sous le signe d&#8217;une sculpture de Jean Arp dont le titre, Homme vu par une fleur, invite \u00e0 renverser toutes nos certitudes. Des chemins de traverse sont emprunt\u00e9s pour observer la mani\u00e8re dont la nature s&#8217;immisce dans [&hellip;]","og_url":"https:\/\/librairie7l.com\/en\/produit\/art-concret-nature-homme-vu-par-une-fleur-2\/","og_site_name":"Librairie 7L","article_modified_time":"2026-04-04T07:14:24+00:00","og_image":[{"width":600,"height":846,"url":"https:\/\/librairie7l.com\/wp-content\/uploads\/2023\/10\/9782849757697_1_75.jpg","type":"image\/jpeg"}],"twitter_card":"summary_large_image","twitter_misc":{"Est. reading time":"1 minute"},"schema":{"@context":"https:\/\/schema.org","@graph":[{"@type":"WebPage","@id":"https:\/\/librairie7l.com\/en\/produit\/art-concret-nature-homme-vu-par-une-fleur-2\/","url":"https:\/\/librairie7l.com\/en\/produit\/art-concret-nature-homme-vu-par-une-fleur-2\/","name":"Art concret, nature, homme vu par une fleur - Librairie 7L","isPartOf":{"@id":"https:\/\/librairie7l.com\/en\/#website"},"datePublished":"2025-11-23T08:18:02+00:00","dateModified":"2026-04-04T07:14:24+00:00","breadcrumb":{"@id":"https:\/\/librairie7l.com\/en\/produit\/art-concret-nature-homme-vu-par-une-fleur-2\/#breadcrumb"},"inLanguage":"en-US","potentialAction":[{"@type":"ReadAction","target":["https:\/\/librairie7l.com\/en\/produit\/art-concret-nature-homme-vu-par-une-fleur-2\/"]}]},{"@type":"BreadcrumbList","@id":"https:\/\/librairie7l.com\/en\/produit\/art-concret-nature-homme-vu-par-une-fleur-2\/#breadcrumb","itemListElement":[{"@type":"ListItem","position":1,"name":"Accueil","item":"https:\/\/librairie7l.com\/en\/"},{"@type":"ListItem","position":2,"name":"Shop","item":"https:\/\/librairie7l.com\/en\/shop\/"},{"@type":"ListItem","position":3,"name":"ART CONCRET, NATURE, HOMME VU PAR UNE FLEUR"}]},{"@type":"WebSite","@id":"https:\/\/librairie7l.com\/en\/#website","url":"https:\/\/librairie7l.com\/en\/","name":"Librairie 7L","description":"Librairie fond\u00e9e en 1999 par Karl Lagerfeld \u00e0 Paris","publisher":{"@id":"https:\/\/librairie7l.com\/en\/#organization"},"potentialAction":[{"@type":"SearchAction","target":{"@type":"EntryPoint","urlTemplate":"https:\/\/librairie7l.com\/en\/?s={search_term_string}"},"query-input":"required name=search_term_string"}],"inLanguage":"en-US"},{"@type":"Organization","@id":"https:\/\/librairie7l.com\/en\/#organization","name":"Librairie 7L","url":"https:\/\/librairie7l.com\/en\/","logo":{"@type":"ImageObject","inLanguage":"en-US","@id":"https:\/\/librairie7l.com\/en\/#\/schema\/logo\/image\/","url":"https:\/\/librairie7l.com\/wp-content\/uploads\/2022\/08\/logo-1.png","contentUrl":"https:\/\/librairie7l.com\/wp-content\/uploads\/2022\/08\/logo-1.png","width":227,"height":301,"caption":"Librairie 7L"},"image":{"@id":"https:\/\/librairie7l.com\/en\/#\/schema\/logo\/image\/"}}]}},"_links":{"self":[{"href":"https:\/\/librairie7l.com\/en\/wp-json\/wp\/v2\/product\/52721"}],"collection":[{"href":"https:\/\/librairie7l.com\/en\/wp-json\/wp\/v2\/product"}],"about":[{"href":"https:\/\/librairie7l.com\/en\/wp-json\/wp\/v2\/types\/product"}],"wp:featuredmedia":[{"embeddable":true,"href":"https:\/\/librairie7l.com\/en\/wp-json\/wp\/v2\/media\/53906"}],"wp:attachment":[{"href":"https:\/\/librairie7l.com\/en\/wp-json\/wp\/v2\/media?parent=52721"}],"wp:term":[{"taxonomy":"product_cat","embeddable":true,"href":"https:\/\/librairie7l.com\/en\/wp-json\/wp\/v2\/product_cat?post=52721"},{"taxonomy":"product_tag","embeddable":true,"href":"https:\/\/librairie7l.com\/en\/wp-json\/wp\/v2\/product_tag?post=52721"}],"curies":[{"name":"wp","href":"https:\/\/api.w.org\/{rel}","templated":true}]}}