{"id":52742,"date":"2025-11-26T09:18:04","date_gmt":"2025-11-26T08:18:04","guid":{"rendered":"https:\/\/librairie7l.com\/?post_type=product&#038;p=52742"},"modified":"2026-04-04T10:48:25","modified_gmt":"2026-04-04T08:48:25","slug":"othoniel-cosmos-ou-les-fantomes-de-lamour-avignon-2","status":"publish","type":"product","link":"https:\/\/librairie7l.com\/en\/produit\/othoniel-cosmos-ou-les-fantomes-de-lamour-avignon-2\/","title":{"rendered":"OTHONIEL COSMOS OU LES FANT\u00d4MES DE L&#8217;AMOUR : AVIGNON"},"content":{"rendered":"<p>Pour f\u00eater les vingt-cinq ans de sa d\u00e9signation comme capitale europ\u00e9enne de la culture, la Ville d&#8217;Avignon a confi\u00e9 a&#8217; Jean-Michel Othoniel le soin d&#8217;investir ses sites embl\u00e9matiques et ses mus\u00e9es. Du 28 juin 2025 au 4 janvier 2026, l&#8217;exposition &#8220;Cosmos ou les Fant\u00f4mes de l&#8217;amour&#8221; pr\u00e9sentera plus de 220 oeuvres, dont 160 nouvelles cr\u00e9ations. Inscrivant ses pas dans ceux du visiteur, le catalogue compose un parcours photographique \u00e0 travers la ville, soulignant les relations entre les oeuvres et l&#8217;\u00e9crin qui les accueille. Un p\u00e8lerinage amoureux o\u00f9 le pass\u00e9 se r\u00e9invente sous le regard d&#8217;un artiste visionnaire.<\/p>\n","protected":false},"excerpt":{"rendered":"<p>Pour f\u00eater les vingt-cinq ans de sa d\u00e9signation comme capitale europ\u00e9enne de la culture, la Ville d&#8217;Avignon a confi\u00e9 a&#8217; Jean-Michel Othoniel le soin d&#8217;investir ses sites embl\u00e9matiques et ses mus\u00e9es. Du 28 juin 2025 au 4 janvier 2026, l&#8217;exposition &#8220;Cosmos ou les Fant\u00f4mes de l&#8217;amour&#8221; pr\u00e9sentera plus de 220 oeuvres, dont 160 nouvelles cr\u00e9ations. [&hellip;]<\/p>\n","protected":false},"featured_media":52740,"template":"","meta":[],"product_cat":[2948,2953],"product_tag":[],"acf":[],"yoast_head":"<!-- This site is optimized with the Yoast SEO plugin v20.11 - https:\/\/yoast.com\/wordpress\/plugins\/seo\/ -->\n<title>Othoniel cosmos ou les fant\u00f4mes de l&#039;amour : Avignon - Librairie 7L<\/title>\n<meta name=\"robots\" content=\"index, follow, max-snippet:-1, max-image-preview:large, max-video-preview:-1\" \/>\n<link rel=\"canonical\" href=\"https:\/\/librairie7l.com\/en\/produit\/othoniel-cosmos-ou-les-fantomes-de-lamour-avignon-2\/\" \/>\n<meta property=\"og:locale\" content=\"en_US\" \/>\n<meta property=\"og:type\" content=\"article\" \/>\n<meta property=\"og:title\" content=\"Othoniel cosmos ou les fant\u00f4mes de l&#039;amour : Avignon - Librairie 7L\" \/>\n<meta property=\"og:description\" content=\"Pour f\u00eater les vingt-cinq ans de sa d\u00e9signation comme capitale europ\u00e9enne de la culture, la Ville d&#8217;Avignon a confi\u00e9 a&#8217; Jean-Michel Othoniel le soin d&#8217;investir ses sites embl\u00e9matiques et ses mus\u00e9es. Du 28 juin 2025 au 4 janvier 2026, l&#8217;exposition &#8220;Cosmos ou les Fant\u00f4mes de l&#8217;amour&#8221; pr\u00e9sentera plus de 220 oeuvres, dont 160 nouvelles cr\u00e9ations. [&hellip;]\" \/>\n<meta property=\"og:url\" content=\"https:\/\/librairie7l.com\/en\/produit\/othoniel-cosmos-ou-les-fantomes-de-lamour-avignon-2\/\" \/>\n<meta property=\"og:site_name\" content=\"Librairie 7L\" \/>\n<meta property=\"article:modified_time\" content=\"2026-04-04T08:48:25+00:00\" \/>\n<meta property=\"og:image\" content=\"https:\/\/librairie7l.com\/wp-content\/uploads\/2025\/05\/9782330213299_1_75.jpg\" \/>\n\t<meta property=\"og:image:width\" content=\"600\" \/>\n\t<meta property=\"og:image:height\" content=\"600\" \/>\n\t<meta property=\"og:image:type\" content=\"image\/jpeg\" \/>\n<meta name=\"twitter:card\" content=\"summary_large_image\" \/>\n<meta name=\"twitter:label1\" content=\"Est. reading time\" \/>\n\t<meta name=\"twitter:data1\" content=\"1 minute\" \/>\n<script type=\"application\/ld+json\" class=\"yoast-schema-graph\">{\"@context\":\"https:\/\/schema.org\",\"@graph\":[{\"@type\":\"WebPage\",\"@id\":\"https:\/\/librairie7l.com\/en\/produit\/othoniel-cosmos-ou-les-fantomes-de-lamour-avignon-2\/\",\"url\":\"https:\/\/librairie7l.com\/en\/produit\/othoniel-cosmos-ou-les-fantomes-de-lamour-avignon-2\/\",\"name\":\"Othoniel cosmos ou les fant\u00f4mes de l'amour : Avignon - Librairie 7L\",\"isPartOf\":{\"@id\":\"https:\/\/librairie7l.com\/en\/#website\"},\"datePublished\":\"2025-11-26T08:18:04+00:00\",\"dateModified\":\"2026-04-04T08:48:25+00:00\",\"breadcrumb\":{\"@id\":\"https:\/\/librairie7l.com\/en\/produit\/othoniel-cosmos-ou-les-fantomes-de-lamour-avignon-2\/#breadcrumb\"},\"inLanguage\":\"en-US\",\"potentialAction\":[{\"@type\":\"ReadAction\",\"target\":[\"https:\/\/librairie7l.com\/en\/produit\/othoniel-cosmos-ou-les-fantomes-de-lamour-avignon-2\/\"]}]},{\"@type\":\"BreadcrumbList\",\"@id\":\"https:\/\/librairie7l.com\/en\/produit\/othoniel-cosmos-ou-les-fantomes-de-lamour-avignon-2\/#breadcrumb\",\"itemListElement\":[{\"@type\":\"ListItem\",\"position\":1,\"name\":\"Accueil\",\"item\":\"https:\/\/librairie7l.com\/en\/\"},{\"@type\":\"ListItem\",\"position\":2,\"name\":\"Shop\",\"item\":\"https:\/\/librairie7l.com\/en\/shop\/\"},{\"@type\":\"ListItem\",\"position\":3,\"name\":\"OTHONIEL COSMOS OU LES FANT\u00d4MES DE L&#8217;AMOUR : AVIGNON\"}]},{\"@type\":\"WebSite\",\"@id\":\"https:\/\/librairie7l.com\/en\/#website\",\"url\":\"https:\/\/librairie7l.com\/en\/\",\"name\":\"Librairie 7L\",\"description\":\"Librairie fond\u00e9e en 1999 par Karl Lagerfeld \u00e0 Paris\",\"publisher\":{\"@id\":\"https:\/\/librairie7l.com\/en\/#organization\"},\"potentialAction\":[{\"@type\":\"SearchAction\",\"target\":{\"@type\":\"EntryPoint\",\"urlTemplate\":\"https:\/\/librairie7l.com\/en\/?s={search_term_string}\"},\"query-input\":\"required name=search_term_string\"}],\"inLanguage\":\"en-US\"},{\"@type\":\"Organization\",\"@id\":\"https:\/\/librairie7l.com\/en\/#organization\",\"name\":\"Librairie 7L\",\"url\":\"https:\/\/librairie7l.com\/en\/\",\"logo\":{\"@type\":\"ImageObject\",\"inLanguage\":\"en-US\",\"@id\":\"https:\/\/librairie7l.com\/en\/#\/schema\/logo\/image\/\",\"url\":\"https:\/\/librairie7l.com\/wp-content\/uploads\/2022\/08\/logo-1.png\",\"contentUrl\":\"https:\/\/librairie7l.com\/wp-content\/uploads\/2022\/08\/logo-1.png\",\"width\":227,\"height\":301,\"caption\":\"Librairie 7L\"},\"image\":{\"@id\":\"https:\/\/librairie7l.com\/en\/#\/schema\/logo\/image\/\"}}]}<\/script>\n<!-- \/ Yoast SEO plugin. -->","yoast_head_json":{"title":"Othoniel cosmos ou les fant\u00f4mes de l'amour : Avignon - Librairie 7L","robots":{"index":"index","follow":"follow","max-snippet":"max-snippet:-1","max-image-preview":"max-image-preview:large","max-video-preview":"max-video-preview:-1"},"canonical":"https:\/\/librairie7l.com\/en\/produit\/othoniel-cosmos-ou-les-fantomes-de-lamour-avignon-2\/","og_locale":"en_US","og_type":"article","og_title":"Othoniel cosmos ou les fant\u00f4mes de l'amour : Avignon - Librairie 7L","og_description":"Pour f\u00eater les vingt-cinq ans de sa d\u00e9signation comme capitale europ\u00e9enne de la culture, la Ville d&#8217;Avignon a confi\u00e9 a&#8217; Jean-Michel Othoniel le soin d&#8217;investir ses sites embl\u00e9matiques et ses mus\u00e9es. Du 28 juin 2025 au 4 janvier 2026, l&#8217;exposition &#8220;Cosmos ou les Fant\u00f4mes de l&#8217;amour&#8221; pr\u00e9sentera plus de 220 oeuvres, dont 160 nouvelles cr\u00e9ations. [&hellip;]","og_url":"https:\/\/librairie7l.com\/en\/produit\/othoniel-cosmos-ou-les-fantomes-de-lamour-avignon-2\/","og_site_name":"Librairie 7L","article_modified_time":"2026-04-04T08:48:25+00:00","og_image":[{"width":600,"height":600,"url":"https:\/\/librairie7l.com\/wp-content\/uploads\/2025\/05\/9782330213299_1_75.jpg","type":"image\/jpeg"}],"twitter_card":"summary_large_image","twitter_misc":{"Est. reading time":"1 minute"},"schema":{"@context":"https:\/\/schema.org","@graph":[{"@type":"WebPage","@id":"https:\/\/librairie7l.com\/en\/produit\/othoniel-cosmos-ou-les-fantomes-de-lamour-avignon-2\/","url":"https:\/\/librairie7l.com\/en\/produit\/othoniel-cosmos-ou-les-fantomes-de-lamour-avignon-2\/","name":"Othoniel cosmos ou les fant\u00f4mes de l'amour : Avignon - Librairie 7L","isPartOf":{"@id":"https:\/\/librairie7l.com\/en\/#website"},"datePublished":"2025-11-26T08:18:04+00:00","dateModified":"2026-04-04T08:48:25+00:00","breadcrumb":{"@id":"https:\/\/librairie7l.com\/en\/produit\/othoniel-cosmos-ou-les-fantomes-de-lamour-avignon-2\/#breadcrumb"},"inLanguage":"en-US","potentialAction":[{"@type":"ReadAction","target":["https:\/\/librairie7l.com\/en\/produit\/othoniel-cosmos-ou-les-fantomes-de-lamour-avignon-2\/"]}]},{"@type":"BreadcrumbList","@id":"https:\/\/librairie7l.com\/en\/produit\/othoniel-cosmos-ou-les-fantomes-de-lamour-avignon-2\/#breadcrumb","itemListElement":[{"@type":"ListItem","position":1,"name":"Accueil","item":"https:\/\/librairie7l.com\/en\/"},{"@type":"ListItem","position":2,"name":"Shop","item":"https:\/\/librairie7l.com\/en\/shop\/"},{"@type":"ListItem","position":3,"name":"OTHONIEL COSMOS OU LES FANT\u00d4MES DE L&#8217;AMOUR : AVIGNON"}]},{"@type":"WebSite","@id":"https:\/\/librairie7l.com\/en\/#website","url":"https:\/\/librairie7l.com\/en\/","name":"Librairie 7L","description":"Librairie fond\u00e9e en 1999 par Karl Lagerfeld \u00e0 Paris","publisher":{"@id":"https:\/\/librairie7l.com\/en\/#organization"},"potentialAction":[{"@type":"SearchAction","target":{"@type":"EntryPoint","urlTemplate":"https:\/\/librairie7l.com\/en\/?s={search_term_string}"},"query-input":"required name=search_term_string"}],"inLanguage":"en-US"},{"@type":"Organization","@id":"https:\/\/librairie7l.com\/en\/#organization","name":"Librairie 7L","url":"https:\/\/librairie7l.com\/en\/","logo":{"@type":"ImageObject","inLanguage":"en-US","@id":"https:\/\/librairie7l.com\/en\/#\/schema\/logo\/image\/","url":"https:\/\/librairie7l.com\/wp-content\/uploads\/2022\/08\/logo-1.png","contentUrl":"https:\/\/librairie7l.com\/wp-content\/uploads\/2022\/08\/logo-1.png","width":227,"height":301,"caption":"Librairie 7L"},"image":{"@id":"https:\/\/librairie7l.com\/en\/#\/schema\/logo\/image\/"}}]}},"_links":{"self":[{"href":"https:\/\/librairie7l.com\/en\/wp-json\/wp\/v2\/product\/52742"}],"collection":[{"href":"https:\/\/librairie7l.com\/en\/wp-json\/wp\/v2\/product"}],"about":[{"href":"https:\/\/librairie7l.com\/en\/wp-json\/wp\/v2\/types\/product"}],"wp:featuredmedia":[{"embeddable":true,"href":"https:\/\/librairie7l.com\/en\/wp-json\/wp\/v2\/media\/52740"}],"wp:attachment":[{"href":"https:\/\/librairie7l.com\/en\/wp-json\/wp\/v2\/media?parent=52742"}],"wp:term":[{"taxonomy":"product_cat","embeddable":true,"href":"https:\/\/librairie7l.com\/en\/wp-json\/wp\/v2\/product_cat?post=52742"},{"taxonomy":"product_tag","embeddable":true,"href":"https:\/\/librairie7l.com\/en\/wp-json\/wp\/v2\/product_tag?post=52742"}],"curies":[{"name":"wp","href":"https:\/\/api.w.org\/{rel}","templated":true}]}}