{"id":52746,"date":"2025-11-26T09:18:06","date_gmt":"2025-11-26T08:18:06","guid":{"rendered":"https:\/\/librairie7l.com\/?post_type=product&#038;p=52746"},"modified":"2026-04-04T09:14:15","modified_gmt":"2026-04-04T07:14:15","slug":"magdalena-abakanowicz-au-musee-bourdelle-la-trame-de-lexistence-2","status":"publish","type":"product","link":"https:\/\/librairie7l.com\/en\/produit\/magdalena-abakanowicz-au-musee-bourdelle-la-trame-de-lexistence-2\/","title":{"rendered":"MAGDALENA ABAKANOWICZ AU MUS\u00c9E BOURDELLE : LA TRAME DE L&#8217;EXISTENCE"},"content":{"rendered":"<p>Figure majeure de l&#8217;art polonais au XXe si\u00e8cle, Magdalena Abakanowicz<br \/>\n(1930-2017) b\u00e9n\u00e9ficie pour la premi\u00e8re fois d&#8217;une exposition monographique<br \/>\nen France.<br \/>\nAbakanowicz conna\u00eet d\u00e8s ses jeunes ann\u00e9es l&#8217;invasion nazie et la censure.<br \/>\nElle livre un oeuvre original, po\u00e9tique, parfois inqui\u00e9tant, souvent politique.<br \/>\nPr\u00e9occup\u00e9e par le monde organique, par les textures, par la s\u00e9rialit\u00e9 et<br \/>\npar la monumentalit\u00e9, elle d\u00e9nonce dans son art la barbarie et la pr\u00e9dation.<br \/>\nSa cr\u00e9ation, toujours politique, volontiers sexuelle, poss\u00e8de une puissance<br \/>\nind\u00e9niable et r\u00e9sonne avec les probl\u00e9matiques contemporaines &#8211;<br \/>\nenvironnementales, humanistes, f\u00e9ministes.<br \/>\nPratiquant d&#8217;abord la peinture, puis l&#8217;art textile, Abakanowicz se fait<br \/>\nremarquer par la radicalit\u00e9 de son oeuvre lors de la 1re biennale internationale<br \/>\nde la tapisserie de Lausanne en 1962. En 1965, elle re\u00e7oit la m\u00e9daille d&#8217;or de<br \/>\nla biennale de S\u00e3o Paulo, qui consacre sa renomm\u00e9e internationale.<br \/>\nS&#8217;ensuit une exposition dans le pavillon polonais \u00e0 la Biennale de Venise de<br \/>\n1980. En 1999, ses oeuvres sont install\u00e9es au sommet du Metropolitan<br \/>\nMuseum of Art. Depuis son d\u00e9c\u00e8s, l&#8217;art d&#8217;Abakanowicz est r\u00e9guli\u00e8rement<br \/>\nexpos\u00e9, notamment \u00e0 la Tate Modern de Londres en 2023.<br \/>\nCet ouvrage pr\u00e9sente les pi\u00e8ces textiles embl\u00e9matiques de cette<br \/>\nartiste et d\u00e9voile le champ de sa production sculpturale, gr\u00e2ce \u00e0 des<br \/>\npi\u00e8ces et installations majeures.<\/p>\n","protected":false},"excerpt":{"rendered":"<p>Figure majeure de l&#8217;art polonais au XXe si\u00e8cle, Magdalena Abakanowicz (1930-2017) b\u00e9n\u00e9ficie pour la premi\u00e8re fois d&#8217;une exposition monographique en France. Abakanowicz conna\u00eet d\u00e8s ses jeunes ann\u00e9es l&#8217;invasion nazie et la censure. Elle livre un oeuvre original, po\u00e9tique, parfois inqui\u00e9tant, souvent politique. Pr\u00e9occup\u00e9e par le monde organique, par les textures, par la s\u00e9rialit\u00e9 et par [&hellip;]<\/p>\n","protected":false},"featured_media":52744,"template":"","meta":[],"product_cat":[2948,2953],"product_tag":[],"acf":[],"yoast_head":"<!-- This site is optimized with the Yoast SEO plugin v20.11 - https:\/\/yoast.com\/wordpress\/plugins\/seo\/ -->\n<title>Magdalena Abakanowicz au Mus\u00e9e Bourdelle : La trame de l&#039;existence - Librairie 7L<\/title>\n<meta name=\"robots\" content=\"index, follow, max-snippet:-1, max-image-preview:large, max-video-preview:-1\" \/>\n<link rel=\"canonical\" href=\"https:\/\/librairie7l.com\/en\/produit\/magdalena-abakanowicz-au-musee-bourdelle-la-trame-de-lexistence-2\/\" \/>\n<meta property=\"og:locale\" content=\"en_US\" \/>\n<meta property=\"og:type\" content=\"article\" \/>\n<meta property=\"og:title\" content=\"Magdalena Abakanowicz au Mus\u00e9e Bourdelle : La trame de l&#039;existence - Librairie 7L\" \/>\n<meta property=\"og:description\" content=\"Figure majeure de l&#8217;art polonais au XXe si\u00e8cle, Magdalena Abakanowicz (1930-2017) b\u00e9n\u00e9ficie pour la premi\u00e8re fois d&#8217;une exposition monographique en France. Abakanowicz conna\u00eet d\u00e8s ses jeunes ann\u00e9es l&#8217;invasion nazie et la censure. Elle livre un oeuvre original, po\u00e9tique, parfois inqui\u00e9tant, souvent politique. Pr\u00e9occup\u00e9e par le monde organique, par les textures, par la s\u00e9rialit\u00e9 et par [&hellip;]\" \/>\n<meta property=\"og:url\" content=\"https:\/\/librairie7l.com\/en\/produit\/magdalena-abakanowicz-au-musee-bourdelle-la-trame-de-lexistence-2\/\" \/>\n<meta property=\"og:site_name\" content=\"Librairie 7L\" \/>\n<meta property=\"article:modified_time\" content=\"2026-04-04T07:14:15+00:00\" \/>\n<meta property=\"og:image\" content=\"https:\/\/librairie7l.com\/wp-content\/uploads\/2025\/06\/9782759606283_1_75.jpg\" \/>\n\t<meta property=\"og:image:width\" content=\"400\" \/>\n\t<meta property=\"og:image:height\" content=\"526\" \/>\n\t<meta property=\"og:image:type\" content=\"image\/jpeg\" \/>\n<meta name=\"twitter:card\" content=\"summary_large_image\" \/>\n<meta name=\"twitter:label1\" content=\"Est. reading time\" \/>\n\t<meta name=\"twitter:data1\" content=\"1 minute\" \/>\n<script type=\"application\/ld+json\" class=\"yoast-schema-graph\">{\"@context\":\"https:\/\/schema.org\",\"@graph\":[{\"@type\":\"WebPage\",\"@id\":\"https:\/\/librairie7l.com\/en\/produit\/magdalena-abakanowicz-au-musee-bourdelle-la-trame-de-lexistence-2\/\",\"url\":\"https:\/\/librairie7l.com\/en\/produit\/magdalena-abakanowicz-au-musee-bourdelle-la-trame-de-lexistence-2\/\",\"name\":\"Magdalena Abakanowicz au Mus\u00e9e Bourdelle : La trame de l'existence - Librairie 7L\",\"isPartOf\":{\"@id\":\"https:\/\/librairie7l.com\/en\/#website\"},\"datePublished\":\"2025-11-26T08:18:06+00:00\",\"dateModified\":\"2026-04-04T07:14:15+00:00\",\"breadcrumb\":{\"@id\":\"https:\/\/librairie7l.com\/en\/produit\/magdalena-abakanowicz-au-musee-bourdelle-la-trame-de-lexistence-2\/#breadcrumb\"},\"inLanguage\":\"en-US\",\"potentialAction\":[{\"@type\":\"ReadAction\",\"target\":[\"https:\/\/librairie7l.com\/en\/produit\/magdalena-abakanowicz-au-musee-bourdelle-la-trame-de-lexistence-2\/\"]}]},{\"@type\":\"BreadcrumbList\",\"@id\":\"https:\/\/librairie7l.com\/en\/produit\/magdalena-abakanowicz-au-musee-bourdelle-la-trame-de-lexistence-2\/#breadcrumb\",\"itemListElement\":[{\"@type\":\"ListItem\",\"position\":1,\"name\":\"Accueil\",\"item\":\"https:\/\/librairie7l.com\/en\/\"},{\"@type\":\"ListItem\",\"position\":2,\"name\":\"Shop\",\"item\":\"https:\/\/librairie7l.com\/en\/shop\/\"},{\"@type\":\"ListItem\",\"position\":3,\"name\":\"MAGDALENA ABAKANOWICZ AU MUS\u00c9E BOURDELLE : LA TRAME DE L&#8217;EXISTENCE\"}]},{\"@type\":\"WebSite\",\"@id\":\"https:\/\/librairie7l.com\/en\/#website\",\"url\":\"https:\/\/librairie7l.com\/en\/\",\"name\":\"Librairie 7L\",\"description\":\"Librairie fond\u00e9e en 1999 par Karl Lagerfeld \u00e0 Paris\",\"publisher\":{\"@id\":\"https:\/\/librairie7l.com\/en\/#organization\"},\"potentialAction\":[{\"@type\":\"SearchAction\",\"target\":{\"@type\":\"EntryPoint\",\"urlTemplate\":\"https:\/\/librairie7l.com\/en\/?s={search_term_string}\"},\"query-input\":\"required name=search_term_string\"}],\"inLanguage\":\"en-US\"},{\"@type\":\"Organization\",\"@id\":\"https:\/\/librairie7l.com\/en\/#organization\",\"name\":\"Librairie 7L\",\"url\":\"https:\/\/librairie7l.com\/en\/\",\"logo\":{\"@type\":\"ImageObject\",\"inLanguage\":\"en-US\",\"@id\":\"https:\/\/librairie7l.com\/en\/#\/schema\/logo\/image\/\",\"url\":\"https:\/\/librairie7l.com\/wp-content\/uploads\/2022\/08\/logo-1.png\",\"contentUrl\":\"https:\/\/librairie7l.com\/wp-content\/uploads\/2022\/08\/logo-1.png\",\"width\":227,\"height\":301,\"caption\":\"Librairie 7L\"},\"image\":{\"@id\":\"https:\/\/librairie7l.com\/en\/#\/schema\/logo\/image\/\"}}]}<\/script>\n<!-- \/ Yoast SEO plugin. -->","yoast_head_json":{"title":"Magdalena Abakanowicz au Mus\u00e9e Bourdelle : La trame de l'existence - Librairie 7L","robots":{"index":"index","follow":"follow","max-snippet":"max-snippet:-1","max-image-preview":"max-image-preview:large","max-video-preview":"max-video-preview:-1"},"canonical":"https:\/\/librairie7l.com\/en\/produit\/magdalena-abakanowicz-au-musee-bourdelle-la-trame-de-lexistence-2\/","og_locale":"en_US","og_type":"article","og_title":"Magdalena Abakanowicz au Mus\u00e9e Bourdelle : La trame de l'existence - Librairie 7L","og_description":"Figure majeure de l&#8217;art polonais au XXe si\u00e8cle, Magdalena Abakanowicz (1930-2017) b\u00e9n\u00e9ficie pour la premi\u00e8re fois d&#8217;une exposition monographique en France. Abakanowicz conna\u00eet d\u00e8s ses jeunes ann\u00e9es l&#8217;invasion nazie et la censure. Elle livre un oeuvre original, po\u00e9tique, parfois inqui\u00e9tant, souvent politique. Pr\u00e9occup\u00e9e par le monde organique, par les textures, par la s\u00e9rialit\u00e9 et par [&hellip;]","og_url":"https:\/\/librairie7l.com\/en\/produit\/magdalena-abakanowicz-au-musee-bourdelle-la-trame-de-lexistence-2\/","og_site_name":"Librairie 7L","article_modified_time":"2026-04-04T07:14:15+00:00","og_image":[{"width":400,"height":526,"url":"https:\/\/librairie7l.com\/wp-content\/uploads\/2025\/06\/9782759606283_1_75.jpg","type":"image\/jpeg"}],"twitter_card":"summary_large_image","twitter_misc":{"Est. reading time":"1 minute"},"schema":{"@context":"https:\/\/schema.org","@graph":[{"@type":"WebPage","@id":"https:\/\/librairie7l.com\/en\/produit\/magdalena-abakanowicz-au-musee-bourdelle-la-trame-de-lexistence-2\/","url":"https:\/\/librairie7l.com\/en\/produit\/magdalena-abakanowicz-au-musee-bourdelle-la-trame-de-lexistence-2\/","name":"Magdalena Abakanowicz au Mus\u00e9e Bourdelle : La trame de l'existence - Librairie 7L","isPartOf":{"@id":"https:\/\/librairie7l.com\/en\/#website"},"datePublished":"2025-11-26T08:18:06+00:00","dateModified":"2026-04-04T07:14:15+00:00","breadcrumb":{"@id":"https:\/\/librairie7l.com\/en\/produit\/magdalena-abakanowicz-au-musee-bourdelle-la-trame-de-lexistence-2\/#breadcrumb"},"inLanguage":"en-US","potentialAction":[{"@type":"ReadAction","target":["https:\/\/librairie7l.com\/en\/produit\/magdalena-abakanowicz-au-musee-bourdelle-la-trame-de-lexistence-2\/"]}]},{"@type":"BreadcrumbList","@id":"https:\/\/librairie7l.com\/en\/produit\/magdalena-abakanowicz-au-musee-bourdelle-la-trame-de-lexistence-2\/#breadcrumb","itemListElement":[{"@type":"ListItem","position":1,"name":"Accueil","item":"https:\/\/librairie7l.com\/en\/"},{"@type":"ListItem","position":2,"name":"Shop","item":"https:\/\/librairie7l.com\/en\/shop\/"},{"@type":"ListItem","position":3,"name":"MAGDALENA ABAKANOWICZ AU MUS\u00c9E BOURDELLE : LA TRAME DE L&#8217;EXISTENCE"}]},{"@type":"WebSite","@id":"https:\/\/librairie7l.com\/en\/#website","url":"https:\/\/librairie7l.com\/en\/","name":"Librairie 7L","description":"Librairie fond\u00e9e en 1999 par Karl Lagerfeld \u00e0 Paris","publisher":{"@id":"https:\/\/librairie7l.com\/en\/#organization"},"potentialAction":[{"@type":"SearchAction","target":{"@type":"EntryPoint","urlTemplate":"https:\/\/librairie7l.com\/en\/?s={search_term_string}"},"query-input":"required name=search_term_string"}],"inLanguage":"en-US"},{"@type":"Organization","@id":"https:\/\/librairie7l.com\/en\/#organization","name":"Librairie 7L","url":"https:\/\/librairie7l.com\/en\/","logo":{"@type":"ImageObject","inLanguage":"en-US","@id":"https:\/\/librairie7l.com\/en\/#\/schema\/logo\/image\/","url":"https:\/\/librairie7l.com\/wp-content\/uploads\/2022\/08\/logo-1.png","contentUrl":"https:\/\/librairie7l.com\/wp-content\/uploads\/2022\/08\/logo-1.png","width":227,"height":301,"caption":"Librairie 7L"},"image":{"@id":"https:\/\/librairie7l.com\/en\/#\/schema\/logo\/image\/"}}]}},"_links":{"self":[{"href":"https:\/\/librairie7l.com\/en\/wp-json\/wp\/v2\/product\/52746"}],"collection":[{"href":"https:\/\/librairie7l.com\/en\/wp-json\/wp\/v2\/product"}],"about":[{"href":"https:\/\/librairie7l.com\/en\/wp-json\/wp\/v2\/types\/product"}],"wp:featuredmedia":[{"embeddable":true,"href":"https:\/\/librairie7l.com\/en\/wp-json\/wp\/v2\/media\/52744"}],"wp:attachment":[{"href":"https:\/\/librairie7l.com\/en\/wp-json\/wp\/v2\/media?parent=52746"}],"wp:term":[{"taxonomy":"product_cat","embeddable":true,"href":"https:\/\/librairie7l.com\/en\/wp-json\/wp\/v2\/product_cat?post=52746"},{"taxonomy":"product_tag","embeddable":true,"href":"https:\/\/librairie7l.com\/en\/wp-json\/wp\/v2\/product_tag?post=52746"}],"curies":[{"name":"wp","href":"https:\/\/api.w.org\/{rel}","templated":true}]}}