{"id":52750,"date":"2025-11-26T09:18:09","date_gmt":"2025-11-26T08:18:09","guid":{"rendered":"https:\/\/librairie7l.com\/?post_type=product&#038;p=52750"},"modified":"2026-04-04T17:21:19","modified_gmt":"2026-04-04T15:21:19","slug":"victor-hugo-decors-maison-de-victor-hugo-2","status":"publish","type":"product","link":"https:\/\/librairie7l.com\/en\/produit\/victor-hugo-decors-maison-de-victor-hugo-2\/","title":{"rendered":"VICTOR HUGO D\u00c9CORS : MAISON DE VICTOR HUGO"},"content":{"rendered":"<p>Si la maison de Victor Hugo \u00e0 Paris en donne un \u00e9clatant aper\u00e7u dans deux salles &#8211; le salon chinois et la salle \u00e0 manger de Juliette Drouet -, peu de gens ont r\u00e9ellement conscience du talent et de l&#8217;engagement dont fit preuve Victor Hugo dans le domaine de la d\u00e9coration.<br \/>\nCe go\u00fbt s&#8217;est essentiellement exprim\u00e9 \u00e0 Guernesey durant la longue p\u00e9riode que dura son exil de 1855 \u00e0 1870. D&#8217;abord \u00e0 Hauteville House, qui fut la seule maison dont il devint propri\u00e9taire, th\u00e9\u00e2tre de l&#8217;in\u00e9puisable cr\u00e9ativit\u00e9 hugolienne en mati\u00e8re de d\u00e9coration d&#8217;int\u00e9rieur puis \u00e0 Hauteville II o\u00f9 il cr\u00e9a des d\u00e9cors peints sur bois surprenant de fantaisie et d&#8217;imagination. Ces d\u00e9cors et arrangements constituent en effet une oeuvre \u00e0 part enti\u00e8re dans la carri\u00e8re de l&#8217;\u00e9crivain. Hauteville reste un \u00ab autographe \u00e0 trois \u00e9tages \u00bb d&#8217;apr\u00e8s son fils Charles Hugo et c&#8217;est vrai qu&#8217;elle contient des constantes de l&#8217;univers hugolien : ombre, lumi\u00e8re, noirceur, illusion, reflets&#8230;<br \/>\nG\u00e9rard Audinet, apr\u00e8s le succ\u00e8s de l&#8217;ouvrage Victor Hugo. Dessins, s&#8217;est attach\u00e9 \u00e0 retracer pas \u00e0 pas l&#8217;histoire de chacune des demeures de l&#8217;\u00e9crivain depuis la rue N\u00f4tre-Dame-des-Champs jusqu&#8217;\u00e0 la derni\u00e8re demeure avenue d&#8217;Eylau, montrant, \u00e0 travers mobiliers et d\u00e9cors conserv\u00e9s par les Maisons de Victor Hugo, comment l&#8217;\u00e9crivain de g\u00e9nie fut \u00e9galement un g\u00e9nial arrangeur de logis.<\/p>\n","protected":false},"excerpt":{"rendered":"<p>Si la maison de Victor Hugo \u00e0 Paris en donne un \u00e9clatant aper\u00e7u dans deux salles &#8211; le salon chinois et la salle \u00e0 manger de Juliette Drouet -, peu de gens ont r\u00e9ellement conscience du talent et de l&#8217;engagement dont fit preuve Victor Hugo dans le domaine de la d\u00e9coration. Ce go\u00fbt s&#8217;est essentiellement [&hellip;]<\/p>\n","protected":false},"featured_media":52748,"template":"","meta":[],"product_cat":[2948,2952],"product_tag":[],"acf":[],"yoast_head":"<!-- This site is optimized with the Yoast SEO plugin v20.11 - https:\/\/yoast.com\/wordpress\/plugins\/seo\/ -->\n<title>Victor Hugo d\u00e9cors : Maison de Victor Hugo - Librairie 7L<\/title>\n<meta name=\"robots\" content=\"index, follow, max-snippet:-1, max-image-preview:large, max-video-preview:-1\" \/>\n<link rel=\"canonical\" href=\"https:\/\/librairie7l.com\/en\/produit\/victor-hugo-decors-maison-de-victor-hugo-2\/\" \/>\n<meta property=\"og:locale\" content=\"en_US\" \/>\n<meta property=\"og:type\" content=\"article\" \/>\n<meta property=\"og:title\" content=\"Victor Hugo d\u00e9cors : Maison de Victor Hugo - Librairie 7L\" \/>\n<meta property=\"og:description\" content=\"Si la maison de Victor Hugo \u00e0 Paris en donne un \u00e9clatant aper\u00e7u dans deux salles &#8211; le salon chinois et la salle \u00e0 manger de Juliette Drouet -, peu de gens ont r\u00e9ellement conscience du talent et de l&#8217;engagement dont fit preuve Victor Hugo dans le domaine de la d\u00e9coration. Ce go\u00fbt s&#8217;est essentiellement [&hellip;]\" \/>\n<meta property=\"og:url\" content=\"https:\/\/librairie7l.com\/en\/produit\/victor-hugo-decors-maison-de-victor-hugo-2\/\" \/>\n<meta property=\"og:site_name\" content=\"Librairie 7L\" \/>\n<meta property=\"article:modified_time\" content=\"2026-04-04T15:21:19+00:00\" \/>\n<meta property=\"og:image\" content=\"https:\/\/librairie7l.com\/wp-content\/uploads\/2025\/06\/9782759606269_1_75.jpg\" \/>\n\t<meta property=\"og:image:width\" content=\"600\" \/>\n\t<meta property=\"og:image:height\" content=\"839\" \/>\n\t<meta property=\"og:image:type\" content=\"image\/jpeg\" \/>\n<meta name=\"twitter:card\" content=\"summary_large_image\" \/>\n<meta name=\"twitter:label1\" content=\"Est. reading time\" \/>\n\t<meta name=\"twitter:data1\" content=\"1 minute\" \/>\n<script type=\"application\/ld+json\" class=\"yoast-schema-graph\">{\"@context\":\"https:\/\/schema.org\",\"@graph\":[{\"@type\":\"WebPage\",\"@id\":\"https:\/\/librairie7l.com\/en\/produit\/victor-hugo-decors-maison-de-victor-hugo-2\/\",\"url\":\"https:\/\/librairie7l.com\/en\/produit\/victor-hugo-decors-maison-de-victor-hugo-2\/\",\"name\":\"Victor Hugo d\u00e9cors : Maison de Victor Hugo - Librairie 7L\",\"isPartOf\":{\"@id\":\"https:\/\/librairie7l.com\/en\/#website\"},\"datePublished\":\"2025-11-26T08:18:09+00:00\",\"dateModified\":\"2026-04-04T15:21:19+00:00\",\"breadcrumb\":{\"@id\":\"https:\/\/librairie7l.com\/en\/produit\/victor-hugo-decors-maison-de-victor-hugo-2\/#breadcrumb\"},\"inLanguage\":\"en-US\",\"potentialAction\":[{\"@type\":\"ReadAction\",\"target\":[\"https:\/\/librairie7l.com\/en\/produit\/victor-hugo-decors-maison-de-victor-hugo-2\/\"]}]},{\"@type\":\"BreadcrumbList\",\"@id\":\"https:\/\/librairie7l.com\/en\/produit\/victor-hugo-decors-maison-de-victor-hugo-2\/#breadcrumb\",\"itemListElement\":[{\"@type\":\"ListItem\",\"position\":1,\"name\":\"Accueil\",\"item\":\"https:\/\/librairie7l.com\/en\/\"},{\"@type\":\"ListItem\",\"position\":2,\"name\":\"Shop\",\"item\":\"https:\/\/librairie7l.com\/en\/shop\/\"},{\"@type\":\"ListItem\",\"position\":3,\"name\":\"VICTOR HUGO D\u00c9CORS : MAISON DE VICTOR HUGO\"}]},{\"@type\":\"WebSite\",\"@id\":\"https:\/\/librairie7l.com\/en\/#website\",\"url\":\"https:\/\/librairie7l.com\/en\/\",\"name\":\"Librairie 7L\",\"description\":\"Librairie fond\u00e9e en 1999 par Karl Lagerfeld \u00e0 Paris\",\"publisher\":{\"@id\":\"https:\/\/librairie7l.com\/en\/#organization\"},\"potentialAction\":[{\"@type\":\"SearchAction\",\"target\":{\"@type\":\"EntryPoint\",\"urlTemplate\":\"https:\/\/librairie7l.com\/en\/?s={search_term_string}\"},\"query-input\":\"required name=search_term_string\"}],\"inLanguage\":\"en-US\"},{\"@type\":\"Organization\",\"@id\":\"https:\/\/librairie7l.com\/en\/#organization\",\"name\":\"Librairie 7L\",\"url\":\"https:\/\/librairie7l.com\/en\/\",\"logo\":{\"@type\":\"ImageObject\",\"inLanguage\":\"en-US\",\"@id\":\"https:\/\/librairie7l.com\/en\/#\/schema\/logo\/image\/\",\"url\":\"https:\/\/librairie7l.com\/wp-content\/uploads\/2022\/08\/logo-1.png\",\"contentUrl\":\"https:\/\/librairie7l.com\/wp-content\/uploads\/2022\/08\/logo-1.png\",\"width\":227,\"height\":301,\"caption\":\"Librairie 7L\"},\"image\":{\"@id\":\"https:\/\/librairie7l.com\/en\/#\/schema\/logo\/image\/\"}}]}<\/script>\n<!-- \/ Yoast SEO plugin. -->","yoast_head_json":{"title":"Victor Hugo d\u00e9cors : Maison de Victor Hugo - Librairie 7L","robots":{"index":"index","follow":"follow","max-snippet":"max-snippet:-1","max-image-preview":"max-image-preview:large","max-video-preview":"max-video-preview:-1"},"canonical":"https:\/\/librairie7l.com\/en\/produit\/victor-hugo-decors-maison-de-victor-hugo-2\/","og_locale":"en_US","og_type":"article","og_title":"Victor Hugo d\u00e9cors : Maison de Victor Hugo - Librairie 7L","og_description":"Si la maison de Victor Hugo \u00e0 Paris en donne un \u00e9clatant aper\u00e7u dans deux salles &#8211; le salon chinois et la salle \u00e0 manger de Juliette Drouet -, peu de gens ont r\u00e9ellement conscience du talent et de l&#8217;engagement dont fit preuve Victor Hugo dans le domaine de la d\u00e9coration. Ce go\u00fbt s&#8217;est essentiellement [&hellip;]","og_url":"https:\/\/librairie7l.com\/en\/produit\/victor-hugo-decors-maison-de-victor-hugo-2\/","og_site_name":"Librairie 7L","article_modified_time":"2026-04-04T15:21:19+00:00","og_image":[{"width":600,"height":839,"url":"https:\/\/librairie7l.com\/wp-content\/uploads\/2025\/06\/9782759606269_1_75.jpg","type":"image\/jpeg"}],"twitter_card":"summary_large_image","twitter_misc":{"Est. reading time":"1 minute"},"schema":{"@context":"https:\/\/schema.org","@graph":[{"@type":"WebPage","@id":"https:\/\/librairie7l.com\/en\/produit\/victor-hugo-decors-maison-de-victor-hugo-2\/","url":"https:\/\/librairie7l.com\/en\/produit\/victor-hugo-decors-maison-de-victor-hugo-2\/","name":"Victor Hugo d\u00e9cors : Maison de Victor Hugo - Librairie 7L","isPartOf":{"@id":"https:\/\/librairie7l.com\/en\/#website"},"datePublished":"2025-11-26T08:18:09+00:00","dateModified":"2026-04-04T15:21:19+00:00","breadcrumb":{"@id":"https:\/\/librairie7l.com\/en\/produit\/victor-hugo-decors-maison-de-victor-hugo-2\/#breadcrumb"},"inLanguage":"en-US","potentialAction":[{"@type":"ReadAction","target":["https:\/\/librairie7l.com\/en\/produit\/victor-hugo-decors-maison-de-victor-hugo-2\/"]}]},{"@type":"BreadcrumbList","@id":"https:\/\/librairie7l.com\/en\/produit\/victor-hugo-decors-maison-de-victor-hugo-2\/#breadcrumb","itemListElement":[{"@type":"ListItem","position":1,"name":"Accueil","item":"https:\/\/librairie7l.com\/en\/"},{"@type":"ListItem","position":2,"name":"Shop","item":"https:\/\/librairie7l.com\/en\/shop\/"},{"@type":"ListItem","position":3,"name":"VICTOR HUGO D\u00c9CORS : MAISON DE VICTOR HUGO"}]},{"@type":"WebSite","@id":"https:\/\/librairie7l.com\/en\/#website","url":"https:\/\/librairie7l.com\/en\/","name":"Librairie 7L","description":"Librairie fond\u00e9e en 1999 par Karl Lagerfeld \u00e0 Paris","publisher":{"@id":"https:\/\/librairie7l.com\/en\/#organization"},"potentialAction":[{"@type":"SearchAction","target":{"@type":"EntryPoint","urlTemplate":"https:\/\/librairie7l.com\/en\/?s={search_term_string}"},"query-input":"required name=search_term_string"}],"inLanguage":"en-US"},{"@type":"Organization","@id":"https:\/\/librairie7l.com\/en\/#organization","name":"Librairie 7L","url":"https:\/\/librairie7l.com\/en\/","logo":{"@type":"ImageObject","inLanguage":"en-US","@id":"https:\/\/librairie7l.com\/en\/#\/schema\/logo\/image\/","url":"https:\/\/librairie7l.com\/wp-content\/uploads\/2022\/08\/logo-1.png","contentUrl":"https:\/\/librairie7l.com\/wp-content\/uploads\/2022\/08\/logo-1.png","width":227,"height":301,"caption":"Librairie 7L"},"image":{"@id":"https:\/\/librairie7l.com\/en\/#\/schema\/logo\/image\/"}}]}},"_links":{"self":[{"href":"https:\/\/librairie7l.com\/en\/wp-json\/wp\/v2\/product\/52750"}],"collection":[{"href":"https:\/\/librairie7l.com\/en\/wp-json\/wp\/v2\/product"}],"about":[{"href":"https:\/\/librairie7l.com\/en\/wp-json\/wp\/v2\/types\/product"}],"wp:featuredmedia":[{"embeddable":true,"href":"https:\/\/librairie7l.com\/en\/wp-json\/wp\/v2\/media\/52748"}],"wp:attachment":[{"href":"https:\/\/librairie7l.com\/en\/wp-json\/wp\/v2\/media?parent=52750"}],"wp:term":[{"taxonomy":"product_cat","embeddable":true,"href":"https:\/\/librairie7l.com\/en\/wp-json\/wp\/v2\/product_cat?post=52750"},{"taxonomy":"product_tag","embeddable":true,"href":"https:\/\/librairie7l.com\/en\/wp-json\/wp\/v2\/product_tag?post=52750"}],"curies":[{"name":"wp","href":"https:\/\/api.w.org\/{rel}","templated":true}]}}