{"id":52770,"date":"2025-11-27T01:52:16","date_gmt":"2025-11-27T00:52:16","guid":{"rendered":"https:\/\/librairie7l.com\/?post_type=product&#038;p=52770"},"modified":"2026-04-05T00:03:00","modified_gmt":"2026-04-04T22:03:00","slug":"the-little-guide-to-yves-saint-laurent-2","status":"publish","type":"product","link":"https:\/\/librairie7l.com\/en\/produit\/the-little-guide-to-yves-saint-laurent-2\/","title":{"rendered":"THE LITTLE GUIDE TO YVES SAINT LAURENT"},"content":{"rendered":"<p>Yves Saint Laurent : 170 citations d&#8217;un cr\u00e9ateur qui a r\u00e9volutionn\u00e9 la mode. Plongez dans l&#8217;esprit d&#8217;un visionnaire \u00e0 travers ses mots et d\u00e9couvrez l&#8217;homme derri\u00e8re les cr\u00e9ations iconiques qui ont transform\u00e9 la mode f\u00e9minine pour toujours.<br \/>\nYves Saint Laurent, ou YSL, est l&#8217;un des cr\u00e9ateurs de mode les plus c\u00e9l\u00e8bres de tous les temps, dont l&#8217;impact sur le monde de la mode est pratiquement in\u00e9gal\u00e9. Cr\u00e9ateur r\u00e9volutionnaire pour les femmes, ses cr\u00e9ations reprenaient des styles traditionnellement masculins et les r\u00e9inventaient pour les femmes modernes des ann\u00e9es 1960. De la combinaison \u00e0 la saharienne en passant par le smoking embl\u00e9matique, les cr\u00e9ations d&#8217;YSL ont r\u00e9volutionn\u00e9 les v\u00eatements f\u00e9minins pour toujours. C&#8217;est \u00e0 lui que l&#8217;on doit d&#8217;avoir rendu le pr\u00eat-\u00e0-porter r\u00e9put\u00e9 et d\u00e9sirable, en s&#8217;\u00e9loignant nettement de la haute couture, et d&#8217;avoir d\u00e9fendu le pantalon pour les femmes.<\/p>\n<p>Malgr\u00e9 une vie marqu\u00e9e par la toxicomanie, la guerre et des probl\u00e8mes de sant\u00e9 mentale, Yves est rest\u00e9 un pilier de l&#8217;industrie de la mode pendant 50 ans, et son nom &#8211; et ses initiales &#8211; sont aujourd&#8217;hui synonymes de qualit\u00e9, d&#8217;innovation et d&#8217;h\u00e9ritage. Ses collections ont parfois suscit\u00e9 la controverse et la critique, mais elles se sont r\u00e9v\u00e9l\u00e9es intemporelles et transformatrices.<\/p>\n<p>The Little Guide to Yves-Saint-Laurent retrace son ascension tumultueuse vers le sommet, accompagn\u00e9 de faits et de citations de l&#8217;homme lui-m\u00eame et de l&#8217;h\u00e9ritage qu&#8217;il a construit dans le domaine de la mode.<\/p>\n","protected":false},"excerpt":{"rendered":"<p>Yves Saint Laurent : 170 citations d&#8217;un cr\u00e9ateur qui a r\u00e9volutionn\u00e9 la mode. Plongez dans l&#8217;esprit d&#8217;un visionnaire \u00e0 travers ses mots et d\u00e9couvrez l&#8217;homme derri\u00e8re les cr\u00e9ations iconiques qui ont transform\u00e9 la mode f\u00e9minine pour toujours. Yves Saint Laurent, ou YSL, est l&#8217;un des cr\u00e9ateurs de mode les plus c\u00e9l\u00e8bres de tous les temps, [&hellip;]<\/p>\n","protected":false},"featured_media":52768,"template":"","meta":[],"product_cat":[7364,2948],"product_tag":[],"acf":[],"yoast_head":"<!-- This site is optimized with the Yoast SEO plugin v20.11 - https:\/\/yoast.com\/wordpress\/plugins\/seo\/ -->\n<title>The little guide to Yves Saint Laurent - Librairie 7L<\/title>\n<meta name=\"robots\" content=\"index, follow, max-snippet:-1, max-image-preview:large, max-video-preview:-1\" \/>\n<link rel=\"canonical\" href=\"https:\/\/librairie7l.com\/en\/produit\/the-little-guide-to-yves-saint-laurent-2\/\" \/>\n<meta property=\"og:locale\" content=\"en_US\" \/>\n<meta property=\"og:type\" content=\"article\" \/>\n<meta property=\"og:title\" content=\"The little guide to Yves Saint Laurent - Librairie 7L\" \/>\n<meta property=\"og:description\" content=\"Yves Saint Laurent : 170 citations d&#8217;un cr\u00e9ateur qui a r\u00e9volutionn\u00e9 la mode. Plongez dans l&#8217;esprit d&#8217;un visionnaire \u00e0 travers ses mots et d\u00e9couvrez l&#8217;homme derri\u00e8re les cr\u00e9ations iconiques qui ont transform\u00e9 la mode f\u00e9minine pour toujours. Yves Saint Laurent, ou YSL, est l&#8217;un des cr\u00e9ateurs de mode les plus c\u00e9l\u00e8bres de tous les temps, [&hellip;]\" \/>\n<meta property=\"og:url\" content=\"https:\/\/librairie7l.com\/en\/produit\/the-little-guide-to-yves-saint-laurent-2\/\" \/>\n<meta property=\"og:site_name\" content=\"Librairie 7L\" \/>\n<meta property=\"article:modified_time\" content=\"2026-04-04T22:03:00+00:00\" \/>\n<meta property=\"og:image\" content=\"https:\/\/librairie7l.com\/wp-content\/uploads\/2024\/12\/9782809905526_1_75.jpg\" \/>\n\t<meta property=\"og:image:width\" content=\"600\" \/>\n\t<meta property=\"og:image:height\" content=\"715\" \/>\n\t<meta property=\"og:image:type\" content=\"image\/jpeg\" \/>\n<meta name=\"twitter:card\" content=\"summary_large_image\" \/>\n<meta name=\"twitter:label1\" content=\"Est. reading time\" \/>\n\t<meta name=\"twitter:data1\" content=\"1 minute\" \/>\n<script type=\"application\/ld+json\" class=\"yoast-schema-graph\">{\"@context\":\"https:\/\/schema.org\",\"@graph\":[{\"@type\":\"WebPage\",\"@id\":\"https:\/\/librairie7l.com\/en\/produit\/the-little-guide-to-yves-saint-laurent-2\/\",\"url\":\"https:\/\/librairie7l.com\/en\/produit\/the-little-guide-to-yves-saint-laurent-2\/\",\"name\":\"The little guide to Yves Saint Laurent - Librairie 7L\",\"isPartOf\":{\"@id\":\"https:\/\/librairie7l.com\/en\/#website\"},\"datePublished\":\"2025-11-27T00:52:16+00:00\",\"dateModified\":\"2026-04-04T22:03:00+00:00\",\"breadcrumb\":{\"@id\":\"https:\/\/librairie7l.com\/en\/produit\/the-little-guide-to-yves-saint-laurent-2\/#breadcrumb\"},\"inLanguage\":\"en-US\",\"potentialAction\":[{\"@type\":\"ReadAction\",\"target\":[\"https:\/\/librairie7l.com\/en\/produit\/the-little-guide-to-yves-saint-laurent-2\/\"]}]},{\"@type\":\"BreadcrumbList\",\"@id\":\"https:\/\/librairie7l.com\/en\/produit\/the-little-guide-to-yves-saint-laurent-2\/#breadcrumb\",\"itemListElement\":[{\"@type\":\"ListItem\",\"position\":1,\"name\":\"Accueil\",\"item\":\"https:\/\/librairie7l.com\/en\/\"},{\"@type\":\"ListItem\",\"position\":2,\"name\":\"Shop\",\"item\":\"https:\/\/librairie7l.com\/en\/shop\/\"},{\"@type\":\"ListItem\",\"position\":3,\"name\":\"THE LITTLE GUIDE TO YVES SAINT LAURENT\"}]},{\"@type\":\"WebSite\",\"@id\":\"https:\/\/librairie7l.com\/en\/#website\",\"url\":\"https:\/\/librairie7l.com\/en\/\",\"name\":\"Librairie 7L\",\"description\":\"Librairie fond\u00e9e en 1999 par Karl Lagerfeld \u00e0 Paris\",\"publisher\":{\"@id\":\"https:\/\/librairie7l.com\/en\/#organization\"},\"potentialAction\":[{\"@type\":\"SearchAction\",\"target\":{\"@type\":\"EntryPoint\",\"urlTemplate\":\"https:\/\/librairie7l.com\/en\/?s={search_term_string}\"},\"query-input\":\"required name=search_term_string\"}],\"inLanguage\":\"en-US\"},{\"@type\":\"Organization\",\"@id\":\"https:\/\/librairie7l.com\/en\/#organization\",\"name\":\"Librairie 7L\",\"url\":\"https:\/\/librairie7l.com\/en\/\",\"logo\":{\"@type\":\"ImageObject\",\"inLanguage\":\"en-US\",\"@id\":\"https:\/\/librairie7l.com\/en\/#\/schema\/logo\/image\/\",\"url\":\"https:\/\/librairie7l.com\/wp-content\/uploads\/2022\/08\/logo-1.png\",\"contentUrl\":\"https:\/\/librairie7l.com\/wp-content\/uploads\/2022\/08\/logo-1.png\",\"width\":227,\"height\":301,\"caption\":\"Librairie 7L\"},\"image\":{\"@id\":\"https:\/\/librairie7l.com\/en\/#\/schema\/logo\/image\/\"}}]}<\/script>\n<!-- \/ Yoast SEO plugin. -->","yoast_head_json":{"title":"The little guide to Yves Saint Laurent - Librairie 7L","robots":{"index":"index","follow":"follow","max-snippet":"max-snippet:-1","max-image-preview":"max-image-preview:large","max-video-preview":"max-video-preview:-1"},"canonical":"https:\/\/librairie7l.com\/en\/produit\/the-little-guide-to-yves-saint-laurent-2\/","og_locale":"en_US","og_type":"article","og_title":"The little guide to Yves Saint Laurent - Librairie 7L","og_description":"Yves Saint Laurent : 170 citations d&#8217;un cr\u00e9ateur qui a r\u00e9volutionn\u00e9 la mode. Plongez dans l&#8217;esprit d&#8217;un visionnaire \u00e0 travers ses mots et d\u00e9couvrez l&#8217;homme derri\u00e8re les cr\u00e9ations iconiques qui ont transform\u00e9 la mode f\u00e9minine pour toujours. Yves Saint Laurent, ou YSL, est l&#8217;un des cr\u00e9ateurs de mode les plus c\u00e9l\u00e8bres de tous les temps, [&hellip;]","og_url":"https:\/\/librairie7l.com\/en\/produit\/the-little-guide-to-yves-saint-laurent-2\/","og_site_name":"Librairie 7L","article_modified_time":"2026-04-04T22:03:00+00:00","og_image":[{"width":600,"height":715,"url":"https:\/\/librairie7l.com\/wp-content\/uploads\/2024\/12\/9782809905526_1_75.jpg","type":"image\/jpeg"}],"twitter_card":"summary_large_image","twitter_misc":{"Est. reading time":"1 minute"},"schema":{"@context":"https:\/\/schema.org","@graph":[{"@type":"WebPage","@id":"https:\/\/librairie7l.com\/en\/produit\/the-little-guide-to-yves-saint-laurent-2\/","url":"https:\/\/librairie7l.com\/en\/produit\/the-little-guide-to-yves-saint-laurent-2\/","name":"The little guide to Yves Saint Laurent - Librairie 7L","isPartOf":{"@id":"https:\/\/librairie7l.com\/en\/#website"},"datePublished":"2025-11-27T00:52:16+00:00","dateModified":"2026-04-04T22:03:00+00:00","breadcrumb":{"@id":"https:\/\/librairie7l.com\/en\/produit\/the-little-guide-to-yves-saint-laurent-2\/#breadcrumb"},"inLanguage":"en-US","potentialAction":[{"@type":"ReadAction","target":["https:\/\/librairie7l.com\/en\/produit\/the-little-guide-to-yves-saint-laurent-2\/"]}]},{"@type":"BreadcrumbList","@id":"https:\/\/librairie7l.com\/en\/produit\/the-little-guide-to-yves-saint-laurent-2\/#breadcrumb","itemListElement":[{"@type":"ListItem","position":1,"name":"Accueil","item":"https:\/\/librairie7l.com\/en\/"},{"@type":"ListItem","position":2,"name":"Shop","item":"https:\/\/librairie7l.com\/en\/shop\/"},{"@type":"ListItem","position":3,"name":"THE LITTLE GUIDE TO YVES SAINT LAURENT"}]},{"@type":"WebSite","@id":"https:\/\/librairie7l.com\/en\/#website","url":"https:\/\/librairie7l.com\/en\/","name":"Librairie 7L","description":"Librairie fond\u00e9e en 1999 par Karl Lagerfeld \u00e0 Paris","publisher":{"@id":"https:\/\/librairie7l.com\/en\/#organization"},"potentialAction":[{"@type":"SearchAction","target":{"@type":"EntryPoint","urlTemplate":"https:\/\/librairie7l.com\/en\/?s={search_term_string}"},"query-input":"required name=search_term_string"}],"inLanguage":"en-US"},{"@type":"Organization","@id":"https:\/\/librairie7l.com\/en\/#organization","name":"Librairie 7L","url":"https:\/\/librairie7l.com\/en\/","logo":{"@type":"ImageObject","inLanguage":"en-US","@id":"https:\/\/librairie7l.com\/en\/#\/schema\/logo\/image\/","url":"https:\/\/librairie7l.com\/wp-content\/uploads\/2022\/08\/logo-1.png","contentUrl":"https:\/\/librairie7l.com\/wp-content\/uploads\/2022\/08\/logo-1.png","width":227,"height":301,"caption":"Librairie 7L"},"image":{"@id":"https:\/\/librairie7l.com\/en\/#\/schema\/logo\/image\/"}}]}},"_links":{"self":[{"href":"https:\/\/librairie7l.com\/en\/wp-json\/wp\/v2\/product\/52770"}],"collection":[{"href":"https:\/\/librairie7l.com\/en\/wp-json\/wp\/v2\/product"}],"about":[{"href":"https:\/\/librairie7l.com\/en\/wp-json\/wp\/v2\/types\/product"}],"wp:featuredmedia":[{"embeddable":true,"href":"https:\/\/librairie7l.com\/en\/wp-json\/wp\/v2\/media\/52768"}],"wp:attachment":[{"href":"https:\/\/librairie7l.com\/en\/wp-json\/wp\/v2\/media?parent=52770"}],"wp:term":[{"taxonomy":"product_cat","embeddable":true,"href":"https:\/\/librairie7l.com\/en\/wp-json\/wp\/v2\/product_cat?post=52770"},{"taxonomy":"product_tag","embeddable":true,"href":"https:\/\/librairie7l.com\/en\/wp-json\/wp\/v2\/product_tag?post=52770"}],"curies":[{"name":"wp","href":"https:\/\/api.w.org\/{rel}","templated":true}]}}