{"id":52774,"date":"2025-11-27T02:29:00","date_gmt":"2025-11-27T01:29:00","guid":{"rendered":"https:\/\/librairie7l.com\/?post_type=product&#038;p=52774"},"modified":"2026-04-06T13:37:14","modified_gmt":"2026-04-06T11:37:14","slug":"munkey-diaries-1957-1982-2","status":"publish","type":"product","link":"https:\/\/librairie7l.com\/en\/produit\/munkey-diaries-1957-1982-2\/","title":{"rendered":"MUNKEY DIARIES ; 1957-1982"},"content":{"rendered":"<p>\u00ab J&#8217;ai \u00e9crit mon journal \u00e0 partir de 11 ans, adress\u00e9 \u00e0 Munkey, mon confident, ce singe en peluche offert par mon oncle, gagn\u00e9 dans une tombola. Il a dormi \u00e0 mes c\u00f4t\u00e9s, il a partag\u00e9 ma vie avec John, Serge, Jacques, il a \u00e9t\u00e9 le t\u00e9moin de toutes les joies et toutes les tristesses. En relisant mes journaux, il me semble flagrant qu&#8217;on ne change pas. Ce que je suis \u00e0 12 ans, je le suis encore aujourd&#8217;hui. \u00bb On croyait tout conna\u00eetre de Jane Birkin, tant elle fait partie de notre histoire depuis cinquante ans, jusqu&#8217;\u00e0 ce livre qui nous fait vivre une \u00e9poque flamboyante, du Swinging London au Saint-Germain-des-Pr\u00e9s des ann\u00e9es 1970, et donne \u00e0 lire le quotidien d&#8217;une grande amoureuse et d&#8217;une artiste exceptionnelle.Un journal \u00e0 la fois intime et universel.C&#8217;est splendide et passionnant. Olivia de Lamberterie, France Inter.On rit, on pleure avec elle et on a envie d&#8217;embrasser celle qui nous a fait si souvent rire et r\u00eaver. Bernard Babkine, Marie France.<\/p>\n","protected":false},"excerpt":{"rendered":"<p>\u00ab J&#8217;ai \u00e9crit mon journal \u00e0 partir de 11 ans, adress\u00e9 \u00e0 Munkey, mon confident, ce singe en peluche offert par mon oncle, gagn\u00e9 dans une tombola. Il a dormi \u00e0 mes c\u00f4t\u00e9s, il a partag\u00e9 ma vie avec John, Serge, Jacques, il a \u00e9t\u00e9 le t\u00e9moin de toutes les joies et toutes les tristesses. [&hellip;]<\/p>\n","protected":false},"featured_media":52772,"template":"","meta":[],"product_cat":[7364,2948],"product_tag":[],"acf":[],"yoast_head":"<!-- This site is optimized with the Yoast SEO plugin v20.11 - https:\/\/yoast.com\/wordpress\/plugins\/seo\/ -->\n<title>Munkey diaries ; 1957-1982 - Librairie 7L<\/title>\n<meta name=\"robots\" content=\"index, follow, max-snippet:-1, max-image-preview:large, max-video-preview:-1\" \/>\n<link rel=\"canonical\" href=\"https:\/\/librairie7l.com\/en\/produit\/munkey-diaries-1957-1982-2\/\" \/>\n<meta property=\"og:locale\" content=\"en_US\" \/>\n<meta property=\"og:type\" content=\"article\" \/>\n<meta property=\"og:title\" content=\"Munkey diaries ; 1957-1982 - Librairie 7L\" \/>\n<meta property=\"og:description\" content=\"\u00ab J&#8217;ai \u00e9crit mon journal \u00e0 partir de 11 ans, adress\u00e9 \u00e0 Munkey, mon confident, ce singe en peluche offert par mon oncle, gagn\u00e9 dans une tombola. Il a dormi \u00e0 mes c\u00f4t\u00e9s, il a partag\u00e9 ma vie avec John, Serge, Jacques, il a \u00e9t\u00e9 le t\u00e9moin de toutes les joies et toutes les tristesses. [&hellip;]\" \/>\n<meta property=\"og:url\" content=\"https:\/\/librairie7l.com\/en\/produit\/munkey-diaries-1957-1982-2\/\" \/>\n<meta property=\"og:site_name\" content=\"Librairie 7L\" \/>\n<meta property=\"article:modified_time\" content=\"2026-04-06T11:37:14+00:00\" \/>\n<meta property=\"og:image\" content=\"https:\/\/librairie7l.com\/wp-content\/uploads\/2019\/10\/9782253257820_1_75.jpg\" \/>\n\t<meta property=\"og:image:width\" content=\"600\" \/>\n\t<meta property=\"og:image:height\" content=\"936\" \/>\n\t<meta property=\"og:image:type\" content=\"image\/jpeg\" \/>\n<meta name=\"twitter:card\" content=\"summary_large_image\" \/>\n<meta name=\"twitter:label1\" content=\"Est. reading time\" \/>\n\t<meta name=\"twitter:data1\" content=\"1 minute\" \/>\n<script type=\"application\/ld+json\" class=\"yoast-schema-graph\">{\"@context\":\"https:\/\/schema.org\",\"@graph\":[{\"@type\":\"WebPage\",\"@id\":\"https:\/\/librairie7l.com\/en\/produit\/munkey-diaries-1957-1982-2\/\",\"url\":\"https:\/\/librairie7l.com\/en\/produit\/munkey-diaries-1957-1982-2\/\",\"name\":\"Munkey diaries ; 1957-1982 - Librairie 7L\",\"isPartOf\":{\"@id\":\"https:\/\/librairie7l.com\/en\/#website\"},\"datePublished\":\"2025-11-27T01:29:00+00:00\",\"dateModified\":\"2026-04-06T11:37:14+00:00\",\"breadcrumb\":{\"@id\":\"https:\/\/librairie7l.com\/en\/produit\/munkey-diaries-1957-1982-2\/#breadcrumb\"},\"inLanguage\":\"en-US\",\"potentialAction\":[{\"@type\":\"ReadAction\",\"target\":[\"https:\/\/librairie7l.com\/en\/produit\/munkey-diaries-1957-1982-2\/\"]}]},{\"@type\":\"BreadcrumbList\",\"@id\":\"https:\/\/librairie7l.com\/en\/produit\/munkey-diaries-1957-1982-2\/#breadcrumb\",\"itemListElement\":[{\"@type\":\"ListItem\",\"position\":1,\"name\":\"Accueil\",\"item\":\"https:\/\/librairie7l.com\/en\/\"},{\"@type\":\"ListItem\",\"position\":2,\"name\":\"Shop\",\"item\":\"https:\/\/librairie7l.com\/en\/shop\/\"},{\"@type\":\"ListItem\",\"position\":3,\"name\":\"MUNKEY DIARIES ; 1957-1982\"}]},{\"@type\":\"WebSite\",\"@id\":\"https:\/\/librairie7l.com\/en\/#website\",\"url\":\"https:\/\/librairie7l.com\/en\/\",\"name\":\"Librairie 7L\",\"description\":\"Librairie fond\u00e9e en 1999 par Karl Lagerfeld \u00e0 Paris\",\"publisher\":{\"@id\":\"https:\/\/librairie7l.com\/en\/#organization\"},\"potentialAction\":[{\"@type\":\"SearchAction\",\"target\":{\"@type\":\"EntryPoint\",\"urlTemplate\":\"https:\/\/librairie7l.com\/en\/?s={search_term_string}\"},\"query-input\":\"required name=search_term_string\"}],\"inLanguage\":\"en-US\"},{\"@type\":\"Organization\",\"@id\":\"https:\/\/librairie7l.com\/en\/#organization\",\"name\":\"Librairie 7L\",\"url\":\"https:\/\/librairie7l.com\/en\/\",\"logo\":{\"@type\":\"ImageObject\",\"inLanguage\":\"en-US\",\"@id\":\"https:\/\/librairie7l.com\/en\/#\/schema\/logo\/image\/\",\"url\":\"https:\/\/librairie7l.com\/wp-content\/uploads\/2022\/08\/logo-1.png\",\"contentUrl\":\"https:\/\/librairie7l.com\/wp-content\/uploads\/2022\/08\/logo-1.png\",\"width\":227,\"height\":301,\"caption\":\"Librairie 7L\"},\"image\":{\"@id\":\"https:\/\/librairie7l.com\/en\/#\/schema\/logo\/image\/\"}}]}<\/script>\n<!-- \/ Yoast SEO plugin. -->","yoast_head_json":{"title":"Munkey diaries ; 1957-1982 - Librairie 7L","robots":{"index":"index","follow":"follow","max-snippet":"max-snippet:-1","max-image-preview":"max-image-preview:large","max-video-preview":"max-video-preview:-1"},"canonical":"https:\/\/librairie7l.com\/en\/produit\/munkey-diaries-1957-1982-2\/","og_locale":"en_US","og_type":"article","og_title":"Munkey diaries ; 1957-1982 - Librairie 7L","og_description":"\u00ab J&#8217;ai \u00e9crit mon journal \u00e0 partir de 11 ans, adress\u00e9 \u00e0 Munkey, mon confident, ce singe en peluche offert par mon oncle, gagn\u00e9 dans une tombola. Il a dormi \u00e0 mes c\u00f4t\u00e9s, il a partag\u00e9 ma vie avec John, Serge, Jacques, il a \u00e9t\u00e9 le t\u00e9moin de toutes les joies et toutes les tristesses. [&hellip;]","og_url":"https:\/\/librairie7l.com\/en\/produit\/munkey-diaries-1957-1982-2\/","og_site_name":"Librairie 7L","article_modified_time":"2026-04-06T11:37:14+00:00","og_image":[{"width":600,"height":936,"url":"https:\/\/librairie7l.com\/wp-content\/uploads\/2019\/10\/9782253257820_1_75.jpg","type":"image\/jpeg"}],"twitter_card":"summary_large_image","twitter_misc":{"Est. reading time":"1 minute"},"schema":{"@context":"https:\/\/schema.org","@graph":[{"@type":"WebPage","@id":"https:\/\/librairie7l.com\/en\/produit\/munkey-diaries-1957-1982-2\/","url":"https:\/\/librairie7l.com\/en\/produit\/munkey-diaries-1957-1982-2\/","name":"Munkey diaries ; 1957-1982 - Librairie 7L","isPartOf":{"@id":"https:\/\/librairie7l.com\/en\/#website"},"datePublished":"2025-11-27T01:29:00+00:00","dateModified":"2026-04-06T11:37:14+00:00","breadcrumb":{"@id":"https:\/\/librairie7l.com\/en\/produit\/munkey-diaries-1957-1982-2\/#breadcrumb"},"inLanguage":"en-US","potentialAction":[{"@type":"ReadAction","target":["https:\/\/librairie7l.com\/en\/produit\/munkey-diaries-1957-1982-2\/"]}]},{"@type":"BreadcrumbList","@id":"https:\/\/librairie7l.com\/en\/produit\/munkey-diaries-1957-1982-2\/#breadcrumb","itemListElement":[{"@type":"ListItem","position":1,"name":"Accueil","item":"https:\/\/librairie7l.com\/en\/"},{"@type":"ListItem","position":2,"name":"Shop","item":"https:\/\/librairie7l.com\/en\/shop\/"},{"@type":"ListItem","position":3,"name":"MUNKEY DIARIES ; 1957-1982"}]},{"@type":"WebSite","@id":"https:\/\/librairie7l.com\/en\/#website","url":"https:\/\/librairie7l.com\/en\/","name":"Librairie 7L","description":"Librairie fond\u00e9e en 1999 par Karl Lagerfeld \u00e0 Paris","publisher":{"@id":"https:\/\/librairie7l.com\/en\/#organization"},"potentialAction":[{"@type":"SearchAction","target":{"@type":"EntryPoint","urlTemplate":"https:\/\/librairie7l.com\/en\/?s={search_term_string}"},"query-input":"required name=search_term_string"}],"inLanguage":"en-US"},{"@type":"Organization","@id":"https:\/\/librairie7l.com\/en\/#organization","name":"Librairie 7L","url":"https:\/\/librairie7l.com\/en\/","logo":{"@type":"ImageObject","inLanguage":"en-US","@id":"https:\/\/librairie7l.com\/en\/#\/schema\/logo\/image\/","url":"https:\/\/librairie7l.com\/wp-content\/uploads\/2022\/08\/logo-1.png","contentUrl":"https:\/\/librairie7l.com\/wp-content\/uploads\/2022\/08\/logo-1.png","width":227,"height":301,"caption":"Librairie 7L"},"image":{"@id":"https:\/\/librairie7l.com\/en\/#\/schema\/logo\/image\/"}}]}},"_links":{"self":[{"href":"https:\/\/librairie7l.com\/en\/wp-json\/wp\/v2\/product\/52774"}],"collection":[{"href":"https:\/\/librairie7l.com\/en\/wp-json\/wp\/v2\/product"}],"about":[{"href":"https:\/\/librairie7l.com\/en\/wp-json\/wp\/v2\/types\/product"}],"wp:featuredmedia":[{"embeddable":true,"href":"https:\/\/librairie7l.com\/en\/wp-json\/wp\/v2\/media\/52772"}],"wp:attachment":[{"href":"https:\/\/librairie7l.com\/en\/wp-json\/wp\/v2\/media?parent=52774"}],"wp:term":[{"taxonomy":"product_cat","embeddable":true,"href":"https:\/\/librairie7l.com\/en\/wp-json\/wp\/v2\/product_cat?post=52774"},{"taxonomy":"product_tag","embeddable":true,"href":"https:\/\/librairie7l.com\/en\/wp-json\/wp\/v2\/product_tag?post=52774"}],"curies":[{"name":"wp","href":"https:\/\/api.w.org\/{rel}","templated":true}]}}