{"id":52778,"date":"2025-11-27T02:30:50","date_gmt":"2025-11-27T01:30:50","guid":{"rendered":"https:\/\/librairie7l.com\/?post_type=product&#038;p=52778"},"modified":"2026-04-06T12:02:45","modified_gmt":"2026-04-06T10:02:45","slug":"serge-gainsbourg-et-jane-birkin-lalbum-de-famille-intime-2","status":"publish","type":"product","link":"https:\/\/librairie7l.com\/en\/produit\/serge-gainsbourg-et-jane-birkin-lalbum-de-famille-intime-2\/","title":{"rendered":"SERGE GAINSBOURG ET JANE BIRKIN : L&#8217;ALBUM DE FAMILLE INTIME"},"content":{"rendered":"<p>Andrew Birkin s&#8217;est passionn\u00e9 tr\u00e8s t\u00f4t pour la photographie, documentant d&#8217;abord la vie de sa petite soeur Jane (ils ont un an d&#8217;\u00e9cart), puis celle de son couple avec Serge Gainsbourg, dont il fut l&#8217;intime jusqu&#8217;\u00e0 leur s\u00e9paration en 1980, date \u00e0 laquelle il abandonne son appareil photo pour la cam\u00e9ra. Il constitua ainsi un album de famille unique en son genre, donnant un point de vue in\u00e9dit sur la vie de ce couple mythique et de leurs enfants Kate et Charlotte. Dans cet ouvrage il d\u00e9voile plus de 900 images soigneusement choisies et pour la plupart in\u00e9dites&#8230; o\u00f9 l&#8217;on croise \u00e9galement, au d\u00e9tour de ses nombreuses vies de sc\u00e9nariste, r\u00e9alisateur et \u00e9crivain, Stanley Kubrick dont il fut l&#8217;assistant sur 2001, l&#8217;odyss\u00e9e de l&#8217;espace ou encore les Beatles avec qui il travailla pour leur premier film.Un voyage \u00e0 travers les ann\u00e9es pop en compagnie de Jane &amp; Serge.<\/p>\n","protected":false},"excerpt":{"rendered":"<p>Andrew Birkin s&#8217;est passionn\u00e9 tr\u00e8s t\u00f4t pour la photographie, documentant d&#8217;abord la vie de sa petite soeur Jane (ils ont un an d&#8217;\u00e9cart), puis celle de son couple avec Serge Gainsbourg, dont il fut l&#8217;intime jusqu&#8217;\u00e0 leur s\u00e9paration en 1980, date \u00e0 laquelle il abandonne son appareil photo pour la cam\u00e9ra. Il constitua ainsi un [&hellip;]<\/p>\n","protected":false},"featured_media":52776,"template":"","meta":[],"product_cat":[7364,2948],"product_tag":[],"acf":[],"yoast_head":"<!-- This site is optimized with the Yoast SEO plugin v20.11 - https:\/\/yoast.com\/wordpress\/plugins\/seo\/ -->\n<title>Serge Gainsbourg et Jane Birkin : l&#039;album de famille intime - Librairie 7L<\/title>\n<meta name=\"robots\" content=\"index, follow, max-snippet:-1, max-image-preview:large, max-video-preview:-1\" \/>\n<link rel=\"canonical\" href=\"https:\/\/librairie7l.com\/en\/produit\/serge-gainsbourg-et-jane-birkin-lalbum-de-famille-intime-2\/\" \/>\n<meta property=\"og:locale\" content=\"en_US\" \/>\n<meta property=\"og:type\" content=\"article\" \/>\n<meta property=\"og:title\" content=\"Serge Gainsbourg et Jane Birkin : l&#039;album de famille intime - Librairie 7L\" \/>\n<meta property=\"og:description\" content=\"Andrew Birkin s&#8217;est passionn\u00e9 tr\u00e8s t\u00f4t pour la photographie, documentant d&#8217;abord la vie de sa petite soeur Jane (ils ont un an d&#8217;\u00e9cart), puis celle de son couple avec Serge Gainsbourg, dont il fut l&#8217;intime jusqu&#8217;\u00e0 leur s\u00e9paration en 1980, date \u00e0 laquelle il abandonne son appareil photo pour la cam\u00e9ra. Il constitua ainsi un [&hellip;]\" \/>\n<meta property=\"og:url\" content=\"https:\/\/librairie7l.com\/en\/produit\/serge-gainsbourg-et-jane-birkin-lalbum-de-famille-intime-2\/\" \/>\n<meta property=\"og:site_name\" content=\"Librairie 7L\" \/>\n<meta property=\"article:modified_time\" content=\"2026-04-06T10:02:45+00:00\" \/>\n<meta property=\"og:image\" content=\"https:\/\/librairie7l.com\/wp-content\/uploads\/2022\/06\/9782226471055_1_75.jpg\" \/>\n\t<meta property=\"og:image:width\" content=\"808\" \/>\n\t<meta property=\"og:image:height\" content=\"600\" \/>\n\t<meta property=\"og:image:type\" content=\"image\/jpeg\" \/>\n<meta name=\"twitter:card\" content=\"summary_large_image\" \/>\n<meta name=\"twitter:label1\" content=\"Est. reading time\" \/>\n\t<meta name=\"twitter:data1\" content=\"1 minute\" \/>\n<script type=\"application\/ld+json\" class=\"yoast-schema-graph\">{\"@context\":\"https:\/\/schema.org\",\"@graph\":[{\"@type\":\"WebPage\",\"@id\":\"https:\/\/librairie7l.com\/en\/produit\/serge-gainsbourg-et-jane-birkin-lalbum-de-famille-intime-2\/\",\"url\":\"https:\/\/librairie7l.com\/en\/produit\/serge-gainsbourg-et-jane-birkin-lalbum-de-famille-intime-2\/\",\"name\":\"Serge Gainsbourg et Jane Birkin : l'album de famille intime - Librairie 7L\",\"isPartOf\":{\"@id\":\"https:\/\/librairie7l.com\/en\/#website\"},\"datePublished\":\"2025-11-27T01:30:50+00:00\",\"dateModified\":\"2026-04-06T10:02:45+00:00\",\"breadcrumb\":{\"@id\":\"https:\/\/librairie7l.com\/en\/produit\/serge-gainsbourg-et-jane-birkin-lalbum-de-famille-intime-2\/#breadcrumb\"},\"inLanguage\":\"en-US\",\"potentialAction\":[{\"@type\":\"ReadAction\",\"target\":[\"https:\/\/librairie7l.com\/en\/produit\/serge-gainsbourg-et-jane-birkin-lalbum-de-famille-intime-2\/\"]}]},{\"@type\":\"BreadcrumbList\",\"@id\":\"https:\/\/librairie7l.com\/en\/produit\/serge-gainsbourg-et-jane-birkin-lalbum-de-famille-intime-2\/#breadcrumb\",\"itemListElement\":[{\"@type\":\"ListItem\",\"position\":1,\"name\":\"Accueil\",\"item\":\"https:\/\/librairie7l.com\/en\/\"},{\"@type\":\"ListItem\",\"position\":2,\"name\":\"Shop\",\"item\":\"https:\/\/librairie7l.com\/en\/shop\/\"},{\"@type\":\"ListItem\",\"position\":3,\"name\":\"SERGE GAINSBOURG ET JANE BIRKIN : L&#8217;ALBUM DE FAMILLE INTIME\"}]},{\"@type\":\"WebSite\",\"@id\":\"https:\/\/librairie7l.com\/en\/#website\",\"url\":\"https:\/\/librairie7l.com\/en\/\",\"name\":\"Librairie 7L\",\"description\":\"Librairie fond\u00e9e en 1999 par Karl Lagerfeld \u00e0 Paris\",\"publisher\":{\"@id\":\"https:\/\/librairie7l.com\/en\/#organization\"},\"potentialAction\":[{\"@type\":\"SearchAction\",\"target\":{\"@type\":\"EntryPoint\",\"urlTemplate\":\"https:\/\/librairie7l.com\/en\/?s={search_term_string}\"},\"query-input\":\"required name=search_term_string\"}],\"inLanguage\":\"en-US\"},{\"@type\":\"Organization\",\"@id\":\"https:\/\/librairie7l.com\/en\/#organization\",\"name\":\"Librairie 7L\",\"url\":\"https:\/\/librairie7l.com\/en\/\",\"logo\":{\"@type\":\"ImageObject\",\"inLanguage\":\"en-US\",\"@id\":\"https:\/\/librairie7l.com\/en\/#\/schema\/logo\/image\/\",\"url\":\"https:\/\/librairie7l.com\/wp-content\/uploads\/2022\/08\/logo-1.png\",\"contentUrl\":\"https:\/\/librairie7l.com\/wp-content\/uploads\/2022\/08\/logo-1.png\",\"width\":227,\"height\":301,\"caption\":\"Librairie 7L\"},\"image\":{\"@id\":\"https:\/\/librairie7l.com\/en\/#\/schema\/logo\/image\/\"}}]}<\/script>\n<!-- \/ Yoast SEO plugin. -->","yoast_head_json":{"title":"Serge Gainsbourg et Jane Birkin : l'album de famille intime - Librairie 7L","robots":{"index":"index","follow":"follow","max-snippet":"max-snippet:-1","max-image-preview":"max-image-preview:large","max-video-preview":"max-video-preview:-1"},"canonical":"https:\/\/librairie7l.com\/en\/produit\/serge-gainsbourg-et-jane-birkin-lalbum-de-famille-intime-2\/","og_locale":"en_US","og_type":"article","og_title":"Serge Gainsbourg et Jane Birkin : l'album de famille intime - Librairie 7L","og_description":"Andrew Birkin s&#8217;est passionn\u00e9 tr\u00e8s t\u00f4t pour la photographie, documentant d&#8217;abord la vie de sa petite soeur Jane (ils ont un an d&#8217;\u00e9cart), puis celle de son couple avec Serge Gainsbourg, dont il fut l&#8217;intime jusqu&#8217;\u00e0 leur s\u00e9paration en 1980, date \u00e0 laquelle il abandonne son appareil photo pour la cam\u00e9ra. Il constitua ainsi un [&hellip;]","og_url":"https:\/\/librairie7l.com\/en\/produit\/serge-gainsbourg-et-jane-birkin-lalbum-de-famille-intime-2\/","og_site_name":"Librairie 7L","article_modified_time":"2026-04-06T10:02:45+00:00","og_image":[{"width":808,"height":600,"url":"https:\/\/librairie7l.com\/wp-content\/uploads\/2022\/06\/9782226471055_1_75.jpg","type":"image\/jpeg"}],"twitter_card":"summary_large_image","twitter_misc":{"Est. reading time":"1 minute"},"schema":{"@context":"https:\/\/schema.org","@graph":[{"@type":"WebPage","@id":"https:\/\/librairie7l.com\/en\/produit\/serge-gainsbourg-et-jane-birkin-lalbum-de-famille-intime-2\/","url":"https:\/\/librairie7l.com\/en\/produit\/serge-gainsbourg-et-jane-birkin-lalbum-de-famille-intime-2\/","name":"Serge Gainsbourg et Jane Birkin : l'album de famille intime - Librairie 7L","isPartOf":{"@id":"https:\/\/librairie7l.com\/en\/#website"},"datePublished":"2025-11-27T01:30:50+00:00","dateModified":"2026-04-06T10:02:45+00:00","breadcrumb":{"@id":"https:\/\/librairie7l.com\/en\/produit\/serge-gainsbourg-et-jane-birkin-lalbum-de-famille-intime-2\/#breadcrumb"},"inLanguage":"en-US","potentialAction":[{"@type":"ReadAction","target":["https:\/\/librairie7l.com\/en\/produit\/serge-gainsbourg-et-jane-birkin-lalbum-de-famille-intime-2\/"]}]},{"@type":"BreadcrumbList","@id":"https:\/\/librairie7l.com\/en\/produit\/serge-gainsbourg-et-jane-birkin-lalbum-de-famille-intime-2\/#breadcrumb","itemListElement":[{"@type":"ListItem","position":1,"name":"Accueil","item":"https:\/\/librairie7l.com\/en\/"},{"@type":"ListItem","position":2,"name":"Shop","item":"https:\/\/librairie7l.com\/en\/shop\/"},{"@type":"ListItem","position":3,"name":"SERGE GAINSBOURG ET JANE BIRKIN : L&#8217;ALBUM DE FAMILLE INTIME"}]},{"@type":"WebSite","@id":"https:\/\/librairie7l.com\/en\/#website","url":"https:\/\/librairie7l.com\/en\/","name":"Librairie 7L","description":"Librairie fond\u00e9e en 1999 par Karl Lagerfeld \u00e0 Paris","publisher":{"@id":"https:\/\/librairie7l.com\/en\/#organization"},"potentialAction":[{"@type":"SearchAction","target":{"@type":"EntryPoint","urlTemplate":"https:\/\/librairie7l.com\/en\/?s={search_term_string}"},"query-input":"required name=search_term_string"}],"inLanguage":"en-US"},{"@type":"Organization","@id":"https:\/\/librairie7l.com\/en\/#organization","name":"Librairie 7L","url":"https:\/\/librairie7l.com\/en\/","logo":{"@type":"ImageObject","inLanguage":"en-US","@id":"https:\/\/librairie7l.com\/en\/#\/schema\/logo\/image\/","url":"https:\/\/librairie7l.com\/wp-content\/uploads\/2022\/08\/logo-1.png","contentUrl":"https:\/\/librairie7l.com\/wp-content\/uploads\/2022\/08\/logo-1.png","width":227,"height":301,"caption":"Librairie 7L"},"image":{"@id":"https:\/\/librairie7l.com\/en\/#\/schema\/logo\/image\/"}}]}},"_links":{"self":[{"href":"https:\/\/librairie7l.com\/en\/wp-json\/wp\/v2\/product\/52778"}],"collection":[{"href":"https:\/\/librairie7l.com\/en\/wp-json\/wp\/v2\/product"}],"about":[{"href":"https:\/\/librairie7l.com\/en\/wp-json\/wp\/v2\/types\/product"}],"wp:featuredmedia":[{"embeddable":true,"href":"https:\/\/librairie7l.com\/en\/wp-json\/wp\/v2\/media\/52776"}],"wp:attachment":[{"href":"https:\/\/librairie7l.com\/en\/wp-json\/wp\/v2\/media?parent=52778"}],"wp:term":[{"taxonomy":"product_cat","embeddable":true,"href":"https:\/\/librairie7l.com\/en\/wp-json\/wp\/v2\/product_cat?post=52778"},{"taxonomy":"product_tag","embeddable":true,"href":"https:\/\/librairie7l.com\/en\/wp-json\/wp\/v2\/product_tag?post=52778"}],"curies":[{"name":"wp","href":"https:\/\/api.w.org\/{rel}","templated":true}]}}