{"id":52785,"date":"2025-11-27T05:36:15","date_gmt":"2025-11-27T04:36:15","guid":{"rendered":"https:\/\/librairie7l.com\/?post_type=product&#038;p=52785"},"modified":"2026-04-06T12:02:25","modified_gmt":"2026-04-06T10:02:25","slug":"revue-amc-n-335-afrique-vers-une-architecture-a-laune-du-reel-2","status":"publish","type":"product","link":"https:\/\/librairie7l.com\/en\/produit\/revue-amc-n-335-afrique-vers-une-architecture-a-laune-du-reel-2\/","title":{"rendered":"REVUE AMC N.335 : AFRIQUE : VERS UNE ARCHITECTURE \u00c0 L&#8217;AUNE DU R\u00c9EL ?"},"content":{"rendered":"<p>Hardel Le Bihan &#8211; Think Tank &#8211; Urbanitree &#8211; Perraudin &#8211; Atelier PNG<br \/>\nDossier Afrique : vers une architecture \u00e0 l&#8217;aune du r\u00e9el ?<br \/>\nEnqu\u00eate : retours d&#8217;exp\u00e9rience sur les cours bioclimatiques<br \/>\nPatrimoine : l&#8217;\u00eelot 8<br \/>\nR\u00e9f\u00e9rence : Takamasa Yosizaka<br \/>\nD\u00e9tails : m\u00e9gastructures<br \/>\nMat\u00e9riauth\u00e8que : b\u00e9ton de chanvre<\/p>\n","protected":false},"excerpt":{"rendered":"<p>Hardel Le Bihan &#8211; Think Tank &#8211; Urbanitree &#8211; Perraudin &#8211; Atelier PNG Dossier Afrique : vers une architecture \u00e0 l&#8217;aune du r\u00e9el ? Enqu\u00eate : retours d&#8217;exp\u00e9rience sur les cours bioclimatiques Patrimoine : l&#8217;\u00eelot 8 R\u00e9f\u00e9rence : Takamasa Yosizaka D\u00e9tails : m\u00e9gastructures Mat\u00e9riauth\u00e8que : b\u00e9ton de chanvre<\/p>\n","protected":false},"featured_media":52783,"template":"","meta":[],"product_cat":[7364,2948],"product_tag":[],"acf":[],"yoast_head":"<!-- This site is optimized with the Yoast SEO plugin v20.11 - https:\/\/yoast.com\/wordpress\/plugins\/seo\/ -->\n<title>Revue AMC n.335 : Afrique : Vers une architecture \u00e0 l&#039;aune du r\u00e9el ? - Librairie 7L<\/title>\n<meta name=\"robots\" content=\"index, follow, max-snippet:-1, max-image-preview:large, max-video-preview:-1\" \/>\n<link rel=\"canonical\" href=\"https:\/\/librairie7l.com\/en\/produit\/revue-amc-n-335-afrique-vers-une-architecture-a-laune-du-reel-2\/\" \/>\n<meta property=\"og:locale\" content=\"en_US\" \/>\n<meta property=\"og:type\" content=\"article\" \/>\n<meta property=\"og:title\" content=\"Revue AMC n.335 : Afrique : Vers une architecture \u00e0 l&#039;aune du r\u00e9el ? - Librairie 7L\" \/>\n<meta property=\"og:description\" content=\"Hardel Le Bihan &#8211; Think Tank &#8211; Urbanitree &#8211; Perraudin &#8211; Atelier PNG Dossier Afrique : vers une architecture \u00e0 l&#8217;aune du r\u00e9el ? Enqu\u00eate : retours d&#8217;exp\u00e9rience sur les cours bioclimatiques Patrimoine : l&#8217;\u00eelot 8 R\u00e9f\u00e9rence : Takamasa Yosizaka D\u00e9tails : m\u00e9gastructures Mat\u00e9riauth\u00e8que : b\u00e9ton de chanvre\" \/>\n<meta property=\"og:url\" content=\"https:\/\/librairie7l.com\/en\/produit\/revue-amc-n-335-afrique-vers-une-architecture-a-laune-du-reel-2\/\" \/>\n<meta property=\"og:site_name\" content=\"Librairie 7L\" \/>\n<meta property=\"article:modified_time\" content=\"2026-04-06T10:02:25+00:00\" \/>\n<meta property=\"og:image\" content=\"https:\/\/librairie7l.com\/wp-content\/uploads\/2025\/06\/9782281197174_1_75.jpg\" \/>\n\t<meta property=\"og:image:width\" content=\"600\" \/>\n\t<meta property=\"og:image:height\" content=\"818\" \/>\n\t<meta property=\"og:image:type\" content=\"image\/jpeg\" \/>\n<meta name=\"twitter:card\" content=\"summary_large_image\" \/>\n<script type=\"application\/ld+json\" class=\"yoast-schema-graph\">{\"@context\":\"https:\/\/schema.org\",\"@graph\":[{\"@type\":\"WebPage\",\"@id\":\"https:\/\/librairie7l.com\/en\/produit\/revue-amc-n-335-afrique-vers-une-architecture-a-laune-du-reel-2\/\",\"url\":\"https:\/\/librairie7l.com\/en\/produit\/revue-amc-n-335-afrique-vers-une-architecture-a-laune-du-reel-2\/\",\"name\":\"Revue AMC n.335 : Afrique : Vers une architecture \u00e0 l'aune du r\u00e9el ? - Librairie 7L\",\"isPartOf\":{\"@id\":\"https:\/\/librairie7l.com\/en\/#website\"},\"datePublished\":\"2025-11-27T04:36:15+00:00\",\"dateModified\":\"2026-04-06T10:02:25+00:00\",\"breadcrumb\":{\"@id\":\"https:\/\/librairie7l.com\/en\/produit\/revue-amc-n-335-afrique-vers-une-architecture-a-laune-du-reel-2\/#breadcrumb\"},\"inLanguage\":\"en-US\",\"potentialAction\":[{\"@type\":\"ReadAction\",\"target\":[\"https:\/\/librairie7l.com\/en\/produit\/revue-amc-n-335-afrique-vers-une-architecture-a-laune-du-reel-2\/\"]}]},{\"@type\":\"BreadcrumbList\",\"@id\":\"https:\/\/librairie7l.com\/en\/produit\/revue-amc-n-335-afrique-vers-une-architecture-a-laune-du-reel-2\/#breadcrumb\",\"itemListElement\":[{\"@type\":\"ListItem\",\"position\":1,\"name\":\"Accueil\",\"item\":\"https:\/\/librairie7l.com\/en\/\"},{\"@type\":\"ListItem\",\"position\":2,\"name\":\"Shop\",\"item\":\"https:\/\/librairie7l.com\/en\/shop\/\"},{\"@type\":\"ListItem\",\"position\":3,\"name\":\"REVUE AMC N.335 : AFRIQUE : VERS UNE ARCHITECTURE \u00c0 L&#8217;AUNE DU R\u00c9EL ?\"}]},{\"@type\":\"WebSite\",\"@id\":\"https:\/\/librairie7l.com\/en\/#website\",\"url\":\"https:\/\/librairie7l.com\/en\/\",\"name\":\"Librairie 7L\",\"description\":\"Librairie fond\u00e9e en 1999 par Karl Lagerfeld \u00e0 Paris\",\"publisher\":{\"@id\":\"https:\/\/librairie7l.com\/en\/#organization\"},\"potentialAction\":[{\"@type\":\"SearchAction\",\"target\":{\"@type\":\"EntryPoint\",\"urlTemplate\":\"https:\/\/librairie7l.com\/en\/?s={search_term_string}\"},\"query-input\":\"required name=search_term_string\"}],\"inLanguage\":\"en-US\"},{\"@type\":\"Organization\",\"@id\":\"https:\/\/librairie7l.com\/en\/#organization\",\"name\":\"Librairie 7L\",\"url\":\"https:\/\/librairie7l.com\/en\/\",\"logo\":{\"@type\":\"ImageObject\",\"inLanguage\":\"en-US\",\"@id\":\"https:\/\/librairie7l.com\/en\/#\/schema\/logo\/image\/\",\"url\":\"https:\/\/librairie7l.com\/wp-content\/uploads\/2022\/08\/logo-1.png\",\"contentUrl\":\"https:\/\/librairie7l.com\/wp-content\/uploads\/2022\/08\/logo-1.png\",\"width\":227,\"height\":301,\"caption\":\"Librairie 7L\"},\"image\":{\"@id\":\"https:\/\/librairie7l.com\/en\/#\/schema\/logo\/image\/\"}}]}<\/script>\n<!-- \/ Yoast SEO plugin. -->","yoast_head_json":{"title":"Revue AMC n.335 : Afrique : Vers une architecture \u00e0 l'aune du r\u00e9el ? - Librairie 7L","robots":{"index":"index","follow":"follow","max-snippet":"max-snippet:-1","max-image-preview":"max-image-preview:large","max-video-preview":"max-video-preview:-1"},"canonical":"https:\/\/librairie7l.com\/en\/produit\/revue-amc-n-335-afrique-vers-une-architecture-a-laune-du-reel-2\/","og_locale":"en_US","og_type":"article","og_title":"Revue AMC n.335 : Afrique : Vers une architecture \u00e0 l'aune du r\u00e9el ? - Librairie 7L","og_description":"Hardel Le Bihan &#8211; Think Tank &#8211; Urbanitree &#8211; Perraudin &#8211; Atelier PNG Dossier Afrique : vers une architecture \u00e0 l&#8217;aune du r\u00e9el ? Enqu\u00eate : retours d&#8217;exp\u00e9rience sur les cours bioclimatiques Patrimoine : l&#8217;\u00eelot 8 R\u00e9f\u00e9rence : Takamasa Yosizaka D\u00e9tails : m\u00e9gastructures Mat\u00e9riauth\u00e8que : b\u00e9ton de chanvre","og_url":"https:\/\/librairie7l.com\/en\/produit\/revue-amc-n-335-afrique-vers-une-architecture-a-laune-du-reel-2\/","og_site_name":"Librairie 7L","article_modified_time":"2026-04-06T10:02:25+00:00","og_image":[{"width":600,"height":818,"url":"https:\/\/librairie7l.com\/wp-content\/uploads\/2025\/06\/9782281197174_1_75.jpg","type":"image\/jpeg"}],"twitter_card":"summary_large_image","schema":{"@context":"https:\/\/schema.org","@graph":[{"@type":"WebPage","@id":"https:\/\/librairie7l.com\/en\/produit\/revue-amc-n-335-afrique-vers-une-architecture-a-laune-du-reel-2\/","url":"https:\/\/librairie7l.com\/en\/produit\/revue-amc-n-335-afrique-vers-une-architecture-a-laune-du-reel-2\/","name":"Revue AMC n.335 : Afrique : Vers une architecture \u00e0 l'aune du r\u00e9el ? - Librairie 7L","isPartOf":{"@id":"https:\/\/librairie7l.com\/en\/#website"},"datePublished":"2025-11-27T04:36:15+00:00","dateModified":"2026-04-06T10:02:25+00:00","breadcrumb":{"@id":"https:\/\/librairie7l.com\/en\/produit\/revue-amc-n-335-afrique-vers-une-architecture-a-laune-du-reel-2\/#breadcrumb"},"inLanguage":"en-US","potentialAction":[{"@type":"ReadAction","target":["https:\/\/librairie7l.com\/en\/produit\/revue-amc-n-335-afrique-vers-une-architecture-a-laune-du-reel-2\/"]}]},{"@type":"BreadcrumbList","@id":"https:\/\/librairie7l.com\/en\/produit\/revue-amc-n-335-afrique-vers-une-architecture-a-laune-du-reel-2\/#breadcrumb","itemListElement":[{"@type":"ListItem","position":1,"name":"Accueil","item":"https:\/\/librairie7l.com\/en\/"},{"@type":"ListItem","position":2,"name":"Shop","item":"https:\/\/librairie7l.com\/en\/shop\/"},{"@type":"ListItem","position":3,"name":"REVUE AMC N.335 : AFRIQUE : VERS UNE ARCHITECTURE \u00c0 L&#8217;AUNE DU R\u00c9EL ?"}]},{"@type":"WebSite","@id":"https:\/\/librairie7l.com\/en\/#website","url":"https:\/\/librairie7l.com\/en\/","name":"Librairie 7L","description":"Librairie fond\u00e9e en 1999 par Karl Lagerfeld \u00e0 Paris","publisher":{"@id":"https:\/\/librairie7l.com\/en\/#organization"},"potentialAction":[{"@type":"SearchAction","target":{"@type":"EntryPoint","urlTemplate":"https:\/\/librairie7l.com\/en\/?s={search_term_string}"},"query-input":"required name=search_term_string"}],"inLanguage":"en-US"},{"@type":"Organization","@id":"https:\/\/librairie7l.com\/en\/#organization","name":"Librairie 7L","url":"https:\/\/librairie7l.com\/en\/","logo":{"@type":"ImageObject","inLanguage":"en-US","@id":"https:\/\/librairie7l.com\/en\/#\/schema\/logo\/image\/","url":"https:\/\/librairie7l.com\/wp-content\/uploads\/2022\/08\/logo-1.png","contentUrl":"https:\/\/librairie7l.com\/wp-content\/uploads\/2022\/08\/logo-1.png","width":227,"height":301,"caption":"Librairie 7L"},"image":{"@id":"https:\/\/librairie7l.com\/en\/#\/schema\/logo\/image\/"}}]}},"_links":{"self":[{"href":"https:\/\/librairie7l.com\/en\/wp-json\/wp\/v2\/product\/52785"}],"collection":[{"href":"https:\/\/librairie7l.com\/en\/wp-json\/wp\/v2\/product"}],"about":[{"href":"https:\/\/librairie7l.com\/en\/wp-json\/wp\/v2\/types\/product"}],"wp:featuredmedia":[{"embeddable":true,"href":"https:\/\/librairie7l.com\/en\/wp-json\/wp\/v2\/media\/52783"}],"wp:attachment":[{"href":"https:\/\/librairie7l.com\/en\/wp-json\/wp\/v2\/media?parent=52785"}],"wp:term":[{"taxonomy":"product_cat","embeddable":true,"href":"https:\/\/librairie7l.com\/en\/wp-json\/wp\/v2\/product_cat?post=52785"},{"taxonomy":"product_tag","embeddable":true,"href":"https:\/\/librairie7l.com\/en\/wp-json\/wp\/v2\/product_tag?post=52785"}],"curies":[{"name":"wp","href":"https:\/\/api.w.org\/{rel}","templated":true}]}}