{"id":52788,"date":"2025-11-27T09:18:05","date_gmt":"2025-11-27T08:18:05","guid":{"rendered":"https:\/\/librairie7l.com\/?post_type=product&#038;p=52788"},"modified":"2026-04-04T10:46:11","modified_gmt":"2026-04-04T08:46:11","slug":"henri-gabriel-ibels-un-nabi-engage-2","status":"publish","type":"product","link":"https:\/\/librairie7l.com\/en\/produit\/henri-gabriel-ibels-un-nabi-engage-2\/","title":{"rendered":"HENRI-GABRIEL IBELS : UN NABI ENGAG\u00c9"},"content":{"rendered":"<p>La carri\u00e8re d&#8217;Ibels, pluridisciplinaire, d\u00e9concerte par sa richesse et sa vari\u00e9t\u00e9. Membre<br \/>\nfondateur du groupe des Nabis, il a mani\u00e9 la plume et le pinceau comme Paul S\u00e9rusier et<br \/>\nMaurice Denis, ses condisciples de l&#8217;acad\u00e9mie Julian. Il s&#8217;est fait conna\u00eetre pour ses talents de<br \/>\ndessinateur, de lithographe et d&#8217;affichiste, \u00e0 l&#8217;instar de son ami Henri de Toulouse-Lautrec.<br \/>\nToute sa vie, il s&#8217;illustre par voie de presse, d&#8217;o\u00f9 son surnom de \u00ab nabi journaliste \u00bb. Adepte<br \/>\nd&#8217;arts appliqu\u00e9s, friand d&#8217;union entre les arts, il est devenu un collaborateur du metteur en sc\u00e8ne<br \/>\net directeur de th\u00e9\u00e2tre Andr\u00e9 Antoine, et s&#8217;est \u00e9galement distingu\u00e9 comme professeur d&#8217;histoire<br \/>\nde l&#8217;art et d&#8217;histoire du costume, devenant m\u00eame chef d&#8217;un atelier de costumes. Mais c&#8217;est<br \/>\nsurtout son ind\u00e9fectible engagement dans le combat social qu&#8217;a retenu la post\u00e9rit\u00e9,<br \/>\nparticuli\u00e8rement son action dans la lutte dreyfusarde, puis sa vie politique de radical-socialiste,<br \/>\nproche d&#8217;Aristide Briand, proclamant : \u00ab Mon arme : le crayon \u00bb.<br \/>\nLe catalogue de l&#8217;exposition, qui fera office de premi\u00e8re monographie sur l&#8217;artiste, a vocation<br \/>\n\u00e0 devenir un ouvrage de r\u00e9f\u00e9rence. \u00c0 ce titre, il fait appel aux meilleurs sp\u00e9cialistes, qui<br \/>\ntraitent chacun selon leur domaine d&#8217;expertise &#8211; l&#8217;estampe, les illustrations de presse, l&#8217;art<br \/>\nmilitant, le costume notamment.<\/p>\n","protected":false},"excerpt":{"rendered":"<p>La carri\u00e8re d&#8217;Ibels, pluridisciplinaire, d\u00e9concerte par sa richesse et sa vari\u00e9t\u00e9. Membre fondateur du groupe des Nabis, il a mani\u00e9 la plume et le pinceau comme Paul S\u00e9rusier et Maurice Denis, ses condisciples de l&#8217;acad\u00e9mie Julian. Il s&#8217;est fait conna\u00eetre pour ses talents de dessinateur, de lithographe et d&#8217;affichiste, \u00e0 l&#8217;instar de son ami Henri [&hellip;]<\/p>\n","protected":false},"featured_media":53395,"template":"","meta":[],"product_cat":[2948,2953],"product_tag":[],"acf":[],"yoast_head":"<!-- This site is optimized with the Yoast SEO plugin v20.11 - https:\/\/yoast.com\/wordpress\/plugins\/seo\/ -->\n<title>Henri-Gabriel Ibels : Un nabi engag\u00e9 - Librairie 7L<\/title>\n<meta name=\"robots\" content=\"index, follow, max-snippet:-1, max-image-preview:large, max-video-preview:-1\" \/>\n<link rel=\"canonical\" href=\"https:\/\/librairie7l.com\/en\/produit\/henri-gabriel-ibels-un-nabi-engage-2\/\" \/>\n<meta property=\"og:locale\" content=\"en_US\" \/>\n<meta property=\"og:type\" content=\"article\" \/>\n<meta property=\"og:title\" content=\"Henri-Gabriel Ibels : Un nabi engag\u00e9 - Librairie 7L\" \/>\n<meta property=\"og:description\" content=\"La carri\u00e8re d&#8217;Ibels, pluridisciplinaire, d\u00e9concerte par sa richesse et sa vari\u00e9t\u00e9. Membre fondateur du groupe des Nabis, il a mani\u00e9 la plume et le pinceau comme Paul S\u00e9rusier et Maurice Denis, ses condisciples de l&#8217;acad\u00e9mie Julian. Il s&#8217;est fait conna\u00eetre pour ses talents de dessinateur, de lithographe et d&#8217;affichiste, \u00e0 l&#8217;instar de son ami Henri [&hellip;]\" \/>\n<meta property=\"og:url\" content=\"https:\/\/librairie7l.com\/en\/produit\/henri-gabriel-ibels-un-nabi-engage-2\/\" \/>\n<meta property=\"og:site_name\" content=\"Librairie 7L\" \/>\n<meta property=\"article:modified_time\" content=\"2026-04-04T08:46:11+00:00\" \/>\n<meta name=\"twitter:card\" content=\"summary_large_image\" \/>\n<meta name=\"twitter:label1\" content=\"Est. reading time\" \/>\n\t<meta name=\"twitter:data1\" content=\"1 minute\" \/>\n<script type=\"application\/ld+json\" class=\"yoast-schema-graph\">{\"@context\":\"https:\/\/schema.org\",\"@graph\":[{\"@type\":\"WebPage\",\"@id\":\"https:\/\/librairie7l.com\/en\/produit\/henri-gabriel-ibels-un-nabi-engage-2\/\",\"url\":\"https:\/\/librairie7l.com\/en\/produit\/henri-gabriel-ibels-un-nabi-engage-2\/\",\"name\":\"Henri-Gabriel Ibels : Un nabi engag\u00e9 - Librairie 7L\",\"isPartOf\":{\"@id\":\"https:\/\/librairie7l.com\/en\/#website\"},\"datePublished\":\"2025-11-27T08:18:05+00:00\",\"dateModified\":\"2026-04-04T08:46:11+00:00\",\"breadcrumb\":{\"@id\":\"https:\/\/librairie7l.com\/en\/produit\/henri-gabriel-ibels-un-nabi-engage-2\/#breadcrumb\"},\"inLanguage\":\"en-US\",\"potentialAction\":[{\"@type\":\"ReadAction\",\"target\":[\"https:\/\/librairie7l.com\/en\/produit\/henri-gabriel-ibels-un-nabi-engage-2\/\"]}]},{\"@type\":\"BreadcrumbList\",\"@id\":\"https:\/\/librairie7l.com\/en\/produit\/henri-gabriel-ibels-un-nabi-engage-2\/#breadcrumb\",\"itemListElement\":[{\"@type\":\"ListItem\",\"position\":1,\"name\":\"Accueil\",\"item\":\"https:\/\/librairie7l.com\/en\/\"},{\"@type\":\"ListItem\",\"position\":2,\"name\":\"Shop\",\"item\":\"https:\/\/librairie7l.com\/en\/shop\/\"},{\"@type\":\"ListItem\",\"position\":3,\"name\":\"HENRI-GABRIEL IBELS : UN NABI ENGAG\u00c9\"}]},{\"@type\":\"WebSite\",\"@id\":\"https:\/\/librairie7l.com\/en\/#website\",\"url\":\"https:\/\/librairie7l.com\/en\/\",\"name\":\"Librairie 7L\",\"description\":\"Librairie fond\u00e9e en 1999 par Karl Lagerfeld \u00e0 Paris\",\"publisher\":{\"@id\":\"https:\/\/librairie7l.com\/en\/#organization\"},\"potentialAction\":[{\"@type\":\"SearchAction\",\"target\":{\"@type\":\"EntryPoint\",\"urlTemplate\":\"https:\/\/librairie7l.com\/en\/?s={search_term_string}\"},\"query-input\":\"required name=search_term_string\"}],\"inLanguage\":\"en-US\"},{\"@type\":\"Organization\",\"@id\":\"https:\/\/librairie7l.com\/en\/#organization\",\"name\":\"Librairie 7L\",\"url\":\"https:\/\/librairie7l.com\/en\/\",\"logo\":{\"@type\":\"ImageObject\",\"inLanguage\":\"en-US\",\"@id\":\"https:\/\/librairie7l.com\/en\/#\/schema\/logo\/image\/\",\"url\":\"https:\/\/librairie7l.com\/wp-content\/uploads\/2022\/08\/logo-1.png\",\"contentUrl\":\"https:\/\/librairie7l.com\/wp-content\/uploads\/2022\/08\/logo-1.png\",\"width\":227,\"height\":301,\"caption\":\"Librairie 7L\"},\"image\":{\"@id\":\"https:\/\/librairie7l.com\/en\/#\/schema\/logo\/image\/\"}}]}<\/script>\n<!-- \/ Yoast SEO plugin. -->","yoast_head_json":{"title":"Henri-Gabriel Ibels : Un nabi engag\u00e9 - Librairie 7L","robots":{"index":"index","follow":"follow","max-snippet":"max-snippet:-1","max-image-preview":"max-image-preview:large","max-video-preview":"max-video-preview:-1"},"canonical":"https:\/\/librairie7l.com\/en\/produit\/henri-gabriel-ibels-un-nabi-engage-2\/","og_locale":"en_US","og_type":"article","og_title":"Henri-Gabriel Ibels : Un nabi engag\u00e9 - Librairie 7L","og_description":"La carri\u00e8re d&#8217;Ibels, pluridisciplinaire, d\u00e9concerte par sa richesse et sa vari\u00e9t\u00e9. Membre fondateur du groupe des Nabis, il a mani\u00e9 la plume et le pinceau comme Paul S\u00e9rusier et Maurice Denis, ses condisciples de l&#8217;acad\u00e9mie Julian. Il s&#8217;est fait conna\u00eetre pour ses talents de dessinateur, de lithographe et d&#8217;affichiste, \u00e0 l&#8217;instar de son ami Henri [&hellip;]","og_url":"https:\/\/librairie7l.com\/en\/produit\/henri-gabriel-ibels-un-nabi-engage-2\/","og_site_name":"Librairie 7L","article_modified_time":"2026-04-04T08:46:11+00:00","twitter_card":"summary_large_image","twitter_misc":{"Est. reading time":"1 minute"},"schema":{"@context":"https:\/\/schema.org","@graph":[{"@type":"WebPage","@id":"https:\/\/librairie7l.com\/en\/produit\/henri-gabriel-ibels-un-nabi-engage-2\/","url":"https:\/\/librairie7l.com\/en\/produit\/henri-gabriel-ibels-un-nabi-engage-2\/","name":"Henri-Gabriel Ibels : Un nabi engag\u00e9 - Librairie 7L","isPartOf":{"@id":"https:\/\/librairie7l.com\/en\/#website"},"datePublished":"2025-11-27T08:18:05+00:00","dateModified":"2026-04-04T08:46:11+00:00","breadcrumb":{"@id":"https:\/\/librairie7l.com\/en\/produit\/henri-gabriel-ibels-un-nabi-engage-2\/#breadcrumb"},"inLanguage":"en-US","potentialAction":[{"@type":"ReadAction","target":["https:\/\/librairie7l.com\/en\/produit\/henri-gabriel-ibels-un-nabi-engage-2\/"]}]},{"@type":"BreadcrumbList","@id":"https:\/\/librairie7l.com\/en\/produit\/henri-gabriel-ibels-un-nabi-engage-2\/#breadcrumb","itemListElement":[{"@type":"ListItem","position":1,"name":"Accueil","item":"https:\/\/librairie7l.com\/en\/"},{"@type":"ListItem","position":2,"name":"Shop","item":"https:\/\/librairie7l.com\/en\/shop\/"},{"@type":"ListItem","position":3,"name":"HENRI-GABRIEL IBELS : UN NABI ENGAG\u00c9"}]},{"@type":"WebSite","@id":"https:\/\/librairie7l.com\/en\/#website","url":"https:\/\/librairie7l.com\/en\/","name":"Librairie 7L","description":"Librairie fond\u00e9e en 1999 par Karl Lagerfeld \u00e0 Paris","publisher":{"@id":"https:\/\/librairie7l.com\/en\/#organization"},"potentialAction":[{"@type":"SearchAction","target":{"@type":"EntryPoint","urlTemplate":"https:\/\/librairie7l.com\/en\/?s={search_term_string}"},"query-input":"required name=search_term_string"}],"inLanguage":"en-US"},{"@type":"Organization","@id":"https:\/\/librairie7l.com\/en\/#organization","name":"Librairie 7L","url":"https:\/\/librairie7l.com\/en\/","logo":{"@type":"ImageObject","inLanguage":"en-US","@id":"https:\/\/librairie7l.com\/en\/#\/schema\/logo\/image\/","url":"https:\/\/librairie7l.com\/wp-content\/uploads\/2022\/08\/logo-1.png","contentUrl":"https:\/\/librairie7l.com\/wp-content\/uploads\/2022\/08\/logo-1.png","width":227,"height":301,"caption":"Librairie 7L"},"image":{"@id":"https:\/\/librairie7l.com\/en\/#\/schema\/logo\/image\/"}}]}},"_links":{"self":[{"href":"https:\/\/librairie7l.com\/en\/wp-json\/wp\/v2\/product\/52788"}],"collection":[{"href":"https:\/\/librairie7l.com\/en\/wp-json\/wp\/v2\/product"}],"about":[{"href":"https:\/\/librairie7l.com\/en\/wp-json\/wp\/v2\/types\/product"}],"wp:featuredmedia":[{"embeddable":true,"href":"https:\/\/librairie7l.com\/en\/wp-json\/wp\/v2\/media\/53395"}],"wp:attachment":[{"href":"https:\/\/librairie7l.com\/en\/wp-json\/wp\/v2\/media?parent=52788"}],"wp:term":[{"taxonomy":"product_cat","embeddable":true,"href":"https:\/\/librairie7l.com\/en\/wp-json\/wp\/v2\/product_cat?post=52788"},{"taxonomy":"product_tag","embeddable":true,"href":"https:\/\/librairie7l.com\/en\/wp-json\/wp\/v2\/product_tag?post=52788"}],"curies":[{"name":"wp","href":"https:\/\/api.w.org\/{rel}","templated":true}]}}