{"id":52794,"date":"2025-11-27T09:18:10","date_gmt":"2025-11-27T08:18:10","guid":{"rendered":"https:\/\/librairie7l.com\/?post_type=product&#038;p=52794"},"modified":"2026-04-06T13:39:18","modified_gmt":"2026-04-06T11:39:18","slug":"planches-contact-n-16-2","status":"publish","type":"product","link":"https:\/\/librairie7l.com\/en\/produit\/planches-contact-n-16-2\/","title":{"rendered":"PLANCHES CONTACT N.16"},"content":{"rendered":"<p>La nouvelle \u00e9dition de Planches Contact Festival s&#8217;ouvre \u00e0 Deauville sous le signe de l&#8217;intimit\u00e9, un th\u00e8me qui r\u00e9sonne avec la vocation m\u00eame de la photographie : capter l&#8217;invisible, r\u00e9v\u00e9ler ce qui se joue derri\u00e8re les apparences. Du regard port\u00e9 sur soi \u00e0 celui tourn\u00e9 vers les autres, cette \u00e9dition interroge les formes multiples de la proximit\u00e9, des relations, des tensions, du silence &#8211; dans l&#8217;espace priv\u00e9 comme dans le paysage, dans le corps comme dans la m\u00e9moire.<\/p>\n<p> Le festival accueille cette ann\u00e9e deux figures majeures de la sc\u00e8ne photographique internationale, avec aussi bien une exposition r\u00e9trospective qu&#8217;un travail en r\u00e9sidence en Nomandie : Arno Rafael Minkkinen, ma\u00eetre du corps-paysage, livre une m\u00e9ditation visuelle o\u00f9 le corps nu devient ligne de fuite entre soi et le monde.<br \/>\n Lin Zhipeng (No. 223), figure de la nouvelle photographie chinoise, d\u00e9voile une intimit\u00e9 joyeuse, \u00e9rotique et color\u00e9e, capt\u00e9e au fil de ses errances normandes.<\/p>\n<p> Entre photographes confirm\u00e9s et nouvelles voix, entre noir et blanc radical et chromatisme sensuelles, l&#8217;\u00e9dition 2025 de Planches Contact Festival compose un r\u00e9cit multiple de l&#8217;intime, \u00e0 hauteur d&#8217;homme. Une invitation \u00e0 entrer dans les images comme dans une chambre, un paysage ou une confidence.<\/p>\n<p> Artiste invit\u00e9e : Claude Cahun et Cindy Sherman , R\u00e9sidence Hors-les-Murs : Myriam Boulos<br \/>\n Artistes invit\u00e9\u00b7e\u00b7s en r\u00e9sidence : Lin Zhipeng, Carline Bourdelas, Renato D&#8217;Agostin, Julien Magre, Anna Malagrida, Arno Rafael Minkkinen, Henrike Stahl, Fr\u00e9d\u00e9ric Stucin<br \/>\n Artistes en r\u00e9sidence pour le Tremplin Jeunes Talents : J\u00e9r\u00e9my Appert, Simon Bouill\u00e8re, Na\u00efma Lecomte, Ana\u00efs Ondet<br \/>\n Laur\u00e9ats de la bourse photo4food : Daniel Blaufuks, Adrien Boyer, Am\u00e9lie Chassary, Marilia Destot<\/p>\n","protected":false},"excerpt":{"rendered":"<p>La nouvelle \u00e9dition de Planches Contact Festival s&#8217;ouvre \u00e0 Deauville sous le signe de l&#8217;intimit\u00e9, un th\u00e8me qui r\u00e9sonne avec la vocation m\u00eame de la photographie : capter l&#8217;invisible, r\u00e9v\u00e9ler ce qui se joue derri\u00e8re les apparences. Du regard port\u00e9 sur soi \u00e0 celui tourn\u00e9 vers les autres, cette \u00e9dition interroge les formes multiples de [&hellip;]<\/p>\n","protected":false},"featured_media":52792,"template":"","meta":[],"product_cat":[2948,2958],"product_tag":[],"acf":[],"yoast_head":"<!-- This site is optimized with the Yoast SEO plugin v20.11 - https:\/\/yoast.com\/wordpress\/plugins\/seo\/ -->\n<title>Planches contact n.16 - Librairie 7L<\/title>\n<meta name=\"robots\" content=\"index, follow, max-snippet:-1, max-image-preview:large, max-video-preview:-1\" \/>\n<link rel=\"canonical\" href=\"https:\/\/librairie7l.com\/en\/produit\/planches-contact-n-16-2\/\" \/>\n<meta property=\"og:locale\" content=\"en_US\" \/>\n<meta property=\"og:type\" content=\"article\" \/>\n<meta property=\"og:title\" content=\"Planches contact n.16 - Librairie 7L\" \/>\n<meta property=\"og:description\" content=\"La nouvelle \u00e9dition de Planches Contact Festival s&#8217;ouvre \u00e0 Deauville sous le signe de l&#8217;intimit\u00e9, un th\u00e8me qui r\u00e9sonne avec la vocation m\u00eame de la photographie : capter l&#8217;invisible, r\u00e9v\u00e9ler ce qui se joue derri\u00e8re les apparences. Du regard port\u00e9 sur soi \u00e0 celui tourn\u00e9 vers les autres, cette \u00e9dition interroge les formes multiples de [&hellip;]\" \/>\n<meta property=\"og:url\" content=\"https:\/\/librairie7l.com\/en\/produit\/planches-contact-n-16-2\/\" \/>\n<meta property=\"og:site_name\" content=\"Librairie 7L\" \/>\n<meta property=\"article:modified_time\" content=\"2026-04-06T11:39:18+00:00\" \/>\n<meta property=\"og:image\" content=\"https:\/\/librairie7l.com\/wp-content\/uploads\/2025\/09\/9782350466576_1_75.jpg\" \/>\n\t<meta property=\"og:image:width\" content=\"600\" \/>\n\t<meta property=\"og:image:height\" content=\"763\" \/>\n\t<meta property=\"og:image:type\" content=\"image\/jpeg\" \/>\n<meta name=\"twitter:card\" content=\"summary_large_image\" \/>\n<meta name=\"twitter:label1\" content=\"Est. reading time\" \/>\n\t<meta name=\"twitter:data1\" content=\"1 minute\" \/>\n<script type=\"application\/ld+json\" class=\"yoast-schema-graph\">{\"@context\":\"https:\/\/schema.org\",\"@graph\":[{\"@type\":\"WebPage\",\"@id\":\"https:\/\/librairie7l.com\/en\/produit\/planches-contact-n-16-2\/\",\"url\":\"https:\/\/librairie7l.com\/en\/produit\/planches-contact-n-16-2\/\",\"name\":\"Planches contact n.16 - Librairie 7L\",\"isPartOf\":{\"@id\":\"https:\/\/librairie7l.com\/en\/#website\"},\"datePublished\":\"2025-11-27T08:18:10+00:00\",\"dateModified\":\"2026-04-06T11:39:18+00:00\",\"breadcrumb\":{\"@id\":\"https:\/\/librairie7l.com\/en\/produit\/planches-contact-n-16-2\/#breadcrumb\"},\"inLanguage\":\"en-US\",\"potentialAction\":[{\"@type\":\"ReadAction\",\"target\":[\"https:\/\/librairie7l.com\/en\/produit\/planches-contact-n-16-2\/\"]}]},{\"@type\":\"BreadcrumbList\",\"@id\":\"https:\/\/librairie7l.com\/en\/produit\/planches-contact-n-16-2\/#breadcrumb\",\"itemListElement\":[{\"@type\":\"ListItem\",\"position\":1,\"name\":\"Accueil\",\"item\":\"https:\/\/librairie7l.com\/en\/\"},{\"@type\":\"ListItem\",\"position\":2,\"name\":\"Shop\",\"item\":\"https:\/\/librairie7l.com\/en\/shop\/\"},{\"@type\":\"ListItem\",\"position\":3,\"name\":\"PLANCHES CONTACT N.16\"}]},{\"@type\":\"WebSite\",\"@id\":\"https:\/\/librairie7l.com\/en\/#website\",\"url\":\"https:\/\/librairie7l.com\/en\/\",\"name\":\"Librairie 7L\",\"description\":\"Librairie fond\u00e9e en 1999 par Karl Lagerfeld \u00e0 Paris\",\"publisher\":{\"@id\":\"https:\/\/librairie7l.com\/en\/#organization\"},\"potentialAction\":[{\"@type\":\"SearchAction\",\"target\":{\"@type\":\"EntryPoint\",\"urlTemplate\":\"https:\/\/librairie7l.com\/en\/?s={search_term_string}\"},\"query-input\":\"required name=search_term_string\"}],\"inLanguage\":\"en-US\"},{\"@type\":\"Organization\",\"@id\":\"https:\/\/librairie7l.com\/en\/#organization\",\"name\":\"Librairie 7L\",\"url\":\"https:\/\/librairie7l.com\/en\/\",\"logo\":{\"@type\":\"ImageObject\",\"inLanguage\":\"en-US\",\"@id\":\"https:\/\/librairie7l.com\/en\/#\/schema\/logo\/image\/\",\"url\":\"https:\/\/librairie7l.com\/wp-content\/uploads\/2022\/08\/logo-1.png\",\"contentUrl\":\"https:\/\/librairie7l.com\/wp-content\/uploads\/2022\/08\/logo-1.png\",\"width\":227,\"height\":301,\"caption\":\"Librairie 7L\"},\"image\":{\"@id\":\"https:\/\/librairie7l.com\/en\/#\/schema\/logo\/image\/\"}}]}<\/script>\n<!-- \/ Yoast SEO plugin. -->","yoast_head_json":{"title":"Planches contact n.16 - Librairie 7L","robots":{"index":"index","follow":"follow","max-snippet":"max-snippet:-1","max-image-preview":"max-image-preview:large","max-video-preview":"max-video-preview:-1"},"canonical":"https:\/\/librairie7l.com\/en\/produit\/planches-contact-n-16-2\/","og_locale":"en_US","og_type":"article","og_title":"Planches contact n.16 - Librairie 7L","og_description":"La nouvelle \u00e9dition de Planches Contact Festival s&#8217;ouvre \u00e0 Deauville sous le signe de l&#8217;intimit\u00e9, un th\u00e8me qui r\u00e9sonne avec la vocation m\u00eame de la photographie : capter l&#8217;invisible, r\u00e9v\u00e9ler ce qui se joue derri\u00e8re les apparences. Du regard port\u00e9 sur soi \u00e0 celui tourn\u00e9 vers les autres, cette \u00e9dition interroge les formes multiples de [&hellip;]","og_url":"https:\/\/librairie7l.com\/en\/produit\/planches-contact-n-16-2\/","og_site_name":"Librairie 7L","article_modified_time":"2026-04-06T11:39:18+00:00","og_image":[{"width":600,"height":763,"url":"https:\/\/librairie7l.com\/wp-content\/uploads\/2025\/09\/9782350466576_1_75.jpg","type":"image\/jpeg"}],"twitter_card":"summary_large_image","twitter_misc":{"Est. reading time":"1 minute"},"schema":{"@context":"https:\/\/schema.org","@graph":[{"@type":"WebPage","@id":"https:\/\/librairie7l.com\/en\/produit\/planches-contact-n-16-2\/","url":"https:\/\/librairie7l.com\/en\/produit\/planches-contact-n-16-2\/","name":"Planches contact n.16 - Librairie 7L","isPartOf":{"@id":"https:\/\/librairie7l.com\/en\/#website"},"datePublished":"2025-11-27T08:18:10+00:00","dateModified":"2026-04-06T11:39:18+00:00","breadcrumb":{"@id":"https:\/\/librairie7l.com\/en\/produit\/planches-contact-n-16-2\/#breadcrumb"},"inLanguage":"en-US","potentialAction":[{"@type":"ReadAction","target":["https:\/\/librairie7l.com\/en\/produit\/planches-contact-n-16-2\/"]}]},{"@type":"BreadcrumbList","@id":"https:\/\/librairie7l.com\/en\/produit\/planches-contact-n-16-2\/#breadcrumb","itemListElement":[{"@type":"ListItem","position":1,"name":"Accueil","item":"https:\/\/librairie7l.com\/en\/"},{"@type":"ListItem","position":2,"name":"Shop","item":"https:\/\/librairie7l.com\/en\/shop\/"},{"@type":"ListItem","position":3,"name":"PLANCHES CONTACT N.16"}]},{"@type":"WebSite","@id":"https:\/\/librairie7l.com\/en\/#website","url":"https:\/\/librairie7l.com\/en\/","name":"Librairie 7L","description":"Librairie fond\u00e9e en 1999 par Karl Lagerfeld \u00e0 Paris","publisher":{"@id":"https:\/\/librairie7l.com\/en\/#organization"},"potentialAction":[{"@type":"SearchAction","target":{"@type":"EntryPoint","urlTemplate":"https:\/\/librairie7l.com\/en\/?s={search_term_string}"},"query-input":"required name=search_term_string"}],"inLanguage":"en-US"},{"@type":"Organization","@id":"https:\/\/librairie7l.com\/en\/#organization","name":"Librairie 7L","url":"https:\/\/librairie7l.com\/en\/","logo":{"@type":"ImageObject","inLanguage":"en-US","@id":"https:\/\/librairie7l.com\/en\/#\/schema\/logo\/image\/","url":"https:\/\/librairie7l.com\/wp-content\/uploads\/2022\/08\/logo-1.png","contentUrl":"https:\/\/librairie7l.com\/wp-content\/uploads\/2022\/08\/logo-1.png","width":227,"height":301,"caption":"Librairie 7L"},"image":{"@id":"https:\/\/librairie7l.com\/en\/#\/schema\/logo\/image\/"}}]}},"_links":{"self":[{"href":"https:\/\/librairie7l.com\/en\/wp-json\/wp\/v2\/product\/52794"}],"collection":[{"href":"https:\/\/librairie7l.com\/en\/wp-json\/wp\/v2\/product"}],"about":[{"href":"https:\/\/librairie7l.com\/en\/wp-json\/wp\/v2\/types\/product"}],"wp:featuredmedia":[{"embeddable":true,"href":"https:\/\/librairie7l.com\/en\/wp-json\/wp\/v2\/media\/52792"}],"wp:attachment":[{"href":"https:\/\/librairie7l.com\/en\/wp-json\/wp\/v2\/media?parent=52794"}],"wp:term":[{"taxonomy":"product_cat","embeddable":true,"href":"https:\/\/librairie7l.com\/en\/wp-json\/wp\/v2\/product_cat?post=52794"},{"taxonomy":"product_tag","embeddable":true,"href":"https:\/\/librairie7l.com\/en\/wp-json\/wp\/v2\/product_tag?post=52794"}],"curies":[{"name":"wp","href":"https:\/\/api.w.org\/{rel}","templated":true}]}}