{"id":52805,"date":"2025-11-27T16:46:10","date_gmt":"2025-11-27T15:46:10","guid":{"rendered":"https:\/\/librairie7l.com\/?post_type=product&#038;p=52805"},"modified":"2026-04-06T12:02:13","modified_gmt":"2026-04-06T10:02:13","slug":"le-mouvement-perpetuel-ecritures-automatiques-feu-de-joie-2","status":"publish","type":"product","link":"https:\/\/librairie7l.com\/en\/produit\/le-mouvement-perpetuel-ecritures-automatiques-feu-de-joie-2\/","title":{"rendered":"LE MOUVEMENT PERP\u00c9TUEL ; \u00c9CRITURES AUTOMATIQUES ; FEU DE JOIE"},"content":{"rendered":"<p>\u00abLa belle insolence, l&#8217;insolence des po\u00e8tes, la douloureuse fiert\u00e9 qui est la leur, c&#8217;est aussi leur courage : ils croient toujours, comme le croyait Breton en 1926, que chacun d&#8217;eux a \u00e9t\u00e9 choisi et d\u00e9sign\u00e9 \u00e0 lui-m\u00eame entre mille pour formuler ce qui, de notre vivant, doit \u00eatre formul\u00e9. Aujourd&#8217;hui comme en 1926, ou m\u00eame comme en 1932, au moment de ce qu&#8217;on a appel\u00e9 l&#8217;affaire Aragon, les po\u00e8tes ont leurs mots \u00e0 dire, qu&#8217;ils disent parfois seuls, que ce soit en Tch\u00e9coslovaquie, \u00e0 Cuba, aux \u00c9tats-Unis, en U.R.S.S., o\u00f9 m\u00eame, on a un peu trop tendance \u00e0 l&#8217;oublier, &#8211; en France. En acceptant le principe de la r\u00e9\u00e9dition de ses deux premiers recueils de po\u00e8mes, Feu de joie et Le Mouvement perp\u00e9tuel, qui correspondent \u00e0 la p\u00e9riode de la r\u00e9d\u00e9couverte de Lautr\u00e9amont, \u00e0 l&#8217;\u00e9poque de Dada et aux pr\u00e9paratifs du surr\u00e9alisme, Aragon r\u00e9actualise en fait ce que nous avons besoin, aujourd&#8217;hui plus que jamais, de r\u00e9actualiser : la volont\u00e9 de transformation du monde, l&#8217;exigence de refonte compl\u00e8te de l&#8217;entendement humain, le refus de toutes les formes de dictature et d&#8217;oppression de l&#8217;\u00c9tat, mais aussi tout ce \u00e0 quoi peut faire appel ce qu&#8217;Aragon a nomm\u00e9 le rire sauvage de l&#8217;existence.\u00bbAlain Jouffroy.<\/p>\n","protected":false},"excerpt":{"rendered":"<p>\u00abLa belle insolence, l&#8217;insolence des po\u00e8tes, la douloureuse fiert\u00e9 qui est la leur, c&#8217;est aussi leur courage : ils croient toujours, comme le croyait Breton en 1926, que chacun d&#8217;eux a \u00e9t\u00e9 choisi et d\u00e9sign\u00e9 \u00e0 lui-m\u00eame entre mille pour formuler ce qui, de notre vivant, doit \u00eatre formul\u00e9. Aujourd&#8217;hui comme en 1926, ou m\u00eame [&hellip;]<\/p>\n","protected":false},"featured_media":52803,"template":"","meta":[],"product_cat":[7364,2948],"product_tag":[],"acf":[],"yoast_head":"<!-- This site is optimized with the Yoast SEO plugin v20.11 - https:\/\/yoast.com\/wordpress\/plugins\/seo\/ -->\n<title>Le mouvement perp\u00e9tuel ; \u00e9critures automatiques ; feu de joie - Librairie 7L<\/title>\n<meta name=\"robots\" content=\"index, follow, max-snippet:-1, max-image-preview:large, max-video-preview:-1\" \/>\n<link rel=\"canonical\" href=\"https:\/\/librairie7l.com\/en\/produit\/le-mouvement-perpetuel-ecritures-automatiques-feu-de-joie-2\/\" \/>\n<meta property=\"og:locale\" content=\"en_US\" \/>\n<meta property=\"og:type\" content=\"article\" \/>\n<meta property=\"og:title\" content=\"Le mouvement perp\u00e9tuel ; \u00e9critures automatiques ; feu de joie - Librairie 7L\" \/>\n<meta property=\"og:description\" content=\"\u00abLa belle insolence, l&#8217;insolence des po\u00e8tes, la douloureuse fiert\u00e9 qui est la leur, c&#8217;est aussi leur courage : ils croient toujours, comme le croyait Breton en 1926, que chacun d&#8217;eux a \u00e9t\u00e9 choisi et d\u00e9sign\u00e9 \u00e0 lui-m\u00eame entre mille pour formuler ce qui, de notre vivant, doit \u00eatre formul\u00e9. Aujourd&#8217;hui comme en 1926, ou m\u00eame [&hellip;]\" \/>\n<meta property=\"og:url\" content=\"https:\/\/librairie7l.com\/en\/produit\/le-mouvement-perpetuel-ecritures-automatiques-feu-de-joie-2\/\" \/>\n<meta property=\"og:site_name\" content=\"Librairie 7L\" \/>\n<meta property=\"article:modified_time\" content=\"2026-04-06T10:02:13+00:00\" \/>\n<meta property=\"og:image\" content=\"https:\/\/librairie7l.com\/wp-content\/uploads\/1998\/02\/9782070300129_1_75.jpg\" \/>\n\t<meta property=\"og:image:width\" content=\"600\" \/>\n\t<meta property=\"og:image:height\" content=\"988\" \/>\n\t<meta property=\"og:image:type\" content=\"image\/jpeg\" \/>\n<meta name=\"twitter:card\" content=\"summary_large_image\" \/>\n<meta name=\"twitter:label1\" content=\"Est. reading time\" \/>\n\t<meta name=\"twitter:data1\" content=\"1 minute\" \/>\n<script type=\"application\/ld+json\" class=\"yoast-schema-graph\">{\"@context\":\"https:\/\/schema.org\",\"@graph\":[{\"@type\":\"WebPage\",\"@id\":\"https:\/\/librairie7l.com\/en\/produit\/le-mouvement-perpetuel-ecritures-automatiques-feu-de-joie-2\/\",\"url\":\"https:\/\/librairie7l.com\/en\/produit\/le-mouvement-perpetuel-ecritures-automatiques-feu-de-joie-2\/\",\"name\":\"Le mouvement perp\u00e9tuel ; \u00e9critures automatiques ; feu de joie - Librairie 7L\",\"isPartOf\":{\"@id\":\"https:\/\/librairie7l.com\/en\/#website\"},\"datePublished\":\"2025-11-27T15:46:10+00:00\",\"dateModified\":\"2026-04-06T10:02:13+00:00\",\"breadcrumb\":{\"@id\":\"https:\/\/librairie7l.com\/en\/produit\/le-mouvement-perpetuel-ecritures-automatiques-feu-de-joie-2\/#breadcrumb\"},\"inLanguage\":\"en-US\",\"potentialAction\":[{\"@type\":\"ReadAction\",\"target\":[\"https:\/\/librairie7l.com\/en\/produit\/le-mouvement-perpetuel-ecritures-automatiques-feu-de-joie-2\/\"]}]},{\"@type\":\"BreadcrumbList\",\"@id\":\"https:\/\/librairie7l.com\/en\/produit\/le-mouvement-perpetuel-ecritures-automatiques-feu-de-joie-2\/#breadcrumb\",\"itemListElement\":[{\"@type\":\"ListItem\",\"position\":1,\"name\":\"Accueil\",\"item\":\"https:\/\/librairie7l.com\/en\/\"},{\"@type\":\"ListItem\",\"position\":2,\"name\":\"Shop\",\"item\":\"https:\/\/librairie7l.com\/en\/shop\/\"},{\"@type\":\"ListItem\",\"position\":3,\"name\":\"LE MOUVEMENT PERP\u00c9TUEL ; \u00c9CRITURES AUTOMATIQUES ; FEU DE JOIE\"}]},{\"@type\":\"WebSite\",\"@id\":\"https:\/\/librairie7l.com\/en\/#website\",\"url\":\"https:\/\/librairie7l.com\/en\/\",\"name\":\"Librairie 7L\",\"description\":\"Librairie fond\u00e9e en 1999 par Karl Lagerfeld \u00e0 Paris\",\"publisher\":{\"@id\":\"https:\/\/librairie7l.com\/en\/#organization\"},\"potentialAction\":[{\"@type\":\"SearchAction\",\"target\":{\"@type\":\"EntryPoint\",\"urlTemplate\":\"https:\/\/librairie7l.com\/en\/?s={search_term_string}\"},\"query-input\":\"required name=search_term_string\"}],\"inLanguage\":\"en-US\"},{\"@type\":\"Organization\",\"@id\":\"https:\/\/librairie7l.com\/en\/#organization\",\"name\":\"Librairie 7L\",\"url\":\"https:\/\/librairie7l.com\/en\/\",\"logo\":{\"@type\":\"ImageObject\",\"inLanguage\":\"en-US\",\"@id\":\"https:\/\/librairie7l.com\/en\/#\/schema\/logo\/image\/\",\"url\":\"https:\/\/librairie7l.com\/wp-content\/uploads\/2022\/08\/logo-1.png\",\"contentUrl\":\"https:\/\/librairie7l.com\/wp-content\/uploads\/2022\/08\/logo-1.png\",\"width\":227,\"height\":301,\"caption\":\"Librairie 7L\"},\"image\":{\"@id\":\"https:\/\/librairie7l.com\/en\/#\/schema\/logo\/image\/\"}}]}<\/script>\n<!-- \/ Yoast SEO plugin. -->","yoast_head_json":{"title":"Le mouvement perp\u00e9tuel ; \u00e9critures automatiques ; feu de joie - Librairie 7L","robots":{"index":"index","follow":"follow","max-snippet":"max-snippet:-1","max-image-preview":"max-image-preview:large","max-video-preview":"max-video-preview:-1"},"canonical":"https:\/\/librairie7l.com\/en\/produit\/le-mouvement-perpetuel-ecritures-automatiques-feu-de-joie-2\/","og_locale":"en_US","og_type":"article","og_title":"Le mouvement perp\u00e9tuel ; \u00e9critures automatiques ; feu de joie - Librairie 7L","og_description":"\u00abLa belle insolence, l&#8217;insolence des po\u00e8tes, la douloureuse fiert\u00e9 qui est la leur, c&#8217;est aussi leur courage : ils croient toujours, comme le croyait Breton en 1926, que chacun d&#8217;eux a \u00e9t\u00e9 choisi et d\u00e9sign\u00e9 \u00e0 lui-m\u00eame entre mille pour formuler ce qui, de notre vivant, doit \u00eatre formul\u00e9. Aujourd&#8217;hui comme en 1926, ou m\u00eame [&hellip;]","og_url":"https:\/\/librairie7l.com\/en\/produit\/le-mouvement-perpetuel-ecritures-automatiques-feu-de-joie-2\/","og_site_name":"Librairie 7L","article_modified_time":"2026-04-06T10:02:13+00:00","og_image":[{"width":600,"height":988,"url":"https:\/\/librairie7l.com\/wp-content\/uploads\/1998\/02\/9782070300129_1_75.jpg","type":"image\/jpeg"}],"twitter_card":"summary_large_image","twitter_misc":{"Est. reading time":"1 minute"},"schema":{"@context":"https:\/\/schema.org","@graph":[{"@type":"WebPage","@id":"https:\/\/librairie7l.com\/en\/produit\/le-mouvement-perpetuel-ecritures-automatiques-feu-de-joie-2\/","url":"https:\/\/librairie7l.com\/en\/produit\/le-mouvement-perpetuel-ecritures-automatiques-feu-de-joie-2\/","name":"Le mouvement perp\u00e9tuel ; \u00e9critures automatiques ; feu de joie - Librairie 7L","isPartOf":{"@id":"https:\/\/librairie7l.com\/en\/#website"},"datePublished":"2025-11-27T15:46:10+00:00","dateModified":"2026-04-06T10:02:13+00:00","breadcrumb":{"@id":"https:\/\/librairie7l.com\/en\/produit\/le-mouvement-perpetuel-ecritures-automatiques-feu-de-joie-2\/#breadcrumb"},"inLanguage":"en-US","potentialAction":[{"@type":"ReadAction","target":["https:\/\/librairie7l.com\/en\/produit\/le-mouvement-perpetuel-ecritures-automatiques-feu-de-joie-2\/"]}]},{"@type":"BreadcrumbList","@id":"https:\/\/librairie7l.com\/en\/produit\/le-mouvement-perpetuel-ecritures-automatiques-feu-de-joie-2\/#breadcrumb","itemListElement":[{"@type":"ListItem","position":1,"name":"Accueil","item":"https:\/\/librairie7l.com\/en\/"},{"@type":"ListItem","position":2,"name":"Shop","item":"https:\/\/librairie7l.com\/en\/shop\/"},{"@type":"ListItem","position":3,"name":"LE MOUVEMENT PERP\u00c9TUEL ; \u00c9CRITURES AUTOMATIQUES ; FEU DE JOIE"}]},{"@type":"WebSite","@id":"https:\/\/librairie7l.com\/en\/#website","url":"https:\/\/librairie7l.com\/en\/","name":"Librairie 7L","description":"Librairie fond\u00e9e en 1999 par Karl Lagerfeld \u00e0 Paris","publisher":{"@id":"https:\/\/librairie7l.com\/en\/#organization"},"potentialAction":[{"@type":"SearchAction","target":{"@type":"EntryPoint","urlTemplate":"https:\/\/librairie7l.com\/en\/?s={search_term_string}"},"query-input":"required name=search_term_string"}],"inLanguage":"en-US"},{"@type":"Organization","@id":"https:\/\/librairie7l.com\/en\/#organization","name":"Librairie 7L","url":"https:\/\/librairie7l.com\/en\/","logo":{"@type":"ImageObject","inLanguage":"en-US","@id":"https:\/\/librairie7l.com\/en\/#\/schema\/logo\/image\/","url":"https:\/\/librairie7l.com\/wp-content\/uploads\/2022\/08\/logo-1.png","contentUrl":"https:\/\/librairie7l.com\/wp-content\/uploads\/2022\/08\/logo-1.png","width":227,"height":301,"caption":"Librairie 7L"},"image":{"@id":"https:\/\/librairie7l.com\/en\/#\/schema\/logo\/image\/"}}]}},"_links":{"self":[{"href":"https:\/\/librairie7l.com\/en\/wp-json\/wp\/v2\/product\/52805"}],"collection":[{"href":"https:\/\/librairie7l.com\/en\/wp-json\/wp\/v2\/product"}],"about":[{"href":"https:\/\/librairie7l.com\/en\/wp-json\/wp\/v2\/types\/product"}],"wp:featuredmedia":[{"embeddable":true,"href":"https:\/\/librairie7l.com\/en\/wp-json\/wp\/v2\/media\/52803"}],"wp:attachment":[{"href":"https:\/\/librairie7l.com\/en\/wp-json\/wp\/v2\/media?parent=52805"}],"wp:term":[{"taxonomy":"product_cat","embeddable":true,"href":"https:\/\/librairie7l.com\/en\/wp-json\/wp\/v2\/product_cat?post=52805"},{"taxonomy":"product_tag","embeddable":true,"href":"https:\/\/librairie7l.com\/en\/wp-json\/wp\/v2\/product_tag?post=52805"}],"curies":[{"name":"wp","href":"https:\/\/api.w.org\/{rel}","templated":true}]}}