{"id":52821,"date":"2025-11-28T09:18:04","date_gmt":"2025-11-28T08:18:04","guid":{"rendered":"https:\/\/librairie7l.com\/?post_type=product&#038;p=52821"},"modified":"2026-04-04T09:09:40","modified_gmt":"2026-04-04T07:09:40","slug":"modern-japanese-printmakers-2","status":"publish","type":"product","link":"https:\/\/librairie7l.com\/en\/produit\/modern-japanese-printmakers-2\/","title":{"rendered":"MODERN JAPANESE PRINTMAKERS"},"content":{"rendered":"<p>Ce livre pr\u00e9sente plus de 100 estampes japonaises, illustrant des styles vari\u00e9s de cette p\u00e9riode de transformation artistique. Il met en avant des ma\u00eetres comme Saito Kiyoshi, Munakata Shiko, et Shano Tozo, ainsi que des artistes moins connus, avec des descriptions d\u00e9taill\u00e9es et des portraits issus d&#8217;entretiens. C&#8217;est une exploration visuelle et approfondie de l&#8217;\u00e9volution de l&#8217;estampe japonaise.<\/p>\n","protected":false},"excerpt":{"rendered":"<p>Ce livre pr\u00e9sente plus de 100 estampes japonaises, illustrant des styles vari\u00e9s de cette p\u00e9riode de transformation artistique. Il met en avant des ma\u00eetres comme Saito Kiyoshi, Munakata Shiko, et Shano Tozo, ainsi que des artistes moins connus, avec des descriptions d\u00e9taill\u00e9es et des portraits issus d&#8217;entretiens. C&#8217;est une exploration visuelle et approfondie de l&#8217;\u00e9volution [&hellip;]<\/p>\n","protected":false},"featured_media":52819,"template":"","meta":[],"product_cat":[2948,2953],"product_tag":[],"acf":[],"yoast_head":"<!-- This site is optimized with the Yoast SEO plugin v20.11 - https:\/\/yoast.com\/wordpress\/plugins\/seo\/ -->\n<title>Modern Japanese Printmakers - Librairie 7L<\/title>\n<meta name=\"robots\" content=\"index, follow, max-snippet:-1, max-image-preview:large, max-video-preview:-1\" \/>\n<link rel=\"canonical\" href=\"https:\/\/librairie7l.com\/en\/produit\/modern-japanese-printmakers-2\/\" \/>\n<meta property=\"og:locale\" content=\"en_US\" \/>\n<meta property=\"og:type\" content=\"article\" \/>\n<meta property=\"og:title\" content=\"Modern Japanese Printmakers - Librairie 7L\" \/>\n<meta property=\"og:description\" content=\"Ce livre pr\u00e9sente plus de 100 estampes japonaises, illustrant des styles vari\u00e9s de cette p\u00e9riode de transformation artistique. Il met en avant des ma\u00eetres comme Saito Kiyoshi, Munakata Shiko, et Shano Tozo, ainsi que des artistes moins connus, avec des descriptions d\u00e9taill\u00e9es et des portraits issus d&#8217;entretiens. C&#8217;est une exploration visuelle et approfondie de l&#8217;\u00e9volution [&hellip;]\" \/>\n<meta property=\"og:url\" content=\"https:\/\/librairie7l.com\/en\/produit\/modern-japanese-printmakers-2\/\" \/>\n<meta property=\"og:site_name\" content=\"Librairie 7L\" \/>\n<meta property=\"article:modified_time\" content=\"2026-04-04T07:09:40+00:00\" \/>\n<meta property=\"og:image\" content=\"https:\/\/librairie7l.com\/wp-content\/uploads\/2025\/08\/9783791377841_1_75.jpg\" \/>\n\t<meta property=\"og:image:width\" content=\"361\" \/>\n\t<meta property=\"og:image:height\" content=\"500\" \/>\n\t<meta property=\"og:image:type\" content=\"image\/jpeg\" \/>\n<meta name=\"twitter:card\" content=\"summary_large_image\" \/>\n<script type=\"application\/ld+json\" class=\"yoast-schema-graph\">{\"@context\":\"https:\/\/schema.org\",\"@graph\":[{\"@type\":\"WebPage\",\"@id\":\"https:\/\/librairie7l.com\/en\/produit\/modern-japanese-printmakers-2\/\",\"url\":\"https:\/\/librairie7l.com\/en\/produit\/modern-japanese-printmakers-2\/\",\"name\":\"Modern Japanese Printmakers - Librairie 7L\",\"isPartOf\":{\"@id\":\"https:\/\/librairie7l.com\/en\/#website\"},\"datePublished\":\"2025-11-28T08:18:04+00:00\",\"dateModified\":\"2026-04-04T07:09:40+00:00\",\"breadcrumb\":{\"@id\":\"https:\/\/librairie7l.com\/en\/produit\/modern-japanese-printmakers-2\/#breadcrumb\"},\"inLanguage\":\"en-US\",\"potentialAction\":[{\"@type\":\"ReadAction\",\"target\":[\"https:\/\/librairie7l.com\/en\/produit\/modern-japanese-printmakers-2\/\"]}]},{\"@type\":\"BreadcrumbList\",\"@id\":\"https:\/\/librairie7l.com\/en\/produit\/modern-japanese-printmakers-2\/#breadcrumb\",\"itemListElement\":[{\"@type\":\"ListItem\",\"position\":1,\"name\":\"Accueil\",\"item\":\"https:\/\/librairie7l.com\/en\/\"},{\"@type\":\"ListItem\",\"position\":2,\"name\":\"Shop\",\"item\":\"https:\/\/librairie7l.com\/en\/shop\/\"},{\"@type\":\"ListItem\",\"position\":3,\"name\":\"MODERN JAPANESE PRINTMAKERS\"}]},{\"@type\":\"WebSite\",\"@id\":\"https:\/\/librairie7l.com\/en\/#website\",\"url\":\"https:\/\/librairie7l.com\/en\/\",\"name\":\"Librairie 7L\",\"description\":\"Librairie fond\u00e9e en 1999 par Karl Lagerfeld \u00e0 Paris\",\"publisher\":{\"@id\":\"https:\/\/librairie7l.com\/en\/#organization\"},\"potentialAction\":[{\"@type\":\"SearchAction\",\"target\":{\"@type\":\"EntryPoint\",\"urlTemplate\":\"https:\/\/librairie7l.com\/en\/?s={search_term_string}\"},\"query-input\":\"required name=search_term_string\"}],\"inLanguage\":\"en-US\"},{\"@type\":\"Organization\",\"@id\":\"https:\/\/librairie7l.com\/en\/#organization\",\"name\":\"Librairie 7L\",\"url\":\"https:\/\/librairie7l.com\/en\/\",\"logo\":{\"@type\":\"ImageObject\",\"inLanguage\":\"en-US\",\"@id\":\"https:\/\/librairie7l.com\/en\/#\/schema\/logo\/image\/\",\"url\":\"https:\/\/librairie7l.com\/wp-content\/uploads\/2022\/08\/logo-1.png\",\"contentUrl\":\"https:\/\/librairie7l.com\/wp-content\/uploads\/2022\/08\/logo-1.png\",\"width\":227,\"height\":301,\"caption\":\"Librairie 7L\"},\"image\":{\"@id\":\"https:\/\/librairie7l.com\/en\/#\/schema\/logo\/image\/\"}}]}<\/script>\n<!-- \/ Yoast SEO plugin. -->","yoast_head_json":{"title":"Modern Japanese Printmakers - Librairie 7L","robots":{"index":"index","follow":"follow","max-snippet":"max-snippet:-1","max-image-preview":"max-image-preview:large","max-video-preview":"max-video-preview:-1"},"canonical":"https:\/\/librairie7l.com\/en\/produit\/modern-japanese-printmakers-2\/","og_locale":"en_US","og_type":"article","og_title":"Modern Japanese Printmakers - Librairie 7L","og_description":"Ce livre pr\u00e9sente plus de 100 estampes japonaises, illustrant des styles vari\u00e9s de cette p\u00e9riode de transformation artistique. Il met en avant des ma\u00eetres comme Saito Kiyoshi, Munakata Shiko, et Shano Tozo, ainsi que des artistes moins connus, avec des descriptions d\u00e9taill\u00e9es et des portraits issus d&#8217;entretiens. C&#8217;est une exploration visuelle et approfondie de l&#8217;\u00e9volution [&hellip;]","og_url":"https:\/\/librairie7l.com\/en\/produit\/modern-japanese-printmakers-2\/","og_site_name":"Librairie 7L","article_modified_time":"2026-04-04T07:09:40+00:00","og_image":[{"width":361,"height":500,"url":"https:\/\/librairie7l.com\/wp-content\/uploads\/2025\/08\/9783791377841_1_75.jpg","type":"image\/jpeg"}],"twitter_card":"summary_large_image","schema":{"@context":"https:\/\/schema.org","@graph":[{"@type":"WebPage","@id":"https:\/\/librairie7l.com\/en\/produit\/modern-japanese-printmakers-2\/","url":"https:\/\/librairie7l.com\/en\/produit\/modern-japanese-printmakers-2\/","name":"Modern Japanese Printmakers - Librairie 7L","isPartOf":{"@id":"https:\/\/librairie7l.com\/en\/#website"},"datePublished":"2025-11-28T08:18:04+00:00","dateModified":"2026-04-04T07:09:40+00:00","breadcrumb":{"@id":"https:\/\/librairie7l.com\/en\/produit\/modern-japanese-printmakers-2\/#breadcrumb"},"inLanguage":"en-US","potentialAction":[{"@type":"ReadAction","target":["https:\/\/librairie7l.com\/en\/produit\/modern-japanese-printmakers-2\/"]}]},{"@type":"BreadcrumbList","@id":"https:\/\/librairie7l.com\/en\/produit\/modern-japanese-printmakers-2\/#breadcrumb","itemListElement":[{"@type":"ListItem","position":1,"name":"Accueil","item":"https:\/\/librairie7l.com\/en\/"},{"@type":"ListItem","position":2,"name":"Shop","item":"https:\/\/librairie7l.com\/en\/shop\/"},{"@type":"ListItem","position":3,"name":"MODERN JAPANESE PRINTMAKERS"}]},{"@type":"WebSite","@id":"https:\/\/librairie7l.com\/en\/#website","url":"https:\/\/librairie7l.com\/en\/","name":"Librairie 7L","description":"Librairie fond\u00e9e en 1999 par Karl Lagerfeld \u00e0 Paris","publisher":{"@id":"https:\/\/librairie7l.com\/en\/#organization"},"potentialAction":[{"@type":"SearchAction","target":{"@type":"EntryPoint","urlTemplate":"https:\/\/librairie7l.com\/en\/?s={search_term_string}"},"query-input":"required name=search_term_string"}],"inLanguage":"en-US"},{"@type":"Organization","@id":"https:\/\/librairie7l.com\/en\/#organization","name":"Librairie 7L","url":"https:\/\/librairie7l.com\/en\/","logo":{"@type":"ImageObject","inLanguage":"en-US","@id":"https:\/\/librairie7l.com\/en\/#\/schema\/logo\/image\/","url":"https:\/\/librairie7l.com\/wp-content\/uploads\/2022\/08\/logo-1.png","contentUrl":"https:\/\/librairie7l.com\/wp-content\/uploads\/2022\/08\/logo-1.png","width":227,"height":301,"caption":"Librairie 7L"},"image":{"@id":"https:\/\/librairie7l.com\/en\/#\/schema\/logo\/image\/"}}]}},"_links":{"self":[{"href":"https:\/\/librairie7l.com\/en\/wp-json\/wp\/v2\/product\/52821"}],"collection":[{"href":"https:\/\/librairie7l.com\/en\/wp-json\/wp\/v2\/product"}],"about":[{"href":"https:\/\/librairie7l.com\/en\/wp-json\/wp\/v2\/types\/product"}],"wp:featuredmedia":[{"embeddable":true,"href":"https:\/\/librairie7l.com\/en\/wp-json\/wp\/v2\/media\/52819"}],"wp:attachment":[{"href":"https:\/\/librairie7l.com\/en\/wp-json\/wp\/v2\/media?parent=52821"}],"wp:term":[{"taxonomy":"product_cat","embeddable":true,"href":"https:\/\/librairie7l.com\/en\/wp-json\/wp\/v2\/product_cat?post=52821"},{"taxonomy":"product_tag","embeddable":true,"href":"https:\/\/librairie7l.com\/en\/wp-json\/wp\/v2\/product_tag?post=52821"}],"curies":[{"name":"wp","href":"https:\/\/api.w.org\/{rel}","templated":true}]}}