{"id":52833,"date":"2025-11-28T09:18:13","date_gmt":"2025-11-28T08:18:13","guid":{"rendered":"https:\/\/librairie7l.com\/?post_type=product&#038;p=52833"},"modified":"2026-04-04T19:57:11","modified_gmt":"2026-04-04T17:57:11","slug":"the-watch-book-rolex-3e-edition-2","status":"publish","type":"product","link":"https:\/\/librairie7l.com\/en\/produit\/the-watch-book-rolex-3e-edition-2\/","title":{"rendered":"THE WATCH BOOK ROLEX (3E \u00c9DITION)"},"content":{"rendered":"<p>Dans cette nouvelle \u00e9dition du Watch Book Rolex, l&#8217;expert Gisbert L. Brunner vous guide \u00e0 travers le monde de cette marque horlog\u00e8re de luxe avec passion, souci du d\u00e9tail et une expertise exemplaire. Elle pr\u00e9sente aux lecteurs la technologie et le design innovants des mod\u00e8les Rolex embl\u00e9matiques mais aussi des derniers mod\u00e8les de la collection Rolex 2020 et 2021. Avec des textes trilingues en allemand, anglais et fran\u00e7ais et quelque 400 photographies en couleur et en noir et blanc, ce livre s&#8217;adresse aux amateurs de montres, aux collectionneurs de montres et aux passionn\u00e9s de Rolex du monde entier.<\/p>\n","protected":false},"excerpt":{"rendered":"<p>Dans cette nouvelle \u00e9dition du Watch Book Rolex, l&#8217;expert Gisbert L. Brunner vous guide \u00e0 travers le monde de cette marque horlog\u00e8re de luxe avec passion, souci du d\u00e9tail et une expertise exemplaire. Elle pr\u00e9sente aux lecteurs la technologie et le design innovants des mod\u00e8les Rolex embl\u00e9matiques mais aussi des derniers mod\u00e8les de la collection [&hellip;]<\/p>\n","protected":false},"featured_media":52831,"template":"","meta":[],"product_cat":[2948,2957],"product_tag":[],"acf":[],"yoast_head":"<!-- This site is optimized with the Yoast SEO plugin v20.11 - https:\/\/yoast.com\/wordpress\/plugins\/seo\/ -->\n<title>The watch book Rolex (3e \u00e9dition) - Librairie 7L<\/title>\n<meta name=\"robots\" content=\"index, follow, max-snippet:-1, max-image-preview:large, max-video-preview:-1\" \/>\n<link rel=\"canonical\" href=\"https:\/\/librairie7l.com\/en\/produit\/the-watch-book-rolex-3e-edition-2\/\" \/>\n<meta property=\"og:locale\" content=\"en_US\" \/>\n<meta property=\"og:type\" content=\"article\" \/>\n<meta property=\"og:title\" content=\"The watch book Rolex (3e \u00e9dition) - Librairie 7L\" \/>\n<meta property=\"og:description\" content=\"Dans cette nouvelle \u00e9dition du Watch Book Rolex, l&#8217;expert Gisbert L. Brunner vous guide \u00e0 travers le monde de cette marque horlog\u00e8re de luxe avec passion, souci du d\u00e9tail et une expertise exemplaire. Elle pr\u00e9sente aux lecteurs la technologie et le design innovants des mod\u00e8les Rolex embl\u00e9matiques mais aussi des derniers mod\u00e8les de la collection [&hellip;]\" \/>\n<meta property=\"og:url\" content=\"https:\/\/librairie7l.com\/en\/produit\/the-watch-book-rolex-3e-edition-2\/\" \/>\n<meta property=\"og:site_name\" content=\"Librairie 7L\" \/>\n<meta property=\"article:modified_time\" content=\"2026-04-04T17:57:11+00:00\" \/>\n<meta property=\"og:image\" content=\"https:\/\/librairie7l.com\/wp-content\/uploads\/2023\/06\/9783961715039_1_75.jpg\" \/>\n\t<meta property=\"og:image:width\" content=\"422\" \/>\n\t<meta property=\"og:image:height\" content=\"500\" \/>\n\t<meta property=\"og:image:type\" content=\"image\/jpeg\" \/>\n<meta name=\"twitter:card\" content=\"summary_large_image\" \/>\n<meta name=\"twitter:label1\" content=\"Est. reading time\" \/>\n\t<meta name=\"twitter:data1\" content=\"1 minute\" \/>\n<script type=\"application\/ld+json\" class=\"yoast-schema-graph\">{\"@context\":\"https:\/\/schema.org\",\"@graph\":[{\"@type\":\"WebPage\",\"@id\":\"https:\/\/librairie7l.com\/en\/produit\/the-watch-book-rolex-3e-edition-2\/\",\"url\":\"https:\/\/librairie7l.com\/en\/produit\/the-watch-book-rolex-3e-edition-2\/\",\"name\":\"The watch book Rolex (3e \u00e9dition) - Librairie 7L\",\"isPartOf\":{\"@id\":\"https:\/\/librairie7l.com\/en\/#website\"},\"datePublished\":\"2025-11-28T08:18:13+00:00\",\"dateModified\":\"2026-04-04T17:57:11+00:00\",\"breadcrumb\":{\"@id\":\"https:\/\/librairie7l.com\/en\/produit\/the-watch-book-rolex-3e-edition-2\/#breadcrumb\"},\"inLanguage\":\"en-US\",\"potentialAction\":[{\"@type\":\"ReadAction\",\"target\":[\"https:\/\/librairie7l.com\/en\/produit\/the-watch-book-rolex-3e-edition-2\/\"]}]},{\"@type\":\"BreadcrumbList\",\"@id\":\"https:\/\/librairie7l.com\/en\/produit\/the-watch-book-rolex-3e-edition-2\/#breadcrumb\",\"itemListElement\":[{\"@type\":\"ListItem\",\"position\":1,\"name\":\"Accueil\",\"item\":\"https:\/\/librairie7l.com\/en\/\"},{\"@type\":\"ListItem\",\"position\":2,\"name\":\"Shop\",\"item\":\"https:\/\/librairie7l.com\/en\/shop\/\"},{\"@type\":\"ListItem\",\"position\":3,\"name\":\"THE WATCH BOOK ROLEX (3E \u00c9DITION)\"}]},{\"@type\":\"WebSite\",\"@id\":\"https:\/\/librairie7l.com\/en\/#website\",\"url\":\"https:\/\/librairie7l.com\/en\/\",\"name\":\"Librairie 7L\",\"description\":\"Librairie fond\u00e9e en 1999 par Karl Lagerfeld \u00e0 Paris\",\"publisher\":{\"@id\":\"https:\/\/librairie7l.com\/en\/#organization\"},\"potentialAction\":[{\"@type\":\"SearchAction\",\"target\":{\"@type\":\"EntryPoint\",\"urlTemplate\":\"https:\/\/librairie7l.com\/en\/?s={search_term_string}\"},\"query-input\":\"required name=search_term_string\"}],\"inLanguage\":\"en-US\"},{\"@type\":\"Organization\",\"@id\":\"https:\/\/librairie7l.com\/en\/#organization\",\"name\":\"Librairie 7L\",\"url\":\"https:\/\/librairie7l.com\/en\/\",\"logo\":{\"@type\":\"ImageObject\",\"inLanguage\":\"en-US\",\"@id\":\"https:\/\/librairie7l.com\/en\/#\/schema\/logo\/image\/\",\"url\":\"https:\/\/librairie7l.com\/wp-content\/uploads\/2022\/08\/logo-1.png\",\"contentUrl\":\"https:\/\/librairie7l.com\/wp-content\/uploads\/2022\/08\/logo-1.png\",\"width\":227,\"height\":301,\"caption\":\"Librairie 7L\"},\"image\":{\"@id\":\"https:\/\/librairie7l.com\/en\/#\/schema\/logo\/image\/\"}}]}<\/script>\n<!-- \/ Yoast SEO plugin. -->","yoast_head_json":{"title":"The watch book Rolex (3e \u00e9dition) - Librairie 7L","robots":{"index":"index","follow":"follow","max-snippet":"max-snippet:-1","max-image-preview":"max-image-preview:large","max-video-preview":"max-video-preview:-1"},"canonical":"https:\/\/librairie7l.com\/en\/produit\/the-watch-book-rolex-3e-edition-2\/","og_locale":"en_US","og_type":"article","og_title":"The watch book Rolex (3e \u00e9dition) - Librairie 7L","og_description":"Dans cette nouvelle \u00e9dition du Watch Book Rolex, l&#8217;expert Gisbert L. Brunner vous guide \u00e0 travers le monde de cette marque horlog\u00e8re de luxe avec passion, souci du d\u00e9tail et une expertise exemplaire. Elle pr\u00e9sente aux lecteurs la technologie et le design innovants des mod\u00e8les Rolex embl\u00e9matiques mais aussi des derniers mod\u00e8les de la collection [&hellip;]","og_url":"https:\/\/librairie7l.com\/en\/produit\/the-watch-book-rolex-3e-edition-2\/","og_site_name":"Librairie 7L","article_modified_time":"2026-04-04T17:57:11+00:00","og_image":[{"width":422,"height":500,"url":"https:\/\/librairie7l.com\/wp-content\/uploads\/2023\/06\/9783961715039_1_75.jpg","type":"image\/jpeg"}],"twitter_card":"summary_large_image","twitter_misc":{"Est. reading time":"1 minute"},"schema":{"@context":"https:\/\/schema.org","@graph":[{"@type":"WebPage","@id":"https:\/\/librairie7l.com\/en\/produit\/the-watch-book-rolex-3e-edition-2\/","url":"https:\/\/librairie7l.com\/en\/produit\/the-watch-book-rolex-3e-edition-2\/","name":"The watch book Rolex (3e \u00e9dition) - Librairie 7L","isPartOf":{"@id":"https:\/\/librairie7l.com\/en\/#website"},"datePublished":"2025-11-28T08:18:13+00:00","dateModified":"2026-04-04T17:57:11+00:00","breadcrumb":{"@id":"https:\/\/librairie7l.com\/en\/produit\/the-watch-book-rolex-3e-edition-2\/#breadcrumb"},"inLanguage":"en-US","potentialAction":[{"@type":"ReadAction","target":["https:\/\/librairie7l.com\/en\/produit\/the-watch-book-rolex-3e-edition-2\/"]}]},{"@type":"BreadcrumbList","@id":"https:\/\/librairie7l.com\/en\/produit\/the-watch-book-rolex-3e-edition-2\/#breadcrumb","itemListElement":[{"@type":"ListItem","position":1,"name":"Accueil","item":"https:\/\/librairie7l.com\/en\/"},{"@type":"ListItem","position":2,"name":"Shop","item":"https:\/\/librairie7l.com\/en\/shop\/"},{"@type":"ListItem","position":3,"name":"THE WATCH BOOK ROLEX (3E \u00c9DITION)"}]},{"@type":"WebSite","@id":"https:\/\/librairie7l.com\/en\/#website","url":"https:\/\/librairie7l.com\/en\/","name":"Librairie 7L","description":"Librairie fond\u00e9e en 1999 par Karl Lagerfeld \u00e0 Paris","publisher":{"@id":"https:\/\/librairie7l.com\/en\/#organization"},"potentialAction":[{"@type":"SearchAction","target":{"@type":"EntryPoint","urlTemplate":"https:\/\/librairie7l.com\/en\/?s={search_term_string}"},"query-input":"required name=search_term_string"}],"inLanguage":"en-US"},{"@type":"Organization","@id":"https:\/\/librairie7l.com\/en\/#organization","name":"Librairie 7L","url":"https:\/\/librairie7l.com\/en\/","logo":{"@type":"ImageObject","inLanguage":"en-US","@id":"https:\/\/librairie7l.com\/en\/#\/schema\/logo\/image\/","url":"https:\/\/librairie7l.com\/wp-content\/uploads\/2022\/08\/logo-1.png","contentUrl":"https:\/\/librairie7l.com\/wp-content\/uploads\/2022\/08\/logo-1.png","width":227,"height":301,"caption":"Librairie 7L"},"image":{"@id":"https:\/\/librairie7l.com\/en\/#\/schema\/logo\/image\/"}}]}},"_links":{"self":[{"href":"https:\/\/librairie7l.com\/en\/wp-json\/wp\/v2\/product\/52833"}],"collection":[{"href":"https:\/\/librairie7l.com\/en\/wp-json\/wp\/v2\/product"}],"about":[{"href":"https:\/\/librairie7l.com\/en\/wp-json\/wp\/v2\/types\/product"}],"wp:featuredmedia":[{"embeddable":true,"href":"https:\/\/librairie7l.com\/en\/wp-json\/wp\/v2\/media\/52831"}],"wp:attachment":[{"href":"https:\/\/librairie7l.com\/en\/wp-json\/wp\/v2\/media?parent=52833"}],"wp:term":[{"taxonomy":"product_cat","embeddable":true,"href":"https:\/\/librairie7l.com\/en\/wp-json\/wp\/v2\/product_cat?post=52833"},{"taxonomy":"product_tag","embeddable":true,"href":"https:\/\/librairie7l.com\/en\/wp-json\/wp\/v2\/product_tag?post=52833"}],"curies":[{"name":"wp","href":"https:\/\/api.w.org\/{rel}","templated":true}]}}