{"id":52848,"date":"2025-11-29T00:52:31","date_gmt":"2025-11-28T23:52:31","guid":{"rendered":"https:\/\/librairie7l.com\/?post_type=product&#038;p=52848"},"modified":"2026-04-04T19:57:18","modified_gmt":"2026-04-04T17:57:18","slug":"georges-de-la-tour-entre-ombre-et-lumiere-catalogue-officiel-de-lexposition-2","status":"publish","type":"product","link":"https:\/\/librairie7l.com\/en\/produit\/georges-de-la-tour-entre-ombre-et-lumiere-catalogue-officiel-de-lexposition-2\/","title":{"rendered":"GEORGES DE LA TOUR : ENTRE OMBRE ET LUMI\u00c8RE ; CATALOGUE OFFICIEL DE L&#8217;EXPOSITION"},"content":{"rendered":"<p>Depuis sa red\u00e9couverte au XXe si\u00e8cle, Georges de La Tour (1593-1651) est reconnu comme l&#8217;un des plus grands peintres fran\u00e7ais.<br \/>\n\u00a0 \u00c0 travers une s\u00e9lection de peintures autographes et d&#8217;autres artistes italiens, fran\u00e7ais et nordiques, l&#8217;exposition retracera la carri\u00e8re de ce peintre lorrain aussi rare que fascinant.<br \/>\nArticul\u00e9e autour de sections th\u00e9matiques, elle pr\u00e9sentera les sujets de pr\u00e9dilection de Georges de La tour, comme les saints p\u00e9nitents, tricheurs ou mendiants, en les repla\u00e7ant dans le contexte de la circulation du caravagisme en Europe.<\/p>\n","protected":false},"excerpt":{"rendered":"<p>Depuis sa red\u00e9couverte au XXe si\u00e8cle, Georges de La Tour (1593-1651) est reconnu comme l&#8217;un des plus grands peintres fran\u00e7ais. \u00a0 \u00c0 travers une s\u00e9lection de peintures autographes et d&#8217;autres artistes italiens, fran\u00e7ais et nordiques, l&#8217;exposition retracera la carri\u00e8re de ce peintre lorrain aussi rare que fascinant. Articul\u00e9e autour de sections th\u00e9matiques, elle pr\u00e9sentera les [&hellip;]<\/p>\n","protected":false},"featured_media":52846,"template":"","meta":[],"product_cat":[7364,2948],"product_tag":[],"acf":[],"yoast_head":"<!-- This site is optimized with the Yoast SEO plugin v20.11 - https:\/\/yoast.com\/wordpress\/plugins\/seo\/ -->\n<title>Georges de La Tour : Entre ombre et lumi\u00e8re ; Catalogue officiel de l&#039;exposition - Librairie 7L<\/title>\n<meta name=\"robots\" content=\"index, follow, max-snippet:-1, max-image-preview:large, max-video-preview:-1\" \/>\n<link rel=\"canonical\" href=\"https:\/\/librairie7l.com\/en\/produit\/georges-de-la-tour-entre-ombre-et-lumiere-catalogue-officiel-de-lexposition-2\/\" \/>\n<meta property=\"og:locale\" content=\"en_US\" \/>\n<meta property=\"og:type\" content=\"article\" \/>\n<meta property=\"og:title\" content=\"Georges de La Tour : Entre ombre et lumi\u00e8re ; Catalogue officiel de l&#039;exposition - Librairie 7L\" \/>\n<meta property=\"og:description\" content=\"Depuis sa red\u00e9couverte au XXe si\u00e8cle, Georges de La Tour (1593-1651) est reconnu comme l&#8217;un des plus grands peintres fran\u00e7ais. \u00a0 \u00c0 travers une s\u00e9lection de peintures autographes et d&#8217;autres artistes italiens, fran\u00e7ais et nordiques, l&#8217;exposition retracera la carri\u00e8re de ce peintre lorrain aussi rare que fascinant. Articul\u00e9e autour de sections th\u00e9matiques, elle pr\u00e9sentera les [&hellip;]\" \/>\n<meta property=\"og:url\" content=\"https:\/\/librairie7l.com\/en\/produit\/georges-de-la-tour-entre-ombre-et-lumiere-catalogue-officiel-de-lexposition-2\/\" \/>\n<meta property=\"og:site_name\" content=\"Librairie 7L\" \/>\n<meta property=\"article:modified_time\" content=\"2026-04-04T17:57:18+00:00\" \/>\n<meta property=\"og:image\" content=\"https:\/\/librairie7l.com\/wp-content\/uploads\/2025\/04\/9782754117234_1_75.jpg\" \/>\n\t<meta property=\"og:image:width\" content=\"600\" \/>\n\t<meta property=\"og:image:height\" content=\"739\" \/>\n\t<meta property=\"og:image:type\" content=\"image\/jpeg\" \/>\n<meta name=\"twitter:card\" content=\"summary_large_image\" \/>\n<script type=\"application\/ld+json\" class=\"yoast-schema-graph\">{\"@context\":\"https:\/\/schema.org\",\"@graph\":[{\"@type\":\"WebPage\",\"@id\":\"https:\/\/librairie7l.com\/en\/produit\/georges-de-la-tour-entre-ombre-et-lumiere-catalogue-officiel-de-lexposition-2\/\",\"url\":\"https:\/\/librairie7l.com\/en\/produit\/georges-de-la-tour-entre-ombre-et-lumiere-catalogue-officiel-de-lexposition-2\/\",\"name\":\"Georges de La Tour : Entre ombre et lumi\u00e8re ; Catalogue officiel de l'exposition - Librairie 7L\",\"isPartOf\":{\"@id\":\"https:\/\/librairie7l.com\/en\/#website\"},\"datePublished\":\"2025-11-28T23:52:31+00:00\",\"dateModified\":\"2026-04-04T17:57:18+00:00\",\"breadcrumb\":{\"@id\":\"https:\/\/librairie7l.com\/en\/produit\/georges-de-la-tour-entre-ombre-et-lumiere-catalogue-officiel-de-lexposition-2\/#breadcrumb\"},\"inLanguage\":\"en-US\",\"potentialAction\":[{\"@type\":\"ReadAction\",\"target\":[\"https:\/\/librairie7l.com\/en\/produit\/georges-de-la-tour-entre-ombre-et-lumiere-catalogue-officiel-de-lexposition-2\/\"]}]},{\"@type\":\"BreadcrumbList\",\"@id\":\"https:\/\/librairie7l.com\/en\/produit\/georges-de-la-tour-entre-ombre-et-lumiere-catalogue-officiel-de-lexposition-2\/#breadcrumb\",\"itemListElement\":[{\"@type\":\"ListItem\",\"position\":1,\"name\":\"Accueil\",\"item\":\"https:\/\/librairie7l.com\/en\/\"},{\"@type\":\"ListItem\",\"position\":2,\"name\":\"Shop\",\"item\":\"https:\/\/librairie7l.com\/en\/shop\/\"},{\"@type\":\"ListItem\",\"position\":3,\"name\":\"GEORGES DE LA TOUR : ENTRE OMBRE ET LUMI\u00c8RE ; CATALOGUE OFFICIEL DE L&#8217;EXPOSITION\"}]},{\"@type\":\"WebSite\",\"@id\":\"https:\/\/librairie7l.com\/en\/#website\",\"url\":\"https:\/\/librairie7l.com\/en\/\",\"name\":\"Librairie 7L\",\"description\":\"Librairie fond\u00e9e en 1999 par Karl Lagerfeld \u00e0 Paris\",\"publisher\":{\"@id\":\"https:\/\/librairie7l.com\/en\/#organization\"},\"potentialAction\":[{\"@type\":\"SearchAction\",\"target\":{\"@type\":\"EntryPoint\",\"urlTemplate\":\"https:\/\/librairie7l.com\/en\/?s={search_term_string}\"},\"query-input\":\"required name=search_term_string\"}],\"inLanguage\":\"en-US\"},{\"@type\":\"Organization\",\"@id\":\"https:\/\/librairie7l.com\/en\/#organization\",\"name\":\"Librairie 7L\",\"url\":\"https:\/\/librairie7l.com\/en\/\",\"logo\":{\"@type\":\"ImageObject\",\"inLanguage\":\"en-US\",\"@id\":\"https:\/\/librairie7l.com\/en\/#\/schema\/logo\/image\/\",\"url\":\"https:\/\/librairie7l.com\/wp-content\/uploads\/2022\/08\/logo-1.png\",\"contentUrl\":\"https:\/\/librairie7l.com\/wp-content\/uploads\/2022\/08\/logo-1.png\",\"width\":227,\"height\":301,\"caption\":\"Librairie 7L\"},\"image\":{\"@id\":\"https:\/\/librairie7l.com\/en\/#\/schema\/logo\/image\/\"}}]}<\/script>\n<!-- \/ Yoast SEO plugin. -->","yoast_head_json":{"title":"Georges de La Tour : Entre ombre et lumi\u00e8re ; Catalogue officiel de l'exposition - Librairie 7L","robots":{"index":"index","follow":"follow","max-snippet":"max-snippet:-1","max-image-preview":"max-image-preview:large","max-video-preview":"max-video-preview:-1"},"canonical":"https:\/\/librairie7l.com\/en\/produit\/georges-de-la-tour-entre-ombre-et-lumiere-catalogue-officiel-de-lexposition-2\/","og_locale":"en_US","og_type":"article","og_title":"Georges de La Tour : Entre ombre et lumi\u00e8re ; Catalogue officiel de l'exposition - Librairie 7L","og_description":"Depuis sa red\u00e9couverte au XXe si\u00e8cle, Georges de La Tour (1593-1651) est reconnu comme l&#8217;un des plus grands peintres fran\u00e7ais. \u00a0 \u00c0 travers une s\u00e9lection de peintures autographes et d&#8217;autres artistes italiens, fran\u00e7ais et nordiques, l&#8217;exposition retracera la carri\u00e8re de ce peintre lorrain aussi rare que fascinant. Articul\u00e9e autour de sections th\u00e9matiques, elle pr\u00e9sentera les [&hellip;]","og_url":"https:\/\/librairie7l.com\/en\/produit\/georges-de-la-tour-entre-ombre-et-lumiere-catalogue-officiel-de-lexposition-2\/","og_site_name":"Librairie 7L","article_modified_time":"2026-04-04T17:57:18+00:00","og_image":[{"width":600,"height":739,"url":"https:\/\/librairie7l.com\/wp-content\/uploads\/2025\/04\/9782754117234_1_75.jpg","type":"image\/jpeg"}],"twitter_card":"summary_large_image","schema":{"@context":"https:\/\/schema.org","@graph":[{"@type":"WebPage","@id":"https:\/\/librairie7l.com\/en\/produit\/georges-de-la-tour-entre-ombre-et-lumiere-catalogue-officiel-de-lexposition-2\/","url":"https:\/\/librairie7l.com\/en\/produit\/georges-de-la-tour-entre-ombre-et-lumiere-catalogue-officiel-de-lexposition-2\/","name":"Georges de La Tour : Entre ombre et lumi\u00e8re ; Catalogue officiel de l'exposition - Librairie 7L","isPartOf":{"@id":"https:\/\/librairie7l.com\/en\/#website"},"datePublished":"2025-11-28T23:52:31+00:00","dateModified":"2026-04-04T17:57:18+00:00","breadcrumb":{"@id":"https:\/\/librairie7l.com\/en\/produit\/georges-de-la-tour-entre-ombre-et-lumiere-catalogue-officiel-de-lexposition-2\/#breadcrumb"},"inLanguage":"en-US","potentialAction":[{"@type":"ReadAction","target":["https:\/\/librairie7l.com\/en\/produit\/georges-de-la-tour-entre-ombre-et-lumiere-catalogue-officiel-de-lexposition-2\/"]}]},{"@type":"BreadcrumbList","@id":"https:\/\/librairie7l.com\/en\/produit\/georges-de-la-tour-entre-ombre-et-lumiere-catalogue-officiel-de-lexposition-2\/#breadcrumb","itemListElement":[{"@type":"ListItem","position":1,"name":"Accueil","item":"https:\/\/librairie7l.com\/en\/"},{"@type":"ListItem","position":2,"name":"Shop","item":"https:\/\/librairie7l.com\/en\/shop\/"},{"@type":"ListItem","position":3,"name":"GEORGES DE LA TOUR : ENTRE OMBRE ET LUMI\u00c8RE ; CATALOGUE OFFICIEL DE L&#8217;EXPOSITION"}]},{"@type":"WebSite","@id":"https:\/\/librairie7l.com\/en\/#website","url":"https:\/\/librairie7l.com\/en\/","name":"Librairie 7L","description":"Librairie fond\u00e9e en 1999 par Karl Lagerfeld \u00e0 Paris","publisher":{"@id":"https:\/\/librairie7l.com\/en\/#organization"},"potentialAction":[{"@type":"SearchAction","target":{"@type":"EntryPoint","urlTemplate":"https:\/\/librairie7l.com\/en\/?s={search_term_string}"},"query-input":"required name=search_term_string"}],"inLanguage":"en-US"},{"@type":"Organization","@id":"https:\/\/librairie7l.com\/en\/#organization","name":"Librairie 7L","url":"https:\/\/librairie7l.com\/en\/","logo":{"@type":"ImageObject","inLanguage":"en-US","@id":"https:\/\/librairie7l.com\/en\/#\/schema\/logo\/image\/","url":"https:\/\/librairie7l.com\/wp-content\/uploads\/2022\/08\/logo-1.png","contentUrl":"https:\/\/librairie7l.com\/wp-content\/uploads\/2022\/08\/logo-1.png","width":227,"height":301,"caption":"Librairie 7L"},"image":{"@id":"https:\/\/librairie7l.com\/en\/#\/schema\/logo\/image\/"}}]}},"_links":{"self":[{"href":"https:\/\/librairie7l.com\/en\/wp-json\/wp\/v2\/product\/52848"}],"collection":[{"href":"https:\/\/librairie7l.com\/en\/wp-json\/wp\/v2\/product"}],"about":[{"href":"https:\/\/librairie7l.com\/en\/wp-json\/wp\/v2\/types\/product"}],"wp:featuredmedia":[{"embeddable":true,"href":"https:\/\/librairie7l.com\/en\/wp-json\/wp\/v2\/media\/52846"}],"wp:attachment":[{"href":"https:\/\/librairie7l.com\/en\/wp-json\/wp\/v2\/media?parent=52848"}],"wp:term":[{"taxonomy":"product_cat","embeddable":true,"href":"https:\/\/librairie7l.com\/en\/wp-json\/wp\/v2\/product_cat?post=52848"},{"taxonomy":"product_tag","embeddable":true,"href":"https:\/\/librairie7l.com\/en\/wp-json\/wp\/v2\/product_tag?post=52848"}],"curies":[{"name":"wp","href":"https:\/\/api.w.org\/{rel}","templated":true}]}}