{"id":52856,"date":"2025-11-29T09:18:06","date_gmt":"2025-11-29T08:18:06","guid":{"rendered":"https:\/\/librairie7l.com\/?post_type=product&#038;p=52856"},"modified":"2026-04-04T09:08:00","modified_gmt":"2026-04-04T07:08:00","slug":"chroma-un-livre-de-couleurs-2","status":"publish","type":"product","link":"https:\/\/librairie7l.com\/en\/produit\/chroma-un-livre-de-couleurs-2\/","title":{"rendered":"CHROMA, UN LIVRE DE COULEURS"},"content":{"rendered":"<p>Chroma est le dernier livre de Derek Jarman. \u00abAutobiographie par la couleur\u00bb d&#8217;un homme qui perd chaque jour un peu plus la vue, jusqu&#8217;\u00e0 quasiment devenir aveugle, tandis qu&#8217;il en \u00e9crit les derni\u00e8res pages sur son lit d&#8217;h\u00f4pital, et qui revient sur les couleurs du langage et des livres, les seules auxquelles il a d\u00e9sormais acc\u00e8s. \u00abC&#8217;est pour cela que je n&#8217;ai pas voulu mettre de photo\u00bb, \u00e9crit-il. Mais Chroma n&#8217;en reste pas moins plein de cet humour si particulier \u00e0 l&#8217;oeuvre de Jarman, qui m\u00eale \u00e0 ses souvenirs d&#8217;enfance ou ceux d&#8217;une jeunesse \u00abh\u00e9ro\u00efque\u00bb dans les quartiers \u00abrouges\u00bb de Londres, ses lectures \u00e9rudites, des remarques toujours en demi-teinte sur la peinture et une r\u00e9flexion sur le jeu des couleurs de fleurs sur la lande de Dungeness, o\u00f9 pousse son \u00abdernier jardin\u00bb.<\/p>\n","protected":false},"excerpt":{"rendered":"<p>Chroma est le dernier livre de Derek Jarman. \u00abAutobiographie par la couleur\u00bb d&#8217;un homme qui perd chaque jour un peu plus la vue, jusqu&#8217;\u00e0 quasiment devenir aveugle, tandis qu&#8217;il en \u00e9crit les derni\u00e8res pages sur son lit d&#8217;h\u00f4pital, et qui revient sur les couleurs du langage et des livres, les seules auxquelles il a d\u00e9sormais [&hellip;]<\/p>\n","protected":false},"featured_media":52854,"template":"","meta":[],"product_cat":[2948,2953],"product_tag":[],"acf":[],"yoast_head":"<!-- This site is optimized with the Yoast SEO plugin v20.11 - https:\/\/yoast.com\/wordpress\/plugins\/seo\/ -->\n<title>Chroma, un livre de couleurs - Librairie 7L<\/title>\n<meta name=\"robots\" content=\"index, follow, max-snippet:-1, max-image-preview:large, max-video-preview:-1\" \/>\n<link rel=\"canonical\" href=\"https:\/\/librairie7l.com\/en\/produit\/chroma-un-livre-de-couleurs-2\/\" \/>\n<meta property=\"og:locale\" content=\"en_US\" \/>\n<meta property=\"og:type\" content=\"article\" \/>\n<meta property=\"og:title\" content=\"Chroma, un livre de couleurs - Librairie 7L\" \/>\n<meta property=\"og:description\" content=\"Chroma est le dernier livre de Derek Jarman. \u00abAutobiographie par la couleur\u00bb d&#8217;un homme qui perd chaque jour un peu plus la vue, jusqu&#8217;\u00e0 quasiment devenir aveugle, tandis qu&#8217;il en \u00e9crit les derni\u00e8res pages sur son lit d&#8217;h\u00f4pital, et qui revient sur les couleurs du langage et des livres, les seules auxquelles il a d\u00e9sormais [&hellip;]\" \/>\n<meta property=\"og:url\" content=\"https:\/\/librairie7l.com\/en\/produit\/chroma-un-livre-de-couleurs-2\/\" \/>\n<meta property=\"og:site_name\" content=\"Librairie 7L\" \/>\n<meta property=\"article:modified_time\" content=\"2026-04-04T07:08:00+00:00\" \/>\n<meta property=\"og:image\" content=\"https:\/\/librairie7l.com\/wp-content\/uploads\/2019\/04\/9782841624591_1_75.jpg\" \/>\n\t<meta property=\"og:image:width\" content=\"600\" \/>\n\t<meta property=\"og:image:height\" content=\"932\" \/>\n\t<meta property=\"og:image:type\" content=\"image\/jpeg\" \/>\n<meta name=\"twitter:card\" content=\"summary_large_image\" \/>\n<meta name=\"twitter:label1\" content=\"Est. reading time\" \/>\n\t<meta name=\"twitter:data1\" content=\"1 minute\" \/>\n<script type=\"application\/ld+json\" class=\"yoast-schema-graph\">{\"@context\":\"https:\/\/schema.org\",\"@graph\":[{\"@type\":\"WebPage\",\"@id\":\"https:\/\/librairie7l.com\/en\/produit\/chroma-un-livre-de-couleurs-2\/\",\"url\":\"https:\/\/librairie7l.com\/en\/produit\/chroma-un-livre-de-couleurs-2\/\",\"name\":\"Chroma, un livre de couleurs - Librairie 7L\",\"isPartOf\":{\"@id\":\"https:\/\/librairie7l.com\/en\/#website\"},\"datePublished\":\"2025-11-29T08:18:06+00:00\",\"dateModified\":\"2026-04-04T07:08:00+00:00\",\"breadcrumb\":{\"@id\":\"https:\/\/librairie7l.com\/en\/produit\/chroma-un-livre-de-couleurs-2\/#breadcrumb\"},\"inLanguage\":\"en-US\",\"potentialAction\":[{\"@type\":\"ReadAction\",\"target\":[\"https:\/\/librairie7l.com\/en\/produit\/chroma-un-livre-de-couleurs-2\/\"]}]},{\"@type\":\"BreadcrumbList\",\"@id\":\"https:\/\/librairie7l.com\/en\/produit\/chroma-un-livre-de-couleurs-2\/#breadcrumb\",\"itemListElement\":[{\"@type\":\"ListItem\",\"position\":1,\"name\":\"Accueil\",\"item\":\"https:\/\/librairie7l.com\/en\/\"},{\"@type\":\"ListItem\",\"position\":2,\"name\":\"Shop\",\"item\":\"https:\/\/librairie7l.com\/en\/shop\/\"},{\"@type\":\"ListItem\",\"position\":3,\"name\":\"CHROMA, UN LIVRE DE COULEURS\"}]},{\"@type\":\"WebSite\",\"@id\":\"https:\/\/librairie7l.com\/en\/#website\",\"url\":\"https:\/\/librairie7l.com\/en\/\",\"name\":\"Librairie 7L\",\"description\":\"Librairie fond\u00e9e en 1999 par Karl Lagerfeld \u00e0 Paris\",\"publisher\":{\"@id\":\"https:\/\/librairie7l.com\/en\/#organization\"},\"potentialAction\":[{\"@type\":\"SearchAction\",\"target\":{\"@type\":\"EntryPoint\",\"urlTemplate\":\"https:\/\/librairie7l.com\/en\/?s={search_term_string}\"},\"query-input\":\"required name=search_term_string\"}],\"inLanguage\":\"en-US\"},{\"@type\":\"Organization\",\"@id\":\"https:\/\/librairie7l.com\/en\/#organization\",\"name\":\"Librairie 7L\",\"url\":\"https:\/\/librairie7l.com\/en\/\",\"logo\":{\"@type\":\"ImageObject\",\"inLanguage\":\"en-US\",\"@id\":\"https:\/\/librairie7l.com\/en\/#\/schema\/logo\/image\/\",\"url\":\"https:\/\/librairie7l.com\/wp-content\/uploads\/2022\/08\/logo-1.png\",\"contentUrl\":\"https:\/\/librairie7l.com\/wp-content\/uploads\/2022\/08\/logo-1.png\",\"width\":227,\"height\":301,\"caption\":\"Librairie 7L\"},\"image\":{\"@id\":\"https:\/\/librairie7l.com\/en\/#\/schema\/logo\/image\/\"}}]}<\/script>\n<!-- \/ Yoast SEO plugin. -->","yoast_head_json":{"title":"Chroma, un livre de couleurs - Librairie 7L","robots":{"index":"index","follow":"follow","max-snippet":"max-snippet:-1","max-image-preview":"max-image-preview:large","max-video-preview":"max-video-preview:-1"},"canonical":"https:\/\/librairie7l.com\/en\/produit\/chroma-un-livre-de-couleurs-2\/","og_locale":"en_US","og_type":"article","og_title":"Chroma, un livre de couleurs - Librairie 7L","og_description":"Chroma est le dernier livre de Derek Jarman. \u00abAutobiographie par la couleur\u00bb d&#8217;un homme qui perd chaque jour un peu plus la vue, jusqu&#8217;\u00e0 quasiment devenir aveugle, tandis qu&#8217;il en \u00e9crit les derni\u00e8res pages sur son lit d&#8217;h\u00f4pital, et qui revient sur les couleurs du langage et des livres, les seules auxquelles il a d\u00e9sormais [&hellip;]","og_url":"https:\/\/librairie7l.com\/en\/produit\/chroma-un-livre-de-couleurs-2\/","og_site_name":"Librairie 7L","article_modified_time":"2026-04-04T07:08:00+00:00","og_image":[{"width":600,"height":932,"url":"https:\/\/librairie7l.com\/wp-content\/uploads\/2019\/04\/9782841624591_1_75.jpg","type":"image\/jpeg"}],"twitter_card":"summary_large_image","twitter_misc":{"Est. reading time":"1 minute"},"schema":{"@context":"https:\/\/schema.org","@graph":[{"@type":"WebPage","@id":"https:\/\/librairie7l.com\/en\/produit\/chroma-un-livre-de-couleurs-2\/","url":"https:\/\/librairie7l.com\/en\/produit\/chroma-un-livre-de-couleurs-2\/","name":"Chroma, un livre de couleurs - Librairie 7L","isPartOf":{"@id":"https:\/\/librairie7l.com\/en\/#website"},"datePublished":"2025-11-29T08:18:06+00:00","dateModified":"2026-04-04T07:08:00+00:00","breadcrumb":{"@id":"https:\/\/librairie7l.com\/en\/produit\/chroma-un-livre-de-couleurs-2\/#breadcrumb"},"inLanguage":"en-US","potentialAction":[{"@type":"ReadAction","target":["https:\/\/librairie7l.com\/en\/produit\/chroma-un-livre-de-couleurs-2\/"]}]},{"@type":"BreadcrumbList","@id":"https:\/\/librairie7l.com\/en\/produit\/chroma-un-livre-de-couleurs-2\/#breadcrumb","itemListElement":[{"@type":"ListItem","position":1,"name":"Accueil","item":"https:\/\/librairie7l.com\/en\/"},{"@type":"ListItem","position":2,"name":"Shop","item":"https:\/\/librairie7l.com\/en\/shop\/"},{"@type":"ListItem","position":3,"name":"CHROMA, UN LIVRE DE COULEURS"}]},{"@type":"WebSite","@id":"https:\/\/librairie7l.com\/en\/#website","url":"https:\/\/librairie7l.com\/en\/","name":"Librairie 7L","description":"Librairie fond\u00e9e en 1999 par Karl Lagerfeld \u00e0 Paris","publisher":{"@id":"https:\/\/librairie7l.com\/en\/#organization"},"potentialAction":[{"@type":"SearchAction","target":{"@type":"EntryPoint","urlTemplate":"https:\/\/librairie7l.com\/en\/?s={search_term_string}"},"query-input":"required name=search_term_string"}],"inLanguage":"en-US"},{"@type":"Organization","@id":"https:\/\/librairie7l.com\/en\/#organization","name":"Librairie 7L","url":"https:\/\/librairie7l.com\/en\/","logo":{"@type":"ImageObject","inLanguage":"en-US","@id":"https:\/\/librairie7l.com\/en\/#\/schema\/logo\/image\/","url":"https:\/\/librairie7l.com\/wp-content\/uploads\/2022\/08\/logo-1.png","contentUrl":"https:\/\/librairie7l.com\/wp-content\/uploads\/2022\/08\/logo-1.png","width":227,"height":301,"caption":"Librairie 7L"},"image":{"@id":"https:\/\/librairie7l.com\/en\/#\/schema\/logo\/image\/"}}]}},"_links":{"self":[{"href":"https:\/\/librairie7l.com\/en\/wp-json\/wp\/v2\/product\/52856"}],"collection":[{"href":"https:\/\/librairie7l.com\/en\/wp-json\/wp\/v2\/product"}],"about":[{"href":"https:\/\/librairie7l.com\/en\/wp-json\/wp\/v2\/types\/product"}],"wp:featuredmedia":[{"embeddable":true,"href":"https:\/\/librairie7l.com\/en\/wp-json\/wp\/v2\/media\/52854"}],"wp:attachment":[{"href":"https:\/\/librairie7l.com\/en\/wp-json\/wp\/v2\/media?parent=52856"}],"wp:term":[{"taxonomy":"product_cat","embeddable":true,"href":"https:\/\/librairie7l.com\/en\/wp-json\/wp\/v2\/product_cat?post=52856"},{"taxonomy":"product_tag","embeddable":true,"href":"https:\/\/librairie7l.com\/en\/wp-json\/wp\/v2\/product_tag?post=52856"}],"curies":[{"name":"wp","href":"https:\/\/api.w.org\/{rel}","templated":true}]}}