{"id":52860,"date":"2025-11-29T10:32:35","date_gmt":"2025-11-29T09:32:35","guid":{"rendered":"https:\/\/librairie7l.com\/?post_type=product&#038;p=52860"},"modified":"2026-04-04T19:59:03","modified_gmt":"2026-04-04T17:59:03","slug":"lart-du-mouvement-2","status":"publish","type":"product","link":"https:\/\/librairie7l.com\/en\/produit\/lart-du-mouvement-2\/","title":{"rendered":"L&#8217;ART DU MOUVEMENT"},"content":{"rendered":"<p>Saisissant avec brio la fugacit\u00e9, l&#8217;harmonie et l&#8217;\u00e9nergie du mouvement, ce projet photographique in\u00e9dit immortalise la gr\u00e2ce de plus de 70 danseurs exceptionnels, membres des compagnies les plus r\u00e9put\u00e9es.<\/p>\n<p>Enrichie du t\u00e9moignage inspirant d&#8217;un danseur, chor\u00e9graphe ou directeur artistique, chaque photographie r\u00e9v\u00e8le le pouvoir de la danse et nous plonge dans l&#8217;intimit\u00e9 de ces artistes d&#8217;exception, pour en comprendre le parcours et le travail, et en saisir les plus belles poses. Chaque portrait d\u00e9voile une impressionnante sensation de mouvement et de vitalit\u00e9, alliant l&#8217;\u00e9vanescente beaut\u00e9 de la danse et l&#8217;instantan\u00e9 photographique. Nul  ne  serait surpris de voir, au cours d&#8217;un instant, ces artistes se mettre \u00e0 danser.<\/p>\n","protected":false},"excerpt":{"rendered":"<p>Saisissant avec brio la fugacit\u00e9, l&#8217;harmonie et l&#8217;\u00e9nergie du mouvement, ce projet photographique in\u00e9dit immortalise la gr\u00e2ce de plus de 70 danseurs exceptionnels, membres des compagnies les plus r\u00e9put\u00e9es. Enrichie du t\u00e9moignage inspirant d&#8217;un danseur, chor\u00e9graphe ou directeur artistique, chaque photographie r\u00e9v\u00e8le le pouvoir de la danse et nous plonge dans l&#8217;intimit\u00e9 de ces artistes [&hellip;]<\/p>\n","protected":false},"featured_media":52858,"template":"","meta":[],"product_cat":[7364,2948],"product_tag":[],"acf":[],"yoast_head":"<!-- This site is optimized with the Yoast SEO plugin v20.11 - https:\/\/yoast.com\/wordpress\/plugins\/seo\/ -->\n<title>L&#039;art du mouvement - Librairie 7L<\/title>\n<meta name=\"robots\" content=\"index, follow, max-snippet:-1, max-image-preview:large, max-video-preview:-1\" \/>\n<link rel=\"canonical\" href=\"https:\/\/librairie7l.com\/en\/produit\/lart-du-mouvement-2\/\" \/>\n<meta property=\"og:locale\" content=\"en_US\" \/>\n<meta property=\"og:type\" content=\"article\" \/>\n<meta property=\"og:title\" content=\"L&#039;art du mouvement - Librairie 7L\" \/>\n<meta property=\"og:description\" content=\"Saisissant avec brio la fugacit\u00e9, l&#8217;harmonie et l&#8217;\u00e9nergie du mouvement, ce projet photographique in\u00e9dit immortalise la gr\u00e2ce de plus de 70 danseurs exceptionnels, membres des compagnies les plus r\u00e9put\u00e9es. Enrichie du t\u00e9moignage inspirant d&#8217;un danseur, chor\u00e9graphe ou directeur artistique, chaque photographie r\u00e9v\u00e8le le pouvoir de la danse et nous plonge dans l&#8217;intimit\u00e9 de ces artistes [&hellip;]\" \/>\n<meta property=\"og:url\" content=\"https:\/\/librairie7l.com\/en\/produit\/lart-du-mouvement-2\/\" \/>\n<meta property=\"og:site_name\" content=\"Librairie 7L\" \/>\n<meta property=\"article:modified_time\" content=\"2026-04-04T17:59:03+00:00\" \/>\n<meta property=\"og:image\" content=\"https:\/\/librairie7l.com\/wp-content\/uploads\/2023\/06\/9782376714392_1_75.jpg\" \/>\n\t<meta property=\"og:image:width\" content=\"600\" \/>\n\t<meta property=\"og:image:height\" content=\"744\" \/>\n\t<meta property=\"og:image:type\" content=\"image\/jpeg\" \/>\n<meta name=\"twitter:card\" content=\"summary_large_image\" \/>\n<meta name=\"twitter:label1\" content=\"Est. reading time\" \/>\n\t<meta name=\"twitter:data1\" content=\"1 minute\" \/>\n<script type=\"application\/ld+json\" class=\"yoast-schema-graph\">{\"@context\":\"https:\/\/schema.org\",\"@graph\":[{\"@type\":\"WebPage\",\"@id\":\"https:\/\/librairie7l.com\/en\/produit\/lart-du-mouvement-2\/\",\"url\":\"https:\/\/librairie7l.com\/en\/produit\/lart-du-mouvement-2\/\",\"name\":\"L'art du mouvement - Librairie 7L\",\"isPartOf\":{\"@id\":\"https:\/\/librairie7l.com\/en\/#website\"},\"datePublished\":\"2025-11-29T09:32:35+00:00\",\"dateModified\":\"2026-04-04T17:59:03+00:00\",\"breadcrumb\":{\"@id\":\"https:\/\/librairie7l.com\/en\/produit\/lart-du-mouvement-2\/#breadcrumb\"},\"inLanguage\":\"en-US\",\"potentialAction\":[{\"@type\":\"ReadAction\",\"target\":[\"https:\/\/librairie7l.com\/en\/produit\/lart-du-mouvement-2\/\"]}]},{\"@type\":\"BreadcrumbList\",\"@id\":\"https:\/\/librairie7l.com\/en\/produit\/lart-du-mouvement-2\/#breadcrumb\",\"itemListElement\":[{\"@type\":\"ListItem\",\"position\":1,\"name\":\"Accueil\",\"item\":\"https:\/\/librairie7l.com\/en\/\"},{\"@type\":\"ListItem\",\"position\":2,\"name\":\"Shop\",\"item\":\"https:\/\/librairie7l.com\/en\/shop\/\"},{\"@type\":\"ListItem\",\"position\":3,\"name\":\"L&#8217;ART DU MOUVEMENT\"}]},{\"@type\":\"WebSite\",\"@id\":\"https:\/\/librairie7l.com\/en\/#website\",\"url\":\"https:\/\/librairie7l.com\/en\/\",\"name\":\"Librairie 7L\",\"description\":\"Librairie fond\u00e9e en 1999 par Karl Lagerfeld \u00e0 Paris\",\"publisher\":{\"@id\":\"https:\/\/librairie7l.com\/en\/#organization\"},\"potentialAction\":[{\"@type\":\"SearchAction\",\"target\":{\"@type\":\"EntryPoint\",\"urlTemplate\":\"https:\/\/librairie7l.com\/en\/?s={search_term_string}\"},\"query-input\":\"required name=search_term_string\"}],\"inLanguage\":\"en-US\"},{\"@type\":\"Organization\",\"@id\":\"https:\/\/librairie7l.com\/en\/#organization\",\"name\":\"Librairie 7L\",\"url\":\"https:\/\/librairie7l.com\/en\/\",\"logo\":{\"@type\":\"ImageObject\",\"inLanguage\":\"en-US\",\"@id\":\"https:\/\/librairie7l.com\/en\/#\/schema\/logo\/image\/\",\"url\":\"https:\/\/librairie7l.com\/wp-content\/uploads\/2022\/08\/logo-1.png\",\"contentUrl\":\"https:\/\/librairie7l.com\/wp-content\/uploads\/2022\/08\/logo-1.png\",\"width\":227,\"height\":301,\"caption\":\"Librairie 7L\"},\"image\":{\"@id\":\"https:\/\/librairie7l.com\/en\/#\/schema\/logo\/image\/\"}}]}<\/script>\n<!-- \/ Yoast SEO plugin. -->","yoast_head_json":{"title":"L'art du mouvement - Librairie 7L","robots":{"index":"index","follow":"follow","max-snippet":"max-snippet:-1","max-image-preview":"max-image-preview:large","max-video-preview":"max-video-preview:-1"},"canonical":"https:\/\/librairie7l.com\/en\/produit\/lart-du-mouvement-2\/","og_locale":"en_US","og_type":"article","og_title":"L'art du mouvement - Librairie 7L","og_description":"Saisissant avec brio la fugacit\u00e9, l&#8217;harmonie et l&#8217;\u00e9nergie du mouvement, ce projet photographique in\u00e9dit immortalise la gr\u00e2ce de plus de 70 danseurs exceptionnels, membres des compagnies les plus r\u00e9put\u00e9es. Enrichie du t\u00e9moignage inspirant d&#8217;un danseur, chor\u00e9graphe ou directeur artistique, chaque photographie r\u00e9v\u00e8le le pouvoir de la danse et nous plonge dans l&#8217;intimit\u00e9 de ces artistes [&hellip;]","og_url":"https:\/\/librairie7l.com\/en\/produit\/lart-du-mouvement-2\/","og_site_name":"Librairie 7L","article_modified_time":"2026-04-04T17:59:03+00:00","og_image":[{"width":600,"height":744,"url":"https:\/\/librairie7l.com\/wp-content\/uploads\/2023\/06\/9782376714392_1_75.jpg","type":"image\/jpeg"}],"twitter_card":"summary_large_image","twitter_misc":{"Est. reading time":"1 minute"},"schema":{"@context":"https:\/\/schema.org","@graph":[{"@type":"WebPage","@id":"https:\/\/librairie7l.com\/en\/produit\/lart-du-mouvement-2\/","url":"https:\/\/librairie7l.com\/en\/produit\/lart-du-mouvement-2\/","name":"L'art du mouvement - Librairie 7L","isPartOf":{"@id":"https:\/\/librairie7l.com\/en\/#website"},"datePublished":"2025-11-29T09:32:35+00:00","dateModified":"2026-04-04T17:59:03+00:00","breadcrumb":{"@id":"https:\/\/librairie7l.com\/en\/produit\/lart-du-mouvement-2\/#breadcrumb"},"inLanguage":"en-US","potentialAction":[{"@type":"ReadAction","target":["https:\/\/librairie7l.com\/en\/produit\/lart-du-mouvement-2\/"]}]},{"@type":"BreadcrumbList","@id":"https:\/\/librairie7l.com\/en\/produit\/lart-du-mouvement-2\/#breadcrumb","itemListElement":[{"@type":"ListItem","position":1,"name":"Accueil","item":"https:\/\/librairie7l.com\/en\/"},{"@type":"ListItem","position":2,"name":"Shop","item":"https:\/\/librairie7l.com\/en\/shop\/"},{"@type":"ListItem","position":3,"name":"L&#8217;ART DU MOUVEMENT"}]},{"@type":"WebSite","@id":"https:\/\/librairie7l.com\/en\/#website","url":"https:\/\/librairie7l.com\/en\/","name":"Librairie 7L","description":"Librairie fond\u00e9e en 1999 par Karl Lagerfeld \u00e0 Paris","publisher":{"@id":"https:\/\/librairie7l.com\/en\/#organization"},"potentialAction":[{"@type":"SearchAction","target":{"@type":"EntryPoint","urlTemplate":"https:\/\/librairie7l.com\/en\/?s={search_term_string}"},"query-input":"required name=search_term_string"}],"inLanguage":"en-US"},{"@type":"Organization","@id":"https:\/\/librairie7l.com\/en\/#organization","name":"Librairie 7L","url":"https:\/\/librairie7l.com\/en\/","logo":{"@type":"ImageObject","inLanguage":"en-US","@id":"https:\/\/librairie7l.com\/en\/#\/schema\/logo\/image\/","url":"https:\/\/librairie7l.com\/wp-content\/uploads\/2022\/08\/logo-1.png","contentUrl":"https:\/\/librairie7l.com\/wp-content\/uploads\/2022\/08\/logo-1.png","width":227,"height":301,"caption":"Librairie 7L"},"image":{"@id":"https:\/\/librairie7l.com\/en\/#\/schema\/logo\/image\/"}}]}},"_links":{"self":[{"href":"https:\/\/librairie7l.com\/en\/wp-json\/wp\/v2\/product\/52860"}],"collection":[{"href":"https:\/\/librairie7l.com\/en\/wp-json\/wp\/v2\/product"}],"about":[{"href":"https:\/\/librairie7l.com\/en\/wp-json\/wp\/v2\/types\/product"}],"wp:featuredmedia":[{"embeddable":true,"href":"https:\/\/librairie7l.com\/en\/wp-json\/wp\/v2\/media\/52858"}],"wp:attachment":[{"href":"https:\/\/librairie7l.com\/en\/wp-json\/wp\/v2\/media?parent=52860"}],"wp:term":[{"taxonomy":"product_cat","embeddable":true,"href":"https:\/\/librairie7l.com\/en\/wp-json\/wp\/v2\/product_cat?post=52860"},{"taxonomy":"product_tag","embeddable":true,"href":"https:\/\/librairie7l.com\/en\/wp-json\/wp\/v2\/product_tag?post=52860"}],"curies":[{"name":"wp","href":"https:\/\/api.w.org\/{rel}","templated":true}]}}