{"id":52893,"date":"2025-12-02T20:31:48","date_gmt":"2025-12-02T19:31:48","guid":{"rendered":"https:\/\/librairie7l.com\/?post_type=product&#038;p=52893"},"modified":"2026-04-04T17:23:21","modified_gmt":"2026-04-04T15:23:21","slug":"bon-ou-divin-pourquoi-ce-qui-est-bon-sans-dieu-nest-pas-suffisant-2","status":"publish","type":"product","link":"https:\/\/librairie7l.com\/en\/produit\/bon-ou-divin-pourquoi-ce-qui-est-bon-sans-dieu-nest-pas-suffisant-2\/","title":{"rendered":"BON OU DIVIN ? POURQUOI CE QUI EST BON SANS DIEU N&#8217;EST PAS SUFFISANT"},"content":{"rendered":"<p>La g\u00e9n\u00e9rosit\u00e9, l&#8217;humilit\u00e9, la justice : c&#8217;est bien. L&#8217;\u00e9go\u00efsme, l&#8217;arrogance, la cruaut\u00e9 c&#8217;est mal. La distinction semble vraiment aller de soi. A-t-on fait le tour de la question pour autant ? Si le bien est aussi \u00e9vident, pourquoi la Bible nous dit-elle qu&#8217;il faut du discernement pour le reconna\u00eetre ? Bon ou divin ? n&#8217;est pas un simple message de d\u00e9veloppement personnel. Ce livre fera plus que vous inviter \u00e0 changer de comportement : il sera une source d&#8217;inspiration pour votre vie tout enti\u00e8re et dans votre engagement pour Dieu.<\/p>\n","protected":false},"excerpt":{"rendered":"<p>La g\u00e9n\u00e9rosit\u00e9, l&#8217;humilit\u00e9, la justice : c&#8217;est bien. L&#8217;\u00e9go\u00efsme, l&#8217;arrogance, la cruaut\u00e9 c&#8217;est mal. La distinction semble vraiment aller de soi. A-t-on fait le tour de la question pour autant ? Si le bien est aussi \u00e9vident, pourquoi la Bible nous dit-elle qu&#8217;il faut du discernement pour le reconna\u00eetre ? Bon ou divin ? n&#8217;est [&hellip;]<\/p>\n","protected":false},"featured_media":52891,"template":"","meta":[],"product_cat":[7364,2948],"product_tag":[],"acf":[],"yoast_head":"<!-- This site is optimized with the Yoast SEO plugin v20.11 - https:\/\/yoast.com\/wordpress\/plugins\/seo\/ -->\n<title>Bon ou divin ? pourquoi ce qui est bon sans Dieu n&#039;est pas suffisant - Librairie 7L<\/title>\n<meta name=\"robots\" content=\"index, follow, max-snippet:-1, max-image-preview:large, max-video-preview:-1\" \/>\n<link rel=\"canonical\" href=\"https:\/\/librairie7l.com\/en\/produit\/bon-ou-divin-pourquoi-ce-qui-est-bon-sans-dieu-nest-pas-suffisant-2\/\" \/>\n<meta property=\"og:locale\" content=\"en_US\" \/>\n<meta property=\"og:type\" content=\"article\" \/>\n<meta property=\"og:title\" content=\"Bon ou divin ? pourquoi ce qui est bon sans Dieu n&#039;est pas suffisant - Librairie 7L\" \/>\n<meta property=\"og:description\" content=\"La g\u00e9n\u00e9rosit\u00e9, l&#8217;humilit\u00e9, la justice : c&#8217;est bien. L&#8217;\u00e9go\u00efsme, l&#8217;arrogance, la cruaut\u00e9 c&#8217;est mal. La distinction semble vraiment aller de soi. A-t-on fait le tour de la question pour autant ? Si le bien est aussi \u00e9vident, pourquoi la Bible nous dit-elle qu&#8217;il faut du discernement pour le reconna\u00eetre ? Bon ou divin ? n&#8217;est [&hellip;]\" \/>\n<meta property=\"og:url\" content=\"https:\/\/librairie7l.com\/en\/produit\/bon-ou-divin-pourquoi-ce-qui-est-bon-sans-dieu-nest-pas-suffisant-2\/\" \/>\n<meta property=\"og:site_name\" content=\"Librairie 7L\" \/>\n<meta property=\"article:modified_time\" content=\"2026-04-04T15:23:21+00:00\" \/>\n<meta property=\"og:image\" content=\"https:\/\/librairie7l.com\/wp-content\/uploads\/2015\/10\/9782847002676_1_75.jpg\" \/>\n\t<meta property=\"og:image:width\" content=\"600\" \/>\n\t<meta property=\"og:image:height\" content=\"903\" \/>\n\t<meta property=\"og:image:type\" content=\"image\/jpeg\" \/>\n<meta name=\"twitter:card\" content=\"summary_large_image\" \/>\n<script type=\"application\/ld+json\" class=\"yoast-schema-graph\">{\"@context\":\"https:\/\/schema.org\",\"@graph\":[{\"@type\":\"WebPage\",\"@id\":\"https:\/\/librairie7l.com\/en\/produit\/bon-ou-divin-pourquoi-ce-qui-est-bon-sans-dieu-nest-pas-suffisant-2\/\",\"url\":\"https:\/\/librairie7l.com\/en\/produit\/bon-ou-divin-pourquoi-ce-qui-est-bon-sans-dieu-nest-pas-suffisant-2\/\",\"name\":\"Bon ou divin ? pourquoi ce qui est bon sans Dieu n'est pas suffisant - Librairie 7L\",\"isPartOf\":{\"@id\":\"https:\/\/librairie7l.com\/en\/#website\"},\"datePublished\":\"2025-12-02T19:31:48+00:00\",\"dateModified\":\"2026-04-04T15:23:21+00:00\",\"breadcrumb\":{\"@id\":\"https:\/\/librairie7l.com\/en\/produit\/bon-ou-divin-pourquoi-ce-qui-est-bon-sans-dieu-nest-pas-suffisant-2\/#breadcrumb\"},\"inLanguage\":\"en-US\",\"potentialAction\":[{\"@type\":\"ReadAction\",\"target\":[\"https:\/\/librairie7l.com\/en\/produit\/bon-ou-divin-pourquoi-ce-qui-est-bon-sans-dieu-nest-pas-suffisant-2\/\"]}]},{\"@type\":\"BreadcrumbList\",\"@id\":\"https:\/\/librairie7l.com\/en\/produit\/bon-ou-divin-pourquoi-ce-qui-est-bon-sans-dieu-nest-pas-suffisant-2\/#breadcrumb\",\"itemListElement\":[{\"@type\":\"ListItem\",\"position\":1,\"name\":\"Accueil\",\"item\":\"https:\/\/librairie7l.com\/en\/\"},{\"@type\":\"ListItem\",\"position\":2,\"name\":\"Shop\",\"item\":\"https:\/\/librairie7l.com\/en\/shop\/\"},{\"@type\":\"ListItem\",\"position\":3,\"name\":\"BON OU DIVIN ? POURQUOI CE QUI EST BON SANS DIEU N&#8217;EST PAS SUFFISANT\"}]},{\"@type\":\"WebSite\",\"@id\":\"https:\/\/librairie7l.com\/en\/#website\",\"url\":\"https:\/\/librairie7l.com\/en\/\",\"name\":\"Librairie 7L\",\"description\":\"Librairie fond\u00e9e en 1999 par Karl Lagerfeld \u00e0 Paris\",\"publisher\":{\"@id\":\"https:\/\/librairie7l.com\/en\/#organization\"},\"potentialAction\":[{\"@type\":\"SearchAction\",\"target\":{\"@type\":\"EntryPoint\",\"urlTemplate\":\"https:\/\/librairie7l.com\/en\/?s={search_term_string}\"},\"query-input\":\"required name=search_term_string\"}],\"inLanguage\":\"en-US\"},{\"@type\":\"Organization\",\"@id\":\"https:\/\/librairie7l.com\/en\/#organization\",\"name\":\"Librairie 7L\",\"url\":\"https:\/\/librairie7l.com\/en\/\",\"logo\":{\"@type\":\"ImageObject\",\"inLanguage\":\"en-US\",\"@id\":\"https:\/\/librairie7l.com\/en\/#\/schema\/logo\/image\/\",\"url\":\"https:\/\/librairie7l.com\/wp-content\/uploads\/2022\/08\/logo-1.png\",\"contentUrl\":\"https:\/\/librairie7l.com\/wp-content\/uploads\/2022\/08\/logo-1.png\",\"width\":227,\"height\":301,\"caption\":\"Librairie 7L\"},\"image\":{\"@id\":\"https:\/\/librairie7l.com\/en\/#\/schema\/logo\/image\/\"}}]}<\/script>\n<!-- \/ Yoast SEO plugin. -->","yoast_head_json":{"title":"Bon ou divin ? pourquoi ce qui est bon sans Dieu n'est pas suffisant - Librairie 7L","robots":{"index":"index","follow":"follow","max-snippet":"max-snippet:-1","max-image-preview":"max-image-preview:large","max-video-preview":"max-video-preview:-1"},"canonical":"https:\/\/librairie7l.com\/en\/produit\/bon-ou-divin-pourquoi-ce-qui-est-bon-sans-dieu-nest-pas-suffisant-2\/","og_locale":"en_US","og_type":"article","og_title":"Bon ou divin ? pourquoi ce qui est bon sans Dieu n'est pas suffisant - Librairie 7L","og_description":"La g\u00e9n\u00e9rosit\u00e9, l&#8217;humilit\u00e9, la justice : c&#8217;est bien. L&#8217;\u00e9go\u00efsme, l&#8217;arrogance, la cruaut\u00e9 c&#8217;est mal. La distinction semble vraiment aller de soi. A-t-on fait le tour de la question pour autant ? Si le bien est aussi \u00e9vident, pourquoi la Bible nous dit-elle qu&#8217;il faut du discernement pour le reconna\u00eetre ? Bon ou divin ? n&#8217;est [&hellip;]","og_url":"https:\/\/librairie7l.com\/en\/produit\/bon-ou-divin-pourquoi-ce-qui-est-bon-sans-dieu-nest-pas-suffisant-2\/","og_site_name":"Librairie 7L","article_modified_time":"2026-04-04T15:23:21+00:00","og_image":[{"width":600,"height":903,"url":"https:\/\/librairie7l.com\/wp-content\/uploads\/2015\/10\/9782847002676_1_75.jpg","type":"image\/jpeg"}],"twitter_card":"summary_large_image","schema":{"@context":"https:\/\/schema.org","@graph":[{"@type":"WebPage","@id":"https:\/\/librairie7l.com\/en\/produit\/bon-ou-divin-pourquoi-ce-qui-est-bon-sans-dieu-nest-pas-suffisant-2\/","url":"https:\/\/librairie7l.com\/en\/produit\/bon-ou-divin-pourquoi-ce-qui-est-bon-sans-dieu-nest-pas-suffisant-2\/","name":"Bon ou divin ? pourquoi ce qui est bon sans Dieu n'est pas suffisant - Librairie 7L","isPartOf":{"@id":"https:\/\/librairie7l.com\/en\/#website"},"datePublished":"2025-12-02T19:31:48+00:00","dateModified":"2026-04-04T15:23:21+00:00","breadcrumb":{"@id":"https:\/\/librairie7l.com\/en\/produit\/bon-ou-divin-pourquoi-ce-qui-est-bon-sans-dieu-nest-pas-suffisant-2\/#breadcrumb"},"inLanguage":"en-US","potentialAction":[{"@type":"ReadAction","target":["https:\/\/librairie7l.com\/en\/produit\/bon-ou-divin-pourquoi-ce-qui-est-bon-sans-dieu-nest-pas-suffisant-2\/"]}]},{"@type":"BreadcrumbList","@id":"https:\/\/librairie7l.com\/en\/produit\/bon-ou-divin-pourquoi-ce-qui-est-bon-sans-dieu-nest-pas-suffisant-2\/#breadcrumb","itemListElement":[{"@type":"ListItem","position":1,"name":"Accueil","item":"https:\/\/librairie7l.com\/en\/"},{"@type":"ListItem","position":2,"name":"Shop","item":"https:\/\/librairie7l.com\/en\/shop\/"},{"@type":"ListItem","position":3,"name":"BON OU DIVIN ? POURQUOI CE QUI EST BON SANS DIEU N&#8217;EST PAS SUFFISANT"}]},{"@type":"WebSite","@id":"https:\/\/librairie7l.com\/en\/#website","url":"https:\/\/librairie7l.com\/en\/","name":"Librairie 7L","description":"Librairie fond\u00e9e en 1999 par Karl Lagerfeld \u00e0 Paris","publisher":{"@id":"https:\/\/librairie7l.com\/en\/#organization"},"potentialAction":[{"@type":"SearchAction","target":{"@type":"EntryPoint","urlTemplate":"https:\/\/librairie7l.com\/en\/?s={search_term_string}"},"query-input":"required name=search_term_string"}],"inLanguage":"en-US"},{"@type":"Organization","@id":"https:\/\/librairie7l.com\/en\/#organization","name":"Librairie 7L","url":"https:\/\/librairie7l.com\/en\/","logo":{"@type":"ImageObject","inLanguage":"en-US","@id":"https:\/\/librairie7l.com\/en\/#\/schema\/logo\/image\/","url":"https:\/\/librairie7l.com\/wp-content\/uploads\/2022\/08\/logo-1.png","contentUrl":"https:\/\/librairie7l.com\/wp-content\/uploads\/2022\/08\/logo-1.png","width":227,"height":301,"caption":"Librairie 7L"},"image":{"@id":"https:\/\/librairie7l.com\/en\/#\/schema\/logo\/image\/"}}]}},"_links":{"self":[{"href":"https:\/\/librairie7l.com\/en\/wp-json\/wp\/v2\/product\/52893"}],"collection":[{"href":"https:\/\/librairie7l.com\/en\/wp-json\/wp\/v2\/product"}],"about":[{"href":"https:\/\/librairie7l.com\/en\/wp-json\/wp\/v2\/types\/product"}],"wp:featuredmedia":[{"embeddable":true,"href":"https:\/\/librairie7l.com\/en\/wp-json\/wp\/v2\/media\/52891"}],"wp:attachment":[{"href":"https:\/\/librairie7l.com\/en\/wp-json\/wp\/v2\/media?parent=52893"}],"wp:term":[{"taxonomy":"product_cat","embeddable":true,"href":"https:\/\/librairie7l.com\/en\/wp-json\/wp\/v2\/product_cat?post=52893"},{"taxonomy":"product_tag","embeddable":true,"href":"https:\/\/librairie7l.com\/en\/wp-json\/wp\/v2\/product_tag?post=52893"}],"curies":[{"name":"wp","href":"https:\/\/api.w.org\/{rel}","templated":true}]}}