{"id":52901,"date":"2025-12-03T08:29:15","date_gmt":"2025-12-03T07:29:15","guid":{"rendered":"https:\/\/librairie7l.com\/?post_type=product&#038;p=52901"},"modified":"2026-04-06T13:41:13","modified_gmt":"2026-04-06T11:41:13","slug":"joan-baez-non-a-linjustice-2","status":"publish","type":"product","link":"https:\/\/librairie7l.com\/en\/produit\/joan-baez-non-a-linjustice-2\/","title":{"rendered":"JOAN BAEZ : NON \u00c0 L&#8217;INJUSTICE"},"content":{"rendered":"<p>Dans une Am\u00e9rique des ann\u00e9es 1960, o\u00f9 la s\u00e9gr\u00e9gation raciale bat son plein, o\u00f9 les jeunes gens sont recrut\u00e9s pour aller se battre au Vietnam, o\u00f9 les essais nucl\u00e9aires sont cens\u00e9s affirmer la supr\u00e9matie de ce grand pays, la voix de Joan Baez, si m\u00e9lodieuse, s&#8217;\u00e9l\u00e8ve. Tout au long des ann\u00e9es qui suivront, cette voix ne cessera jamais de chanter contre les injustices et les souffrances qu&#8217;elles engendrent. C&#8217;est \u00e0 travers une autre voix, celle d&#8217;une narratrice qui a, toute sa vie, suivi le parcours de la chanteuse, que le portrait sensible de cette derni\u00e8re se dessine.<\/p>\n","protected":false},"excerpt":{"rendered":"<p>Dans une Am\u00e9rique des ann\u00e9es 1960, o\u00f9 la s\u00e9gr\u00e9gation raciale bat son plein, o\u00f9 les jeunes gens sont recrut\u00e9s pour aller se battre au Vietnam, o\u00f9 les essais nucl\u00e9aires sont cens\u00e9s affirmer la supr\u00e9matie de ce grand pays, la voix de Joan Baez, si m\u00e9lodieuse, s&#8217;\u00e9l\u00e8ve. Tout au long des ann\u00e9es qui suivront, cette voix [&hellip;]<\/p>\n","protected":false},"featured_media":52899,"template":"","meta":[],"product_cat":[7364,2948],"product_tag":[],"acf":[],"yoast_head":"<!-- This site is optimized with the Yoast SEO plugin v20.11 - https:\/\/yoast.com\/wordpress\/plugins\/seo\/ -->\n<title>Joan Baez : non \u00e0 l&#039;injustice - Librairie 7L<\/title>\n<meta name=\"robots\" content=\"index, follow, max-snippet:-1, max-image-preview:large, max-video-preview:-1\" \/>\n<link rel=\"canonical\" href=\"https:\/\/librairie7l.com\/en\/produit\/joan-baez-non-a-linjustice-2\/\" \/>\n<meta property=\"og:locale\" content=\"en_US\" \/>\n<meta property=\"og:type\" content=\"article\" \/>\n<meta property=\"og:title\" content=\"Joan Baez : non \u00e0 l&#039;injustice - Librairie 7L\" \/>\n<meta property=\"og:description\" content=\"Dans une Am\u00e9rique des ann\u00e9es 1960, o\u00f9 la s\u00e9gr\u00e9gation raciale bat son plein, o\u00f9 les jeunes gens sont recrut\u00e9s pour aller se battre au Vietnam, o\u00f9 les essais nucl\u00e9aires sont cens\u00e9s affirmer la supr\u00e9matie de ce grand pays, la voix de Joan Baez, si m\u00e9lodieuse, s&#8217;\u00e9l\u00e8ve. Tout au long des ann\u00e9es qui suivront, cette voix [&hellip;]\" \/>\n<meta property=\"og:url\" content=\"https:\/\/librairie7l.com\/en\/produit\/joan-baez-non-a-linjustice-2\/\" \/>\n<meta property=\"og:site_name\" content=\"Librairie 7L\" \/>\n<meta property=\"article:modified_time\" content=\"2026-04-06T11:41:13+00:00\" \/>\n<meta property=\"og:image\" content=\"https:\/\/librairie7l.com\/wp-content\/uploads\/2019\/04\/9782330125707_1_75.jpg\" \/>\n\t<meta property=\"og:image:width\" content=\"600\" \/>\n\t<meta property=\"og:image:height\" content=\"960\" \/>\n\t<meta property=\"og:image:type\" content=\"image\/jpeg\" \/>\n<meta name=\"twitter:card\" content=\"summary_large_image\" \/>\n<meta name=\"twitter:label1\" content=\"Est. reading time\" \/>\n\t<meta name=\"twitter:data1\" content=\"1 minute\" \/>\n<script type=\"application\/ld+json\" class=\"yoast-schema-graph\">{\"@context\":\"https:\/\/schema.org\",\"@graph\":[{\"@type\":\"WebPage\",\"@id\":\"https:\/\/librairie7l.com\/en\/produit\/joan-baez-non-a-linjustice-2\/\",\"url\":\"https:\/\/librairie7l.com\/en\/produit\/joan-baez-non-a-linjustice-2\/\",\"name\":\"Joan Baez : non \u00e0 l'injustice - Librairie 7L\",\"isPartOf\":{\"@id\":\"https:\/\/librairie7l.com\/en\/#website\"},\"datePublished\":\"2025-12-03T07:29:15+00:00\",\"dateModified\":\"2026-04-06T11:41:13+00:00\",\"breadcrumb\":{\"@id\":\"https:\/\/librairie7l.com\/en\/produit\/joan-baez-non-a-linjustice-2\/#breadcrumb\"},\"inLanguage\":\"en-US\",\"potentialAction\":[{\"@type\":\"ReadAction\",\"target\":[\"https:\/\/librairie7l.com\/en\/produit\/joan-baez-non-a-linjustice-2\/\"]}]},{\"@type\":\"BreadcrumbList\",\"@id\":\"https:\/\/librairie7l.com\/en\/produit\/joan-baez-non-a-linjustice-2\/#breadcrumb\",\"itemListElement\":[{\"@type\":\"ListItem\",\"position\":1,\"name\":\"Accueil\",\"item\":\"https:\/\/librairie7l.com\/en\/\"},{\"@type\":\"ListItem\",\"position\":2,\"name\":\"Shop\",\"item\":\"https:\/\/librairie7l.com\/en\/shop\/\"},{\"@type\":\"ListItem\",\"position\":3,\"name\":\"JOAN BAEZ : NON \u00c0 L&#8217;INJUSTICE\"}]},{\"@type\":\"WebSite\",\"@id\":\"https:\/\/librairie7l.com\/en\/#website\",\"url\":\"https:\/\/librairie7l.com\/en\/\",\"name\":\"Librairie 7L\",\"description\":\"Librairie fond\u00e9e en 1999 par Karl Lagerfeld \u00e0 Paris\",\"publisher\":{\"@id\":\"https:\/\/librairie7l.com\/en\/#organization\"},\"potentialAction\":[{\"@type\":\"SearchAction\",\"target\":{\"@type\":\"EntryPoint\",\"urlTemplate\":\"https:\/\/librairie7l.com\/en\/?s={search_term_string}\"},\"query-input\":\"required name=search_term_string\"}],\"inLanguage\":\"en-US\"},{\"@type\":\"Organization\",\"@id\":\"https:\/\/librairie7l.com\/en\/#organization\",\"name\":\"Librairie 7L\",\"url\":\"https:\/\/librairie7l.com\/en\/\",\"logo\":{\"@type\":\"ImageObject\",\"inLanguage\":\"en-US\",\"@id\":\"https:\/\/librairie7l.com\/en\/#\/schema\/logo\/image\/\",\"url\":\"https:\/\/librairie7l.com\/wp-content\/uploads\/2022\/08\/logo-1.png\",\"contentUrl\":\"https:\/\/librairie7l.com\/wp-content\/uploads\/2022\/08\/logo-1.png\",\"width\":227,\"height\":301,\"caption\":\"Librairie 7L\"},\"image\":{\"@id\":\"https:\/\/librairie7l.com\/en\/#\/schema\/logo\/image\/\"}}]}<\/script>\n<!-- \/ Yoast SEO plugin. -->","yoast_head_json":{"title":"Joan Baez : non \u00e0 l'injustice - Librairie 7L","robots":{"index":"index","follow":"follow","max-snippet":"max-snippet:-1","max-image-preview":"max-image-preview:large","max-video-preview":"max-video-preview:-1"},"canonical":"https:\/\/librairie7l.com\/en\/produit\/joan-baez-non-a-linjustice-2\/","og_locale":"en_US","og_type":"article","og_title":"Joan Baez : non \u00e0 l'injustice - Librairie 7L","og_description":"Dans une Am\u00e9rique des ann\u00e9es 1960, o\u00f9 la s\u00e9gr\u00e9gation raciale bat son plein, o\u00f9 les jeunes gens sont recrut\u00e9s pour aller se battre au Vietnam, o\u00f9 les essais nucl\u00e9aires sont cens\u00e9s affirmer la supr\u00e9matie de ce grand pays, la voix de Joan Baez, si m\u00e9lodieuse, s&#8217;\u00e9l\u00e8ve. Tout au long des ann\u00e9es qui suivront, cette voix [&hellip;]","og_url":"https:\/\/librairie7l.com\/en\/produit\/joan-baez-non-a-linjustice-2\/","og_site_name":"Librairie 7L","article_modified_time":"2026-04-06T11:41:13+00:00","og_image":[{"width":600,"height":960,"url":"https:\/\/librairie7l.com\/wp-content\/uploads\/2019\/04\/9782330125707_1_75.jpg","type":"image\/jpeg"}],"twitter_card":"summary_large_image","twitter_misc":{"Est. reading time":"1 minute"},"schema":{"@context":"https:\/\/schema.org","@graph":[{"@type":"WebPage","@id":"https:\/\/librairie7l.com\/en\/produit\/joan-baez-non-a-linjustice-2\/","url":"https:\/\/librairie7l.com\/en\/produit\/joan-baez-non-a-linjustice-2\/","name":"Joan Baez : non \u00e0 l'injustice - Librairie 7L","isPartOf":{"@id":"https:\/\/librairie7l.com\/en\/#website"},"datePublished":"2025-12-03T07:29:15+00:00","dateModified":"2026-04-06T11:41:13+00:00","breadcrumb":{"@id":"https:\/\/librairie7l.com\/en\/produit\/joan-baez-non-a-linjustice-2\/#breadcrumb"},"inLanguage":"en-US","potentialAction":[{"@type":"ReadAction","target":["https:\/\/librairie7l.com\/en\/produit\/joan-baez-non-a-linjustice-2\/"]}]},{"@type":"BreadcrumbList","@id":"https:\/\/librairie7l.com\/en\/produit\/joan-baez-non-a-linjustice-2\/#breadcrumb","itemListElement":[{"@type":"ListItem","position":1,"name":"Accueil","item":"https:\/\/librairie7l.com\/en\/"},{"@type":"ListItem","position":2,"name":"Shop","item":"https:\/\/librairie7l.com\/en\/shop\/"},{"@type":"ListItem","position":3,"name":"JOAN BAEZ : NON \u00c0 L&#8217;INJUSTICE"}]},{"@type":"WebSite","@id":"https:\/\/librairie7l.com\/en\/#website","url":"https:\/\/librairie7l.com\/en\/","name":"Librairie 7L","description":"Librairie fond\u00e9e en 1999 par Karl Lagerfeld \u00e0 Paris","publisher":{"@id":"https:\/\/librairie7l.com\/en\/#organization"},"potentialAction":[{"@type":"SearchAction","target":{"@type":"EntryPoint","urlTemplate":"https:\/\/librairie7l.com\/en\/?s={search_term_string}"},"query-input":"required name=search_term_string"}],"inLanguage":"en-US"},{"@type":"Organization","@id":"https:\/\/librairie7l.com\/en\/#organization","name":"Librairie 7L","url":"https:\/\/librairie7l.com\/en\/","logo":{"@type":"ImageObject","inLanguage":"en-US","@id":"https:\/\/librairie7l.com\/en\/#\/schema\/logo\/image\/","url":"https:\/\/librairie7l.com\/wp-content\/uploads\/2022\/08\/logo-1.png","contentUrl":"https:\/\/librairie7l.com\/wp-content\/uploads\/2022\/08\/logo-1.png","width":227,"height":301,"caption":"Librairie 7L"},"image":{"@id":"https:\/\/librairie7l.com\/en\/#\/schema\/logo\/image\/"}}]}},"_links":{"self":[{"href":"https:\/\/librairie7l.com\/en\/wp-json\/wp\/v2\/product\/52901"}],"collection":[{"href":"https:\/\/librairie7l.com\/en\/wp-json\/wp\/v2\/product"}],"about":[{"href":"https:\/\/librairie7l.com\/en\/wp-json\/wp\/v2\/types\/product"}],"wp:featuredmedia":[{"embeddable":true,"href":"https:\/\/librairie7l.com\/en\/wp-json\/wp\/v2\/media\/52899"}],"wp:attachment":[{"href":"https:\/\/librairie7l.com\/en\/wp-json\/wp\/v2\/media?parent=52901"}],"wp:term":[{"taxonomy":"product_cat","embeddable":true,"href":"https:\/\/librairie7l.com\/en\/wp-json\/wp\/v2\/product_cat?post=52901"},{"taxonomy":"product_tag","embeddable":true,"href":"https:\/\/librairie7l.com\/en\/wp-json\/wp\/v2\/product_tag?post=52901"}],"curies":[{"name":"wp","href":"https:\/\/api.w.org\/{rel}","templated":true}]}}