{"id":52905,"date":"2025-12-03T09:18:04","date_gmt":"2025-12-03T08:18:04","guid":{"rendered":"https:\/\/librairie7l.com\/?post_type=product&#038;p=52905"},"modified":"2026-04-21T22:55:25","modified_gmt":"2026-04-21T20:55:25","slug":"eros-dans-larene-de-picasso-entre-art-populaire-et-art-contemporain-2","status":"publish","type":"product","link":"https:\/\/librairie7l.com\/en\/produit\/eros-dans-larene-de-picasso-entre-art-populaire-et-art-contemporain-2\/","title":{"rendered":"\u00c9ROS DANS L&#8217;AR\u00c8NE DE PICASSO : ENTRE ART POPULAIRE ET ART CONTEMPORAIN"},"content":{"rendered":"<p>Depuis ses premiers dessins d&#8217;enfant jusqu&#8217;\u00e0 son dernier tableau inachev\u00e9, l&#8217;oeuvre monumental de Picasso est parcouru par les deux figures de la femme et du taureau.<br \/>\nConjugu\u00e9es dans un m\u00eame espace plastique, elles offrent de nombreuses variations significatives de son \u00e9volution esth\u00e9tique, intime, id\u00e9ologique, historique. Cependant le rapport de Picasso avec les femmes et sa passion pour les taureaux suscitent aujourd&#8217;hui le d\u00e9bat, parfois explosif. Or, \u00e0 l&#8217;examen de cette double th\u00e9matique, se manifeste un Picasso tr\u00e8s \u00e9loign\u00e9 des st\u00e9r\u00e9otypes du macho, marqu\u00e9 par la pratique sanglante de la tauromachie. Loin d&#8217;\u00eatre soumises ou maltrait\u00e9es, les femmes s&#8217;y r\u00e9v\u00e8lent non seulement remplies de compassion pour l&#8217;animal ou de tendresse partag\u00e9e avec l&#8217;homme-taureau, mais \u00e9galement puissantes et parfois dominatrices. Quant au taureau, jamais, dans l&#8217;histoire de l&#8217;art, animal n&#8217;a travers\u00e9 une oeuvre enti\u00e8re jusqu&#8217;\u00e0 l&#8217;obsession comme c&#8217;est son cas chez Picasso. \u00ab Animal tot\u00e9mique \u00bb selon Fran\u00e7oise Gilot, il a permis \u00e0 l&#8217;artiste d&#8217;enraciner son hispanit\u00e9 dans la culture qui lui est li\u00e9e, celle de son Andalousie originelle comme celle du Midi.<br \/>\nAussi, le propos est d&#8217;\u00e9clairer l&#8217;homme et de contextualiser ses cr\u00e9ations pour mieux se livrer \u00e0 ce qui seul importe : l&#8217;\u00e9motion procur\u00e9e par un art mouvant, irr\u00e9ductible au sujet qui l&#8217;habite. Parce qu&#8217;elles s&#8217;en sont nourri, les oeuvres de Picasso dialoguent avec celles de l&#8217;iconographie populaire dont il \u00e9tait friand, celles de ses pr\u00e9d\u00e9cesseurs qu&#8217;il a admir\u00e9s, de ses contemporains qu&#8217;il a c\u00f4toy\u00e9s, et celles d&#8217;artistes actuels, tous issus de ce Sud dont ils portent l&#8217;empreinte : de Claude Viallat \u00e0 Sophie Calle.<\/p>\n","protected":false},"excerpt":{"rendered":"<p>Depuis ses premiers dessins d&#8217;enfant jusqu&#8217;\u00e0 son dernier tableau inachev\u00e9, l&#8217;oeuvre monumental de Picasso est parcouru par les deux figures de la femme et du taureau. Conjugu\u00e9es dans un m\u00eame espace plastique, elles offrent de nombreuses variations significatives de son \u00e9volution esth\u00e9tique, intime, id\u00e9ologique, historique. Cependant le rapport de Picasso avec les femmes et sa [&hellip;]<\/p>\n","protected":false},"featured_media":52903,"template":"","meta":[],"product_cat":[2948],"product_tag":[],"acf":[],"yoast_head":"<!-- This site is optimized with the Yoast SEO plugin v20.11 - https:\/\/yoast.com\/wordpress\/plugins\/seo\/ -->\n<title>\u00c9ros dans l&#039;ar\u00e8ne de Picasso : Entre art populaire et art contemporain - Librairie 7L<\/title>\n<meta name=\"robots\" content=\"index, follow, max-snippet:-1, max-image-preview:large, max-video-preview:-1\" \/>\n<link rel=\"canonical\" href=\"https:\/\/librairie7l.com\/en\/produit\/eros-dans-larene-de-picasso-entre-art-populaire-et-art-contemporain-2\/\" \/>\n<meta property=\"og:locale\" content=\"en_US\" \/>\n<meta property=\"og:type\" content=\"article\" \/>\n<meta property=\"og:title\" content=\"\u00c9ros dans l&#039;ar\u00e8ne de Picasso : Entre art populaire et art contemporain - Librairie 7L\" \/>\n<meta property=\"og:description\" content=\"Depuis ses premiers dessins d&#8217;enfant jusqu&#8217;\u00e0 son dernier tableau inachev\u00e9, l&#8217;oeuvre monumental de Picasso est parcouru par les deux figures de la femme et du taureau. Conjugu\u00e9es dans un m\u00eame espace plastique, elles offrent de nombreuses variations significatives de son \u00e9volution esth\u00e9tique, intime, id\u00e9ologique, historique. Cependant le rapport de Picasso avec les femmes et sa [&hellip;]\" \/>\n<meta property=\"og:url\" content=\"https:\/\/librairie7l.com\/en\/produit\/eros-dans-larene-de-picasso-entre-art-populaire-et-art-contemporain-2\/\" \/>\n<meta property=\"og:site_name\" content=\"Librairie 7L\" \/>\n<meta property=\"article:modified_time\" content=\"2026-04-21T20:55:25+00:00\" \/>\n<meta property=\"og:image\" content=\"https:\/\/librairie7l.com\/wp-content\/uploads\/2025\/02\/9782359064698_1_75.jpg\" \/>\n\t<meta property=\"og:image:width\" content=\"600\" \/>\n\t<meta property=\"og:image:height\" content=\"708\" \/>\n\t<meta property=\"og:image:type\" content=\"image\/jpeg\" \/>\n<meta name=\"twitter:card\" content=\"summary_large_image\" \/>\n<meta name=\"twitter:label1\" content=\"Est. reading time\" \/>\n\t<meta name=\"twitter:data1\" content=\"1 minute\" \/>\n<script type=\"application\/ld+json\" class=\"yoast-schema-graph\">{\"@context\":\"https:\/\/schema.org\",\"@graph\":[{\"@type\":\"WebPage\",\"@id\":\"https:\/\/librairie7l.com\/en\/produit\/eros-dans-larene-de-picasso-entre-art-populaire-et-art-contemporain-2\/\",\"url\":\"https:\/\/librairie7l.com\/en\/produit\/eros-dans-larene-de-picasso-entre-art-populaire-et-art-contemporain-2\/\",\"name\":\"\u00c9ros dans l'ar\u00e8ne de Picasso : Entre art populaire et art contemporain - Librairie 7L\",\"isPartOf\":{\"@id\":\"https:\/\/librairie7l.com\/en\/#website\"},\"datePublished\":\"2025-12-03T08:18:04+00:00\",\"dateModified\":\"2026-04-21T20:55:25+00:00\",\"breadcrumb\":{\"@id\":\"https:\/\/librairie7l.com\/en\/produit\/eros-dans-larene-de-picasso-entre-art-populaire-et-art-contemporain-2\/#breadcrumb\"},\"inLanguage\":\"en-US\",\"potentialAction\":[{\"@type\":\"ReadAction\",\"target\":[\"https:\/\/librairie7l.com\/en\/produit\/eros-dans-larene-de-picasso-entre-art-populaire-et-art-contemporain-2\/\"]}]},{\"@type\":\"BreadcrumbList\",\"@id\":\"https:\/\/librairie7l.com\/en\/produit\/eros-dans-larene-de-picasso-entre-art-populaire-et-art-contemporain-2\/#breadcrumb\",\"itemListElement\":[{\"@type\":\"ListItem\",\"position\":1,\"name\":\"Accueil\",\"item\":\"https:\/\/librairie7l.com\/en\/\"},{\"@type\":\"ListItem\",\"position\":2,\"name\":\"Shop\",\"item\":\"https:\/\/librairie7l.com\/en\/shop\/\"},{\"@type\":\"ListItem\",\"position\":3,\"name\":\"\u00c9ROS DANS L&#8217;AR\u00c8NE DE PICASSO : ENTRE ART POPULAIRE ET ART CONTEMPORAIN\"}]},{\"@type\":\"WebSite\",\"@id\":\"https:\/\/librairie7l.com\/en\/#website\",\"url\":\"https:\/\/librairie7l.com\/en\/\",\"name\":\"Librairie 7L\",\"description\":\"Librairie fond\u00e9e en 1999 par Karl Lagerfeld \u00e0 Paris\",\"publisher\":{\"@id\":\"https:\/\/librairie7l.com\/en\/#organization\"},\"potentialAction\":[{\"@type\":\"SearchAction\",\"target\":{\"@type\":\"EntryPoint\",\"urlTemplate\":\"https:\/\/librairie7l.com\/en\/?s={search_term_string}\"},\"query-input\":\"required name=search_term_string\"}],\"inLanguage\":\"en-US\"},{\"@type\":\"Organization\",\"@id\":\"https:\/\/librairie7l.com\/en\/#organization\",\"name\":\"Librairie 7L\",\"url\":\"https:\/\/librairie7l.com\/en\/\",\"logo\":{\"@type\":\"ImageObject\",\"inLanguage\":\"en-US\",\"@id\":\"https:\/\/librairie7l.com\/en\/#\/schema\/logo\/image\/\",\"url\":\"https:\/\/librairie7l.com\/wp-content\/uploads\/2022\/08\/logo-1.png\",\"contentUrl\":\"https:\/\/librairie7l.com\/wp-content\/uploads\/2022\/08\/logo-1.png\",\"width\":227,\"height\":301,\"caption\":\"Librairie 7L\"},\"image\":{\"@id\":\"https:\/\/librairie7l.com\/en\/#\/schema\/logo\/image\/\"}}]}<\/script>\n<!-- \/ Yoast SEO plugin. -->","yoast_head_json":{"title":"\u00c9ros dans l'ar\u00e8ne de Picasso : Entre art populaire et art contemporain - Librairie 7L","robots":{"index":"index","follow":"follow","max-snippet":"max-snippet:-1","max-image-preview":"max-image-preview:large","max-video-preview":"max-video-preview:-1"},"canonical":"https:\/\/librairie7l.com\/en\/produit\/eros-dans-larene-de-picasso-entre-art-populaire-et-art-contemporain-2\/","og_locale":"en_US","og_type":"article","og_title":"\u00c9ros dans l'ar\u00e8ne de Picasso : Entre art populaire et art contemporain - Librairie 7L","og_description":"Depuis ses premiers dessins d&#8217;enfant jusqu&#8217;\u00e0 son dernier tableau inachev\u00e9, l&#8217;oeuvre monumental de Picasso est parcouru par les deux figures de la femme et du taureau. Conjugu\u00e9es dans un m\u00eame espace plastique, elles offrent de nombreuses variations significatives de son \u00e9volution esth\u00e9tique, intime, id\u00e9ologique, historique. Cependant le rapport de Picasso avec les femmes et sa [&hellip;]","og_url":"https:\/\/librairie7l.com\/en\/produit\/eros-dans-larene-de-picasso-entre-art-populaire-et-art-contemporain-2\/","og_site_name":"Librairie 7L","article_modified_time":"2026-04-21T20:55:25+00:00","og_image":[{"width":600,"height":708,"url":"https:\/\/librairie7l.com\/wp-content\/uploads\/2025\/02\/9782359064698_1_75.jpg","type":"image\/jpeg"}],"twitter_card":"summary_large_image","twitter_misc":{"Est. reading time":"1 minute"},"schema":{"@context":"https:\/\/schema.org","@graph":[{"@type":"WebPage","@id":"https:\/\/librairie7l.com\/en\/produit\/eros-dans-larene-de-picasso-entre-art-populaire-et-art-contemporain-2\/","url":"https:\/\/librairie7l.com\/en\/produit\/eros-dans-larene-de-picasso-entre-art-populaire-et-art-contemporain-2\/","name":"\u00c9ros dans l'ar\u00e8ne de Picasso : Entre art populaire et art contemporain - Librairie 7L","isPartOf":{"@id":"https:\/\/librairie7l.com\/en\/#website"},"datePublished":"2025-12-03T08:18:04+00:00","dateModified":"2026-04-21T20:55:25+00:00","breadcrumb":{"@id":"https:\/\/librairie7l.com\/en\/produit\/eros-dans-larene-de-picasso-entre-art-populaire-et-art-contemporain-2\/#breadcrumb"},"inLanguage":"en-US","potentialAction":[{"@type":"ReadAction","target":["https:\/\/librairie7l.com\/en\/produit\/eros-dans-larene-de-picasso-entre-art-populaire-et-art-contemporain-2\/"]}]},{"@type":"BreadcrumbList","@id":"https:\/\/librairie7l.com\/en\/produit\/eros-dans-larene-de-picasso-entre-art-populaire-et-art-contemporain-2\/#breadcrumb","itemListElement":[{"@type":"ListItem","position":1,"name":"Accueil","item":"https:\/\/librairie7l.com\/en\/"},{"@type":"ListItem","position":2,"name":"Shop","item":"https:\/\/librairie7l.com\/en\/shop\/"},{"@type":"ListItem","position":3,"name":"\u00c9ROS DANS L&#8217;AR\u00c8NE DE PICASSO : ENTRE ART POPULAIRE ET ART CONTEMPORAIN"}]},{"@type":"WebSite","@id":"https:\/\/librairie7l.com\/en\/#website","url":"https:\/\/librairie7l.com\/en\/","name":"Librairie 7L","description":"Librairie fond\u00e9e en 1999 par Karl Lagerfeld \u00e0 Paris","publisher":{"@id":"https:\/\/librairie7l.com\/en\/#organization"},"potentialAction":[{"@type":"SearchAction","target":{"@type":"EntryPoint","urlTemplate":"https:\/\/librairie7l.com\/en\/?s={search_term_string}"},"query-input":"required name=search_term_string"}],"inLanguage":"en-US"},{"@type":"Organization","@id":"https:\/\/librairie7l.com\/en\/#organization","name":"Librairie 7L","url":"https:\/\/librairie7l.com\/en\/","logo":{"@type":"ImageObject","inLanguage":"en-US","@id":"https:\/\/librairie7l.com\/en\/#\/schema\/logo\/image\/","url":"https:\/\/librairie7l.com\/wp-content\/uploads\/2022\/08\/logo-1.png","contentUrl":"https:\/\/librairie7l.com\/wp-content\/uploads\/2022\/08\/logo-1.png","width":227,"height":301,"caption":"Librairie 7L"},"image":{"@id":"https:\/\/librairie7l.com\/en\/#\/schema\/logo\/image\/"}}]}},"_links":{"self":[{"href":"https:\/\/librairie7l.com\/en\/wp-json\/wp\/v2\/product\/52905"}],"collection":[{"href":"https:\/\/librairie7l.com\/en\/wp-json\/wp\/v2\/product"}],"about":[{"href":"https:\/\/librairie7l.com\/en\/wp-json\/wp\/v2\/types\/product"}],"wp:featuredmedia":[{"embeddable":true,"href":"https:\/\/librairie7l.com\/en\/wp-json\/wp\/v2\/media\/52903"}],"wp:attachment":[{"href":"https:\/\/librairie7l.com\/en\/wp-json\/wp\/v2\/media?parent=52905"}],"wp:term":[{"taxonomy":"product_cat","embeddable":true,"href":"https:\/\/librairie7l.com\/en\/wp-json\/wp\/v2\/product_cat?post=52905"},{"taxonomy":"product_tag","embeddable":true,"href":"https:\/\/librairie7l.com\/en\/wp-json\/wp\/v2\/product_tag?post=52905"}],"curies":[{"name":"wp","href":"https:\/\/api.w.org\/{rel}","templated":true}]}}