{"id":52909,"date":"2025-12-03T09:18:06","date_gmt":"2025-12-03T08:18:06","guid":{"rendered":"https:\/\/librairie7l.com\/?post_type=product&#038;p=52909"},"modified":"2026-04-21T21:19:13","modified_gmt":"2026-04-21T19:19:13","slug":"lart-nouveau-relie-2","status":"publish","type":"product","link":"https:\/\/librairie7l.com\/en\/produit\/lart-nouveau-relie-2\/","title":{"rendered":"L&#8217;ART NOUVEAU &#8211; RELI\u00c9"},"content":{"rendered":"<p>L&#8217;art nouveau r\u00e9pond \u00e0 des termes et des r\u00e9alit\u00e9s multiples. \u00ab Art nouveau \u00bb en France, \u00ab  nieuwe Kunst \u00bb aux Pays-Bas et en Belgique, \u00ab Jugendstil \u00bb, \u00ab Secession \u00bb en Europe centrale, \u00ab Modernismo \u00bb \u00e0 Barcelone et son \u00e9quivalent \u00e0 Moscou, \u00ab Modern style \u00bb font r\u00e9f\u00e9rence au projet de changement ; \u00ab art floral \u00bb et \u00ab arte floreale \u00bb, \u00e0 certains des motifs qui l&#8217;ont inspir\u00e9 ; \u00ab style Guimard \u00bb ou \u00ab Liberty \u00bb, \u00e0 quelques unes des personnalit\u00e9s qui l&#8217;ont marqu\u00e9 ; \u00ab style coup de fouet \u00bb ou \u00ab Peitschenhieb \u00bb, \u00ab style nouille \u00bb aux \u00e9mois agressifs qu&#8217;il a suscit\u00e9s ; \u00ab style 1900 \u00bb, au mill\u00e9sime qui, avec l&#8217;Exposition universelle pr\u00e9sent\u00e9e \u00e0 Paris la m\u00eame ann\u00e9e, a symbolis\u00e9 un moment d&#8217;apog\u00e9e qui se confond, \u00e0 tort ou raison, avec la \u00ab Belle \u00e9poque \u00bb.<br \/>\nPour se cantonner \u00e0 cette liste en d\u00e9pit de son caract\u00e8re incomplet, il faut observer que chacune des qualifications propos\u00e9es soul\u00e8ve un probl\u00e8me : l&#8217;Art nouveau caract\u00e9rise-t-il la Belle \u00e9poque ? privil\u00e9gie-t-il les lignes v\u00e9g\u00e9tales et courbes ? d\u00e9signe-t-il un \u00ab style \u00bb ?<br \/>\nForce est de reconna\u00eetre, quel que soit le pays dans lequel il s&#8217;est illustr\u00e9, qu&#8217;il n&#8217;a pas obtenu un consensus suffisamment large pour l&#8217;identifier \u00e0 une soci\u00e9t\u00e9 tout enti\u00e8re ; que la tendance \u00e0 l&#8217;abstraction et \u00e0 la g\u00e9om\u00e9trie des perpendiculaires l&#8217;ont autant absorb\u00e9 que le floral et la courbe ; et qu&#8217;en d\u00e9finitive, les formes, les motifs et les couleurs qu&#8217;il a exprim\u00e9s offrent une diversit\u00e9 multiple, sinon contradictoire.<br \/>\nOn retrouve, alors, le point de rassemblement de cet art aux aspects et aux dates si vari\u00e9s selon le pays, qui a dur\u00e9 de 1870 environ \u00e0 1914 environ.<br \/>\nLes plus grands artistes de Lalique \u00e0 Gall\u00e9, de Daum \u00e0 Tiffany, de Horta \u00e0 Guimard ou de Van de Velde \u00e0 Gaudi sont les pivots de cette synth\u00e8se remarquable sur un moment incontournable de l&#8217;art moderne.<\/p>\n","protected":false},"excerpt":{"rendered":"<p>L&#8217;art nouveau r\u00e9pond \u00e0 des termes et des r\u00e9alit\u00e9s multiples. \u00ab Art nouveau \u00bb en France, \u00ab nieuwe Kunst \u00bb aux Pays-Bas et en Belgique, \u00ab Jugendstil \u00bb, \u00ab Secession \u00bb en Europe centrale, \u00ab Modernismo \u00bb \u00e0 Barcelone et son \u00e9quivalent \u00e0 Moscou, \u00ab Modern style \u00bb font r\u00e9f\u00e9rence au projet de changement ; [&hellip;]<\/p>\n","protected":false},"featured_media":52907,"template":"","meta":[],"product_cat":[2948],"product_tag":[],"acf":[],"yoast_head":"<!-- This site is optimized with the Yoast SEO plugin v20.11 - https:\/\/yoast.com\/wordpress\/plugins\/seo\/ -->\n<title>L&#039;art nouveau - Reli\u00e9 - Librairie 7L<\/title>\n<meta name=\"robots\" content=\"index, follow, max-snippet:-1, max-image-preview:large, max-video-preview:-1\" \/>\n<link rel=\"canonical\" href=\"https:\/\/librairie7l.com\/en\/produit\/lart-nouveau-relie-2\/\" \/>\n<meta property=\"og:locale\" content=\"en_US\" \/>\n<meta property=\"og:type\" content=\"article\" \/>\n<meta property=\"og:title\" content=\"L&#039;art nouveau - Reli\u00e9 - Librairie 7L\" \/>\n<meta property=\"og:description\" content=\"L&#8217;art nouveau r\u00e9pond \u00e0 des termes et des r\u00e9alit\u00e9s multiples. \u00ab Art nouveau \u00bb en France, \u00ab nieuwe Kunst \u00bb aux Pays-Bas et en Belgique, \u00ab Jugendstil \u00bb, \u00ab Secession \u00bb en Europe centrale, \u00ab Modernismo \u00bb \u00e0 Barcelone et son \u00e9quivalent \u00e0 Moscou, \u00ab Modern style \u00bb font r\u00e9f\u00e9rence au projet de changement ; [&hellip;]\" \/>\n<meta property=\"og:url\" content=\"https:\/\/librairie7l.com\/en\/produit\/lart-nouveau-relie-2\/\" \/>\n<meta property=\"og:site_name\" content=\"Librairie 7L\" \/>\n<meta property=\"article:modified_time\" content=\"2026-04-21T19:19:13+00:00\" \/>\n<meta property=\"og:image\" content=\"https:\/\/librairie7l.com\/wp-content\/uploads\/2009\/05\/9782850884436_1_75.jpg\" \/>\n\t<meta property=\"og:image:width\" content=\"250\" \/>\n\t<meta property=\"og:image:height\" content=\"316\" \/>\n\t<meta property=\"og:image:type\" content=\"image\/jpeg\" \/>\n<meta name=\"twitter:card\" content=\"summary_large_image\" \/>\n<meta name=\"twitter:label1\" content=\"Est. reading time\" \/>\n\t<meta name=\"twitter:data1\" content=\"1 minute\" \/>\n<script type=\"application\/ld+json\" class=\"yoast-schema-graph\">{\"@context\":\"https:\/\/schema.org\",\"@graph\":[{\"@type\":\"WebPage\",\"@id\":\"https:\/\/librairie7l.com\/en\/produit\/lart-nouveau-relie-2\/\",\"url\":\"https:\/\/librairie7l.com\/en\/produit\/lart-nouveau-relie-2\/\",\"name\":\"L'art nouveau - Reli\u00e9 - Librairie 7L\",\"isPartOf\":{\"@id\":\"https:\/\/librairie7l.com\/en\/#website\"},\"datePublished\":\"2025-12-03T08:18:06+00:00\",\"dateModified\":\"2026-04-21T19:19:13+00:00\",\"breadcrumb\":{\"@id\":\"https:\/\/librairie7l.com\/en\/produit\/lart-nouveau-relie-2\/#breadcrumb\"},\"inLanguage\":\"en-US\",\"potentialAction\":[{\"@type\":\"ReadAction\",\"target\":[\"https:\/\/librairie7l.com\/en\/produit\/lart-nouveau-relie-2\/\"]}]},{\"@type\":\"BreadcrumbList\",\"@id\":\"https:\/\/librairie7l.com\/en\/produit\/lart-nouveau-relie-2\/#breadcrumb\",\"itemListElement\":[{\"@type\":\"ListItem\",\"position\":1,\"name\":\"Accueil\",\"item\":\"https:\/\/librairie7l.com\/en\/\"},{\"@type\":\"ListItem\",\"position\":2,\"name\":\"Shop\",\"item\":\"https:\/\/librairie7l.com\/en\/shop\/\"},{\"@type\":\"ListItem\",\"position\":3,\"name\":\"L&#8217;ART NOUVEAU &#8211; RELI\u00c9\"}]},{\"@type\":\"WebSite\",\"@id\":\"https:\/\/librairie7l.com\/en\/#website\",\"url\":\"https:\/\/librairie7l.com\/en\/\",\"name\":\"Librairie 7L\",\"description\":\"Librairie fond\u00e9e en 1999 par Karl Lagerfeld \u00e0 Paris\",\"publisher\":{\"@id\":\"https:\/\/librairie7l.com\/en\/#organization\"},\"potentialAction\":[{\"@type\":\"SearchAction\",\"target\":{\"@type\":\"EntryPoint\",\"urlTemplate\":\"https:\/\/librairie7l.com\/en\/?s={search_term_string}\"},\"query-input\":\"required name=search_term_string\"}],\"inLanguage\":\"en-US\"},{\"@type\":\"Organization\",\"@id\":\"https:\/\/librairie7l.com\/en\/#organization\",\"name\":\"Librairie 7L\",\"url\":\"https:\/\/librairie7l.com\/en\/\",\"logo\":{\"@type\":\"ImageObject\",\"inLanguage\":\"en-US\",\"@id\":\"https:\/\/librairie7l.com\/en\/#\/schema\/logo\/image\/\",\"url\":\"https:\/\/librairie7l.com\/wp-content\/uploads\/2022\/08\/logo-1.png\",\"contentUrl\":\"https:\/\/librairie7l.com\/wp-content\/uploads\/2022\/08\/logo-1.png\",\"width\":227,\"height\":301,\"caption\":\"Librairie 7L\"},\"image\":{\"@id\":\"https:\/\/librairie7l.com\/en\/#\/schema\/logo\/image\/\"}}]}<\/script>\n<!-- \/ Yoast SEO plugin. -->","yoast_head_json":{"title":"L'art nouveau - Reli\u00e9 - Librairie 7L","robots":{"index":"index","follow":"follow","max-snippet":"max-snippet:-1","max-image-preview":"max-image-preview:large","max-video-preview":"max-video-preview:-1"},"canonical":"https:\/\/librairie7l.com\/en\/produit\/lart-nouveau-relie-2\/","og_locale":"en_US","og_type":"article","og_title":"L'art nouveau - Reli\u00e9 - Librairie 7L","og_description":"L&#8217;art nouveau r\u00e9pond \u00e0 des termes et des r\u00e9alit\u00e9s multiples. \u00ab Art nouveau \u00bb en France, \u00ab nieuwe Kunst \u00bb aux Pays-Bas et en Belgique, \u00ab Jugendstil \u00bb, \u00ab Secession \u00bb en Europe centrale, \u00ab Modernismo \u00bb \u00e0 Barcelone et son \u00e9quivalent \u00e0 Moscou, \u00ab Modern style \u00bb font r\u00e9f\u00e9rence au projet de changement ; [&hellip;]","og_url":"https:\/\/librairie7l.com\/en\/produit\/lart-nouveau-relie-2\/","og_site_name":"Librairie 7L","article_modified_time":"2026-04-21T19:19:13+00:00","og_image":[{"width":250,"height":316,"url":"https:\/\/librairie7l.com\/wp-content\/uploads\/2009\/05\/9782850884436_1_75.jpg","type":"image\/jpeg"}],"twitter_card":"summary_large_image","twitter_misc":{"Est. reading time":"1 minute"},"schema":{"@context":"https:\/\/schema.org","@graph":[{"@type":"WebPage","@id":"https:\/\/librairie7l.com\/en\/produit\/lart-nouveau-relie-2\/","url":"https:\/\/librairie7l.com\/en\/produit\/lart-nouveau-relie-2\/","name":"L'art nouveau - Reli\u00e9 - Librairie 7L","isPartOf":{"@id":"https:\/\/librairie7l.com\/en\/#website"},"datePublished":"2025-12-03T08:18:06+00:00","dateModified":"2026-04-21T19:19:13+00:00","breadcrumb":{"@id":"https:\/\/librairie7l.com\/en\/produit\/lart-nouveau-relie-2\/#breadcrumb"},"inLanguage":"en-US","potentialAction":[{"@type":"ReadAction","target":["https:\/\/librairie7l.com\/en\/produit\/lart-nouveau-relie-2\/"]}]},{"@type":"BreadcrumbList","@id":"https:\/\/librairie7l.com\/en\/produit\/lart-nouveau-relie-2\/#breadcrumb","itemListElement":[{"@type":"ListItem","position":1,"name":"Accueil","item":"https:\/\/librairie7l.com\/en\/"},{"@type":"ListItem","position":2,"name":"Shop","item":"https:\/\/librairie7l.com\/en\/shop\/"},{"@type":"ListItem","position":3,"name":"L&#8217;ART NOUVEAU &#8211; RELI\u00c9"}]},{"@type":"WebSite","@id":"https:\/\/librairie7l.com\/en\/#website","url":"https:\/\/librairie7l.com\/en\/","name":"Librairie 7L","description":"Librairie fond\u00e9e en 1999 par Karl Lagerfeld \u00e0 Paris","publisher":{"@id":"https:\/\/librairie7l.com\/en\/#organization"},"potentialAction":[{"@type":"SearchAction","target":{"@type":"EntryPoint","urlTemplate":"https:\/\/librairie7l.com\/en\/?s={search_term_string}"},"query-input":"required name=search_term_string"}],"inLanguage":"en-US"},{"@type":"Organization","@id":"https:\/\/librairie7l.com\/en\/#organization","name":"Librairie 7L","url":"https:\/\/librairie7l.com\/en\/","logo":{"@type":"ImageObject","inLanguage":"en-US","@id":"https:\/\/librairie7l.com\/en\/#\/schema\/logo\/image\/","url":"https:\/\/librairie7l.com\/wp-content\/uploads\/2022\/08\/logo-1.png","contentUrl":"https:\/\/librairie7l.com\/wp-content\/uploads\/2022\/08\/logo-1.png","width":227,"height":301,"caption":"Librairie 7L"},"image":{"@id":"https:\/\/librairie7l.com\/en\/#\/schema\/logo\/image\/"}}]}},"_links":{"self":[{"href":"https:\/\/librairie7l.com\/en\/wp-json\/wp\/v2\/product\/52909"}],"collection":[{"href":"https:\/\/librairie7l.com\/en\/wp-json\/wp\/v2\/product"}],"about":[{"href":"https:\/\/librairie7l.com\/en\/wp-json\/wp\/v2\/types\/product"}],"wp:featuredmedia":[{"embeddable":true,"href":"https:\/\/librairie7l.com\/en\/wp-json\/wp\/v2\/media\/52907"}],"wp:attachment":[{"href":"https:\/\/librairie7l.com\/en\/wp-json\/wp\/v2\/media?parent=52909"}],"wp:term":[{"taxonomy":"product_cat","embeddable":true,"href":"https:\/\/librairie7l.com\/en\/wp-json\/wp\/v2\/product_cat?post=52909"},{"taxonomy":"product_tag","embeddable":true,"href":"https:\/\/librairie7l.com\/en\/wp-json\/wp\/v2\/product_tag?post=52909"}],"curies":[{"name":"wp","href":"https:\/\/api.w.org\/{rel}","templated":true}]}}