{"id":52917,"date":"2025-12-03T09:18:11","date_gmt":"2025-12-03T08:18:11","guid":{"rendered":"https:\/\/librairie7l.com\/?post_type=product&#038;p=52917"},"modified":"2026-04-21T19:29:52","modified_gmt":"2026-04-21T17:29:52","slug":"eva-jospin-grottesco-2","status":"publish","type":"product","link":"https:\/\/librairie7l.com\/en\/produit\/eva-jospin-grottesco-2\/","title":{"rendered":"EVA JOSPIN : GROTTESCO"},"content":{"rendered":"<p>N\u00e9e en 1975, Eva Jospin est dipl\u00f4m\u00e9e de l&#8217;\u00c9cole nationale sup\u00e9rieure des beaux-arts<br \/>\nde Paris. Depuis une quinzaine d&#8217;ann\u00e9es, elle cr\u00e9e avec minutie des for\u00eats et des<br \/>\npaysages architecturaux qu&#8217;elle explore \u00e0 travers diff\u00e9rents supports. Dessin\u00e9es<br \/>\n\u00e0 l&#8217;encre ou brod\u00e9es, taill\u00e9es dans du carton ou sculpt\u00e9es dans le bronze, ses<br \/>\noeuvres \u00e9voquent les jardins baroques italiens, les d\u00e9cors rocaille du xviiie<br \/>\n si\u00e8cle et<br \/>\nles grottes artificielles.<br \/>\nPensionnaire de la Villa M\u00e9dicis \u00e0 Rome en 2017 et \u00e9lue \u00e0 la section Sculpture<br \/>\nde l&#8217;Acad\u00e9mie des Beaux-Arts en 2024, Eva Jospin a fait l&#8217;objet de nombreuses<br \/>\nexpositions internationales d&#8217;envergure. Parmi celles-ci, \u00ab Among the trees \u00bb \u00e0 la<br \/>\nHayward Gallery \u00e0 Londres (2020), \u00ab Paper Tales \u00bb au Het Noordbrabants Museum<br \/>\n\u00e0 Den Bosch (2021), \u00ab Galleria \u00bb au mus\u00e9e de la Chasse et de la Nature \u00e0 Paris (2021),<br \/>\n\u00ab  Panorama \u00bb \u00e0 la Fondation Thalie \u00e0 Bruxelles (2023), \u00ab Palazzo \u00bb au Palais des<br \/>\nPapes \u00e0 Avignon (2023), \u00ab Selva \u00bb au Museo Fortuny de Venise (2024) et \u00ab Eva JospinVersailles \u00bb \u00e0 l&#8217;Orangerie du ch\u00e2teau de Versailles (2024).<br \/>\nOutre les oeuvres pr\u00e9sent\u00e9es au Grand Palais \u00e0 l&#8217;occasion de l&#8217;exposition, cette<br \/>\nmonographie retracera les derniers grands projets de l&#8217;artiste. L&#8217;ouvrage sera<br \/>\n\u00e9galement compos\u00e9 d&#8217;un essai de l&#8217;historien de l&#8217;art Pierre Wat ainsi que d&#8217;un<br \/>\nentretien d&#8217;Eva Jospin men\u00e9 par la commissaire d&#8217;expositions Diana Campbell.<\/p>\n","protected":false},"excerpt":{"rendered":"<p>N\u00e9e en 1975, Eva Jospin est dipl\u00f4m\u00e9e de l&#8217;\u00c9cole nationale sup\u00e9rieure des beaux-arts de Paris. Depuis une quinzaine d&#8217;ann\u00e9es, elle cr\u00e9e avec minutie des for\u00eats et des paysages architecturaux qu&#8217;elle explore \u00e0 travers diff\u00e9rents supports. Dessin\u00e9es \u00e0 l&#8217;encre ou brod\u00e9es, taill\u00e9es dans du carton ou sculpt\u00e9es dans le bronze, ses oeuvres \u00e9voquent les jardins baroques [&hellip;]<\/p>\n","protected":false},"featured_media":52915,"template":"","meta":[],"product_cat":[2948],"product_tag":[],"acf":[],"yoast_head":"<!-- This site is optimized with the Yoast SEO plugin v20.11 - https:\/\/yoast.com\/wordpress\/plugins\/seo\/ -->\n<title>Eva Jospin : Grottesco - Librairie 7L<\/title>\n<meta name=\"robots\" content=\"index, follow, max-snippet:-1, max-image-preview:large, max-video-preview:-1\" \/>\n<link rel=\"canonical\" href=\"https:\/\/librairie7l.com\/en\/produit\/eva-jospin-grottesco-2\/\" \/>\n<meta property=\"og:locale\" content=\"en_US\" \/>\n<meta property=\"og:type\" content=\"article\" \/>\n<meta property=\"og:title\" content=\"Eva Jospin : Grottesco - Librairie 7L\" \/>\n<meta property=\"og:description\" content=\"N\u00e9e en 1975, Eva Jospin est dipl\u00f4m\u00e9e de l&#8217;\u00c9cole nationale sup\u00e9rieure des beaux-arts de Paris. Depuis une quinzaine d&#8217;ann\u00e9es, elle cr\u00e9e avec minutie des for\u00eats et des paysages architecturaux qu&#8217;elle explore \u00e0 travers diff\u00e9rents supports. Dessin\u00e9es \u00e0 l&#8217;encre ou brod\u00e9es, taill\u00e9es dans du carton ou sculpt\u00e9es dans le bronze, ses oeuvres \u00e9voquent les jardins baroques [&hellip;]\" \/>\n<meta property=\"og:url\" content=\"https:\/\/librairie7l.com\/en\/produit\/eva-jospin-grottesco-2\/\" \/>\n<meta property=\"og:site_name\" content=\"Librairie 7L\" \/>\n<meta property=\"article:modified_time\" content=\"2026-04-21T17:29:52+00:00\" \/>\n<meta property=\"og:image\" content=\"https:\/\/librairie7l.com\/wp-content\/uploads\/2025\/05\/9782711881741_1_75.jpg\" \/>\n\t<meta property=\"og:image:width\" content=\"600\" \/>\n\t<meta property=\"og:image:height\" content=\"835\" \/>\n\t<meta property=\"og:image:type\" content=\"image\/jpeg\" \/>\n<meta name=\"twitter:card\" content=\"summary_large_image\" \/>\n<meta name=\"twitter:label1\" content=\"Est. reading time\" \/>\n\t<meta name=\"twitter:data1\" content=\"1 minute\" \/>\n<script type=\"application\/ld+json\" class=\"yoast-schema-graph\">{\"@context\":\"https:\/\/schema.org\",\"@graph\":[{\"@type\":\"WebPage\",\"@id\":\"https:\/\/librairie7l.com\/en\/produit\/eva-jospin-grottesco-2\/\",\"url\":\"https:\/\/librairie7l.com\/en\/produit\/eva-jospin-grottesco-2\/\",\"name\":\"Eva Jospin : Grottesco - Librairie 7L\",\"isPartOf\":{\"@id\":\"https:\/\/librairie7l.com\/en\/#website\"},\"datePublished\":\"2025-12-03T08:18:11+00:00\",\"dateModified\":\"2026-04-21T17:29:52+00:00\",\"breadcrumb\":{\"@id\":\"https:\/\/librairie7l.com\/en\/produit\/eva-jospin-grottesco-2\/#breadcrumb\"},\"inLanguage\":\"en-US\",\"potentialAction\":[{\"@type\":\"ReadAction\",\"target\":[\"https:\/\/librairie7l.com\/en\/produit\/eva-jospin-grottesco-2\/\"]}]},{\"@type\":\"BreadcrumbList\",\"@id\":\"https:\/\/librairie7l.com\/en\/produit\/eva-jospin-grottesco-2\/#breadcrumb\",\"itemListElement\":[{\"@type\":\"ListItem\",\"position\":1,\"name\":\"Accueil\",\"item\":\"https:\/\/librairie7l.com\/en\/\"},{\"@type\":\"ListItem\",\"position\":2,\"name\":\"Shop\",\"item\":\"https:\/\/librairie7l.com\/en\/shop\/\"},{\"@type\":\"ListItem\",\"position\":3,\"name\":\"EVA JOSPIN : GROTTESCO\"}]},{\"@type\":\"WebSite\",\"@id\":\"https:\/\/librairie7l.com\/en\/#website\",\"url\":\"https:\/\/librairie7l.com\/en\/\",\"name\":\"Librairie 7L\",\"description\":\"Librairie fond\u00e9e en 1999 par Karl Lagerfeld \u00e0 Paris\",\"publisher\":{\"@id\":\"https:\/\/librairie7l.com\/en\/#organization\"},\"potentialAction\":[{\"@type\":\"SearchAction\",\"target\":{\"@type\":\"EntryPoint\",\"urlTemplate\":\"https:\/\/librairie7l.com\/en\/?s={search_term_string}\"},\"query-input\":\"required name=search_term_string\"}],\"inLanguage\":\"en-US\"},{\"@type\":\"Organization\",\"@id\":\"https:\/\/librairie7l.com\/en\/#organization\",\"name\":\"Librairie 7L\",\"url\":\"https:\/\/librairie7l.com\/en\/\",\"logo\":{\"@type\":\"ImageObject\",\"inLanguage\":\"en-US\",\"@id\":\"https:\/\/librairie7l.com\/en\/#\/schema\/logo\/image\/\",\"url\":\"https:\/\/librairie7l.com\/wp-content\/uploads\/2022\/08\/logo-1.png\",\"contentUrl\":\"https:\/\/librairie7l.com\/wp-content\/uploads\/2022\/08\/logo-1.png\",\"width\":227,\"height\":301,\"caption\":\"Librairie 7L\"},\"image\":{\"@id\":\"https:\/\/librairie7l.com\/en\/#\/schema\/logo\/image\/\"}}]}<\/script>\n<!-- \/ Yoast SEO plugin. -->","yoast_head_json":{"title":"Eva Jospin : Grottesco - Librairie 7L","robots":{"index":"index","follow":"follow","max-snippet":"max-snippet:-1","max-image-preview":"max-image-preview:large","max-video-preview":"max-video-preview:-1"},"canonical":"https:\/\/librairie7l.com\/en\/produit\/eva-jospin-grottesco-2\/","og_locale":"en_US","og_type":"article","og_title":"Eva Jospin : Grottesco - Librairie 7L","og_description":"N\u00e9e en 1975, Eva Jospin est dipl\u00f4m\u00e9e de l&#8217;\u00c9cole nationale sup\u00e9rieure des beaux-arts de Paris. Depuis une quinzaine d&#8217;ann\u00e9es, elle cr\u00e9e avec minutie des for\u00eats et des paysages architecturaux qu&#8217;elle explore \u00e0 travers diff\u00e9rents supports. Dessin\u00e9es \u00e0 l&#8217;encre ou brod\u00e9es, taill\u00e9es dans du carton ou sculpt\u00e9es dans le bronze, ses oeuvres \u00e9voquent les jardins baroques [&hellip;]","og_url":"https:\/\/librairie7l.com\/en\/produit\/eva-jospin-grottesco-2\/","og_site_name":"Librairie 7L","article_modified_time":"2026-04-21T17:29:52+00:00","og_image":[{"width":600,"height":835,"url":"https:\/\/librairie7l.com\/wp-content\/uploads\/2025\/05\/9782711881741_1_75.jpg","type":"image\/jpeg"}],"twitter_card":"summary_large_image","twitter_misc":{"Est. reading time":"1 minute"},"schema":{"@context":"https:\/\/schema.org","@graph":[{"@type":"WebPage","@id":"https:\/\/librairie7l.com\/en\/produit\/eva-jospin-grottesco-2\/","url":"https:\/\/librairie7l.com\/en\/produit\/eva-jospin-grottesco-2\/","name":"Eva Jospin : Grottesco - Librairie 7L","isPartOf":{"@id":"https:\/\/librairie7l.com\/en\/#website"},"datePublished":"2025-12-03T08:18:11+00:00","dateModified":"2026-04-21T17:29:52+00:00","breadcrumb":{"@id":"https:\/\/librairie7l.com\/en\/produit\/eva-jospin-grottesco-2\/#breadcrumb"},"inLanguage":"en-US","potentialAction":[{"@type":"ReadAction","target":["https:\/\/librairie7l.com\/en\/produit\/eva-jospin-grottesco-2\/"]}]},{"@type":"BreadcrumbList","@id":"https:\/\/librairie7l.com\/en\/produit\/eva-jospin-grottesco-2\/#breadcrumb","itemListElement":[{"@type":"ListItem","position":1,"name":"Accueil","item":"https:\/\/librairie7l.com\/en\/"},{"@type":"ListItem","position":2,"name":"Shop","item":"https:\/\/librairie7l.com\/en\/shop\/"},{"@type":"ListItem","position":3,"name":"EVA JOSPIN : GROTTESCO"}]},{"@type":"WebSite","@id":"https:\/\/librairie7l.com\/en\/#website","url":"https:\/\/librairie7l.com\/en\/","name":"Librairie 7L","description":"Librairie fond\u00e9e en 1999 par Karl Lagerfeld \u00e0 Paris","publisher":{"@id":"https:\/\/librairie7l.com\/en\/#organization"},"potentialAction":[{"@type":"SearchAction","target":{"@type":"EntryPoint","urlTemplate":"https:\/\/librairie7l.com\/en\/?s={search_term_string}"},"query-input":"required name=search_term_string"}],"inLanguage":"en-US"},{"@type":"Organization","@id":"https:\/\/librairie7l.com\/en\/#organization","name":"Librairie 7L","url":"https:\/\/librairie7l.com\/en\/","logo":{"@type":"ImageObject","inLanguage":"en-US","@id":"https:\/\/librairie7l.com\/en\/#\/schema\/logo\/image\/","url":"https:\/\/librairie7l.com\/wp-content\/uploads\/2022\/08\/logo-1.png","contentUrl":"https:\/\/librairie7l.com\/wp-content\/uploads\/2022\/08\/logo-1.png","width":227,"height":301,"caption":"Librairie 7L"},"image":{"@id":"https:\/\/librairie7l.com\/en\/#\/schema\/logo\/image\/"}}]}},"_links":{"self":[{"href":"https:\/\/librairie7l.com\/en\/wp-json\/wp\/v2\/product\/52917"}],"collection":[{"href":"https:\/\/librairie7l.com\/en\/wp-json\/wp\/v2\/product"}],"about":[{"href":"https:\/\/librairie7l.com\/en\/wp-json\/wp\/v2\/types\/product"}],"wp:featuredmedia":[{"embeddable":true,"href":"https:\/\/librairie7l.com\/en\/wp-json\/wp\/v2\/media\/52915"}],"wp:attachment":[{"href":"https:\/\/librairie7l.com\/en\/wp-json\/wp\/v2\/media?parent=52917"}],"wp:term":[{"taxonomy":"product_cat","embeddable":true,"href":"https:\/\/librairie7l.com\/en\/wp-json\/wp\/v2\/product_cat?post=52917"},{"taxonomy":"product_tag","embeddable":true,"href":"https:\/\/librairie7l.com\/en\/wp-json\/wp\/v2\/product_tag?post=52917"}],"curies":[{"name":"wp","href":"https:\/\/api.w.org\/{rel}","templated":true}]}}