{"id":52919,"date":"2025-12-03T09:18:13","date_gmt":"2025-12-03T08:18:13","guid":{"rendered":"https:\/\/librairie7l.com\/?post_type=product&#038;p=52919"},"modified":"2026-04-21T19:29:02","modified_gmt":"2026-04-21T17:29:02","slug":"un-desir-absolu-de-memoire-histoire-de-la-photographie-et-du-conflit-nord-irlandais-2","status":"publish","type":"product","link":"https:\/\/librairie7l.com\/en\/produit\/un-desir-absolu-de-memoire-histoire-de-la-photographie-et-du-conflit-nord-irlandais-2\/","title":{"rendered":"UN D\u00c9SIR ABSOLU DE M\u00c9MOIRE : HISTOIRE DE LA PHOTOGRAPHIE (ET) DU CONFLIT NORD-IRLANDAIS"},"content":{"rendered":"<p>Pendant pr\u00e8s de quarante ans, l&#8217;Irlande du Nord a \u00e9t\u00e9 le th\u00e9\u00e2tre de l&#8217;une des guerres civiles les plus importantes du XXe si\u00e8cle en Europe. Ces ann\u00e9es de tension extr\u00eame ont donn\u00e9 lieu \u00e0 une production remarquable d&#8217;images faites par des photographes venus du monde entier.<br \/>\nCe septi\u00e8me titre de la collection TXT, cr\u00e9\u00e9e en 2018 et dirig\u00e9e par Agn\u00e8s Sire, aborde les \u00e9v\u00e8nements \u00e0 rebours d&#8217;un point de vue conventionnel : il ne s&#8217;agit pas de d\u00e9tailler les images produites \u00e0 propos du conflit, mais de regarder et d&#8217;analyser comment le conflit a engendr\u00e9 de nouvelles fa\u00e7ons de photographier. La singularit\u00e9 et la g\u00e9ographie de cette guerre civile va faire \u00e9voluer l&#8217;approche photographique de ceux qui la documente. C&#8217;est ainsi que Pauline Vermare, auteure de la th\u00e8se \u00e0 partir de laquelle est adapt\u00e9 le livre, d\u00e9taille les diff\u00e9rentes m\u00e9thodes, du photojournalisme \u00e0 des r\u00e9alisations plus artistiques, du souci de documenter \u00e0 celui d&#8217;interpr\u00e9ter, qui vont scander l&#8217;archive photographique irlandaise. S&#8217;attachant \u00e0 des moments historiques cl\u00e9s, notamment la Bataille du Bogside (1969), le Bloody Sunday (1972) ou encore la mort de Bobby Sands (1981), l&#8217;auteure tisse deux histoires parall\u00e8les. Cette guerre confessionnelle va faire appara\u00eetre des personnalit\u00e9s pour lesquelles l&#8217;Irlande du Nord gardera une place importante dans leur oeuvre : Gilles Caron, Don McCullin et Gilles Peress marqueront les esprits. L&#8217;ouvrage met \u00e9galement en lumi\u00e8re des images moins diffus\u00e9es ou plus inattendues comme celles d&#8217;Akihiko Okamura, Bill Kirk ou Frankie Quinn.<br \/>\n L&#8217;ouvrage va, dans sa seconde moiti\u00e9, s&#8217;int\u00e9resser \u00e0 l&#8217;\u00e9mergence de nouvelles formes, d\u00e9passant les codes traditionnels du photojournalisme pour cr\u00e9er un langage visuel in\u00e9dit. C&#8217;est ainsi que certains photographes, comme Paul Graham ou Donovan Wylie, produiront des s\u00e9ries tr\u00e8s importantes qui donneront des cl\u00e9s de lectures diff\u00e9rentes et plus contemporaines \u00e0 un conflit qui r\u00e9sonne encore aujourd&#8217;hui.<br \/>\n Richement document\u00e9 et illustr\u00e9, Un d\u00e9sir absolu de m\u00e9moire explore la puissance de la photographie comme outil d&#8217;information, de communication et de m\u00e9moire ainsi que son r\u00f4le dans la construction de notre histoire moderne. Comme le souligne Pauline Vermare dans son introduction : &#8221; Ce livre parle de fronti\u00e8res : des fronti\u00e8res physiques et psychologiques entre les communaut\u00e9s et les individus ; de la fronti\u00e8re, ou de son absence, entre les photographes et leur sujet ; des fronti\u00e8res visuelles entre document et art, entre r\u00e9alit\u00e9 et fiction. &#8220;<\/p>\n","protected":false},"excerpt":{"rendered":"<p>Pendant pr\u00e8s de quarante ans, l&#8217;Irlande du Nord a \u00e9t\u00e9 le th\u00e9\u00e2tre de l&#8217;une des guerres civiles les plus importantes du XXe si\u00e8cle en Europe. Ces ann\u00e9es de tension extr\u00eame ont donn\u00e9 lieu \u00e0 une production remarquable d&#8217;images faites par des photographes venus du monde entier. Ce septi\u00e8me titre de la collection TXT, cr\u00e9\u00e9e en [&hellip;]<\/p>\n","protected":false},"featured_media":52937,"template":"","meta":[],"product_cat":[2948],"product_tag":[],"acf":[],"yoast_head":"<!-- This site is optimized with the Yoast SEO plugin v20.11 - https:\/\/yoast.com\/wordpress\/plugins\/seo\/ -->\n<title>Un d\u00e9sir absolu de m\u00e9moire : Histoire de la photographie (et) du conflit nord-irlandais - Librairie 7L<\/title>\n<meta name=\"robots\" content=\"index, follow, max-snippet:-1, max-image-preview:large, max-video-preview:-1\" \/>\n<link rel=\"canonical\" href=\"https:\/\/librairie7l.com\/en\/produit\/un-desir-absolu-de-memoire-histoire-de-la-photographie-et-du-conflit-nord-irlandais-2\/\" \/>\n<meta property=\"og:locale\" content=\"en_US\" \/>\n<meta property=\"og:type\" content=\"article\" \/>\n<meta property=\"og:title\" content=\"Un d\u00e9sir absolu de m\u00e9moire : Histoire de la photographie (et) du conflit nord-irlandais - Librairie 7L\" \/>\n<meta property=\"og:description\" content=\"Pendant pr\u00e8s de quarante ans, l&#8217;Irlande du Nord a \u00e9t\u00e9 le th\u00e9\u00e2tre de l&#8217;une des guerres civiles les plus importantes du XXe si\u00e8cle en Europe. Ces ann\u00e9es de tension extr\u00eame ont donn\u00e9 lieu \u00e0 une production remarquable d&#8217;images faites par des photographes venus du monde entier. Ce septi\u00e8me titre de la collection TXT, cr\u00e9\u00e9e en [&hellip;]\" \/>\n<meta property=\"og:url\" content=\"https:\/\/librairie7l.com\/en\/produit\/un-desir-absolu-de-memoire-histoire-de-la-photographie-et-du-conflit-nord-irlandais-2\/\" \/>\n<meta property=\"og:site_name\" content=\"Librairie 7L\" \/>\n<meta property=\"article:modified_time\" content=\"2026-04-21T17:29:02+00:00\" \/>\n<meta name=\"twitter:card\" content=\"summary_large_image\" \/>\n<meta name=\"twitter:label1\" content=\"Est. reading time\" \/>\n\t<meta name=\"twitter:data1\" content=\"2 minutes\" \/>\n<script type=\"application\/ld+json\" class=\"yoast-schema-graph\">{\"@context\":\"https:\/\/schema.org\",\"@graph\":[{\"@type\":\"WebPage\",\"@id\":\"https:\/\/librairie7l.com\/en\/produit\/un-desir-absolu-de-memoire-histoire-de-la-photographie-et-du-conflit-nord-irlandais-2\/\",\"url\":\"https:\/\/librairie7l.com\/en\/produit\/un-desir-absolu-de-memoire-histoire-de-la-photographie-et-du-conflit-nord-irlandais-2\/\",\"name\":\"Un d\u00e9sir absolu de m\u00e9moire : Histoire de la photographie (et) du conflit nord-irlandais - Librairie 7L\",\"isPartOf\":{\"@id\":\"https:\/\/librairie7l.com\/en\/#website\"},\"datePublished\":\"2025-12-03T08:18:13+00:00\",\"dateModified\":\"2026-04-21T17:29:02+00:00\",\"breadcrumb\":{\"@id\":\"https:\/\/librairie7l.com\/en\/produit\/un-desir-absolu-de-memoire-histoire-de-la-photographie-et-du-conflit-nord-irlandais-2\/#breadcrumb\"},\"inLanguage\":\"en-US\",\"potentialAction\":[{\"@type\":\"ReadAction\",\"target\":[\"https:\/\/librairie7l.com\/en\/produit\/un-desir-absolu-de-memoire-histoire-de-la-photographie-et-du-conflit-nord-irlandais-2\/\"]}]},{\"@type\":\"BreadcrumbList\",\"@id\":\"https:\/\/librairie7l.com\/en\/produit\/un-desir-absolu-de-memoire-histoire-de-la-photographie-et-du-conflit-nord-irlandais-2\/#breadcrumb\",\"itemListElement\":[{\"@type\":\"ListItem\",\"position\":1,\"name\":\"Accueil\",\"item\":\"https:\/\/librairie7l.com\/en\/\"},{\"@type\":\"ListItem\",\"position\":2,\"name\":\"Shop\",\"item\":\"https:\/\/librairie7l.com\/en\/shop\/\"},{\"@type\":\"ListItem\",\"position\":3,\"name\":\"UN D\u00c9SIR ABSOLU DE M\u00c9MOIRE : HISTOIRE DE LA PHOTOGRAPHIE (ET) DU CONFLIT NORD-IRLANDAIS\"}]},{\"@type\":\"WebSite\",\"@id\":\"https:\/\/librairie7l.com\/en\/#website\",\"url\":\"https:\/\/librairie7l.com\/en\/\",\"name\":\"Librairie 7L\",\"description\":\"Librairie fond\u00e9e en 1999 par Karl Lagerfeld \u00e0 Paris\",\"publisher\":{\"@id\":\"https:\/\/librairie7l.com\/en\/#organization\"},\"potentialAction\":[{\"@type\":\"SearchAction\",\"target\":{\"@type\":\"EntryPoint\",\"urlTemplate\":\"https:\/\/librairie7l.com\/en\/?s={search_term_string}\"},\"query-input\":\"required name=search_term_string\"}],\"inLanguage\":\"en-US\"},{\"@type\":\"Organization\",\"@id\":\"https:\/\/librairie7l.com\/en\/#organization\",\"name\":\"Librairie 7L\",\"url\":\"https:\/\/librairie7l.com\/en\/\",\"logo\":{\"@type\":\"ImageObject\",\"inLanguage\":\"en-US\",\"@id\":\"https:\/\/librairie7l.com\/en\/#\/schema\/logo\/image\/\",\"url\":\"https:\/\/librairie7l.com\/wp-content\/uploads\/2022\/08\/logo-1.png\",\"contentUrl\":\"https:\/\/librairie7l.com\/wp-content\/uploads\/2022\/08\/logo-1.png\",\"width\":227,\"height\":301,\"caption\":\"Librairie 7L\"},\"image\":{\"@id\":\"https:\/\/librairie7l.com\/en\/#\/schema\/logo\/image\/\"}}]}<\/script>\n<!-- \/ Yoast SEO plugin. -->","yoast_head_json":{"title":"Un d\u00e9sir absolu de m\u00e9moire : Histoire de la photographie (et) du conflit nord-irlandais - Librairie 7L","robots":{"index":"index","follow":"follow","max-snippet":"max-snippet:-1","max-image-preview":"max-image-preview:large","max-video-preview":"max-video-preview:-1"},"canonical":"https:\/\/librairie7l.com\/en\/produit\/un-desir-absolu-de-memoire-histoire-de-la-photographie-et-du-conflit-nord-irlandais-2\/","og_locale":"en_US","og_type":"article","og_title":"Un d\u00e9sir absolu de m\u00e9moire : Histoire de la photographie (et) du conflit nord-irlandais - Librairie 7L","og_description":"Pendant pr\u00e8s de quarante ans, l&#8217;Irlande du Nord a \u00e9t\u00e9 le th\u00e9\u00e2tre de l&#8217;une des guerres civiles les plus importantes du XXe si\u00e8cle en Europe. Ces ann\u00e9es de tension extr\u00eame ont donn\u00e9 lieu \u00e0 une production remarquable d&#8217;images faites par des photographes venus du monde entier. Ce septi\u00e8me titre de la collection TXT, cr\u00e9\u00e9e en [&hellip;]","og_url":"https:\/\/librairie7l.com\/en\/produit\/un-desir-absolu-de-memoire-histoire-de-la-photographie-et-du-conflit-nord-irlandais-2\/","og_site_name":"Librairie 7L","article_modified_time":"2026-04-21T17:29:02+00:00","twitter_card":"summary_large_image","twitter_misc":{"Est. reading time":"2 minutes"},"schema":{"@context":"https:\/\/schema.org","@graph":[{"@type":"WebPage","@id":"https:\/\/librairie7l.com\/en\/produit\/un-desir-absolu-de-memoire-histoire-de-la-photographie-et-du-conflit-nord-irlandais-2\/","url":"https:\/\/librairie7l.com\/en\/produit\/un-desir-absolu-de-memoire-histoire-de-la-photographie-et-du-conflit-nord-irlandais-2\/","name":"Un d\u00e9sir absolu de m\u00e9moire : Histoire de la photographie (et) du conflit nord-irlandais - Librairie 7L","isPartOf":{"@id":"https:\/\/librairie7l.com\/en\/#website"},"datePublished":"2025-12-03T08:18:13+00:00","dateModified":"2026-04-21T17:29:02+00:00","breadcrumb":{"@id":"https:\/\/librairie7l.com\/en\/produit\/un-desir-absolu-de-memoire-histoire-de-la-photographie-et-du-conflit-nord-irlandais-2\/#breadcrumb"},"inLanguage":"en-US","potentialAction":[{"@type":"ReadAction","target":["https:\/\/librairie7l.com\/en\/produit\/un-desir-absolu-de-memoire-histoire-de-la-photographie-et-du-conflit-nord-irlandais-2\/"]}]},{"@type":"BreadcrumbList","@id":"https:\/\/librairie7l.com\/en\/produit\/un-desir-absolu-de-memoire-histoire-de-la-photographie-et-du-conflit-nord-irlandais-2\/#breadcrumb","itemListElement":[{"@type":"ListItem","position":1,"name":"Accueil","item":"https:\/\/librairie7l.com\/en\/"},{"@type":"ListItem","position":2,"name":"Shop","item":"https:\/\/librairie7l.com\/en\/shop\/"},{"@type":"ListItem","position":3,"name":"UN D\u00c9SIR ABSOLU DE M\u00c9MOIRE : HISTOIRE DE LA PHOTOGRAPHIE (ET) DU CONFLIT NORD-IRLANDAIS"}]},{"@type":"WebSite","@id":"https:\/\/librairie7l.com\/en\/#website","url":"https:\/\/librairie7l.com\/en\/","name":"Librairie 7L","description":"Librairie fond\u00e9e en 1999 par Karl Lagerfeld \u00e0 Paris","publisher":{"@id":"https:\/\/librairie7l.com\/en\/#organization"},"potentialAction":[{"@type":"SearchAction","target":{"@type":"EntryPoint","urlTemplate":"https:\/\/librairie7l.com\/en\/?s={search_term_string}"},"query-input":"required name=search_term_string"}],"inLanguage":"en-US"},{"@type":"Organization","@id":"https:\/\/librairie7l.com\/en\/#organization","name":"Librairie 7L","url":"https:\/\/librairie7l.com\/en\/","logo":{"@type":"ImageObject","inLanguage":"en-US","@id":"https:\/\/librairie7l.com\/en\/#\/schema\/logo\/image\/","url":"https:\/\/librairie7l.com\/wp-content\/uploads\/2022\/08\/logo-1.png","contentUrl":"https:\/\/librairie7l.com\/wp-content\/uploads\/2022\/08\/logo-1.png","width":227,"height":301,"caption":"Librairie 7L"},"image":{"@id":"https:\/\/librairie7l.com\/en\/#\/schema\/logo\/image\/"}}]}},"_links":{"self":[{"href":"https:\/\/librairie7l.com\/en\/wp-json\/wp\/v2\/product\/52919"}],"collection":[{"href":"https:\/\/librairie7l.com\/en\/wp-json\/wp\/v2\/product"}],"about":[{"href":"https:\/\/librairie7l.com\/en\/wp-json\/wp\/v2\/types\/product"}],"wp:featuredmedia":[{"embeddable":true,"href":"https:\/\/librairie7l.com\/en\/wp-json\/wp\/v2\/media\/52937"}],"wp:attachment":[{"href":"https:\/\/librairie7l.com\/en\/wp-json\/wp\/v2\/media?parent=52919"}],"wp:term":[{"taxonomy":"product_cat","embeddable":true,"href":"https:\/\/librairie7l.com\/en\/wp-json\/wp\/v2\/product_cat?post=52919"},{"taxonomy":"product_tag","embeddable":true,"href":"https:\/\/librairie7l.com\/en\/wp-json\/wp\/v2\/product_tag?post=52919"}],"curies":[{"name":"wp","href":"https:\/\/api.w.org\/{rel}","templated":true}]}}