{"id":52948,"date":"2025-12-04T09:18:09","date_gmt":"2025-12-04T08:18:09","guid":{"rendered":"https:\/\/librairie7l.com\/?post_type=product&#038;p=52948"},"modified":"2026-04-17T15:37:57","modified_gmt":"2026-04-17T13:37:57","slug":"jr-lart-peut-il-changer-le-monde-2","status":"publish","type":"product","link":"https:\/\/librairie7l.com\/en\/produit\/jr-lart-peut-il-changer-le-monde-2\/","title":{"rendered":"JR : L&#8217;ART PEUT-IL CHANGER LE MONDE ?"},"content":{"rendered":"<p>L&#8217;ouvrage le plus complet consacr\u00e9 \u00e0 l&#8217;artiste fran\u00e7ais JR, dans une nouvelle \u00e9dition augment\u00e9e de ses derniers projets<br \/>\nJR : L&#8217;art peut-il changer le monde ? rassemble tous les projets artistiques collaboratifs r\u00e9alis\u00e9s par JR \u00e0 travers le monde. Cette monographie exhaustive est illustr\u00e9e de plus de 350 photographies de ses projets, de ses oeuvres expos\u00e9es en galerie et des coulisses de son travail. R\u00e9alis\u00e9 en \u00e9troite collaboration avec l&#8217;artiste, ce livre inclut ses oeuvres r\u00e9centes. Chaque chapitre pr\u00e9sente une oeuvre majeure, depuis Expo 2 Rue, qui a lanc\u00e9 sa carri\u00e8re, \u00e0 The Chronicles of Miami, une immense fresque murale compos\u00e9e de plus de 1 000 portraits, expos\u00e9e \u00e0 Miami entre d\u00e9cembre 2023 et janvier 2024. Pr\u00e9fac\u00e9 par George Lucas, l&#8217;ouvrage inclut \u00e9galement une bande dessin\u00e9e de Joseph Remnant, une introduction de Nato Thompson et un texte de la r\u00e9alisatrice italienne Alice Rohrwacher, qui retracent l&#8217;histoire fascinante de JR.<\/p>\n","protected":false},"excerpt":{"rendered":"<p>L&#8217;ouvrage le plus complet consacr\u00e9 \u00e0 l&#8217;artiste fran\u00e7ais JR, dans une nouvelle \u00e9dition augment\u00e9e de ses derniers projets JR : L&#8217;art peut-il changer le monde ? rassemble tous les projets artistiques collaboratifs r\u00e9alis\u00e9s par JR \u00e0 travers le monde. Cette monographie exhaustive est illustr\u00e9e de plus de 350 photographies de ses projets, de ses oeuvres [&hellip;]<\/p>\n","protected":false},"featured_media":52946,"template":"","meta":[],"product_cat":[2948,2953],"product_tag":[],"acf":[],"yoast_head":"<!-- This site is optimized with the Yoast SEO plugin v20.11 - https:\/\/yoast.com\/wordpress\/plugins\/seo\/ -->\n<title>JR : L&#039;art peut-il changer le monde ? - Librairie 7L<\/title>\n<meta name=\"robots\" content=\"index, follow, max-snippet:-1, max-image-preview:large, max-video-preview:-1\" \/>\n<link rel=\"canonical\" href=\"https:\/\/librairie7l.com\/en\/produit\/jr-lart-peut-il-changer-le-monde-2\/\" \/>\n<meta property=\"og:locale\" content=\"en_US\" \/>\n<meta property=\"og:type\" content=\"article\" \/>\n<meta property=\"og:title\" content=\"JR : L&#039;art peut-il changer le monde ? - Librairie 7L\" \/>\n<meta property=\"og:description\" content=\"L&#8217;ouvrage le plus complet consacr\u00e9 \u00e0 l&#8217;artiste fran\u00e7ais JR, dans une nouvelle \u00e9dition augment\u00e9e de ses derniers projets JR : L&#8217;art peut-il changer le monde ? rassemble tous les projets artistiques collaboratifs r\u00e9alis\u00e9s par JR \u00e0 travers le monde. Cette monographie exhaustive est illustr\u00e9e de plus de 350 photographies de ses projets, de ses oeuvres [&hellip;]\" \/>\n<meta property=\"og:url\" content=\"https:\/\/librairie7l.com\/en\/produit\/jr-lart-peut-il-changer-le-monde-2\/\" \/>\n<meta property=\"og:site_name\" content=\"Librairie 7L\" \/>\n<meta property=\"article:modified_time\" content=\"2026-04-17T13:37:57+00:00\" \/>\n<meta property=\"og:image\" content=\"https:\/\/librairie7l.com\/wp-content\/uploads\/2024\/04\/9781838668938_1_75.jpg\" \/>\n\t<meta property=\"og:image:width\" content=\"600\" \/>\n\t<meta property=\"og:image:height\" content=\"800\" \/>\n\t<meta property=\"og:image:type\" content=\"image\/jpeg\" \/>\n<meta name=\"twitter:card\" content=\"summary_large_image\" \/>\n<meta name=\"twitter:label1\" content=\"Est. reading time\" \/>\n\t<meta name=\"twitter:data1\" content=\"1 minute\" \/>\n<script type=\"application\/ld+json\" class=\"yoast-schema-graph\">{\"@context\":\"https:\/\/schema.org\",\"@graph\":[{\"@type\":\"WebPage\",\"@id\":\"https:\/\/librairie7l.com\/en\/produit\/jr-lart-peut-il-changer-le-monde-2\/\",\"url\":\"https:\/\/librairie7l.com\/en\/produit\/jr-lart-peut-il-changer-le-monde-2\/\",\"name\":\"JR : L'art peut-il changer le monde ? - Librairie 7L\",\"isPartOf\":{\"@id\":\"https:\/\/librairie7l.com\/en\/#website\"},\"datePublished\":\"2025-12-04T08:18:09+00:00\",\"dateModified\":\"2026-04-17T13:37:57+00:00\",\"breadcrumb\":{\"@id\":\"https:\/\/librairie7l.com\/en\/produit\/jr-lart-peut-il-changer-le-monde-2\/#breadcrumb\"},\"inLanguage\":\"en-US\",\"potentialAction\":[{\"@type\":\"ReadAction\",\"target\":[\"https:\/\/librairie7l.com\/en\/produit\/jr-lart-peut-il-changer-le-monde-2\/\"]}]},{\"@type\":\"BreadcrumbList\",\"@id\":\"https:\/\/librairie7l.com\/en\/produit\/jr-lart-peut-il-changer-le-monde-2\/#breadcrumb\",\"itemListElement\":[{\"@type\":\"ListItem\",\"position\":1,\"name\":\"Accueil\",\"item\":\"https:\/\/librairie7l.com\/en\/\"},{\"@type\":\"ListItem\",\"position\":2,\"name\":\"Shop\",\"item\":\"https:\/\/librairie7l.com\/en\/shop\/\"},{\"@type\":\"ListItem\",\"position\":3,\"name\":\"JR : L&#8217;ART PEUT-IL CHANGER LE MONDE ?\"}]},{\"@type\":\"WebSite\",\"@id\":\"https:\/\/librairie7l.com\/en\/#website\",\"url\":\"https:\/\/librairie7l.com\/en\/\",\"name\":\"Librairie 7L\",\"description\":\"Librairie fond\u00e9e en 1999 par Karl Lagerfeld \u00e0 Paris\",\"publisher\":{\"@id\":\"https:\/\/librairie7l.com\/en\/#organization\"},\"potentialAction\":[{\"@type\":\"SearchAction\",\"target\":{\"@type\":\"EntryPoint\",\"urlTemplate\":\"https:\/\/librairie7l.com\/en\/?s={search_term_string}\"},\"query-input\":\"required name=search_term_string\"}],\"inLanguage\":\"en-US\"},{\"@type\":\"Organization\",\"@id\":\"https:\/\/librairie7l.com\/en\/#organization\",\"name\":\"Librairie 7L\",\"url\":\"https:\/\/librairie7l.com\/en\/\",\"logo\":{\"@type\":\"ImageObject\",\"inLanguage\":\"en-US\",\"@id\":\"https:\/\/librairie7l.com\/en\/#\/schema\/logo\/image\/\",\"url\":\"https:\/\/librairie7l.com\/wp-content\/uploads\/2022\/08\/logo-1.png\",\"contentUrl\":\"https:\/\/librairie7l.com\/wp-content\/uploads\/2022\/08\/logo-1.png\",\"width\":227,\"height\":301,\"caption\":\"Librairie 7L\"},\"image\":{\"@id\":\"https:\/\/librairie7l.com\/en\/#\/schema\/logo\/image\/\"}}]}<\/script>\n<!-- \/ Yoast SEO plugin. -->","yoast_head_json":{"title":"JR : L'art peut-il changer le monde ? - Librairie 7L","robots":{"index":"index","follow":"follow","max-snippet":"max-snippet:-1","max-image-preview":"max-image-preview:large","max-video-preview":"max-video-preview:-1"},"canonical":"https:\/\/librairie7l.com\/en\/produit\/jr-lart-peut-il-changer-le-monde-2\/","og_locale":"en_US","og_type":"article","og_title":"JR : L'art peut-il changer le monde ? - Librairie 7L","og_description":"L&#8217;ouvrage le plus complet consacr\u00e9 \u00e0 l&#8217;artiste fran\u00e7ais JR, dans une nouvelle \u00e9dition augment\u00e9e de ses derniers projets JR : L&#8217;art peut-il changer le monde ? rassemble tous les projets artistiques collaboratifs r\u00e9alis\u00e9s par JR \u00e0 travers le monde. Cette monographie exhaustive est illustr\u00e9e de plus de 350 photographies de ses projets, de ses oeuvres [&hellip;]","og_url":"https:\/\/librairie7l.com\/en\/produit\/jr-lart-peut-il-changer-le-monde-2\/","og_site_name":"Librairie 7L","article_modified_time":"2026-04-17T13:37:57+00:00","og_image":[{"width":600,"height":800,"url":"https:\/\/librairie7l.com\/wp-content\/uploads\/2024\/04\/9781838668938_1_75.jpg","type":"image\/jpeg"}],"twitter_card":"summary_large_image","twitter_misc":{"Est. reading time":"1 minute"},"schema":{"@context":"https:\/\/schema.org","@graph":[{"@type":"WebPage","@id":"https:\/\/librairie7l.com\/en\/produit\/jr-lart-peut-il-changer-le-monde-2\/","url":"https:\/\/librairie7l.com\/en\/produit\/jr-lart-peut-il-changer-le-monde-2\/","name":"JR : L'art peut-il changer le monde ? - Librairie 7L","isPartOf":{"@id":"https:\/\/librairie7l.com\/en\/#website"},"datePublished":"2025-12-04T08:18:09+00:00","dateModified":"2026-04-17T13:37:57+00:00","breadcrumb":{"@id":"https:\/\/librairie7l.com\/en\/produit\/jr-lart-peut-il-changer-le-monde-2\/#breadcrumb"},"inLanguage":"en-US","potentialAction":[{"@type":"ReadAction","target":["https:\/\/librairie7l.com\/en\/produit\/jr-lart-peut-il-changer-le-monde-2\/"]}]},{"@type":"BreadcrumbList","@id":"https:\/\/librairie7l.com\/en\/produit\/jr-lart-peut-il-changer-le-monde-2\/#breadcrumb","itemListElement":[{"@type":"ListItem","position":1,"name":"Accueil","item":"https:\/\/librairie7l.com\/en\/"},{"@type":"ListItem","position":2,"name":"Shop","item":"https:\/\/librairie7l.com\/en\/shop\/"},{"@type":"ListItem","position":3,"name":"JR : L&#8217;ART PEUT-IL CHANGER LE MONDE ?"}]},{"@type":"WebSite","@id":"https:\/\/librairie7l.com\/en\/#website","url":"https:\/\/librairie7l.com\/en\/","name":"Librairie 7L","description":"Librairie fond\u00e9e en 1999 par Karl Lagerfeld \u00e0 Paris","publisher":{"@id":"https:\/\/librairie7l.com\/en\/#organization"},"potentialAction":[{"@type":"SearchAction","target":{"@type":"EntryPoint","urlTemplate":"https:\/\/librairie7l.com\/en\/?s={search_term_string}"},"query-input":"required name=search_term_string"}],"inLanguage":"en-US"},{"@type":"Organization","@id":"https:\/\/librairie7l.com\/en\/#organization","name":"Librairie 7L","url":"https:\/\/librairie7l.com\/en\/","logo":{"@type":"ImageObject","inLanguage":"en-US","@id":"https:\/\/librairie7l.com\/en\/#\/schema\/logo\/image\/","url":"https:\/\/librairie7l.com\/wp-content\/uploads\/2022\/08\/logo-1.png","contentUrl":"https:\/\/librairie7l.com\/wp-content\/uploads\/2022\/08\/logo-1.png","width":227,"height":301,"caption":"Librairie 7L"},"image":{"@id":"https:\/\/librairie7l.com\/en\/#\/schema\/logo\/image\/"}}]}},"_links":{"self":[{"href":"https:\/\/librairie7l.com\/en\/wp-json\/wp\/v2\/product\/52948"}],"collection":[{"href":"https:\/\/librairie7l.com\/en\/wp-json\/wp\/v2\/product"}],"about":[{"href":"https:\/\/librairie7l.com\/en\/wp-json\/wp\/v2\/types\/product"}],"wp:featuredmedia":[{"embeddable":true,"href":"https:\/\/librairie7l.com\/en\/wp-json\/wp\/v2\/media\/52946"}],"wp:attachment":[{"href":"https:\/\/librairie7l.com\/en\/wp-json\/wp\/v2\/media?parent=52948"}],"wp:term":[{"taxonomy":"product_cat","embeddable":true,"href":"https:\/\/librairie7l.com\/en\/wp-json\/wp\/v2\/product_cat?post=52948"},{"taxonomy":"product_tag","embeddable":true,"href":"https:\/\/librairie7l.com\/en\/wp-json\/wp\/v2\/product_tag?post=52948"}],"curies":[{"name":"wp","href":"https:\/\/api.w.org\/{rel}","templated":true}]}}