{"id":52952,"date":"2025-12-04T09:18:11","date_gmt":"2025-12-04T08:18:11","guid":{"rendered":"https:\/\/librairie7l.com\/?post_type=product&#038;p=52952"},"modified":"2026-05-13T22:36:28","modified_gmt":"2026-05-13T20:36:28","slug":"figurines-historiques-les-petits-soldats-du-musee-de-larmee-2","status":"publish","type":"product","link":"https:\/\/librairie7l.com\/en\/produit\/figurines-historiques-les-petits-soldats-du-musee-de-larmee-2\/","title":{"rendered":"FIGURINES HISTORIQUES : LES PETITS SOLDATS DU MUS\u00c9E DE L&#8217;ARM\u00c9E"},"content":{"rendered":"<p>Le mus\u00e9e de l&#8217;Arm\u00e9e conserve un ensemble unique au monde de 150 000 figurines historiques. Afin de mettre en valeur cette collection exceptionnelle et les connaissances sur cette derni\u00e8re, il a \u00e9t\u00e9 d\u00e9cid\u00e9 de publier un ouvrage qui en propose une analyse approfondie, aussi bien destin\u00e9 aux sp\u00e9cialistes qu&#8217;accessible au grand public.<br \/>\nSe concentrant sur dix fabricants, tous repr\u00e9sent\u00e9s au sein de la collection du mus\u00e9e de l&#8217;Arm\u00e9e, Henry M\u00fcller interroge le d\u00e9sir des collectionneurs. Il raconte l&#8217;histoire d&#8217;un ph\u00e9nom\u00e8ne qui a marqu\u00e9 l&#8217;enfance de grands hommes, tels Charles de Gaulle ou Winston Churchill.<br \/>\nDes figurines dites \u00ab de carte \u00bb, plates, n\u00e9es les premi\u00e8res \u00e0 la fin du XVIIIe si\u00e8cle, aux figurines en trois dimensions, plus commun\u00e9ment appel\u00e9es \u00ab petits soldats de plomb \u00bb, en passant par les \u00ab plats d&#8217;\u00e9tain \u00bb, minuscules soldats en deux dimensions permettant d&#8217;appr\u00e9hender l&#8217;\u00e9chelle des arm\u00e9es et r\u00e9giments de l&#8217;\u00e9poque, on p\u00e9n\u00e8tre dans un cabinet insolite qui d\u00e9peint la grande Histoire en miniature.<br \/>\nC&#8217;est tout au long de son histoire que le mus\u00e9e de l&#8217;Arm\u00e9e a constitu\u00e9 cette immense collection, repr\u00e9sentative de tous les types de petits soldats, du jouet le plus na\u00eff au document historique hautement sophistiqu\u00e9. Le 1er octobre 1899, avant m\u00eame la cr\u00e9ation du mus\u00e9e en 1905, les pr\u00e9mices de la collection se form\u00e8rent autour du don de la famille W\u00fcrtz-P\u00e9es, d&#8217;un ensemble d&#8217;environ 16 000 soldats de carte, confectionn\u00e9s \u00e0 la main. En 1983, le mus\u00e9e a m\u00eame particip\u00e9 \u00e0 la cr\u00e9ation de ses propres figurines, d&#8217;apr\u00e8s les mannequins de sa collection. Aujourd&#8217;hui, ces petits soldats occupent, discr\u00e8tement, une place centrale au sein de cette prestigieuse maison, o\u00f9 la r\u00e9alit\u00e9 de la guerre rencontre les jeux d&#8217;enfants.<\/p>\n","protected":false},"excerpt":{"rendered":"<p>Le mus\u00e9e de l&#8217;Arm\u00e9e conserve un ensemble unique au monde de 150 000 figurines historiques. Afin de mettre en valeur cette collection exceptionnelle et les connaissances sur cette derni\u00e8re, il a \u00e9t\u00e9 d\u00e9cid\u00e9 de publier un ouvrage qui en propose une analyse approfondie, aussi bien destin\u00e9 aux sp\u00e9cialistes qu&#8217;accessible au grand public. Se concentrant sur [&hellip;]<\/p>\n","protected":false},"featured_media":52950,"template":"","meta":[],"product_cat":[2948,2953],"product_tag":[],"acf":[],"yoast_head":"<!-- This site is optimized with the Yoast SEO plugin v20.11 - https:\/\/yoast.com\/wordpress\/plugins\/seo\/ -->\n<title>Figurines historiques : Les petits soldats du mus\u00e9e de l&#039;Arm\u00e9e - Librairie 7L<\/title>\n<meta name=\"robots\" content=\"index, follow, max-snippet:-1, max-image-preview:large, max-video-preview:-1\" \/>\n<link rel=\"canonical\" href=\"https:\/\/librairie7l.com\/en\/produit\/figurines-historiques-les-petits-soldats-du-musee-de-larmee-2\/\" \/>\n<meta property=\"og:locale\" content=\"en_US\" \/>\n<meta property=\"og:type\" content=\"article\" \/>\n<meta property=\"og:title\" content=\"Figurines historiques : Les petits soldats du mus\u00e9e de l&#039;Arm\u00e9e - Librairie 7L\" \/>\n<meta property=\"og:description\" content=\"Le mus\u00e9e de l&#8217;Arm\u00e9e conserve un ensemble unique au monde de 150 000 figurines historiques. Afin de mettre en valeur cette collection exceptionnelle et les connaissances sur cette derni\u00e8re, il a \u00e9t\u00e9 d\u00e9cid\u00e9 de publier un ouvrage qui en propose une analyse approfondie, aussi bien destin\u00e9 aux sp\u00e9cialistes qu&#8217;accessible au grand public. Se concentrant sur [&hellip;]\" \/>\n<meta property=\"og:url\" content=\"https:\/\/librairie7l.com\/en\/produit\/figurines-historiques-les-petits-soldats-du-musee-de-larmee-2\/\" \/>\n<meta property=\"og:site_name\" content=\"Librairie 7L\" \/>\n<meta property=\"article:modified_time\" content=\"2026-05-13T20:36:28+00:00\" \/>\n<meta property=\"og:image\" content=\"https:\/\/librairie7l.com\/wp-content\/uploads\/2025\/09\/9782359064872_1_75.jpg\" \/>\n\t<meta property=\"og:image:width\" content=\"400\" \/>\n\t<meta property=\"og:image:height\" content=\"523\" \/>\n\t<meta property=\"og:image:type\" content=\"image\/jpeg\" \/>\n<meta name=\"twitter:card\" content=\"summary_large_image\" \/>\n<meta name=\"twitter:label1\" content=\"Est. reading time\" \/>\n\t<meta name=\"twitter:data1\" content=\"2 minutes\" \/>\n<script type=\"application\/ld+json\" class=\"yoast-schema-graph\">{\"@context\":\"https:\/\/schema.org\",\"@graph\":[{\"@type\":\"WebPage\",\"@id\":\"https:\/\/librairie7l.com\/en\/produit\/figurines-historiques-les-petits-soldats-du-musee-de-larmee-2\/\",\"url\":\"https:\/\/librairie7l.com\/en\/produit\/figurines-historiques-les-petits-soldats-du-musee-de-larmee-2\/\",\"name\":\"Figurines historiques : Les petits soldats du mus\u00e9e de l'Arm\u00e9e - Librairie 7L\",\"isPartOf\":{\"@id\":\"https:\/\/librairie7l.com\/en\/#website\"},\"datePublished\":\"2025-12-04T08:18:11+00:00\",\"dateModified\":\"2026-05-13T20:36:28+00:00\",\"breadcrumb\":{\"@id\":\"https:\/\/librairie7l.com\/en\/produit\/figurines-historiques-les-petits-soldats-du-musee-de-larmee-2\/#breadcrumb\"},\"inLanguage\":\"en-US\",\"potentialAction\":[{\"@type\":\"ReadAction\",\"target\":[\"https:\/\/librairie7l.com\/en\/produit\/figurines-historiques-les-petits-soldats-du-musee-de-larmee-2\/\"]}]},{\"@type\":\"BreadcrumbList\",\"@id\":\"https:\/\/librairie7l.com\/en\/produit\/figurines-historiques-les-petits-soldats-du-musee-de-larmee-2\/#breadcrumb\",\"itemListElement\":[{\"@type\":\"ListItem\",\"position\":1,\"name\":\"Accueil\",\"item\":\"https:\/\/librairie7l.com\/en\/\"},{\"@type\":\"ListItem\",\"position\":2,\"name\":\"Shop\",\"item\":\"https:\/\/librairie7l.com\/en\/shop\/\"},{\"@type\":\"ListItem\",\"position\":3,\"name\":\"FIGURINES HISTORIQUES : LES PETITS SOLDATS DU MUS\u00c9E DE L&#8217;ARM\u00c9E\"}]},{\"@type\":\"WebSite\",\"@id\":\"https:\/\/librairie7l.com\/en\/#website\",\"url\":\"https:\/\/librairie7l.com\/en\/\",\"name\":\"Librairie 7L\",\"description\":\"Librairie fond\u00e9e en 1999 par Karl Lagerfeld \u00e0 Paris\",\"publisher\":{\"@id\":\"https:\/\/librairie7l.com\/en\/#organization\"},\"potentialAction\":[{\"@type\":\"SearchAction\",\"target\":{\"@type\":\"EntryPoint\",\"urlTemplate\":\"https:\/\/librairie7l.com\/en\/?s={search_term_string}\"},\"query-input\":\"required name=search_term_string\"}],\"inLanguage\":\"en-US\"},{\"@type\":\"Organization\",\"@id\":\"https:\/\/librairie7l.com\/en\/#organization\",\"name\":\"Librairie 7L\",\"url\":\"https:\/\/librairie7l.com\/en\/\",\"logo\":{\"@type\":\"ImageObject\",\"inLanguage\":\"en-US\",\"@id\":\"https:\/\/librairie7l.com\/en\/#\/schema\/logo\/image\/\",\"url\":\"https:\/\/librairie7l.com\/wp-content\/uploads\/2022\/08\/logo-1.png\",\"contentUrl\":\"https:\/\/librairie7l.com\/wp-content\/uploads\/2022\/08\/logo-1.png\",\"width\":227,\"height\":301,\"caption\":\"Librairie 7L\"},\"image\":{\"@id\":\"https:\/\/librairie7l.com\/en\/#\/schema\/logo\/image\/\"}}]}<\/script>\n<!-- \/ Yoast SEO plugin. -->","yoast_head_json":{"title":"Figurines historiques : Les petits soldats du mus\u00e9e de l'Arm\u00e9e - Librairie 7L","robots":{"index":"index","follow":"follow","max-snippet":"max-snippet:-1","max-image-preview":"max-image-preview:large","max-video-preview":"max-video-preview:-1"},"canonical":"https:\/\/librairie7l.com\/en\/produit\/figurines-historiques-les-petits-soldats-du-musee-de-larmee-2\/","og_locale":"en_US","og_type":"article","og_title":"Figurines historiques : Les petits soldats du mus\u00e9e de l'Arm\u00e9e - Librairie 7L","og_description":"Le mus\u00e9e de l&#8217;Arm\u00e9e conserve un ensemble unique au monde de 150 000 figurines historiques. Afin de mettre en valeur cette collection exceptionnelle et les connaissances sur cette derni\u00e8re, il a \u00e9t\u00e9 d\u00e9cid\u00e9 de publier un ouvrage qui en propose une analyse approfondie, aussi bien destin\u00e9 aux sp\u00e9cialistes qu&#8217;accessible au grand public. Se concentrant sur [&hellip;]","og_url":"https:\/\/librairie7l.com\/en\/produit\/figurines-historiques-les-petits-soldats-du-musee-de-larmee-2\/","og_site_name":"Librairie 7L","article_modified_time":"2026-05-13T20:36:28+00:00","og_image":[{"width":400,"height":523,"url":"https:\/\/librairie7l.com\/wp-content\/uploads\/2025\/09\/9782359064872_1_75.jpg","type":"image\/jpeg"}],"twitter_card":"summary_large_image","twitter_misc":{"Est. reading time":"2 minutes"},"schema":{"@context":"https:\/\/schema.org","@graph":[{"@type":"WebPage","@id":"https:\/\/librairie7l.com\/en\/produit\/figurines-historiques-les-petits-soldats-du-musee-de-larmee-2\/","url":"https:\/\/librairie7l.com\/en\/produit\/figurines-historiques-les-petits-soldats-du-musee-de-larmee-2\/","name":"Figurines historiques : Les petits soldats du mus\u00e9e de l'Arm\u00e9e - Librairie 7L","isPartOf":{"@id":"https:\/\/librairie7l.com\/en\/#website"},"datePublished":"2025-12-04T08:18:11+00:00","dateModified":"2026-05-13T20:36:28+00:00","breadcrumb":{"@id":"https:\/\/librairie7l.com\/en\/produit\/figurines-historiques-les-petits-soldats-du-musee-de-larmee-2\/#breadcrumb"},"inLanguage":"en-US","potentialAction":[{"@type":"ReadAction","target":["https:\/\/librairie7l.com\/en\/produit\/figurines-historiques-les-petits-soldats-du-musee-de-larmee-2\/"]}]},{"@type":"BreadcrumbList","@id":"https:\/\/librairie7l.com\/en\/produit\/figurines-historiques-les-petits-soldats-du-musee-de-larmee-2\/#breadcrumb","itemListElement":[{"@type":"ListItem","position":1,"name":"Accueil","item":"https:\/\/librairie7l.com\/en\/"},{"@type":"ListItem","position":2,"name":"Shop","item":"https:\/\/librairie7l.com\/en\/shop\/"},{"@type":"ListItem","position":3,"name":"FIGURINES HISTORIQUES : LES PETITS SOLDATS DU MUS\u00c9E DE L&#8217;ARM\u00c9E"}]},{"@type":"WebSite","@id":"https:\/\/librairie7l.com\/en\/#website","url":"https:\/\/librairie7l.com\/en\/","name":"Librairie 7L","description":"Librairie fond\u00e9e en 1999 par Karl Lagerfeld \u00e0 Paris","publisher":{"@id":"https:\/\/librairie7l.com\/en\/#organization"},"potentialAction":[{"@type":"SearchAction","target":{"@type":"EntryPoint","urlTemplate":"https:\/\/librairie7l.com\/en\/?s={search_term_string}"},"query-input":"required name=search_term_string"}],"inLanguage":"en-US"},{"@type":"Organization","@id":"https:\/\/librairie7l.com\/en\/#organization","name":"Librairie 7L","url":"https:\/\/librairie7l.com\/en\/","logo":{"@type":"ImageObject","inLanguage":"en-US","@id":"https:\/\/librairie7l.com\/en\/#\/schema\/logo\/image\/","url":"https:\/\/librairie7l.com\/wp-content\/uploads\/2022\/08\/logo-1.png","contentUrl":"https:\/\/librairie7l.com\/wp-content\/uploads\/2022\/08\/logo-1.png","width":227,"height":301,"caption":"Librairie 7L"},"image":{"@id":"https:\/\/librairie7l.com\/en\/#\/schema\/logo\/image\/"}}]}},"_links":{"self":[{"href":"https:\/\/librairie7l.com\/en\/wp-json\/wp\/v2\/product\/52952"}],"collection":[{"href":"https:\/\/librairie7l.com\/en\/wp-json\/wp\/v2\/product"}],"about":[{"href":"https:\/\/librairie7l.com\/en\/wp-json\/wp\/v2\/types\/product"}],"wp:featuredmedia":[{"embeddable":true,"href":"https:\/\/librairie7l.com\/en\/wp-json\/wp\/v2\/media\/52950"}],"wp:attachment":[{"href":"https:\/\/librairie7l.com\/en\/wp-json\/wp\/v2\/media?parent=52952"}],"wp:term":[{"taxonomy":"product_cat","embeddable":true,"href":"https:\/\/librairie7l.com\/en\/wp-json\/wp\/v2\/product_cat?post=52952"},{"taxonomy":"product_tag","embeddable":true,"href":"https:\/\/librairie7l.com\/en\/wp-json\/wp\/v2\/product_tag?post=52952"}],"curies":[{"name":"wp","href":"https:\/\/api.w.org\/{rel}","templated":true}]}}