{"id":52956,"date":"2025-12-04T09:18:14","date_gmt":"2025-12-04T08:18:14","guid":{"rendered":"https:\/\/librairie7l.com\/?post_type=product&#038;p=52956"},"modified":"2026-04-23T00:25:41","modified_gmt":"2026-04-22T22:25:41","slug":"tous-en-ligne-2","status":"publish","type":"product","link":"https:\/\/librairie7l.com\/en\/produit\/tous-en-ligne-2\/","title":{"rendered":"TOUS EN LIGNE"},"content":{"rendered":"<p>L&#8217;oeuvre de Saul Steinberg (1914-1999) influence profond\u00e9ment les dessinateurs fran\u00e7ais d&#8217;apr\u00e8s-guerre, de Semp\u00e9 \u00e0 Cabu en passant par Sin\u00e9. La popularit\u00e9 du New-Yorkais dans l&#8217;Hexagone doit beaucoup \u00e0 la Galerie Maeght, qui organise sa premi\u00e8re exposition fran\u00e7aise d\u00e8s 1953 et lui consacre par la m\u00eame occasion un num\u00e9ro double de Derri\u00e8re le miroir. Cette exposition, qui circule aux Pays-Bas, en Allemagne et en Suisse, marque un jalon dans la diffusion de Steinberg en Europe. En 1956, Gallimard publie un recueil de ses dessins, signe de la reconnaissance qu&#8217;il a acquise en peu de temps. Apr\u00e8s plusieurs ann\u00e9es \u00e0 fuir les expositions, Steinberg revient sur le devant de la sc\u00e8ne en 1966, toujours \u00e0 la Galerie Maeght. \u00c0 cette occasion, il con\u00e7oit l&#8217;ouvrage Le Masque, accompagn\u00e9 de textes de Michel Butor et Harold Rosenberg. La galerie l&#8217;expose \u00e0 nouveau cinq fois entre 1971 et 1988. Ainsi, pendant plus de quarante ans, Steinberg multiplie les voyages en France, participant \u00e0 l&#8217;effervescence artistique et intellectuelle de la capitale. Durant ses s\u00e9jours, il se lie d&#8217;amiti\u00e9, entre autres, avec le photographe Henri Cartier-Bresson et le peintre Jean H\u00e9lion, d\u00eene avec Le Corbusier, dessine avec Picasso. Steinberg y rend \u00e9galement visite \u00e0 sa famille\u00a0:\u00a0ses parents s&#8217;y sont install\u00e9s en 1948 et sa soeur, neuf ans plus tard. Malgr\u00e9 la grande post\u00e9rit\u00e9 de Steinberg en France, son premier recueil, Tous en ligne, r\u00e9cit dessin\u00e9 de son \u00e9vasion de l&#8217;Europe fasciste et portrait d&#8217;un artiste cherchant sa ligne et sa voie en Am\u00e9rique, n&#8217;y avait jamais \u00e9t\u00e9 publi\u00e9. La pr\u00e9sente \u00e9dition vient r\u00e9parer ce manque, quatre-vingts ans apr\u00e8s sa premi\u00e8re parution aux \u00c9tats-Unis.<\/p>\n","protected":false},"excerpt":{"rendered":"<p>L&#8217;oeuvre de Saul Steinberg (1914-1999) influence profond\u00e9ment les dessinateurs fran\u00e7ais d&#8217;apr\u00e8s-guerre, de Semp\u00e9 \u00e0 Cabu en passant par Sin\u00e9. La popularit\u00e9 du New-Yorkais dans l&#8217;Hexagone doit beaucoup \u00e0 la Galerie Maeght, qui organise sa premi\u00e8re exposition fran\u00e7aise d\u00e8s 1953 et lui consacre par la m\u00eame occasion un num\u00e9ro double de Derri\u00e8re le miroir. Cette exposition, [&hellip;]<\/p>\n","protected":false},"featured_media":52954,"template":"","meta":[],"product_cat":[2948,2953],"product_tag":[],"acf":[],"yoast_head":"<!-- This site is optimized with the Yoast SEO plugin v20.11 - https:\/\/yoast.com\/wordpress\/plugins\/seo\/ -->\n<title>Tous en ligne - Librairie 7L<\/title>\n<meta name=\"robots\" content=\"index, follow, max-snippet:-1, max-image-preview:large, max-video-preview:-1\" \/>\n<link rel=\"canonical\" href=\"https:\/\/librairie7l.com\/en\/produit\/tous-en-ligne-2\/\" \/>\n<meta property=\"og:locale\" content=\"en_US\" \/>\n<meta property=\"og:type\" content=\"article\" \/>\n<meta property=\"og:title\" content=\"Tous en ligne - Librairie 7L\" \/>\n<meta property=\"og:description\" content=\"L&#8217;oeuvre de Saul Steinberg (1914-1999) influence profond\u00e9ment les dessinateurs fran\u00e7ais d&#8217;apr\u00e8s-guerre, de Semp\u00e9 \u00e0 Cabu en passant par Sin\u00e9. La popularit\u00e9 du New-Yorkais dans l&#8217;Hexagone doit beaucoup \u00e0 la Galerie Maeght, qui organise sa premi\u00e8re exposition fran\u00e7aise d\u00e8s 1953 et lui consacre par la m\u00eame occasion un num\u00e9ro double de Derri\u00e8re le miroir. Cette exposition, [&hellip;]\" \/>\n<meta property=\"og:url\" content=\"https:\/\/librairie7l.com\/en\/produit\/tous-en-ligne-2\/\" \/>\n<meta property=\"og:site_name\" content=\"Librairie 7L\" \/>\n<meta property=\"article:modified_time\" content=\"2026-04-22T22:25:41+00:00\" \/>\n<meta property=\"og:image\" content=\"https:\/\/librairie7l.com\/wp-content\/uploads\/2025\/06\/9791037116093_1_75.jpg\" \/>\n\t<meta property=\"og:image:width\" content=\"600\" \/>\n\t<meta property=\"og:image:height\" content=\"800\" \/>\n\t<meta property=\"og:image:type\" content=\"image\/jpeg\" \/>\n<meta name=\"twitter:card\" content=\"summary_large_image\" \/>\n<meta name=\"twitter:label1\" content=\"Est. reading time\" \/>\n\t<meta name=\"twitter:data1\" content=\"1 minute\" \/>\n<script type=\"application\/ld+json\" class=\"yoast-schema-graph\">{\"@context\":\"https:\/\/schema.org\",\"@graph\":[{\"@type\":\"WebPage\",\"@id\":\"https:\/\/librairie7l.com\/en\/produit\/tous-en-ligne-2\/\",\"url\":\"https:\/\/librairie7l.com\/en\/produit\/tous-en-ligne-2\/\",\"name\":\"Tous en ligne - Librairie 7L\",\"isPartOf\":{\"@id\":\"https:\/\/librairie7l.com\/en\/#website\"},\"datePublished\":\"2025-12-04T08:18:14+00:00\",\"dateModified\":\"2026-04-22T22:25:41+00:00\",\"breadcrumb\":{\"@id\":\"https:\/\/librairie7l.com\/en\/produit\/tous-en-ligne-2\/#breadcrumb\"},\"inLanguage\":\"en-US\",\"potentialAction\":[{\"@type\":\"ReadAction\",\"target\":[\"https:\/\/librairie7l.com\/en\/produit\/tous-en-ligne-2\/\"]}]},{\"@type\":\"BreadcrumbList\",\"@id\":\"https:\/\/librairie7l.com\/en\/produit\/tous-en-ligne-2\/#breadcrumb\",\"itemListElement\":[{\"@type\":\"ListItem\",\"position\":1,\"name\":\"Accueil\",\"item\":\"https:\/\/librairie7l.com\/en\/\"},{\"@type\":\"ListItem\",\"position\":2,\"name\":\"Shop\",\"item\":\"https:\/\/librairie7l.com\/en\/shop\/\"},{\"@type\":\"ListItem\",\"position\":3,\"name\":\"TOUS EN LIGNE\"}]},{\"@type\":\"WebSite\",\"@id\":\"https:\/\/librairie7l.com\/en\/#website\",\"url\":\"https:\/\/librairie7l.com\/en\/\",\"name\":\"Librairie 7L\",\"description\":\"Librairie fond\u00e9e en 1999 par Karl Lagerfeld \u00e0 Paris\",\"publisher\":{\"@id\":\"https:\/\/librairie7l.com\/en\/#organization\"},\"potentialAction\":[{\"@type\":\"SearchAction\",\"target\":{\"@type\":\"EntryPoint\",\"urlTemplate\":\"https:\/\/librairie7l.com\/en\/?s={search_term_string}\"},\"query-input\":\"required name=search_term_string\"}],\"inLanguage\":\"en-US\"},{\"@type\":\"Organization\",\"@id\":\"https:\/\/librairie7l.com\/en\/#organization\",\"name\":\"Librairie 7L\",\"url\":\"https:\/\/librairie7l.com\/en\/\",\"logo\":{\"@type\":\"ImageObject\",\"inLanguage\":\"en-US\",\"@id\":\"https:\/\/librairie7l.com\/en\/#\/schema\/logo\/image\/\",\"url\":\"https:\/\/librairie7l.com\/wp-content\/uploads\/2022\/08\/logo-1.png\",\"contentUrl\":\"https:\/\/librairie7l.com\/wp-content\/uploads\/2022\/08\/logo-1.png\",\"width\":227,\"height\":301,\"caption\":\"Librairie 7L\"},\"image\":{\"@id\":\"https:\/\/librairie7l.com\/en\/#\/schema\/logo\/image\/\"}}]}<\/script>\n<!-- \/ Yoast SEO plugin. -->","yoast_head_json":{"title":"Tous en ligne - Librairie 7L","robots":{"index":"index","follow":"follow","max-snippet":"max-snippet:-1","max-image-preview":"max-image-preview:large","max-video-preview":"max-video-preview:-1"},"canonical":"https:\/\/librairie7l.com\/en\/produit\/tous-en-ligne-2\/","og_locale":"en_US","og_type":"article","og_title":"Tous en ligne - Librairie 7L","og_description":"L&#8217;oeuvre de Saul Steinberg (1914-1999) influence profond\u00e9ment les dessinateurs fran\u00e7ais d&#8217;apr\u00e8s-guerre, de Semp\u00e9 \u00e0 Cabu en passant par Sin\u00e9. La popularit\u00e9 du New-Yorkais dans l&#8217;Hexagone doit beaucoup \u00e0 la Galerie Maeght, qui organise sa premi\u00e8re exposition fran\u00e7aise d\u00e8s 1953 et lui consacre par la m\u00eame occasion un num\u00e9ro double de Derri\u00e8re le miroir. Cette exposition, [&hellip;]","og_url":"https:\/\/librairie7l.com\/en\/produit\/tous-en-ligne-2\/","og_site_name":"Librairie 7L","article_modified_time":"2026-04-22T22:25:41+00:00","og_image":[{"width":600,"height":800,"url":"https:\/\/librairie7l.com\/wp-content\/uploads\/2025\/06\/9791037116093_1_75.jpg","type":"image\/jpeg"}],"twitter_card":"summary_large_image","twitter_misc":{"Est. reading time":"1 minute"},"schema":{"@context":"https:\/\/schema.org","@graph":[{"@type":"WebPage","@id":"https:\/\/librairie7l.com\/en\/produit\/tous-en-ligne-2\/","url":"https:\/\/librairie7l.com\/en\/produit\/tous-en-ligne-2\/","name":"Tous en ligne - Librairie 7L","isPartOf":{"@id":"https:\/\/librairie7l.com\/en\/#website"},"datePublished":"2025-12-04T08:18:14+00:00","dateModified":"2026-04-22T22:25:41+00:00","breadcrumb":{"@id":"https:\/\/librairie7l.com\/en\/produit\/tous-en-ligne-2\/#breadcrumb"},"inLanguage":"en-US","potentialAction":[{"@type":"ReadAction","target":["https:\/\/librairie7l.com\/en\/produit\/tous-en-ligne-2\/"]}]},{"@type":"BreadcrumbList","@id":"https:\/\/librairie7l.com\/en\/produit\/tous-en-ligne-2\/#breadcrumb","itemListElement":[{"@type":"ListItem","position":1,"name":"Accueil","item":"https:\/\/librairie7l.com\/en\/"},{"@type":"ListItem","position":2,"name":"Shop","item":"https:\/\/librairie7l.com\/en\/shop\/"},{"@type":"ListItem","position":3,"name":"TOUS EN LIGNE"}]},{"@type":"WebSite","@id":"https:\/\/librairie7l.com\/en\/#website","url":"https:\/\/librairie7l.com\/en\/","name":"Librairie 7L","description":"Librairie fond\u00e9e en 1999 par Karl Lagerfeld \u00e0 Paris","publisher":{"@id":"https:\/\/librairie7l.com\/en\/#organization"},"potentialAction":[{"@type":"SearchAction","target":{"@type":"EntryPoint","urlTemplate":"https:\/\/librairie7l.com\/en\/?s={search_term_string}"},"query-input":"required name=search_term_string"}],"inLanguage":"en-US"},{"@type":"Organization","@id":"https:\/\/librairie7l.com\/en\/#organization","name":"Librairie 7L","url":"https:\/\/librairie7l.com\/en\/","logo":{"@type":"ImageObject","inLanguage":"en-US","@id":"https:\/\/librairie7l.com\/en\/#\/schema\/logo\/image\/","url":"https:\/\/librairie7l.com\/wp-content\/uploads\/2022\/08\/logo-1.png","contentUrl":"https:\/\/librairie7l.com\/wp-content\/uploads\/2022\/08\/logo-1.png","width":227,"height":301,"caption":"Librairie 7L"},"image":{"@id":"https:\/\/librairie7l.com\/en\/#\/schema\/logo\/image\/"}}]}},"_links":{"self":[{"href":"https:\/\/librairie7l.com\/en\/wp-json\/wp\/v2\/product\/52956"}],"collection":[{"href":"https:\/\/librairie7l.com\/en\/wp-json\/wp\/v2\/product"}],"about":[{"href":"https:\/\/librairie7l.com\/en\/wp-json\/wp\/v2\/types\/product"}],"wp:featuredmedia":[{"embeddable":true,"href":"https:\/\/librairie7l.com\/en\/wp-json\/wp\/v2\/media\/52954"}],"wp:attachment":[{"href":"https:\/\/librairie7l.com\/en\/wp-json\/wp\/v2\/media?parent=52956"}],"wp:term":[{"taxonomy":"product_cat","embeddable":true,"href":"https:\/\/librairie7l.com\/en\/wp-json\/wp\/v2\/product_cat?post=52956"},{"taxonomy":"product_tag","embeddable":true,"href":"https:\/\/librairie7l.com\/en\/wp-json\/wp\/v2\/product_tag?post=52956"}],"curies":[{"name":"wp","href":"https:\/\/api.w.org\/{rel}","templated":true}]}}