{"id":52971,"date":"2025-12-05T13:17:52","date_gmt":"2025-12-05T12:17:52","guid":{"rendered":"https:\/\/librairie7l.com\/?post_type=product&#038;p=52971"},"modified":"2026-04-04T15:37:45","modified_gmt":"2026-04-04T13:37:45","slug":"kenya-hara-100-whites-2","status":"publish","type":"product","link":"https:\/\/librairie7l.com\/en\/produit\/kenya-hara-100-whites-2\/","title":{"rendered":"KENYA HARA 100 WHITES"},"content":{"rendered":"<p>Le blanc tient une place importante dans la culture japonaise mais tout particuli\u00e8rement dans le travail du designer Kenya Hara. Dans cet ouvrage, il donne cent exemples de blancs bien sp\u00e9cifiques &#8211; neige, Islande, riz, cire, etc. &#8211; qui lui permettent de discuter du r\u00f4le pr\u00e9pond\u00e9rant du blanc dans le design, aussi bien comme couleur que comme philosophie. Le designer revient ensuite sur son travail, comment il exp\u00e9rimente avec ces diff\u00e9rentes nuances et qu&#8217;est-ce que chacune signifie dans son processus de cr\u00e9ation.<\/p>\n","protected":false},"excerpt":{"rendered":"<p>Le blanc tient une place importante dans la culture japonaise mais tout particuli\u00e8rement dans le travail du designer Kenya Hara. Dans cet ouvrage, il donne cent exemples de blancs bien sp\u00e9cifiques &#8211; neige, Islande, riz, cire, etc. &#8211; qui lui permettent de discuter du r\u00f4le pr\u00e9pond\u00e9rant du blanc dans le design, aussi bien comme couleur [&hellip;]<\/p>\n","protected":false},"featured_media":52969,"template":"","meta":[],"product_cat":[7364,2948],"product_tag":[],"acf":[],"yoast_head":"<!-- This site is optimized with the Yoast SEO plugin v20.11 - https:\/\/yoast.com\/wordpress\/plugins\/seo\/ -->\n<title>Kenya hara 100 whites - Librairie 7L<\/title>\n<meta name=\"robots\" content=\"index, follow, max-snippet:-1, max-image-preview:large, max-video-preview:-1\" \/>\n<link rel=\"canonical\" href=\"https:\/\/librairie7l.com\/en\/produit\/kenya-hara-100-whites-2\/\" \/>\n<meta property=\"og:locale\" content=\"en_US\" \/>\n<meta property=\"og:type\" content=\"article\" \/>\n<meta property=\"og:title\" content=\"Kenya hara 100 whites - Librairie 7L\" \/>\n<meta property=\"og:description\" content=\"Le blanc tient une place importante dans la culture japonaise mais tout particuli\u00e8rement dans le travail du designer Kenya Hara. Dans cet ouvrage, il donne cent exemples de blancs bien sp\u00e9cifiques &#8211; neige, Islande, riz, cire, etc. &#8211; qui lui permettent de discuter du r\u00f4le pr\u00e9pond\u00e9rant du blanc dans le design, aussi bien comme couleur [&hellip;]\" \/>\n<meta property=\"og:url\" content=\"https:\/\/librairie7l.com\/en\/produit\/kenya-hara-100-whites-2\/\" \/>\n<meta property=\"og:site_name\" content=\"Librairie 7L\" \/>\n<meta property=\"article:modified_time\" content=\"2026-04-04T13:37:45+00:00\" \/>\n<meta property=\"og:image\" content=\"https:\/\/librairie7l.com\/wp-content\/uploads\/2018\/05\/9783037785799_1_75.jpg\" \/>\n\t<meta property=\"og:image:width\" content=\"600\" \/>\n\t<meta property=\"og:image:height\" content=\"870\" \/>\n\t<meta property=\"og:image:type\" content=\"image\/jpeg\" \/>\n<meta name=\"twitter:card\" content=\"summary_large_image\" \/>\n<script type=\"application\/ld+json\" class=\"yoast-schema-graph\">{\"@context\":\"https:\/\/schema.org\",\"@graph\":[{\"@type\":\"WebPage\",\"@id\":\"https:\/\/librairie7l.com\/en\/produit\/kenya-hara-100-whites-2\/\",\"url\":\"https:\/\/librairie7l.com\/en\/produit\/kenya-hara-100-whites-2\/\",\"name\":\"Kenya hara 100 whites - Librairie 7L\",\"isPartOf\":{\"@id\":\"https:\/\/librairie7l.com\/en\/#website\"},\"datePublished\":\"2025-12-05T12:17:52+00:00\",\"dateModified\":\"2026-04-04T13:37:45+00:00\",\"breadcrumb\":{\"@id\":\"https:\/\/librairie7l.com\/en\/produit\/kenya-hara-100-whites-2\/#breadcrumb\"},\"inLanguage\":\"en-US\",\"potentialAction\":[{\"@type\":\"ReadAction\",\"target\":[\"https:\/\/librairie7l.com\/en\/produit\/kenya-hara-100-whites-2\/\"]}]},{\"@type\":\"BreadcrumbList\",\"@id\":\"https:\/\/librairie7l.com\/en\/produit\/kenya-hara-100-whites-2\/#breadcrumb\",\"itemListElement\":[{\"@type\":\"ListItem\",\"position\":1,\"name\":\"Accueil\",\"item\":\"https:\/\/librairie7l.com\/en\/\"},{\"@type\":\"ListItem\",\"position\":2,\"name\":\"Shop\",\"item\":\"https:\/\/librairie7l.com\/en\/shop\/\"},{\"@type\":\"ListItem\",\"position\":3,\"name\":\"KENYA HARA 100 WHITES\"}]},{\"@type\":\"WebSite\",\"@id\":\"https:\/\/librairie7l.com\/en\/#website\",\"url\":\"https:\/\/librairie7l.com\/en\/\",\"name\":\"Librairie 7L\",\"description\":\"Librairie fond\u00e9e en 1999 par Karl Lagerfeld \u00e0 Paris\",\"publisher\":{\"@id\":\"https:\/\/librairie7l.com\/en\/#organization\"},\"potentialAction\":[{\"@type\":\"SearchAction\",\"target\":{\"@type\":\"EntryPoint\",\"urlTemplate\":\"https:\/\/librairie7l.com\/en\/?s={search_term_string}\"},\"query-input\":\"required name=search_term_string\"}],\"inLanguage\":\"en-US\"},{\"@type\":\"Organization\",\"@id\":\"https:\/\/librairie7l.com\/en\/#organization\",\"name\":\"Librairie 7L\",\"url\":\"https:\/\/librairie7l.com\/en\/\",\"logo\":{\"@type\":\"ImageObject\",\"inLanguage\":\"en-US\",\"@id\":\"https:\/\/librairie7l.com\/en\/#\/schema\/logo\/image\/\",\"url\":\"https:\/\/librairie7l.com\/wp-content\/uploads\/2022\/08\/logo-1.png\",\"contentUrl\":\"https:\/\/librairie7l.com\/wp-content\/uploads\/2022\/08\/logo-1.png\",\"width\":227,\"height\":301,\"caption\":\"Librairie 7L\"},\"image\":{\"@id\":\"https:\/\/librairie7l.com\/en\/#\/schema\/logo\/image\/\"}}]}<\/script>\n<!-- \/ Yoast SEO plugin. -->","yoast_head_json":{"title":"Kenya hara 100 whites - Librairie 7L","robots":{"index":"index","follow":"follow","max-snippet":"max-snippet:-1","max-image-preview":"max-image-preview:large","max-video-preview":"max-video-preview:-1"},"canonical":"https:\/\/librairie7l.com\/en\/produit\/kenya-hara-100-whites-2\/","og_locale":"en_US","og_type":"article","og_title":"Kenya hara 100 whites - Librairie 7L","og_description":"Le blanc tient une place importante dans la culture japonaise mais tout particuli\u00e8rement dans le travail du designer Kenya Hara. Dans cet ouvrage, il donne cent exemples de blancs bien sp\u00e9cifiques &#8211; neige, Islande, riz, cire, etc. &#8211; qui lui permettent de discuter du r\u00f4le pr\u00e9pond\u00e9rant du blanc dans le design, aussi bien comme couleur [&hellip;]","og_url":"https:\/\/librairie7l.com\/en\/produit\/kenya-hara-100-whites-2\/","og_site_name":"Librairie 7L","article_modified_time":"2026-04-04T13:37:45+00:00","og_image":[{"width":600,"height":870,"url":"https:\/\/librairie7l.com\/wp-content\/uploads\/2018\/05\/9783037785799_1_75.jpg","type":"image\/jpeg"}],"twitter_card":"summary_large_image","schema":{"@context":"https:\/\/schema.org","@graph":[{"@type":"WebPage","@id":"https:\/\/librairie7l.com\/en\/produit\/kenya-hara-100-whites-2\/","url":"https:\/\/librairie7l.com\/en\/produit\/kenya-hara-100-whites-2\/","name":"Kenya hara 100 whites - Librairie 7L","isPartOf":{"@id":"https:\/\/librairie7l.com\/en\/#website"},"datePublished":"2025-12-05T12:17:52+00:00","dateModified":"2026-04-04T13:37:45+00:00","breadcrumb":{"@id":"https:\/\/librairie7l.com\/en\/produit\/kenya-hara-100-whites-2\/#breadcrumb"},"inLanguage":"en-US","potentialAction":[{"@type":"ReadAction","target":["https:\/\/librairie7l.com\/en\/produit\/kenya-hara-100-whites-2\/"]}]},{"@type":"BreadcrumbList","@id":"https:\/\/librairie7l.com\/en\/produit\/kenya-hara-100-whites-2\/#breadcrumb","itemListElement":[{"@type":"ListItem","position":1,"name":"Accueil","item":"https:\/\/librairie7l.com\/en\/"},{"@type":"ListItem","position":2,"name":"Shop","item":"https:\/\/librairie7l.com\/en\/shop\/"},{"@type":"ListItem","position":3,"name":"KENYA HARA 100 WHITES"}]},{"@type":"WebSite","@id":"https:\/\/librairie7l.com\/en\/#website","url":"https:\/\/librairie7l.com\/en\/","name":"Librairie 7L","description":"Librairie fond\u00e9e en 1999 par Karl Lagerfeld \u00e0 Paris","publisher":{"@id":"https:\/\/librairie7l.com\/en\/#organization"},"potentialAction":[{"@type":"SearchAction","target":{"@type":"EntryPoint","urlTemplate":"https:\/\/librairie7l.com\/en\/?s={search_term_string}"},"query-input":"required name=search_term_string"}],"inLanguage":"en-US"},{"@type":"Organization","@id":"https:\/\/librairie7l.com\/en\/#organization","name":"Librairie 7L","url":"https:\/\/librairie7l.com\/en\/","logo":{"@type":"ImageObject","inLanguage":"en-US","@id":"https:\/\/librairie7l.com\/en\/#\/schema\/logo\/image\/","url":"https:\/\/librairie7l.com\/wp-content\/uploads\/2022\/08\/logo-1.png","contentUrl":"https:\/\/librairie7l.com\/wp-content\/uploads\/2022\/08\/logo-1.png","width":227,"height":301,"caption":"Librairie 7L"},"image":{"@id":"https:\/\/librairie7l.com\/en\/#\/schema\/logo\/image\/"}}]}},"_links":{"self":[{"href":"https:\/\/librairie7l.com\/en\/wp-json\/wp\/v2\/product\/52971"}],"collection":[{"href":"https:\/\/librairie7l.com\/en\/wp-json\/wp\/v2\/product"}],"about":[{"href":"https:\/\/librairie7l.com\/en\/wp-json\/wp\/v2\/types\/product"}],"wp:featuredmedia":[{"embeddable":true,"href":"https:\/\/librairie7l.com\/en\/wp-json\/wp\/v2\/media\/52969"}],"wp:attachment":[{"href":"https:\/\/librairie7l.com\/en\/wp-json\/wp\/v2\/media?parent=52971"}],"wp:term":[{"taxonomy":"product_cat","embeddable":true,"href":"https:\/\/librairie7l.com\/en\/wp-json\/wp\/v2\/product_cat?post=52971"},{"taxonomy":"product_tag","embeddable":true,"href":"https:\/\/librairie7l.com\/en\/wp-json\/wp\/v2\/product_tag?post=52971"}],"curies":[{"name":"wp","href":"https:\/\/api.w.org\/{rel}","templated":true}]}}