{"id":52975,"date":"2025-12-05T14:09:33","date_gmt":"2025-12-05T13:09:33","guid":{"rendered":"https:\/\/librairie7l.com\/?post_type=product&#038;p=52975"},"modified":"2026-04-04T15:37:46","modified_gmt":"2026-04-04T13:37:46","slug":"habiter-la-modernite-a-dunkerque-2","status":"publish","type":"product","link":"https:\/\/librairie7l.com\/en\/produit\/habiter-la-modernite-a-dunkerque-2\/","title":{"rendered":"HABITER LA MODERNIT\u00c9 \u00c0 DUNKERQUE"},"content":{"rendered":"<p>Les comm\u00e9morations du 85e anniversaire de l&#8217;op\u00e9ration Dynamo et du 80e anniversaire de la lib\u00e9ration de Dunkerque donnent l&#8217;occasion de porter un nouveau regard sur le patrimoine de la reconstruction de la ville.<br \/>\nComprendre la Reconstruction, c&#8217;est red\u00e9couvrir l&#8217;identit\u00e9 d&#8217;une ville et l&#8217;apport du mouvement moderne au logement : quels objectifs les architectes de la Reconstruction cherchent-ils \u00e0 atteindre ? Comment r\u00e9agissent les habitants \u00e0 ce nouveau type de logement ? Comment vit-on dans les ann\u00e9es 1950  ?<br \/>\nCet ouvrage \u00e0 la riche iconographie, \u00e9dit\u00e9 \u00e0 l&#8217;occasion de l&#8217;exposition Habiter la modernit\u00e9 \u00e0 Dunkerque, apporte des r\u00e9ponses \u00e0 ces questions \u00e0 travers sept th\u00e9matiques abord\u00e9es par diff\u00e9rentes personnalit\u00e9s, notamment des sp\u00e9cialistes de l&#8217;histoire de l&#8217;architecture. Il donne \u00e9galement des cl\u00e9s au lecteur pour comprendre les techniques et mat\u00e9riaux mis en oeuvre gr\u00e2ce \u00e0 un glossaire illustr\u00e9.<\/p>\n","protected":false},"excerpt":{"rendered":"<p>Les comm\u00e9morations du 85e anniversaire de l&#8217;op\u00e9ration Dynamo et du 80e anniversaire de la lib\u00e9ration de Dunkerque donnent l&#8217;occasion de porter un nouveau regard sur le patrimoine de la reconstruction de la ville. Comprendre la Reconstruction, c&#8217;est red\u00e9couvrir l&#8217;identit\u00e9 d&#8217;une ville et l&#8217;apport du mouvement moderne au logement : quels objectifs les architectes de la [&hellip;]<\/p>\n","protected":false},"featured_media":52973,"template":"","meta":[],"product_cat":[7364,2948],"product_tag":[],"acf":[],"yoast_head":"<!-- This site is optimized with the Yoast SEO plugin v20.11 - https:\/\/yoast.com\/wordpress\/plugins\/seo\/ -->\n<title>Habiter la modernit\u00e9 \u00e0 Dunkerque - Librairie 7L<\/title>\n<meta name=\"robots\" content=\"index, follow, max-snippet:-1, max-image-preview:large, max-video-preview:-1\" \/>\n<link rel=\"canonical\" href=\"https:\/\/librairie7l.com\/en\/produit\/habiter-la-modernite-a-dunkerque-2\/\" \/>\n<meta property=\"og:locale\" content=\"en_US\" \/>\n<meta property=\"og:type\" content=\"article\" \/>\n<meta property=\"og:title\" content=\"Habiter la modernit\u00e9 \u00e0 Dunkerque - Librairie 7L\" \/>\n<meta property=\"og:description\" content=\"Les comm\u00e9morations du 85e anniversaire de l&#8217;op\u00e9ration Dynamo et du 80e anniversaire de la lib\u00e9ration de Dunkerque donnent l&#8217;occasion de porter un nouveau regard sur le patrimoine de la reconstruction de la ville. Comprendre la Reconstruction, c&#8217;est red\u00e9couvrir l&#8217;identit\u00e9 d&#8217;une ville et l&#8217;apport du mouvement moderne au logement : quels objectifs les architectes de la [&hellip;]\" \/>\n<meta property=\"og:url\" content=\"https:\/\/librairie7l.com\/en\/produit\/habiter-la-modernite-a-dunkerque-2\/\" \/>\n<meta property=\"og:site_name\" content=\"Librairie 7L\" \/>\n<meta property=\"article:modified_time\" content=\"2026-04-04T13:37:46+00:00\" \/>\n<meta property=\"og:image\" content=\"https:\/\/librairie7l.com\/wp-content\/uploads\/2025\/04\/9782376801382_1_75.jpg\" \/>\n\t<meta property=\"og:image:width\" content=\"300\" \/>\n\t<meta property=\"og:image:height\" content=\"400\" \/>\n\t<meta property=\"og:image:type\" content=\"image\/jpeg\" \/>\n<meta name=\"twitter:card\" content=\"summary_large_image\" \/>\n<meta name=\"twitter:label1\" content=\"Est. reading time\" \/>\n\t<meta name=\"twitter:data1\" content=\"1 minute\" \/>\n<script type=\"application\/ld+json\" class=\"yoast-schema-graph\">{\"@context\":\"https:\/\/schema.org\",\"@graph\":[{\"@type\":\"WebPage\",\"@id\":\"https:\/\/librairie7l.com\/en\/produit\/habiter-la-modernite-a-dunkerque-2\/\",\"url\":\"https:\/\/librairie7l.com\/en\/produit\/habiter-la-modernite-a-dunkerque-2\/\",\"name\":\"Habiter la modernit\u00e9 \u00e0 Dunkerque - Librairie 7L\",\"isPartOf\":{\"@id\":\"https:\/\/librairie7l.com\/en\/#website\"},\"datePublished\":\"2025-12-05T13:09:33+00:00\",\"dateModified\":\"2026-04-04T13:37:46+00:00\",\"breadcrumb\":{\"@id\":\"https:\/\/librairie7l.com\/en\/produit\/habiter-la-modernite-a-dunkerque-2\/#breadcrumb\"},\"inLanguage\":\"en-US\",\"potentialAction\":[{\"@type\":\"ReadAction\",\"target\":[\"https:\/\/librairie7l.com\/en\/produit\/habiter-la-modernite-a-dunkerque-2\/\"]}]},{\"@type\":\"BreadcrumbList\",\"@id\":\"https:\/\/librairie7l.com\/en\/produit\/habiter-la-modernite-a-dunkerque-2\/#breadcrumb\",\"itemListElement\":[{\"@type\":\"ListItem\",\"position\":1,\"name\":\"Accueil\",\"item\":\"https:\/\/librairie7l.com\/en\/\"},{\"@type\":\"ListItem\",\"position\":2,\"name\":\"Shop\",\"item\":\"https:\/\/librairie7l.com\/en\/shop\/\"},{\"@type\":\"ListItem\",\"position\":3,\"name\":\"HABITER LA MODERNIT\u00c9 \u00c0 DUNKERQUE\"}]},{\"@type\":\"WebSite\",\"@id\":\"https:\/\/librairie7l.com\/en\/#website\",\"url\":\"https:\/\/librairie7l.com\/en\/\",\"name\":\"Librairie 7L\",\"description\":\"Librairie fond\u00e9e en 1999 par Karl Lagerfeld \u00e0 Paris\",\"publisher\":{\"@id\":\"https:\/\/librairie7l.com\/en\/#organization\"},\"potentialAction\":[{\"@type\":\"SearchAction\",\"target\":{\"@type\":\"EntryPoint\",\"urlTemplate\":\"https:\/\/librairie7l.com\/en\/?s={search_term_string}\"},\"query-input\":\"required name=search_term_string\"}],\"inLanguage\":\"en-US\"},{\"@type\":\"Organization\",\"@id\":\"https:\/\/librairie7l.com\/en\/#organization\",\"name\":\"Librairie 7L\",\"url\":\"https:\/\/librairie7l.com\/en\/\",\"logo\":{\"@type\":\"ImageObject\",\"inLanguage\":\"en-US\",\"@id\":\"https:\/\/librairie7l.com\/en\/#\/schema\/logo\/image\/\",\"url\":\"https:\/\/librairie7l.com\/wp-content\/uploads\/2022\/08\/logo-1.png\",\"contentUrl\":\"https:\/\/librairie7l.com\/wp-content\/uploads\/2022\/08\/logo-1.png\",\"width\":227,\"height\":301,\"caption\":\"Librairie 7L\"},\"image\":{\"@id\":\"https:\/\/librairie7l.com\/en\/#\/schema\/logo\/image\/\"}}]}<\/script>\n<!-- \/ Yoast SEO plugin. -->","yoast_head_json":{"title":"Habiter la modernit\u00e9 \u00e0 Dunkerque - Librairie 7L","robots":{"index":"index","follow":"follow","max-snippet":"max-snippet:-1","max-image-preview":"max-image-preview:large","max-video-preview":"max-video-preview:-1"},"canonical":"https:\/\/librairie7l.com\/en\/produit\/habiter-la-modernite-a-dunkerque-2\/","og_locale":"en_US","og_type":"article","og_title":"Habiter la modernit\u00e9 \u00e0 Dunkerque - Librairie 7L","og_description":"Les comm\u00e9morations du 85e anniversaire de l&#8217;op\u00e9ration Dynamo et du 80e anniversaire de la lib\u00e9ration de Dunkerque donnent l&#8217;occasion de porter un nouveau regard sur le patrimoine de la reconstruction de la ville. Comprendre la Reconstruction, c&#8217;est red\u00e9couvrir l&#8217;identit\u00e9 d&#8217;une ville et l&#8217;apport du mouvement moderne au logement : quels objectifs les architectes de la [&hellip;]","og_url":"https:\/\/librairie7l.com\/en\/produit\/habiter-la-modernite-a-dunkerque-2\/","og_site_name":"Librairie 7L","article_modified_time":"2026-04-04T13:37:46+00:00","og_image":[{"width":300,"height":400,"url":"https:\/\/librairie7l.com\/wp-content\/uploads\/2025\/04\/9782376801382_1_75.jpg","type":"image\/jpeg"}],"twitter_card":"summary_large_image","twitter_misc":{"Est. reading time":"1 minute"},"schema":{"@context":"https:\/\/schema.org","@graph":[{"@type":"WebPage","@id":"https:\/\/librairie7l.com\/en\/produit\/habiter-la-modernite-a-dunkerque-2\/","url":"https:\/\/librairie7l.com\/en\/produit\/habiter-la-modernite-a-dunkerque-2\/","name":"Habiter la modernit\u00e9 \u00e0 Dunkerque - Librairie 7L","isPartOf":{"@id":"https:\/\/librairie7l.com\/en\/#website"},"datePublished":"2025-12-05T13:09:33+00:00","dateModified":"2026-04-04T13:37:46+00:00","breadcrumb":{"@id":"https:\/\/librairie7l.com\/en\/produit\/habiter-la-modernite-a-dunkerque-2\/#breadcrumb"},"inLanguage":"en-US","potentialAction":[{"@type":"ReadAction","target":["https:\/\/librairie7l.com\/en\/produit\/habiter-la-modernite-a-dunkerque-2\/"]}]},{"@type":"BreadcrumbList","@id":"https:\/\/librairie7l.com\/en\/produit\/habiter-la-modernite-a-dunkerque-2\/#breadcrumb","itemListElement":[{"@type":"ListItem","position":1,"name":"Accueil","item":"https:\/\/librairie7l.com\/en\/"},{"@type":"ListItem","position":2,"name":"Shop","item":"https:\/\/librairie7l.com\/en\/shop\/"},{"@type":"ListItem","position":3,"name":"HABITER LA MODERNIT\u00c9 \u00c0 DUNKERQUE"}]},{"@type":"WebSite","@id":"https:\/\/librairie7l.com\/en\/#website","url":"https:\/\/librairie7l.com\/en\/","name":"Librairie 7L","description":"Librairie fond\u00e9e en 1999 par Karl Lagerfeld \u00e0 Paris","publisher":{"@id":"https:\/\/librairie7l.com\/en\/#organization"},"potentialAction":[{"@type":"SearchAction","target":{"@type":"EntryPoint","urlTemplate":"https:\/\/librairie7l.com\/en\/?s={search_term_string}"},"query-input":"required name=search_term_string"}],"inLanguage":"en-US"},{"@type":"Organization","@id":"https:\/\/librairie7l.com\/en\/#organization","name":"Librairie 7L","url":"https:\/\/librairie7l.com\/en\/","logo":{"@type":"ImageObject","inLanguage":"en-US","@id":"https:\/\/librairie7l.com\/en\/#\/schema\/logo\/image\/","url":"https:\/\/librairie7l.com\/wp-content\/uploads\/2022\/08\/logo-1.png","contentUrl":"https:\/\/librairie7l.com\/wp-content\/uploads\/2022\/08\/logo-1.png","width":227,"height":301,"caption":"Librairie 7L"},"image":{"@id":"https:\/\/librairie7l.com\/en\/#\/schema\/logo\/image\/"}}]}},"_links":{"self":[{"href":"https:\/\/librairie7l.com\/en\/wp-json\/wp\/v2\/product\/52975"}],"collection":[{"href":"https:\/\/librairie7l.com\/en\/wp-json\/wp\/v2\/product"}],"about":[{"href":"https:\/\/librairie7l.com\/en\/wp-json\/wp\/v2\/types\/product"}],"wp:featuredmedia":[{"embeddable":true,"href":"https:\/\/librairie7l.com\/en\/wp-json\/wp\/v2\/media\/52973"}],"wp:attachment":[{"href":"https:\/\/librairie7l.com\/en\/wp-json\/wp\/v2\/media?parent=52975"}],"wp:term":[{"taxonomy":"product_cat","embeddable":true,"href":"https:\/\/librairie7l.com\/en\/wp-json\/wp\/v2\/product_cat?post=52975"},{"taxonomy":"product_tag","embeddable":true,"href":"https:\/\/librairie7l.com\/en\/wp-json\/wp\/v2\/product_tag?post=52975"}],"curies":[{"name":"wp","href":"https:\/\/api.w.org\/{rel}","templated":true}]}}