{"id":52983,"date":"2025-12-06T09:18:06","date_gmt":"2025-12-06T08:18:06","guid":{"rendered":"https:\/\/librairie7l.com\/?post_type=product&#038;p=52983"},"modified":"2026-04-18T13:39:03","modified_gmt":"2026-04-18T11:39:03","slug":"annie-leibovitz-women-2","status":"publish","type":"product","link":"https:\/\/librairie7l.com\/en\/produit\/annie-leibovitz-women-2\/","title":{"rendered":"ANNIE LEIBOVITZ : WOMEN"},"content":{"rendered":"<p>La photographe Annie Leibovitz est c\u00e9l\u00e8bre pour ses portraits de femmes. Ce coffret rassemble un nouveau volume pr\u00e9sentant son travail r\u00e9cent sur le sujet ainsi qu&#8217;un fac-simil\u00e9 de son c\u00e9l\u00e8bre livre de 1999<\/p>\n<p>Publi\u00e9 pour la premi\u00e8re fois en 1999, le c\u00e9l\u00e8bre recueil de portraits de femmes de tous horizons r\u00e9alis\u00e9s par Annie Leibovitz est de nouveau disponible dans une \u00e9dition en fac-simil\u00e9 et accompagn\u00e9 d&#8217;un nouveau livre de photographies. Un large \u00e9ventail de mod\u00e8les \u00e9voque l&#8217;image des femmes d&#8217;aujourd&#8217;hui : danseuses, actrices, astronautes, artistes, femmes politiques, agricultrices, \u00e9crivaines, PDG, philanthropes, soldates, musiciennes, athl\u00e8tes, mondaines ou scientifiques. Ce recueil rend hommage au pouvoir des femmes. Avec des essais de Chimamanda Ngozi Adichie, Susan Sontag et Gloria Steinem.<\/p>\n","protected":false},"excerpt":{"rendered":"<p>La photographe Annie Leibovitz est c\u00e9l\u00e8bre pour ses portraits de femmes. Ce coffret rassemble un nouveau volume pr\u00e9sentant son travail r\u00e9cent sur le sujet ainsi qu&#8217;un fac-simil\u00e9 de son c\u00e9l\u00e8bre livre de 1999 Publi\u00e9 pour la premi\u00e8re fois en 1999, le c\u00e9l\u00e8bre recueil de portraits de femmes de tous horizons r\u00e9alis\u00e9s par Annie Leibovitz est [&hellip;]<\/p>\n","protected":false},"featured_media":52981,"template":"","meta":[],"product_cat":[2948,2958],"product_tag":[],"acf":[],"yoast_head":"<!-- This site is optimized with the Yoast SEO plugin v20.11 - https:\/\/yoast.com\/wordpress\/plugins\/seo\/ -->\n<title>Annie Leibovitz : Women - Librairie 7L<\/title>\n<meta name=\"robots\" content=\"index, follow, max-snippet:-1, max-image-preview:large, max-video-preview:-1\" \/>\n<link rel=\"canonical\" href=\"https:\/\/librairie7l.com\/en\/produit\/annie-leibovitz-women-2\/\" \/>\n<meta property=\"og:locale\" content=\"en_US\" \/>\n<meta property=\"og:type\" content=\"article\" \/>\n<meta property=\"og:title\" content=\"Annie Leibovitz : Women - Librairie 7L\" \/>\n<meta property=\"og:description\" content=\"La photographe Annie Leibovitz est c\u00e9l\u00e8bre pour ses portraits de femmes. Ce coffret rassemble un nouveau volume pr\u00e9sentant son travail r\u00e9cent sur le sujet ainsi qu&#8217;un fac-simil\u00e9 de son c\u00e9l\u00e8bre livre de 1999 Publi\u00e9 pour la premi\u00e8re fois en 1999, le c\u00e9l\u00e8bre recueil de portraits de femmes de tous horizons r\u00e9alis\u00e9s par Annie Leibovitz est [&hellip;]\" \/>\n<meta property=\"og:url\" content=\"https:\/\/librairie7l.com\/en\/produit\/annie-leibovitz-women-2\/\" \/>\n<meta property=\"og:site_name\" content=\"Librairie 7L\" \/>\n<meta property=\"article:modified_time\" content=\"2026-04-18T11:39:03+00:00\" \/>\n<meta property=\"og:image\" content=\"https:\/\/librairie7l.com\/wp-content\/uploads\/2025\/06\/9781837290796_1_75.jpg\" \/>\n\t<meta property=\"og:image:width\" content=\"400\" \/>\n\t<meta property=\"og:image:height\" content=\"520\" \/>\n\t<meta property=\"og:image:type\" content=\"image\/jpeg\" \/>\n<meta name=\"twitter:card\" content=\"summary_large_image\" \/>\n<meta name=\"twitter:label1\" content=\"Est. reading time\" \/>\n\t<meta name=\"twitter:data1\" content=\"1 minute\" \/>\n<script type=\"application\/ld+json\" class=\"yoast-schema-graph\">{\"@context\":\"https:\/\/schema.org\",\"@graph\":[{\"@type\":\"WebPage\",\"@id\":\"https:\/\/librairie7l.com\/en\/produit\/annie-leibovitz-women-2\/\",\"url\":\"https:\/\/librairie7l.com\/en\/produit\/annie-leibovitz-women-2\/\",\"name\":\"Annie Leibovitz : Women - Librairie 7L\",\"isPartOf\":{\"@id\":\"https:\/\/librairie7l.com\/en\/#website\"},\"datePublished\":\"2025-12-06T08:18:06+00:00\",\"dateModified\":\"2026-04-18T11:39:03+00:00\",\"breadcrumb\":{\"@id\":\"https:\/\/librairie7l.com\/en\/produit\/annie-leibovitz-women-2\/#breadcrumb\"},\"inLanguage\":\"en-US\",\"potentialAction\":[{\"@type\":\"ReadAction\",\"target\":[\"https:\/\/librairie7l.com\/en\/produit\/annie-leibovitz-women-2\/\"]}]},{\"@type\":\"BreadcrumbList\",\"@id\":\"https:\/\/librairie7l.com\/en\/produit\/annie-leibovitz-women-2\/#breadcrumb\",\"itemListElement\":[{\"@type\":\"ListItem\",\"position\":1,\"name\":\"Accueil\",\"item\":\"https:\/\/librairie7l.com\/en\/\"},{\"@type\":\"ListItem\",\"position\":2,\"name\":\"Shop\",\"item\":\"https:\/\/librairie7l.com\/en\/shop\/\"},{\"@type\":\"ListItem\",\"position\":3,\"name\":\"ANNIE LEIBOVITZ : WOMEN\"}]},{\"@type\":\"WebSite\",\"@id\":\"https:\/\/librairie7l.com\/en\/#website\",\"url\":\"https:\/\/librairie7l.com\/en\/\",\"name\":\"Librairie 7L\",\"description\":\"Librairie fond\u00e9e en 1999 par Karl Lagerfeld \u00e0 Paris\",\"publisher\":{\"@id\":\"https:\/\/librairie7l.com\/en\/#organization\"},\"potentialAction\":[{\"@type\":\"SearchAction\",\"target\":{\"@type\":\"EntryPoint\",\"urlTemplate\":\"https:\/\/librairie7l.com\/en\/?s={search_term_string}\"},\"query-input\":\"required name=search_term_string\"}],\"inLanguage\":\"en-US\"},{\"@type\":\"Organization\",\"@id\":\"https:\/\/librairie7l.com\/en\/#organization\",\"name\":\"Librairie 7L\",\"url\":\"https:\/\/librairie7l.com\/en\/\",\"logo\":{\"@type\":\"ImageObject\",\"inLanguage\":\"en-US\",\"@id\":\"https:\/\/librairie7l.com\/en\/#\/schema\/logo\/image\/\",\"url\":\"https:\/\/librairie7l.com\/wp-content\/uploads\/2022\/08\/logo-1.png\",\"contentUrl\":\"https:\/\/librairie7l.com\/wp-content\/uploads\/2022\/08\/logo-1.png\",\"width\":227,\"height\":301,\"caption\":\"Librairie 7L\"},\"image\":{\"@id\":\"https:\/\/librairie7l.com\/en\/#\/schema\/logo\/image\/\"}}]}<\/script>\n<!-- \/ Yoast SEO plugin. -->","yoast_head_json":{"title":"Annie Leibovitz : Women - Librairie 7L","robots":{"index":"index","follow":"follow","max-snippet":"max-snippet:-1","max-image-preview":"max-image-preview:large","max-video-preview":"max-video-preview:-1"},"canonical":"https:\/\/librairie7l.com\/en\/produit\/annie-leibovitz-women-2\/","og_locale":"en_US","og_type":"article","og_title":"Annie Leibovitz : Women - Librairie 7L","og_description":"La photographe Annie Leibovitz est c\u00e9l\u00e8bre pour ses portraits de femmes. Ce coffret rassemble un nouveau volume pr\u00e9sentant son travail r\u00e9cent sur le sujet ainsi qu&#8217;un fac-simil\u00e9 de son c\u00e9l\u00e8bre livre de 1999 Publi\u00e9 pour la premi\u00e8re fois en 1999, le c\u00e9l\u00e8bre recueil de portraits de femmes de tous horizons r\u00e9alis\u00e9s par Annie Leibovitz est [&hellip;]","og_url":"https:\/\/librairie7l.com\/en\/produit\/annie-leibovitz-women-2\/","og_site_name":"Librairie 7L","article_modified_time":"2026-04-18T11:39:03+00:00","og_image":[{"width":400,"height":520,"url":"https:\/\/librairie7l.com\/wp-content\/uploads\/2025\/06\/9781837290796_1_75.jpg","type":"image\/jpeg"}],"twitter_card":"summary_large_image","twitter_misc":{"Est. reading time":"1 minute"},"schema":{"@context":"https:\/\/schema.org","@graph":[{"@type":"WebPage","@id":"https:\/\/librairie7l.com\/en\/produit\/annie-leibovitz-women-2\/","url":"https:\/\/librairie7l.com\/en\/produit\/annie-leibovitz-women-2\/","name":"Annie Leibovitz : Women - Librairie 7L","isPartOf":{"@id":"https:\/\/librairie7l.com\/en\/#website"},"datePublished":"2025-12-06T08:18:06+00:00","dateModified":"2026-04-18T11:39:03+00:00","breadcrumb":{"@id":"https:\/\/librairie7l.com\/en\/produit\/annie-leibovitz-women-2\/#breadcrumb"},"inLanguage":"en-US","potentialAction":[{"@type":"ReadAction","target":["https:\/\/librairie7l.com\/en\/produit\/annie-leibovitz-women-2\/"]}]},{"@type":"BreadcrumbList","@id":"https:\/\/librairie7l.com\/en\/produit\/annie-leibovitz-women-2\/#breadcrumb","itemListElement":[{"@type":"ListItem","position":1,"name":"Accueil","item":"https:\/\/librairie7l.com\/en\/"},{"@type":"ListItem","position":2,"name":"Shop","item":"https:\/\/librairie7l.com\/en\/shop\/"},{"@type":"ListItem","position":3,"name":"ANNIE LEIBOVITZ : WOMEN"}]},{"@type":"WebSite","@id":"https:\/\/librairie7l.com\/en\/#website","url":"https:\/\/librairie7l.com\/en\/","name":"Librairie 7L","description":"Librairie fond\u00e9e en 1999 par Karl Lagerfeld \u00e0 Paris","publisher":{"@id":"https:\/\/librairie7l.com\/en\/#organization"},"potentialAction":[{"@type":"SearchAction","target":{"@type":"EntryPoint","urlTemplate":"https:\/\/librairie7l.com\/en\/?s={search_term_string}"},"query-input":"required name=search_term_string"}],"inLanguage":"en-US"},{"@type":"Organization","@id":"https:\/\/librairie7l.com\/en\/#organization","name":"Librairie 7L","url":"https:\/\/librairie7l.com\/en\/","logo":{"@type":"ImageObject","inLanguage":"en-US","@id":"https:\/\/librairie7l.com\/en\/#\/schema\/logo\/image\/","url":"https:\/\/librairie7l.com\/wp-content\/uploads\/2022\/08\/logo-1.png","contentUrl":"https:\/\/librairie7l.com\/wp-content\/uploads\/2022\/08\/logo-1.png","width":227,"height":301,"caption":"Librairie 7L"},"image":{"@id":"https:\/\/librairie7l.com\/en\/#\/schema\/logo\/image\/"}}]}},"_links":{"self":[{"href":"https:\/\/librairie7l.com\/en\/wp-json\/wp\/v2\/product\/52983"}],"collection":[{"href":"https:\/\/librairie7l.com\/en\/wp-json\/wp\/v2\/product"}],"about":[{"href":"https:\/\/librairie7l.com\/en\/wp-json\/wp\/v2\/types\/product"}],"wp:featuredmedia":[{"embeddable":true,"href":"https:\/\/librairie7l.com\/en\/wp-json\/wp\/v2\/media\/52981"}],"wp:attachment":[{"href":"https:\/\/librairie7l.com\/en\/wp-json\/wp\/v2\/media?parent=52983"}],"wp:term":[{"taxonomy":"product_cat","embeddable":true,"href":"https:\/\/librairie7l.com\/en\/wp-json\/wp\/v2\/product_cat?post=52983"},{"taxonomy":"product_tag","embeddable":true,"href":"https:\/\/librairie7l.com\/en\/wp-json\/wp\/v2\/product_tag?post=52983"}],"curies":[{"name":"wp","href":"https:\/\/api.w.org\/{rel}","templated":true}]}}