{"id":52988,"date":"2025-12-06T16:02:58","date_gmt":"2025-12-06T15:02:58","guid":{"rendered":"https:\/\/librairie7l.com\/?post_type=product&#038;p=52988"},"modified":"2026-04-04T17:21:25","modified_gmt":"2026-04-04T15:21:25","slug":"tres-haut-amour-poemes-et-autres-textes-2","status":"publish","type":"product","link":"https:\/\/librairie7l.com\/en\/produit\/tres-haut-amour-poemes-et-autres-textes-2\/","title":{"rendered":"TR\u00c8S HAUT AMOUR ; PO\u00c8MES ET AUTRES TEXTES"},"content":{"rendered":"<p>N\u00e9e en 1882, morte en 1934, Catherine Pozzi est l&#8217;auteur d&#8217;une oeuvre d&#8217;une extr\u00eame bri\u00e8vet\u00e9 : quelques po\u00e8mes qui semblent autant de diamants soustraits au registre du temps. Au nom explicitement invoqu\u00e9 de Louise Lab\u00e9, elle a su attacher son nom et offrir \u00e0 la langue fran\u00e7aise quelques-uns de ses plus beaux, de ses plus sublimes chants d&#8217;amour. Ce recueil rassemble pour la premi\u00e8re fois l&#8217;ensemble des textes de Catherine Pozzi \u00e0 tonalit\u00e9 po\u00e9tique, que ceux-ci aient forme de po\u00e8mes, de proses po\u00e9tiques, voire de fragments de journal intime ou de lettres. Comme chez Paul Val\u00e9ry, il y avait une \u00abpo\u00e9sie perdue\u00bb dans les divers \u00e9crits de Catherine Pozzi. C&#8217;est \u00e0 les retrouver et \u00e0 les organiser que se sont attach\u00e9s Claire Paulhan et Lawrence Joseph, afin d&#8217;offrir un livre impr\u00e9vu qui ajoute de plus amples et de plus diverses r\u00e9sonances au timbre unique de l&#8217;auteur d&#8217;Ave.<\/p>\n","protected":false},"excerpt":{"rendered":"<p>N\u00e9e en 1882, morte en 1934, Catherine Pozzi est l&#8217;auteur d&#8217;une oeuvre d&#8217;une extr\u00eame bri\u00e8vet\u00e9 : quelques po\u00e8mes qui semblent autant de diamants soustraits au registre du temps. Au nom explicitement invoqu\u00e9 de Louise Lab\u00e9, elle a su attacher son nom et offrir \u00e0 la langue fran\u00e7aise quelques-uns de ses plus beaux, de ses plus [&hellip;]<\/p>\n","protected":false},"featured_media":52986,"template":"","meta":[],"product_cat":[7364,2948],"product_tag":[],"acf":[],"yoast_head":"<!-- This site is optimized with the Yoast SEO plugin v20.11 - https:\/\/yoast.com\/wordpress\/plugins\/seo\/ -->\n<title>Tr\u00e8s haut amour ; po\u00e8mes et autres textes - Librairie 7L<\/title>\n<meta name=\"robots\" content=\"index, follow, max-snippet:-1, max-image-preview:large, max-video-preview:-1\" \/>\n<link rel=\"canonical\" href=\"https:\/\/librairie7l.com\/en\/produit\/tres-haut-amour-poemes-et-autres-textes-2\/\" \/>\n<meta property=\"og:locale\" content=\"en_US\" \/>\n<meta property=\"og:type\" content=\"article\" \/>\n<meta property=\"og:title\" content=\"Tr\u00e8s haut amour ; po\u00e8mes et autres textes - Librairie 7L\" \/>\n<meta property=\"og:description\" content=\"N\u00e9e en 1882, morte en 1934, Catherine Pozzi est l&#8217;auteur d&#8217;une oeuvre d&#8217;une extr\u00eame bri\u00e8vet\u00e9 : quelques po\u00e8mes qui semblent autant de diamants soustraits au registre du temps. Au nom explicitement invoqu\u00e9 de Louise Lab\u00e9, elle a su attacher son nom et offrir \u00e0 la langue fran\u00e7aise quelques-uns de ses plus beaux, de ses plus [&hellip;]\" \/>\n<meta property=\"og:url\" content=\"https:\/\/librairie7l.com\/en\/produit\/tres-haut-amour-poemes-et-autres-textes-2\/\" \/>\n<meta property=\"og:site_name\" content=\"Librairie 7L\" \/>\n<meta property=\"article:modified_time\" content=\"2026-04-04T15:21:25+00:00\" \/>\n<meta property=\"og:image\" content=\"https:\/\/librairie7l.com\/wp-content\/uploads\/2001\/11\/9782070421053_1_75.jpg\" \/>\n\t<meta property=\"og:image:width\" content=\"600\" \/>\n\t<meta property=\"og:image:height\" content=\"991\" \/>\n\t<meta property=\"og:image:type\" content=\"image\/jpeg\" \/>\n<meta name=\"twitter:card\" content=\"summary_large_image\" \/>\n<meta name=\"twitter:label1\" content=\"Est. reading time\" \/>\n\t<meta name=\"twitter:data1\" content=\"1 minute\" \/>\n<script type=\"application\/ld+json\" class=\"yoast-schema-graph\">{\"@context\":\"https:\/\/schema.org\",\"@graph\":[{\"@type\":\"WebPage\",\"@id\":\"https:\/\/librairie7l.com\/en\/produit\/tres-haut-amour-poemes-et-autres-textes-2\/\",\"url\":\"https:\/\/librairie7l.com\/en\/produit\/tres-haut-amour-poemes-et-autres-textes-2\/\",\"name\":\"Tr\u00e8s haut amour ; po\u00e8mes et autres textes - Librairie 7L\",\"isPartOf\":{\"@id\":\"https:\/\/librairie7l.com\/en\/#website\"},\"datePublished\":\"2025-12-06T15:02:58+00:00\",\"dateModified\":\"2026-04-04T15:21:25+00:00\",\"breadcrumb\":{\"@id\":\"https:\/\/librairie7l.com\/en\/produit\/tres-haut-amour-poemes-et-autres-textes-2\/#breadcrumb\"},\"inLanguage\":\"en-US\",\"potentialAction\":[{\"@type\":\"ReadAction\",\"target\":[\"https:\/\/librairie7l.com\/en\/produit\/tres-haut-amour-poemes-et-autres-textes-2\/\"]}]},{\"@type\":\"BreadcrumbList\",\"@id\":\"https:\/\/librairie7l.com\/en\/produit\/tres-haut-amour-poemes-et-autres-textes-2\/#breadcrumb\",\"itemListElement\":[{\"@type\":\"ListItem\",\"position\":1,\"name\":\"Accueil\",\"item\":\"https:\/\/librairie7l.com\/en\/\"},{\"@type\":\"ListItem\",\"position\":2,\"name\":\"Shop\",\"item\":\"https:\/\/librairie7l.com\/en\/shop\/\"},{\"@type\":\"ListItem\",\"position\":3,\"name\":\"TR\u00c8S HAUT AMOUR ; PO\u00c8MES ET AUTRES TEXTES\"}]},{\"@type\":\"WebSite\",\"@id\":\"https:\/\/librairie7l.com\/en\/#website\",\"url\":\"https:\/\/librairie7l.com\/en\/\",\"name\":\"Librairie 7L\",\"description\":\"Librairie fond\u00e9e en 1999 par Karl Lagerfeld \u00e0 Paris\",\"publisher\":{\"@id\":\"https:\/\/librairie7l.com\/en\/#organization\"},\"potentialAction\":[{\"@type\":\"SearchAction\",\"target\":{\"@type\":\"EntryPoint\",\"urlTemplate\":\"https:\/\/librairie7l.com\/en\/?s={search_term_string}\"},\"query-input\":\"required name=search_term_string\"}],\"inLanguage\":\"en-US\"},{\"@type\":\"Organization\",\"@id\":\"https:\/\/librairie7l.com\/en\/#organization\",\"name\":\"Librairie 7L\",\"url\":\"https:\/\/librairie7l.com\/en\/\",\"logo\":{\"@type\":\"ImageObject\",\"inLanguage\":\"en-US\",\"@id\":\"https:\/\/librairie7l.com\/en\/#\/schema\/logo\/image\/\",\"url\":\"https:\/\/librairie7l.com\/wp-content\/uploads\/2022\/08\/logo-1.png\",\"contentUrl\":\"https:\/\/librairie7l.com\/wp-content\/uploads\/2022\/08\/logo-1.png\",\"width\":227,\"height\":301,\"caption\":\"Librairie 7L\"},\"image\":{\"@id\":\"https:\/\/librairie7l.com\/en\/#\/schema\/logo\/image\/\"}}]}<\/script>\n<!-- \/ Yoast SEO plugin. -->","yoast_head_json":{"title":"Tr\u00e8s haut amour ; po\u00e8mes et autres textes - Librairie 7L","robots":{"index":"index","follow":"follow","max-snippet":"max-snippet:-1","max-image-preview":"max-image-preview:large","max-video-preview":"max-video-preview:-1"},"canonical":"https:\/\/librairie7l.com\/en\/produit\/tres-haut-amour-poemes-et-autres-textes-2\/","og_locale":"en_US","og_type":"article","og_title":"Tr\u00e8s haut amour ; po\u00e8mes et autres textes - Librairie 7L","og_description":"N\u00e9e en 1882, morte en 1934, Catherine Pozzi est l&#8217;auteur d&#8217;une oeuvre d&#8217;une extr\u00eame bri\u00e8vet\u00e9 : quelques po\u00e8mes qui semblent autant de diamants soustraits au registre du temps. Au nom explicitement invoqu\u00e9 de Louise Lab\u00e9, elle a su attacher son nom et offrir \u00e0 la langue fran\u00e7aise quelques-uns de ses plus beaux, de ses plus [&hellip;]","og_url":"https:\/\/librairie7l.com\/en\/produit\/tres-haut-amour-poemes-et-autres-textes-2\/","og_site_name":"Librairie 7L","article_modified_time":"2026-04-04T15:21:25+00:00","og_image":[{"width":600,"height":991,"url":"https:\/\/librairie7l.com\/wp-content\/uploads\/2001\/11\/9782070421053_1_75.jpg","type":"image\/jpeg"}],"twitter_card":"summary_large_image","twitter_misc":{"Est. reading time":"1 minute"},"schema":{"@context":"https:\/\/schema.org","@graph":[{"@type":"WebPage","@id":"https:\/\/librairie7l.com\/en\/produit\/tres-haut-amour-poemes-et-autres-textes-2\/","url":"https:\/\/librairie7l.com\/en\/produit\/tres-haut-amour-poemes-et-autres-textes-2\/","name":"Tr\u00e8s haut amour ; po\u00e8mes et autres textes - Librairie 7L","isPartOf":{"@id":"https:\/\/librairie7l.com\/en\/#website"},"datePublished":"2025-12-06T15:02:58+00:00","dateModified":"2026-04-04T15:21:25+00:00","breadcrumb":{"@id":"https:\/\/librairie7l.com\/en\/produit\/tres-haut-amour-poemes-et-autres-textes-2\/#breadcrumb"},"inLanguage":"en-US","potentialAction":[{"@type":"ReadAction","target":["https:\/\/librairie7l.com\/en\/produit\/tres-haut-amour-poemes-et-autres-textes-2\/"]}]},{"@type":"BreadcrumbList","@id":"https:\/\/librairie7l.com\/en\/produit\/tres-haut-amour-poemes-et-autres-textes-2\/#breadcrumb","itemListElement":[{"@type":"ListItem","position":1,"name":"Accueil","item":"https:\/\/librairie7l.com\/en\/"},{"@type":"ListItem","position":2,"name":"Shop","item":"https:\/\/librairie7l.com\/en\/shop\/"},{"@type":"ListItem","position":3,"name":"TR\u00c8S HAUT AMOUR ; PO\u00c8MES ET AUTRES TEXTES"}]},{"@type":"WebSite","@id":"https:\/\/librairie7l.com\/en\/#website","url":"https:\/\/librairie7l.com\/en\/","name":"Librairie 7L","description":"Librairie fond\u00e9e en 1999 par Karl Lagerfeld \u00e0 Paris","publisher":{"@id":"https:\/\/librairie7l.com\/en\/#organization"},"potentialAction":[{"@type":"SearchAction","target":{"@type":"EntryPoint","urlTemplate":"https:\/\/librairie7l.com\/en\/?s={search_term_string}"},"query-input":"required name=search_term_string"}],"inLanguage":"en-US"},{"@type":"Organization","@id":"https:\/\/librairie7l.com\/en\/#organization","name":"Librairie 7L","url":"https:\/\/librairie7l.com\/en\/","logo":{"@type":"ImageObject","inLanguage":"en-US","@id":"https:\/\/librairie7l.com\/en\/#\/schema\/logo\/image\/","url":"https:\/\/librairie7l.com\/wp-content\/uploads\/2022\/08\/logo-1.png","contentUrl":"https:\/\/librairie7l.com\/wp-content\/uploads\/2022\/08\/logo-1.png","width":227,"height":301,"caption":"Librairie 7L"},"image":{"@id":"https:\/\/librairie7l.com\/en\/#\/schema\/logo\/image\/"}}]}},"_links":{"self":[{"href":"https:\/\/librairie7l.com\/en\/wp-json\/wp\/v2\/product\/52988"}],"collection":[{"href":"https:\/\/librairie7l.com\/en\/wp-json\/wp\/v2\/product"}],"about":[{"href":"https:\/\/librairie7l.com\/en\/wp-json\/wp\/v2\/types\/product"}],"wp:featuredmedia":[{"embeddable":true,"href":"https:\/\/librairie7l.com\/en\/wp-json\/wp\/v2\/media\/52986"}],"wp:attachment":[{"href":"https:\/\/librairie7l.com\/en\/wp-json\/wp\/v2\/media?parent=52988"}],"wp:term":[{"taxonomy":"product_cat","embeddable":true,"href":"https:\/\/librairie7l.com\/en\/wp-json\/wp\/v2\/product_cat?post=52988"},{"taxonomy":"product_tag","embeddable":true,"href":"https:\/\/librairie7l.com\/en\/wp-json\/wp\/v2\/product_tag?post=52988"}],"curies":[{"name":"wp","href":"https:\/\/api.w.org\/{rel}","templated":true}]}}