{"id":53011,"date":"2025-12-07T09:18:13","date_gmt":"2025-12-07T08:18:13","guid":{"rendered":"https:\/\/librairie7l.com\/?post_type=product&#038;p=53011"},"modified":"2026-04-21T13:14:25","modified_gmt":"2026-04-21T11:14:25","slug":"the-watch-a-twentieth-century-style-history-2","status":"publish","type":"product","link":"https:\/\/librairie7l.com\/en\/produit\/the-watch-a-twentieth-century-style-history-2\/","title":{"rendered":"THE WATCH : A TWENTIETH-CENTURY STYLE HISTORY"},"content":{"rendered":"<p>Ce livre retrace l&#8217;\u00e9volution de la montre au XXe si\u00e8cle. Il relate la mont\u00e9e en puissance de la montre-bracelet, explique comment le crash de Wall Street de 1929 ont conduit de mani\u00e8re inattendue \u00e0 un \u00e2ge d&#8217;or de la production horlog\u00e8re et d\u00e9montre comment la montre \u00e9lectronique, qui a presque d\u00e9truit l&#8217;industrie traditionnelle, a finalement conduit \u00e0 une renaissance de la montre m\u00e9canique. Chaque d\u00e9cennie s&#8217;ouvre sur une introduction aux points forts stylistiques et design de l&#8217;\u00e9poque, puis examine le d\u00e9veloppement de genres sp\u00e9cifiques de montres au cours de chaque p\u00e9riode. Les photographies couleur r\u00e9v\u00e8lent des d\u00e9tails complexes de forme, de texture et de design. Les vastes connaissances de l&#8217;auteur Alexander Barter, responsable de la section horlog\u00e8re chez Sotheby&#8217;s pendant plus de 10 ans, sont \u00e9galemenent illustr\u00e9es de publicit\u00e9s vintage et d&#8217;autres mat\u00e9riels promotionnels, aidant \u00e0 donner une id\u00e9e des \u00e9poques dans lesquelles ils ont \u00e9t\u00e9 cr\u00e9\u00e9s.<\/p>\n","protected":false},"excerpt":{"rendered":"<p>Ce livre retrace l&#8217;\u00e9volution de la montre au XXe si\u00e8cle. Il relate la mont\u00e9e en puissance de la montre-bracelet, explique comment le crash de Wall Street de 1929 ont conduit de mani\u00e8re inattendue \u00e0 un \u00e2ge d&#8217;or de la production horlog\u00e8re et d\u00e9montre comment la montre \u00e9lectronique, qui a presque d\u00e9truit l&#8217;industrie traditionnelle, a finalement [&hellip;]<\/p>\n","protected":false},"featured_media":53009,"template":"","meta":[],"product_cat":[2948,2957],"product_tag":[],"acf":[],"yoast_head":"<!-- This site is optimized with the Yoast SEO plugin v20.11 - https:\/\/yoast.com\/wordpress\/plugins\/seo\/ -->\n<title>The watch : a twentieth-century style history - Librairie 7L<\/title>\n<meta name=\"robots\" content=\"index, follow, max-snippet:-1, max-image-preview:large, max-video-preview:-1\" \/>\n<link rel=\"canonical\" href=\"https:\/\/librairie7l.com\/en\/produit\/the-watch-a-twentieth-century-style-history-2\/\" \/>\n<meta property=\"og:locale\" content=\"en_US\" \/>\n<meta property=\"og:type\" content=\"article\" \/>\n<meta property=\"og:title\" content=\"The watch : a twentieth-century style history - Librairie 7L\" \/>\n<meta property=\"og:description\" content=\"Ce livre retrace l&#8217;\u00e9volution de la montre au XXe si\u00e8cle. Il relate la mont\u00e9e en puissance de la montre-bracelet, explique comment le crash de Wall Street de 1929 ont conduit de mani\u00e8re inattendue \u00e0 un \u00e2ge d&#8217;or de la production horlog\u00e8re et d\u00e9montre comment la montre \u00e9lectronique, qui a presque d\u00e9truit l&#8217;industrie traditionnelle, a finalement [&hellip;]\" \/>\n<meta property=\"og:url\" content=\"https:\/\/librairie7l.com\/en\/produit\/the-watch-a-twentieth-century-style-history-2\/\" \/>\n<meta property=\"og:site_name\" content=\"Librairie 7L\" \/>\n<meta property=\"article:modified_time\" content=\"2026-04-21T11:14:25+00:00\" \/>\n<meta property=\"og:image\" content=\"https:\/\/librairie7l.com\/wp-content\/uploads\/2023\/06\/9783791380117_1_75.jpg\" \/>\n\t<meta property=\"og:image:width\" content=\"400\" \/>\n\t<meta property=\"og:image:height\" content=\"500\" \/>\n\t<meta property=\"og:image:type\" content=\"image\/jpeg\" \/>\n<meta name=\"twitter:card\" content=\"summary_large_image\" \/>\n<meta name=\"twitter:label1\" content=\"Est. reading time\" \/>\n\t<meta name=\"twitter:data1\" content=\"1 minute\" \/>\n<script type=\"application\/ld+json\" class=\"yoast-schema-graph\">{\"@context\":\"https:\/\/schema.org\",\"@graph\":[{\"@type\":\"WebPage\",\"@id\":\"https:\/\/librairie7l.com\/en\/produit\/the-watch-a-twentieth-century-style-history-2\/\",\"url\":\"https:\/\/librairie7l.com\/en\/produit\/the-watch-a-twentieth-century-style-history-2\/\",\"name\":\"The watch : a twentieth-century style history - Librairie 7L\",\"isPartOf\":{\"@id\":\"https:\/\/librairie7l.com\/en\/#website\"},\"datePublished\":\"2025-12-07T08:18:13+00:00\",\"dateModified\":\"2026-04-21T11:14:25+00:00\",\"breadcrumb\":{\"@id\":\"https:\/\/librairie7l.com\/en\/produit\/the-watch-a-twentieth-century-style-history-2\/#breadcrumb\"},\"inLanguage\":\"en-US\",\"potentialAction\":[{\"@type\":\"ReadAction\",\"target\":[\"https:\/\/librairie7l.com\/en\/produit\/the-watch-a-twentieth-century-style-history-2\/\"]}]},{\"@type\":\"BreadcrumbList\",\"@id\":\"https:\/\/librairie7l.com\/en\/produit\/the-watch-a-twentieth-century-style-history-2\/#breadcrumb\",\"itemListElement\":[{\"@type\":\"ListItem\",\"position\":1,\"name\":\"Accueil\",\"item\":\"https:\/\/librairie7l.com\/en\/\"},{\"@type\":\"ListItem\",\"position\":2,\"name\":\"Shop\",\"item\":\"https:\/\/librairie7l.com\/en\/shop\/\"},{\"@type\":\"ListItem\",\"position\":3,\"name\":\"THE WATCH : A TWENTIETH-CENTURY STYLE HISTORY\"}]},{\"@type\":\"WebSite\",\"@id\":\"https:\/\/librairie7l.com\/en\/#website\",\"url\":\"https:\/\/librairie7l.com\/en\/\",\"name\":\"Librairie 7L\",\"description\":\"Librairie fond\u00e9e en 1999 par Karl Lagerfeld \u00e0 Paris\",\"publisher\":{\"@id\":\"https:\/\/librairie7l.com\/en\/#organization\"},\"potentialAction\":[{\"@type\":\"SearchAction\",\"target\":{\"@type\":\"EntryPoint\",\"urlTemplate\":\"https:\/\/librairie7l.com\/en\/?s={search_term_string}\"},\"query-input\":\"required name=search_term_string\"}],\"inLanguage\":\"en-US\"},{\"@type\":\"Organization\",\"@id\":\"https:\/\/librairie7l.com\/en\/#organization\",\"name\":\"Librairie 7L\",\"url\":\"https:\/\/librairie7l.com\/en\/\",\"logo\":{\"@type\":\"ImageObject\",\"inLanguage\":\"en-US\",\"@id\":\"https:\/\/librairie7l.com\/en\/#\/schema\/logo\/image\/\",\"url\":\"https:\/\/librairie7l.com\/wp-content\/uploads\/2022\/08\/logo-1.png\",\"contentUrl\":\"https:\/\/librairie7l.com\/wp-content\/uploads\/2022\/08\/logo-1.png\",\"width\":227,\"height\":301,\"caption\":\"Librairie 7L\"},\"image\":{\"@id\":\"https:\/\/librairie7l.com\/en\/#\/schema\/logo\/image\/\"}}]}<\/script>\n<!-- \/ Yoast SEO plugin. -->","yoast_head_json":{"title":"The watch : a twentieth-century style history - Librairie 7L","robots":{"index":"index","follow":"follow","max-snippet":"max-snippet:-1","max-image-preview":"max-image-preview:large","max-video-preview":"max-video-preview:-1"},"canonical":"https:\/\/librairie7l.com\/en\/produit\/the-watch-a-twentieth-century-style-history-2\/","og_locale":"en_US","og_type":"article","og_title":"The watch : a twentieth-century style history - Librairie 7L","og_description":"Ce livre retrace l&#8217;\u00e9volution de la montre au XXe si\u00e8cle. Il relate la mont\u00e9e en puissance de la montre-bracelet, explique comment le crash de Wall Street de 1929 ont conduit de mani\u00e8re inattendue \u00e0 un \u00e2ge d&#8217;or de la production horlog\u00e8re et d\u00e9montre comment la montre \u00e9lectronique, qui a presque d\u00e9truit l&#8217;industrie traditionnelle, a finalement [&hellip;]","og_url":"https:\/\/librairie7l.com\/en\/produit\/the-watch-a-twentieth-century-style-history-2\/","og_site_name":"Librairie 7L","article_modified_time":"2026-04-21T11:14:25+00:00","og_image":[{"width":400,"height":500,"url":"https:\/\/librairie7l.com\/wp-content\/uploads\/2023\/06\/9783791380117_1_75.jpg","type":"image\/jpeg"}],"twitter_card":"summary_large_image","twitter_misc":{"Est. reading time":"1 minute"},"schema":{"@context":"https:\/\/schema.org","@graph":[{"@type":"WebPage","@id":"https:\/\/librairie7l.com\/en\/produit\/the-watch-a-twentieth-century-style-history-2\/","url":"https:\/\/librairie7l.com\/en\/produit\/the-watch-a-twentieth-century-style-history-2\/","name":"The watch : a twentieth-century style history - Librairie 7L","isPartOf":{"@id":"https:\/\/librairie7l.com\/en\/#website"},"datePublished":"2025-12-07T08:18:13+00:00","dateModified":"2026-04-21T11:14:25+00:00","breadcrumb":{"@id":"https:\/\/librairie7l.com\/en\/produit\/the-watch-a-twentieth-century-style-history-2\/#breadcrumb"},"inLanguage":"en-US","potentialAction":[{"@type":"ReadAction","target":["https:\/\/librairie7l.com\/en\/produit\/the-watch-a-twentieth-century-style-history-2\/"]}]},{"@type":"BreadcrumbList","@id":"https:\/\/librairie7l.com\/en\/produit\/the-watch-a-twentieth-century-style-history-2\/#breadcrumb","itemListElement":[{"@type":"ListItem","position":1,"name":"Accueil","item":"https:\/\/librairie7l.com\/en\/"},{"@type":"ListItem","position":2,"name":"Shop","item":"https:\/\/librairie7l.com\/en\/shop\/"},{"@type":"ListItem","position":3,"name":"THE WATCH : A TWENTIETH-CENTURY STYLE HISTORY"}]},{"@type":"WebSite","@id":"https:\/\/librairie7l.com\/en\/#website","url":"https:\/\/librairie7l.com\/en\/","name":"Librairie 7L","description":"Librairie fond\u00e9e en 1999 par Karl Lagerfeld \u00e0 Paris","publisher":{"@id":"https:\/\/librairie7l.com\/en\/#organization"},"potentialAction":[{"@type":"SearchAction","target":{"@type":"EntryPoint","urlTemplate":"https:\/\/librairie7l.com\/en\/?s={search_term_string}"},"query-input":"required name=search_term_string"}],"inLanguage":"en-US"},{"@type":"Organization","@id":"https:\/\/librairie7l.com\/en\/#organization","name":"Librairie 7L","url":"https:\/\/librairie7l.com\/en\/","logo":{"@type":"ImageObject","inLanguage":"en-US","@id":"https:\/\/librairie7l.com\/en\/#\/schema\/logo\/image\/","url":"https:\/\/librairie7l.com\/wp-content\/uploads\/2022\/08\/logo-1.png","contentUrl":"https:\/\/librairie7l.com\/wp-content\/uploads\/2022\/08\/logo-1.png","width":227,"height":301,"caption":"Librairie 7L"},"image":{"@id":"https:\/\/librairie7l.com\/en\/#\/schema\/logo\/image\/"}}]}},"_links":{"self":[{"href":"https:\/\/librairie7l.com\/en\/wp-json\/wp\/v2\/product\/53011"}],"collection":[{"href":"https:\/\/librairie7l.com\/en\/wp-json\/wp\/v2\/product"}],"about":[{"href":"https:\/\/librairie7l.com\/en\/wp-json\/wp\/v2\/types\/product"}],"wp:featuredmedia":[{"embeddable":true,"href":"https:\/\/librairie7l.com\/en\/wp-json\/wp\/v2\/media\/53009"}],"wp:attachment":[{"href":"https:\/\/librairie7l.com\/en\/wp-json\/wp\/v2\/media?parent=53011"}],"wp:term":[{"taxonomy":"product_cat","embeddable":true,"href":"https:\/\/librairie7l.com\/en\/wp-json\/wp\/v2\/product_cat?post=53011"},{"taxonomy":"product_tag","embeddable":true,"href":"https:\/\/librairie7l.com\/en\/wp-json\/wp\/v2\/product_tag?post=53011"}],"curies":[{"name":"wp","href":"https:\/\/api.w.org\/{rel}","templated":true}]}}