{"id":53023,"date":"2025-12-07T14:57:26","date_gmt":"2025-12-07T13:57:26","guid":{"rendered":"https:\/\/librairie7l.com\/?post_type=product&#038;p=53023"},"modified":"2026-05-14T20:06:13","modified_gmt":"2026-05-14T18:06:13","slug":"les-trois-vagues-de-volontaires-et-la-nouvelle-terre-2","status":"publish","type":"product","link":"https:\/\/librairie7l.com\/en\/produit\/les-trois-vagues-de-volontaires-et-la-nouvelle-terre-2\/","title":{"rendered":"LES TROIS VAGUES DE VOLONTAIRES ET LA NOUVELLE TERRE"},"content":{"rendered":"<p>Dans cet ouvrage culte, Dolores Cannon propose une explication au ph\u00e9nom\u00e8ne r\u00e9cent des nouvelles \u00e2mes incarn\u00e9es sur Terre. Tr\u00e8s avanc\u00e9es spirituellement, elles ont beaucoup de mal \u00e0 trouver leurs marques dans la densit\u00e9 si lourde de la Terre. Ce sont toutes des volontaires en mission de sauvegarde de la Terre. Ces volontaires sont venus aider celle-ci \u00e0 augmenter ses vibrations et sa fr\u00e9quence pour lui permettre d&#8217;acc\u00e9der \u00e0 une nouvelle dimension. Dolores Cannon nous explique aussi pourquoi nous ne fonctionnons qu&#8217;avec une conscience limit\u00e9e sur Terre et nous d\u00e9voile le r\u00f4le fondamental de notre Moi sup\u00e9rieur pour appr\u00e9hender notre \u00e9volution en ces p\u00e9riodes troubles pour la plan\u00e8te.<\/p>\n<p>Dolores Cannon (1931-2014), hypnoth\u00e9rapeute am\u00e9ricaine, s&#8217;est sp\u00e9cialis\u00e9e dans la reconqu\u00eate d&#8217;un \u00ab Savoir Perdu \u00bb. Sp\u00e9cialiste de la th\u00e9rapie de r\u00e9gression sous hypnose, elle a d\u00e9velopp\u00e9 sa propre m\u00e9thode Quantum Healing Hypnose Technique. Autrice de pr\u00e8s de vingt ouvrages, elle est devenue une v\u00e9ritable r\u00e9f\u00e9rence dans son domaine et ses livres sont traduits dans plus de 20 langues.<\/p>\n","protected":false},"excerpt":{"rendered":"<p>Dans cet ouvrage culte, Dolores Cannon propose une explication au ph\u00e9nom\u00e8ne r\u00e9cent des nouvelles \u00e2mes incarn\u00e9es sur Terre. Tr\u00e8s avanc\u00e9es spirituellement, elles ont beaucoup de mal \u00e0 trouver leurs marques dans la densit\u00e9 si lourde de la Terre. Ce sont toutes des volontaires en mission de sauvegarde de la Terre. Ces volontaires sont venus aider [&hellip;]<\/p>\n","protected":false},"featured_media":53021,"template":"","meta":[],"product_cat":[7364,2948],"product_tag":[],"acf":[],"yoast_head":"<!-- This site is optimized with the Yoast SEO plugin v20.11 - https:\/\/yoast.com\/wordpress\/plugins\/seo\/ -->\n<title>Les trois vagues de volontaires et la nouvelle terre - Librairie 7L<\/title>\n<meta name=\"robots\" content=\"index, follow, max-snippet:-1, max-image-preview:large, max-video-preview:-1\" \/>\n<link rel=\"canonical\" href=\"https:\/\/librairie7l.com\/en\/produit\/les-trois-vagues-de-volontaires-et-la-nouvelle-terre-2\/\" \/>\n<meta property=\"og:locale\" content=\"en_US\" \/>\n<meta property=\"og:type\" content=\"article\" \/>\n<meta property=\"og:title\" content=\"Les trois vagues de volontaires et la nouvelle terre - Librairie 7L\" \/>\n<meta property=\"og:description\" content=\"Dans cet ouvrage culte, Dolores Cannon propose une explication au ph\u00e9nom\u00e8ne r\u00e9cent des nouvelles \u00e2mes incarn\u00e9es sur Terre. Tr\u00e8s avanc\u00e9es spirituellement, elles ont beaucoup de mal \u00e0 trouver leurs marques dans la densit\u00e9 si lourde de la Terre. Ce sont toutes des volontaires en mission de sauvegarde de la Terre. Ces volontaires sont venus aider [&hellip;]\" \/>\n<meta property=\"og:url\" content=\"https:\/\/librairie7l.com\/en\/produit\/les-trois-vagues-de-volontaires-et-la-nouvelle-terre-2\/\" \/>\n<meta property=\"og:site_name\" content=\"Librairie 7L\" \/>\n<meta property=\"article:modified_time\" content=\"2026-05-14T18:06:13+00:00\" \/>\n<meta property=\"og:image\" content=\"https:\/\/librairie7l.com\/wp-content\/uploads\/2022\/04\/9782017200277_1_75.jpg\" \/>\n\t<meta property=\"og:image:width\" content=\"600\" \/>\n\t<meta property=\"og:image:height\" content=\"973\" \/>\n\t<meta property=\"og:image:type\" content=\"image\/jpeg\" \/>\n<meta name=\"twitter:card\" content=\"summary_large_image\" \/>\n<meta name=\"twitter:label1\" content=\"Est. reading time\" \/>\n\t<meta name=\"twitter:data1\" content=\"1 minute\" \/>\n<script type=\"application\/ld+json\" class=\"yoast-schema-graph\">{\"@context\":\"https:\/\/schema.org\",\"@graph\":[{\"@type\":\"WebPage\",\"@id\":\"https:\/\/librairie7l.com\/en\/produit\/les-trois-vagues-de-volontaires-et-la-nouvelle-terre-2\/\",\"url\":\"https:\/\/librairie7l.com\/en\/produit\/les-trois-vagues-de-volontaires-et-la-nouvelle-terre-2\/\",\"name\":\"Les trois vagues de volontaires et la nouvelle terre - Librairie 7L\",\"isPartOf\":{\"@id\":\"https:\/\/librairie7l.com\/en\/#website\"},\"datePublished\":\"2025-12-07T13:57:26+00:00\",\"dateModified\":\"2026-05-14T18:06:13+00:00\",\"breadcrumb\":{\"@id\":\"https:\/\/librairie7l.com\/en\/produit\/les-trois-vagues-de-volontaires-et-la-nouvelle-terre-2\/#breadcrumb\"},\"inLanguage\":\"en-US\",\"potentialAction\":[{\"@type\":\"ReadAction\",\"target\":[\"https:\/\/librairie7l.com\/en\/produit\/les-trois-vagues-de-volontaires-et-la-nouvelle-terre-2\/\"]}]},{\"@type\":\"BreadcrumbList\",\"@id\":\"https:\/\/librairie7l.com\/en\/produit\/les-trois-vagues-de-volontaires-et-la-nouvelle-terre-2\/#breadcrumb\",\"itemListElement\":[{\"@type\":\"ListItem\",\"position\":1,\"name\":\"Accueil\",\"item\":\"https:\/\/librairie7l.com\/en\/\"},{\"@type\":\"ListItem\",\"position\":2,\"name\":\"Shop\",\"item\":\"https:\/\/librairie7l.com\/en\/shop\/\"},{\"@type\":\"ListItem\",\"position\":3,\"name\":\"LES TROIS VAGUES DE VOLONTAIRES ET LA NOUVELLE TERRE\"}]},{\"@type\":\"WebSite\",\"@id\":\"https:\/\/librairie7l.com\/en\/#website\",\"url\":\"https:\/\/librairie7l.com\/en\/\",\"name\":\"Librairie 7L\",\"description\":\"Librairie fond\u00e9e en 1999 par Karl Lagerfeld \u00e0 Paris\",\"publisher\":{\"@id\":\"https:\/\/librairie7l.com\/en\/#organization\"},\"potentialAction\":[{\"@type\":\"SearchAction\",\"target\":{\"@type\":\"EntryPoint\",\"urlTemplate\":\"https:\/\/librairie7l.com\/en\/?s={search_term_string}\"},\"query-input\":\"required name=search_term_string\"}],\"inLanguage\":\"en-US\"},{\"@type\":\"Organization\",\"@id\":\"https:\/\/librairie7l.com\/en\/#organization\",\"name\":\"Librairie 7L\",\"url\":\"https:\/\/librairie7l.com\/en\/\",\"logo\":{\"@type\":\"ImageObject\",\"inLanguage\":\"en-US\",\"@id\":\"https:\/\/librairie7l.com\/en\/#\/schema\/logo\/image\/\",\"url\":\"https:\/\/librairie7l.com\/wp-content\/uploads\/2022\/08\/logo-1.png\",\"contentUrl\":\"https:\/\/librairie7l.com\/wp-content\/uploads\/2022\/08\/logo-1.png\",\"width\":227,\"height\":301,\"caption\":\"Librairie 7L\"},\"image\":{\"@id\":\"https:\/\/librairie7l.com\/en\/#\/schema\/logo\/image\/\"}}]}<\/script>\n<!-- \/ Yoast SEO plugin. -->","yoast_head_json":{"title":"Les trois vagues de volontaires et la nouvelle terre - Librairie 7L","robots":{"index":"index","follow":"follow","max-snippet":"max-snippet:-1","max-image-preview":"max-image-preview:large","max-video-preview":"max-video-preview:-1"},"canonical":"https:\/\/librairie7l.com\/en\/produit\/les-trois-vagues-de-volontaires-et-la-nouvelle-terre-2\/","og_locale":"en_US","og_type":"article","og_title":"Les trois vagues de volontaires et la nouvelle terre - Librairie 7L","og_description":"Dans cet ouvrage culte, Dolores Cannon propose une explication au ph\u00e9nom\u00e8ne r\u00e9cent des nouvelles \u00e2mes incarn\u00e9es sur Terre. Tr\u00e8s avanc\u00e9es spirituellement, elles ont beaucoup de mal \u00e0 trouver leurs marques dans la densit\u00e9 si lourde de la Terre. Ce sont toutes des volontaires en mission de sauvegarde de la Terre. Ces volontaires sont venus aider [&hellip;]","og_url":"https:\/\/librairie7l.com\/en\/produit\/les-trois-vagues-de-volontaires-et-la-nouvelle-terre-2\/","og_site_name":"Librairie 7L","article_modified_time":"2026-05-14T18:06:13+00:00","og_image":[{"width":600,"height":973,"url":"https:\/\/librairie7l.com\/wp-content\/uploads\/2022\/04\/9782017200277_1_75.jpg","type":"image\/jpeg"}],"twitter_card":"summary_large_image","twitter_misc":{"Est. reading time":"1 minute"},"schema":{"@context":"https:\/\/schema.org","@graph":[{"@type":"WebPage","@id":"https:\/\/librairie7l.com\/en\/produit\/les-trois-vagues-de-volontaires-et-la-nouvelle-terre-2\/","url":"https:\/\/librairie7l.com\/en\/produit\/les-trois-vagues-de-volontaires-et-la-nouvelle-terre-2\/","name":"Les trois vagues de volontaires et la nouvelle terre - Librairie 7L","isPartOf":{"@id":"https:\/\/librairie7l.com\/en\/#website"},"datePublished":"2025-12-07T13:57:26+00:00","dateModified":"2026-05-14T18:06:13+00:00","breadcrumb":{"@id":"https:\/\/librairie7l.com\/en\/produit\/les-trois-vagues-de-volontaires-et-la-nouvelle-terre-2\/#breadcrumb"},"inLanguage":"en-US","potentialAction":[{"@type":"ReadAction","target":["https:\/\/librairie7l.com\/en\/produit\/les-trois-vagues-de-volontaires-et-la-nouvelle-terre-2\/"]}]},{"@type":"BreadcrumbList","@id":"https:\/\/librairie7l.com\/en\/produit\/les-trois-vagues-de-volontaires-et-la-nouvelle-terre-2\/#breadcrumb","itemListElement":[{"@type":"ListItem","position":1,"name":"Accueil","item":"https:\/\/librairie7l.com\/en\/"},{"@type":"ListItem","position":2,"name":"Shop","item":"https:\/\/librairie7l.com\/en\/shop\/"},{"@type":"ListItem","position":3,"name":"LES TROIS VAGUES DE VOLONTAIRES ET LA NOUVELLE TERRE"}]},{"@type":"WebSite","@id":"https:\/\/librairie7l.com\/en\/#website","url":"https:\/\/librairie7l.com\/en\/","name":"Librairie 7L","description":"Librairie fond\u00e9e en 1999 par Karl Lagerfeld \u00e0 Paris","publisher":{"@id":"https:\/\/librairie7l.com\/en\/#organization"},"potentialAction":[{"@type":"SearchAction","target":{"@type":"EntryPoint","urlTemplate":"https:\/\/librairie7l.com\/en\/?s={search_term_string}"},"query-input":"required name=search_term_string"}],"inLanguage":"en-US"},{"@type":"Organization","@id":"https:\/\/librairie7l.com\/en\/#organization","name":"Librairie 7L","url":"https:\/\/librairie7l.com\/en\/","logo":{"@type":"ImageObject","inLanguage":"en-US","@id":"https:\/\/librairie7l.com\/en\/#\/schema\/logo\/image\/","url":"https:\/\/librairie7l.com\/wp-content\/uploads\/2022\/08\/logo-1.png","contentUrl":"https:\/\/librairie7l.com\/wp-content\/uploads\/2022\/08\/logo-1.png","width":227,"height":301,"caption":"Librairie 7L"},"image":{"@id":"https:\/\/librairie7l.com\/en\/#\/schema\/logo\/image\/"}}]}},"_links":{"self":[{"href":"https:\/\/librairie7l.com\/en\/wp-json\/wp\/v2\/product\/53023"}],"collection":[{"href":"https:\/\/librairie7l.com\/en\/wp-json\/wp\/v2\/product"}],"about":[{"href":"https:\/\/librairie7l.com\/en\/wp-json\/wp\/v2\/types\/product"}],"wp:featuredmedia":[{"embeddable":true,"href":"https:\/\/librairie7l.com\/en\/wp-json\/wp\/v2\/media\/53021"}],"wp:attachment":[{"href":"https:\/\/librairie7l.com\/en\/wp-json\/wp\/v2\/media?parent=53023"}],"wp:term":[{"taxonomy":"product_cat","embeddable":true,"href":"https:\/\/librairie7l.com\/en\/wp-json\/wp\/v2\/product_cat?post=53023"},{"taxonomy":"product_tag","embeddable":true,"href":"https:\/\/librairie7l.com\/en\/wp-json\/wp\/v2\/product_tag?post=53023"}],"curies":[{"name":"wp","href":"https:\/\/api.w.org\/{rel}","templated":true}]}}