{"id":53069,"date":"2025-12-10T09:18:11","date_gmt":"2025-12-10T08:18:11","guid":{"rendered":"https:\/\/librairie7l.com\/?post_type=product&#038;p=53069"},"modified":"2026-04-17T20:35:34","modified_gmt":"2026-04-17T18:35:34","slug":"debut-2","status":"publish","type":"product","link":"https:\/\/librairie7l.com\/en\/produit\/debut-2\/","title":{"rendered":"D\u00c9BUT"},"content":{"rendered":"<p>Apr\u00e8s avoir pr\u00e9sent\u00e9 les premiers travaux de Martin Szekely dans un parcours d&#8217;exposition en deux volets (2020-2021 puis 2022), R\u00e9mi Gerbeau et Jean-Philippe Mercier consacrent un ouvrage \u00e0 ces cr\u00e9ations &#8211; des \u00ab meubles attentionn\u00e9s \u00bb &#8211; \u00e0 travers ses premi\u00e8res grandes commandes.<br \/>\nCompl\u00e9t\u00e9 par une iconographie sensible de vues de d&#8217;exposition par le photographe Florent Tanet, cet ouvrage fa\u00e7onn\u00e9 en deux livrets accord\u00e9on donne \u00e0 voir les lignes d\u00e9j\u00e0 si caract\u00e9ristiques du designer de renomm\u00e9e internationale et son attachement \u00e0 l&#8217;exp\u00e9rimentation de nouvelles technologies dans des objets quotidiens, qui ont su attir\u00e9 l&#8217;oeil expert de grands commanditaires.<br \/>\nMartin Szekely (n\u00e9 en 1956, vit et travaille \u00e0 Paris) est un designer parmi les plus renomm\u00e9s de sa g\u00e9n\u00e9ration, travaillant \u00e0 la fois pour des groupes industriels internationaux (Nestl\u00e9, Heineken, Herm\u00e8s), pour des commissions priv\u00e9es, et sur des cr\u00e9ations en production limit\u00e9e. Depuis le d\u00e9but des ann\u00e9es 1980, son travail, combinant technologies d&#8217;avant-garde et simplicit\u00e9 conceptuelle, s&#8217;est d\u00e9velopp\u00e9 comme un &#8220;retour aux sources&#8221; \u00e0 un mobilier et \u00e0 des objets produits avec une \u00e9conomie de gestes et une grand attention port\u00e9e aux mat\u00e9riaux (b\u00e9ton, bois, li\u00e8ge, marbre), plus que comme une forme de minimalisme, auquel il est souvent associ\u00e9 : \u00ab Aujourd&#8217;hui mon travail m&#8217;appara\u00eet comme une soustraction \u00e0 l&#8217;expressionisme du dessin. C&#8217;est dans ma relation au design industriel et sa destination vers un public le plus large que cette notion s&#8217;est impos\u00e9e. J&#8217;ai pour ambition un r\u00e9sultat \u00e9conome qui ne soit m\u00eame pas qualifiable de minimaliste. Un lieu commun. \u00bb<br \/>\nLes oeuvres de Szekely appartiennent aux collections permanentes des plus grandes institutions internationales : Centre Georges Pompidou, Mus\u00e9e des Arts D\u00e9coratifs, Fonds National d&#8217;Art Contemporain (Paris), MUDAM (Luxembourg), Museu do Design (Lisbonne), MoMA, Cooper Hewitt Museum (New York), Winterthur Museum (Winterthur), Kunstgewerbe Museum (Berlin), Kunstgewerbe Museum (Cologne)&#8230;<\/p>\n","protected":false},"excerpt":{"rendered":"<p>Apr\u00e8s avoir pr\u00e9sent\u00e9 les premiers travaux de Martin Szekely dans un parcours d&#8217;exposition en deux volets (2020-2021 puis 2022), R\u00e9mi Gerbeau et Jean-Philippe Mercier consacrent un ouvrage \u00e0 ces cr\u00e9ations &#8211; des \u00ab meubles attentionn\u00e9s \u00bb &#8211; \u00e0 travers ses premi\u00e8res grandes commandes. Compl\u00e9t\u00e9 par une iconographie sensible de vues de d&#8217;exposition par le photographe [&hellip;]<\/p>\n","protected":false},"featured_media":53067,"template":"","meta":[],"product_cat":[2948,2952],"product_tag":[],"acf":[],"yoast_head":"<!-- This site is optimized with the Yoast SEO plugin v20.11 - https:\/\/yoast.com\/wordpress\/plugins\/seo\/ -->\n<title>D\u00e9but - Librairie 7L<\/title>\n<meta name=\"robots\" content=\"index, follow, max-snippet:-1, max-image-preview:large, max-video-preview:-1\" \/>\n<link rel=\"canonical\" href=\"https:\/\/librairie7l.com\/en\/produit\/debut-2\/\" \/>\n<meta property=\"og:locale\" content=\"en_US\" \/>\n<meta property=\"og:type\" content=\"article\" \/>\n<meta property=\"og:title\" content=\"D\u00e9but - Librairie 7L\" \/>\n<meta property=\"og:description\" content=\"Apr\u00e8s avoir pr\u00e9sent\u00e9 les premiers travaux de Martin Szekely dans un parcours d&#8217;exposition en deux volets (2020-2021 puis 2022), R\u00e9mi Gerbeau et Jean-Philippe Mercier consacrent un ouvrage \u00e0 ces cr\u00e9ations &#8211; des \u00ab meubles attentionn\u00e9s \u00bb &#8211; \u00e0 travers ses premi\u00e8res grandes commandes. Compl\u00e9t\u00e9 par une iconographie sensible de vues de d&#8217;exposition par le photographe [&hellip;]\" \/>\n<meta property=\"og:url\" content=\"https:\/\/librairie7l.com\/en\/produit\/debut-2\/\" \/>\n<meta property=\"og:site_name\" content=\"Librairie 7L\" \/>\n<meta property=\"article:modified_time\" content=\"2026-04-17T18:35:34+00:00\" \/>\n<meta property=\"og:image\" content=\"https:\/\/librairie7l.com\/wp-content\/uploads\/2025\/12\/9782959138928_1_75.jpg\" \/>\n\t<meta property=\"og:image:width\" content=\"600\" \/>\n\t<meta property=\"og:image:height\" content=\"724\" \/>\n\t<meta property=\"og:image:type\" content=\"image\/jpeg\" \/>\n<meta name=\"twitter:card\" content=\"summary_large_image\" \/>\n<meta name=\"twitter:label1\" content=\"Est. reading time\" \/>\n\t<meta name=\"twitter:data1\" content=\"2 minutes\" \/>\n<script type=\"application\/ld+json\" class=\"yoast-schema-graph\">{\"@context\":\"https:\/\/schema.org\",\"@graph\":[{\"@type\":\"WebPage\",\"@id\":\"https:\/\/librairie7l.com\/en\/produit\/debut-2\/\",\"url\":\"https:\/\/librairie7l.com\/en\/produit\/debut-2\/\",\"name\":\"D\u00e9but - Librairie 7L\",\"isPartOf\":{\"@id\":\"https:\/\/librairie7l.com\/en\/#website\"},\"datePublished\":\"2025-12-10T08:18:11+00:00\",\"dateModified\":\"2026-04-17T18:35:34+00:00\",\"breadcrumb\":{\"@id\":\"https:\/\/librairie7l.com\/en\/produit\/debut-2\/#breadcrumb\"},\"inLanguage\":\"en-US\",\"potentialAction\":[{\"@type\":\"ReadAction\",\"target\":[\"https:\/\/librairie7l.com\/en\/produit\/debut-2\/\"]}]},{\"@type\":\"BreadcrumbList\",\"@id\":\"https:\/\/librairie7l.com\/en\/produit\/debut-2\/#breadcrumb\",\"itemListElement\":[{\"@type\":\"ListItem\",\"position\":1,\"name\":\"Accueil\",\"item\":\"https:\/\/librairie7l.com\/en\/\"},{\"@type\":\"ListItem\",\"position\":2,\"name\":\"Shop\",\"item\":\"https:\/\/librairie7l.com\/en\/shop\/\"},{\"@type\":\"ListItem\",\"position\":3,\"name\":\"D\u00c9BUT\"}]},{\"@type\":\"WebSite\",\"@id\":\"https:\/\/librairie7l.com\/en\/#website\",\"url\":\"https:\/\/librairie7l.com\/en\/\",\"name\":\"Librairie 7L\",\"description\":\"Librairie fond\u00e9e en 1999 par Karl Lagerfeld \u00e0 Paris\",\"publisher\":{\"@id\":\"https:\/\/librairie7l.com\/en\/#organization\"},\"potentialAction\":[{\"@type\":\"SearchAction\",\"target\":{\"@type\":\"EntryPoint\",\"urlTemplate\":\"https:\/\/librairie7l.com\/en\/?s={search_term_string}\"},\"query-input\":\"required name=search_term_string\"}],\"inLanguage\":\"en-US\"},{\"@type\":\"Organization\",\"@id\":\"https:\/\/librairie7l.com\/en\/#organization\",\"name\":\"Librairie 7L\",\"url\":\"https:\/\/librairie7l.com\/en\/\",\"logo\":{\"@type\":\"ImageObject\",\"inLanguage\":\"en-US\",\"@id\":\"https:\/\/librairie7l.com\/en\/#\/schema\/logo\/image\/\",\"url\":\"https:\/\/librairie7l.com\/wp-content\/uploads\/2022\/08\/logo-1.png\",\"contentUrl\":\"https:\/\/librairie7l.com\/wp-content\/uploads\/2022\/08\/logo-1.png\",\"width\":227,\"height\":301,\"caption\":\"Librairie 7L\"},\"image\":{\"@id\":\"https:\/\/librairie7l.com\/en\/#\/schema\/logo\/image\/\"}}]}<\/script>\n<!-- \/ Yoast SEO plugin. -->","yoast_head_json":{"title":"D\u00e9but - Librairie 7L","robots":{"index":"index","follow":"follow","max-snippet":"max-snippet:-1","max-image-preview":"max-image-preview:large","max-video-preview":"max-video-preview:-1"},"canonical":"https:\/\/librairie7l.com\/en\/produit\/debut-2\/","og_locale":"en_US","og_type":"article","og_title":"D\u00e9but - Librairie 7L","og_description":"Apr\u00e8s avoir pr\u00e9sent\u00e9 les premiers travaux de Martin Szekely dans un parcours d&#8217;exposition en deux volets (2020-2021 puis 2022), R\u00e9mi Gerbeau et Jean-Philippe Mercier consacrent un ouvrage \u00e0 ces cr\u00e9ations &#8211; des \u00ab meubles attentionn\u00e9s \u00bb &#8211; \u00e0 travers ses premi\u00e8res grandes commandes. Compl\u00e9t\u00e9 par une iconographie sensible de vues de d&#8217;exposition par le photographe [&hellip;]","og_url":"https:\/\/librairie7l.com\/en\/produit\/debut-2\/","og_site_name":"Librairie 7L","article_modified_time":"2026-04-17T18:35:34+00:00","og_image":[{"width":600,"height":724,"url":"https:\/\/librairie7l.com\/wp-content\/uploads\/2025\/12\/9782959138928_1_75.jpg","type":"image\/jpeg"}],"twitter_card":"summary_large_image","twitter_misc":{"Est. reading time":"2 minutes"},"schema":{"@context":"https:\/\/schema.org","@graph":[{"@type":"WebPage","@id":"https:\/\/librairie7l.com\/en\/produit\/debut-2\/","url":"https:\/\/librairie7l.com\/en\/produit\/debut-2\/","name":"D\u00e9but - Librairie 7L","isPartOf":{"@id":"https:\/\/librairie7l.com\/en\/#website"},"datePublished":"2025-12-10T08:18:11+00:00","dateModified":"2026-04-17T18:35:34+00:00","breadcrumb":{"@id":"https:\/\/librairie7l.com\/en\/produit\/debut-2\/#breadcrumb"},"inLanguage":"en-US","potentialAction":[{"@type":"ReadAction","target":["https:\/\/librairie7l.com\/en\/produit\/debut-2\/"]}]},{"@type":"BreadcrumbList","@id":"https:\/\/librairie7l.com\/en\/produit\/debut-2\/#breadcrumb","itemListElement":[{"@type":"ListItem","position":1,"name":"Accueil","item":"https:\/\/librairie7l.com\/en\/"},{"@type":"ListItem","position":2,"name":"Shop","item":"https:\/\/librairie7l.com\/en\/shop\/"},{"@type":"ListItem","position":3,"name":"D\u00c9BUT"}]},{"@type":"WebSite","@id":"https:\/\/librairie7l.com\/en\/#website","url":"https:\/\/librairie7l.com\/en\/","name":"Librairie 7L","description":"Librairie fond\u00e9e en 1999 par Karl Lagerfeld \u00e0 Paris","publisher":{"@id":"https:\/\/librairie7l.com\/en\/#organization"},"potentialAction":[{"@type":"SearchAction","target":{"@type":"EntryPoint","urlTemplate":"https:\/\/librairie7l.com\/en\/?s={search_term_string}"},"query-input":"required name=search_term_string"}],"inLanguage":"en-US"},{"@type":"Organization","@id":"https:\/\/librairie7l.com\/en\/#organization","name":"Librairie 7L","url":"https:\/\/librairie7l.com\/en\/","logo":{"@type":"ImageObject","inLanguage":"en-US","@id":"https:\/\/librairie7l.com\/en\/#\/schema\/logo\/image\/","url":"https:\/\/librairie7l.com\/wp-content\/uploads\/2022\/08\/logo-1.png","contentUrl":"https:\/\/librairie7l.com\/wp-content\/uploads\/2022\/08\/logo-1.png","width":227,"height":301,"caption":"Librairie 7L"},"image":{"@id":"https:\/\/librairie7l.com\/en\/#\/schema\/logo\/image\/"}}]}},"_links":{"self":[{"href":"https:\/\/librairie7l.com\/en\/wp-json\/wp\/v2\/product\/53069"}],"collection":[{"href":"https:\/\/librairie7l.com\/en\/wp-json\/wp\/v2\/product"}],"about":[{"href":"https:\/\/librairie7l.com\/en\/wp-json\/wp\/v2\/types\/product"}],"wp:featuredmedia":[{"embeddable":true,"href":"https:\/\/librairie7l.com\/en\/wp-json\/wp\/v2\/media\/53067"}],"wp:attachment":[{"href":"https:\/\/librairie7l.com\/en\/wp-json\/wp\/v2\/media?parent=53069"}],"wp:term":[{"taxonomy":"product_cat","embeddable":true,"href":"https:\/\/librairie7l.com\/en\/wp-json\/wp\/v2\/product_cat?post=53069"},{"taxonomy":"product_tag","embeddable":true,"href":"https:\/\/librairie7l.com\/en\/wp-json\/wp\/v2\/product_tag?post=53069"}],"curies":[{"name":"wp","href":"https:\/\/api.w.org\/{rel}","templated":true}]}}