{"id":53090,"date":"2025-12-10T12:21:39","date_gmt":"2025-12-10T11:21:39","guid":{"rendered":"https:\/\/librairie7l.com\/?post_type=product&#038;p=53090"},"modified":"2026-05-14T09:07:08","modified_gmt":"2026-05-14T07:07:08","slug":"les-cahiers-desther-tome-9-histoires-de-mes-18-ans-2","status":"publish","type":"product","link":"https:\/\/librairie7l.com\/en\/produit\/les-cahiers-desther-tome-9-histoires-de-mes-18-ans-2\/","title":{"rendered":"LES CAHIERS D&#8217;ESTHER TOME 9 : HISTOIRES DE MES 18 ANS"},"content":{"rendered":"<p>Le dernier tome de la s\u00e9rie culte !<br \/>\nEsther est en terminale, c\u00b8a y est !<br \/>\nC&#8217;est l&#8217;ann\u00e9e du bac (cette horreur), des choix d&#8217;orientation qu&#8217;on ne veut pas faire, de Parcoursup, cette b\u00e9n\u00e9diction (rires), des illusions qui se brisent, de l&#8217;enfance qui s&#8217;\u00e9vapore, et des Cahiers d&#8217;Esther qui s&#8217;arr\u00eatent&#8230; Mais c&#8217;est aussi l&#8217;ann\u00e9e des 18 ans, de la libert\u00e9 de pouvoir enfin faire ce qu&#8217;on veut ! Tout ce qu&#8217;on veut ! Et peut-\u00eatre aussi l&#8217;ann\u00e9e de la fin du c\u00e9libat \u00e9ternel, qui sait ?<br \/>\nD&#8217;o\u00f9 venons, o\u00f9 allons-nous, et surtout c\u00b8a sert \u00e0 quoi la vie en vrai ? Y a-t-il seulement une r\u00e9ponse \u00e0 cette question qu&#8217;en pensez-vous vous avez 4 heures MDR&#8230; Esther philosophe et a un peu le vertige au moment du grand envol, mais c\u00b8a va bien se passer, hein, on y croit&#8230;<\/p>\n","protected":false},"excerpt":{"rendered":"<p>Le dernier tome de la s\u00e9rie culte ! Esther est en terminale, c\u00b8a y est ! C&#8217;est l&#8217;ann\u00e9e du bac (cette horreur), des choix d&#8217;orientation qu&#8217;on ne veut pas faire, de Parcoursup, cette b\u00e9n\u00e9diction (rires), des illusions qui se brisent, de l&#8217;enfance qui s&#8217;\u00e9vapore, et des Cahiers d&#8217;Esther qui s&#8217;arr\u00eatent&#8230; Mais c&#8217;est aussi l&#8217;ann\u00e9e des [&hellip;]<\/p>\n","protected":false},"featured_media":53088,"template":"","meta":[],"product_cat":[7364,2948],"product_tag":[],"acf":[],"yoast_head":"<!-- This site is optimized with the Yoast SEO plugin v20.11 - https:\/\/yoast.com\/wordpress\/plugins\/seo\/ -->\n<title>Les cahiers d&#039;Esther Tome 9 : histoires de mes 18 ans - Librairie 7L<\/title>\n<meta name=\"robots\" content=\"index, follow, max-snippet:-1, max-image-preview:large, max-video-preview:-1\" \/>\n<link rel=\"canonical\" href=\"https:\/\/librairie7l.com\/en\/produit\/les-cahiers-desther-tome-9-histoires-de-mes-18-ans-2\/\" \/>\n<meta property=\"og:locale\" content=\"en_US\" \/>\n<meta property=\"og:type\" content=\"article\" \/>\n<meta property=\"og:title\" content=\"Les cahiers d&#039;Esther Tome 9 : histoires de mes 18 ans - Librairie 7L\" \/>\n<meta property=\"og:description\" content=\"Le dernier tome de la s\u00e9rie culte ! Esther est en terminale, c\u00b8a y est ! C&#8217;est l&#8217;ann\u00e9e du bac (cette horreur), des choix d&#8217;orientation qu&#8217;on ne veut pas faire, de Parcoursup, cette b\u00e9n\u00e9diction (rires), des illusions qui se brisent, de l&#8217;enfance qui s&#8217;\u00e9vapore, et des Cahiers d&#8217;Esther qui s&#8217;arr\u00eatent&#8230; Mais c&#8217;est aussi l&#8217;ann\u00e9e des [&hellip;]\" \/>\n<meta property=\"og:url\" content=\"https:\/\/librairie7l.com\/en\/produit\/les-cahiers-desther-tome-9-histoires-de-mes-18-ans-2\/\" \/>\n<meta property=\"og:site_name\" content=\"Librairie 7L\" \/>\n<meta property=\"article:modified_time\" content=\"2026-05-14T07:07:08+00:00\" \/>\n<meta property=\"og:image\" content=\"https:\/\/librairie7l.com\/wp-content\/uploads\/2024\/02\/9782370734952_1_75.jpg\" \/>\n\t<meta property=\"og:image:width\" content=\"600\" \/>\n\t<meta property=\"og:image:height\" content=\"758\" \/>\n\t<meta property=\"og:image:type\" content=\"image\/jpeg\" \/>\n<meta name=\"twitter:card\" content=\"summary_large_image\" \/>\n<meta name=\"twitter:label1\" content=\"Est. reading time\" \/>\n\t<meta name=\"twitter:data1\" content=\"1 minute\" \/>\n<script type=\"application\/ld+json\" class=\"yoast-schema-graph\">{\"@context\":\"https:\/\/schema.org\",\"@graph\":[{\"@type\":\"WebPage\",\"@id\":\"https:\/\/librairie7l.com\/en\/produit\/les-cahiers-desther-tome-9-histoires-de-mes-18-ans-2\/\",\"url\":\"https:\/\/librairie7l.com\/en\/produit\/les-cahiers-desther-tome-9-histoires-de-mes-18-ans-2\/\",\"name\":\"Les cahiers d'Esther Tome 9 : histoires de mes 18 ans - Librairie 7L\",\"isPartOf\":{\"@id\":\"https:\/\/librairie7l.com\/en\/#website\"},\"datePublished\":\"2025-12-10T11:21:39+00:00\",\"dateModified\":\"2026-05-14T07:07:08+00:00\",\"breadcrumb\":{\"@id\":\"https:\/\/librairie7l.com\/en\/produit\/les-cahiers-desther-tome-9-histoires-de-mes-18-ans-2\/#breadcrumb\"},\"inLanguage\":\"en-US\",\"potentialAction\":[{\"@type\":\"ReadAction\",\"target\":[\"https:\/\/librairie7l.com\/en\/produit\/les-cahiers-desther-tome-9-histoires-de-mes-18-ans-2\/\"]}]},{\"@type\":\"BreadcrumbList\",\"@id\":\"https:\/\/librairie7l.com\/en\/produit\/les-cahiers-desther-tome-9-histoires-de-mes-18-ans-2\/#breadcrumb\",\"itemListElement\":[{\"@type\":\"ListItem\",\"position\":1,\"name\":\"Accueil\",\"item\":\"https:\/\/librairie7l.com\/en\/\"},{\"@type\":\"ListItem\",\"position\":2,\"name\":\"Shop\",\"item\":\"https:\/\/librairie7l.com\/en\/shop\/\"},{\"@type\":\"ListItem\",\"position\":3,\"name\":\"LES CAHIERS D&#8217;ESTHER TOME 9 : HISTOIRES DE MES 18 ANS\"}]},{\"@type\":\"WebSite\",\"@id\":\"https:\/\/librairie7l.com\/en\/#website\",\"url\":\"https:\/\/librairie7l.com\/en\/\",\"name\":\"Librairie 7L\",\"description\":\"Librairie fond\u00e9e en 1999 par Karl Lagerfeld \u00e0 Paris\",\"publisher\":{\"@id\":\"https:\/\/librairie7l.com\/en\/#organization\"},\"potentialAction\":[{\"@type\":\"SearchAction\",\"target\":{\"@type\":\"EntryPoint\",\"urlTemplate\":\"https:\/\/librairie7l.com\/en\/?s={search_term_string}\"},\"query-input\":\"required name=search_term_string\"}],\"inLanguage\":\"en-US\"},{\"@type\":\"Organization\",\"@id\":\"https:\/\/librairie7l.com\/en\/#organization\",\"name\":\"Librairie 7L\",\"url\":\"https:\/\/librairie7l.com\/en\/\",\"logo\":{\"@type\":\"ImageObject\",\"inLanguage\":\"en-US\",\"@id\":\"https:\/\/librairie7l.com\/en\/#\/schema\/logo\/image\/\",\"url\":\"https:\/\/librairie7l.com\/wp-content\/uploads\/2022\/08\/logo-1.png\",\"contentUrl\":\"https:\/\/librairie7l.com\/wp-content\/uploads\/2022\/08\/logo-1.png\",\"width\":227,\"height\":301,\"caption\":\"Librairie 7L\"},\"image\":{\"@id\":\"https:\/\/librairie7l.com\/en\/#\/schema\/logo\/image\/\"}}]}<\/script>\n<!-- \/ Yoast SEO plugin. -->","yoast_head_json":{"title":"Les cahiers d'Esther Tome 9 : histoires de mes 18 ans - Librairie 7L","robots":{"index":"index","follow":"follow","max-snippet":"max-snippet:-1","max-image-preview":"max-image-preview:large","max-video-preview":"max-video-preview:-1"},"canonical":"https:\/\/librairie7l.com\/en\/produit\/les-cahiers-desther-tome-9-histoires-de-mes-18-ans-2\/","og_locale":"en_US","og_type":"article","og_title":"Les cahiers d'Esther Tome 9 : histoires de mes 18 ans - Librairie 7L","og_description":"Le dernier tome de la s\u00e9rie culte ! Esther est en terminale, c\u00b8a y est ! C&#8217;est l&#8217;ann\u00e9e du bac (cette horreur), des choix d&#8217;orientation qu&#8217;on ne veut pas faire, de Parcoursup, cette b\u00e9n\u00e9diction (rires), des illusions qui se brisent, de l&#8217;enfance qui s&#8217;\u00e9vapore, et des Cahiers d&#8217;Esther qui s&#8217;arr\u00eatent&#8230; Mais c&#8217;est aussi l&#8217;ann\u00e9e des [&hellip;]","og_url":"https:\/\/librairie7l.com\/en\/produit\/les-cahiers-desther-tome-9-histoires-de-mes-18-ans-2\/","og_site_name":"Librairie 7L","article_modified_time":"2026-05-14T07:07:08+00:00","og_image":[{"width":600,"height":758,"url":"https:\/\/librairie7l.com\/wp-content\/uploads\/2024\/02\/9782370734952_1_75.jpg","type":"image\/jpeg"}],"twitter_card":"summary_large_image","twitter_misc":{"Est. reading time":"1 minute"},"schema":{"@context":"https:\/\/schema.org","@graph":[{"@type":"WebPage","@id":"https:\/\/librairie7l.com\/en\/produit\/les-cahiers-desther-tome-9-histoires-de-mes-18-ans-2\/","url":"https:\/\/librairie7l.com\/en\/produit\/les-cahiers-desther-tome-9-histoires-de-mes-18-ans-2\/","name":"Les cahiers d'Esther Tome 9 : histoires de mes 18 ans - Librairie 7L","isPartOf":{"@id":"https:\/\/librairie7l.com\/en\/#website"},"datePublished":"2025-12-10T11:21:39+00:00","dateModified":"2026-05-14T07:07:08+00:00","breadcrumb":{"@id":"https:\/\/librairie7l.com\/en\/produit\/les-cahiers-desther-tome-9-histoires-de-mes-18-ans-2\/#breadcrumb"},"inLanguage":"en-US","potentialAction":[{"@type":"ReadAction","target":["https:\/\/librairie7l.com\/en\/produit\/les-cahiers-desther-tome-9-histoires-de-mes-18-ans-2\/"]}]},{"@type":"BreadcrumbList","@id":"https:\/\/librairie7l.com\/en\/produit\/les-cahiers-desther-tome-9-histoires-de-mes-18-ans-2\/#breadcrumb","itemListElement":[{"@type":"ListItem","position":1,"name":"Accueil","item":"https:\/\/librairie7l.com\/en\/"},{"@type":"ListItem","position":2,"name":"Shop","item":"https:\/\/librairie7l.com\/en\/shop\/"},{"@type":"ListItem","position":3,"name":"LES CAHIERS D&#8217;ESTHER TOME 9 : HISTOIRES DE MES 18 ANS"}]},{"@type":"WebSite","@id":"https:\/\/librairie7l.com\/en\/#website","url":"https:\/\/librairie7l.com\/en\/","name":"Librairie 7L","description":"Librairie fond\u00e9e en 1999 par Karl Lagerfeld \u00e0 Paris","publisher":{"@id":"https:\/\/librairie7l.com\/en\/#organization"},"potentialAction":[{"@type":"SearchAction","target":{"@type":"EntryPoint","urlTemplate":"https:\/\/librairie7l.com\/en\/?s={search_term_string}"},"query-input":"required name=search_term_string"}],"inLanguage":"en-US"},{"@type":"Organization","@id":"https:\/\/librairie7l.com\/en\/#organization","name":"Librairie 7L","url":"https:\/\/librairie7l.com\/en\/","logo":{"@type":"ImageObject","inLanguage":"en-US","@id":"https:\/\/librairie7l.com\/en\/#\/schema\/logo\/image\/","url":"https:\/\/librairie7l.com\/wp-content\/uploads\/2022\/08\/logo-1.png","contentUrl":"https:\/\/librairie7l.com\/wp-content\/uploads\/2022\/08\/logo-1.png","width":227,"height":301,"caption":"Librairie 7L"},"image":{"@id":"https:\/\/librairie7l.com\/en\/#\/schema\/logo\/image\/"}}]}},"_links":{"self":[{"href":"https:\/\/librairie7l.com\/en\/wp-json\/wp\/v2\/product\/53090"}],"collection":[{"href":"https:\/\/librairie7l.com\/en\/wp-json\/wp\/v2\/product"}],"about":[{"href":"https:\/\/librairie7l.com\/en\/wp-json\/wp\/v2\/types\/product"}],"wp:featuredmedia":[{"embeddable":true,"href":"https:\/\/librairie7l.com\/en\/wp-json\/wp\/v2\/media\/53088"}],"wp:attachment":[{"href":"https:\/\/librairie7l.com\/en\/wp-json\/wp\/v2\/media?parent=53090"}],"wp:term":[{"taxonomy":"product_cat","embeddable":true,"href":"https:\/\/librairie7l.com\/en\/wp-json\/wp\/v2\/product_cat?post=53090"},{"taxonomy":"product_tag","embeddable":true,"href":"https:\/\/librairie7l.com\/en\/wp-json\/wp\/v2\/product_tag?post=53090"}],"curies":[{"name":"wp","href":"https:\/\/api.w.org\/{rel}","templated":true}]}}