{"id":53098,"date":"2025-12-11T09:18:09","date_gmt":"2025-12-11T08:18:09","guid":{"rendered":"https:\/\/librairie7l.com\/?post_type=product&#038;p=53098"},"modified":"2026-04-21T19:25:04","modified_gmt":"2026-04-21T17:25:04","slug":"poussiere-detoiles-2","status":"publish","type":"product","link":"https:\/\/librairie7l.com\/en\/produit\/poussiere-detoiles-2\/","title":{"rendered":"POUSSI\u00c8RE D&#8217;\u00c9TOILES"},"content":{"rendered":"<p>En mai 2025, la Malmaison, Centre d&#8217;art contemporain et b\u00e2timent embl\u00e9matique de la croisette \u00e0 Cannes, invite Jean-Michel Othoniel pour une exposition inaugurale, apr\u00e8s deux ans de travaux de r\u00e9novation. L&#8217;ouvrage Poussi\u00e8re d&#8217;\u00e9toiles, qui s&#8217;inspire de l&#8217;or des \u00e9toiles d\u00e9chues, en est le catalogue d&#8217;exposition. En hommage \u00e0 la puissance contemplative du verre, l&#8217;exposition de Jean-Michel Othoniel explore les jeux de lumi\u00e8re, de mati\u00e8re et d&#8217;\u00e9chelle. Inspir\u00e9 par la nature, l&#8217;artiste d\u00e9ploie une s\u00e9rie de sculptures qui, dans un mouvement entre la pr\u00e9cision math\u00e9matique et la d\u00e9licatesse po\u00e9tique, captivent l&#8217;oeil et l&#8217;esprit. Sculptures aux reflets infinis, transcendance de l&#8217;or, \u00e9blouissement de la lumi\u00e8re, une certaine id\u00e9e de la beaut\u00e9 parcours l&#8217;exposition et les 90 oeuvres qui la composent. \u00ab Poussi\u00e8re d&#8217;\u00e9toiles \u00bb invite \u00e0 une exploration \u00e0 la recherche du merveilleux, perdu dans notre monde r\u00e9el. Un texte de Claude Arnaud, \u00e9crivain, essayiste et biographe, accompagne le travail de Jean-Michel Othoniel. <\/p>\n","protected":false},"excerpt":{"rendered":"<p>En mai 2025, la Malmaison, Centre d&#8217;art contemporain et b\u00e2timent embl\u00e9matique de la croisette \u00e0 Cannes, invite Jean-Michel Othoniel pour une exposition inaugurale, apr\u00e8s deux ans de travaux de r\u00e9novation. L&#8217;ouvrage Poussi\u00e8re d&#8217;\u00e9toiles, qui s&#8217;inspire de l&#8217;or des \u00e9toiles d\u00e9chues, en est le catalogue d&#8217;exposition. En hommage \u00e0 la puissance contemplative du verre, l&#8217;exposition de [&hellip;]<\/p>\n","protected":false},"featured_media":53096,"template":"","meta":[],"product_cat":[2948],"product_tag":[],"acf":[],"yoast_head":"<!-- This site is optimized with the Yoast SEO plugin v20.11 - https:\/\/yoast.com\/wordpress\/plugins\/seo\/ -->\n<title>Poussi\u00e8re d&#039;\u00e9toiles - Librairie 7L<\/title>\n<meta name=\"robots\" content=\"index, follow, max-snippet:-1, max-image-preview:large, max-video-preview:-1\" \/>\n<link rel=\"canonical\" href=\"https:\/\/librairie7l.com\/en\/produit\/poussiere-detoiles-2\/\" \/>\n<meta property=\"og:locale\" content=\"en_US\" \/>\n<meta property=\"og:type\" content=\"article\" \/>\n<meta property=\"og:title\" content=\"Poussi\u00e8re d&#039;\u00e9toiles - Librairie 7L\" \/>\n<meta property=\"og:description\" content=\"En mai 2025, la Malmaison, Centre d&#8217;art contemporain et b\u00e2timent embl\u00e9matique de la croisette \u00e0 Cannes, invite Jean-Michel Othoniel pour une exposition inaugurale, apr\u00e8s deux ans de travaux de r\u00e9novation. L&#8217;ouvrage Poussi\u00e8re d&#8217;\u00e9toiles, qui s&#8217;inspire de l&#8217;or des \u00e9toiles d\u00e9chues, en est le catalogue d&#8217;exposition. En hommage \u00e0 la puissance contemplative du verre, l&#8217;exposition de [&hellip;]\" \/>\n<meta property=\"og:url\" content=\"https:\/\/librairie7l.com\/en\/produit\/poussiere-detoiles-2\/\" \/>\n<meta property=\"og:site_name\" content=\"Librairie 7L\" \/>\n<meta property=\"article:modified_time\" content=\"2026-04-21T17:25:04+00:00\" \/>\n<meta property=\"og:image\" content=\"https:\/\/librairie7l.com\/wp-content\/uploads\/2025\/03\/9782363063793_1_75.jpg\" \/>\n\t<meta property=\"og:image:width\" content=\"600\" \/>\n\t<meta property=\"og:image:height\" content=\"724\" \/>\n\t<meta property=\"og:image:type\" content=\"image\/jpeg\" \/>\n<meta name=\"twitter:card\" content=\"summary_large_image\" \/>\n<meta name=\"twitter:label1\" content=\"Est. reading time\" \/>\n\t<meta name=\"twitter:data1\" content=\"1 minute\" \/>\n<script type=\"application\/ld+json\" class=\"yoast-schema-graph\">{\"@context\":\"https:\/\/schema.org\",\"@graph\":[{\"@type\":\"WebPage\",\"@id\":\"https:\/\/librairie7l.com\/en\/produit\/poussiere-detoiles-2\/\",\"url\":\"https:\/\/librairie7l.com\/en\/produit\/poussiere-detoiles-2\/\",\"name\":\"Poussi\u00e8re d'\u00e9toiles - Librairie 7L\",\"isPartOf\":{\"@id\":\"https:\/\/librairie7l.com\/en\/#website\"},\"datePublished\":\"2025-12-11T08:18:09+00:00\",\"dateModified\":\"2026-04-21T17:25:04+00:00\",\"breadcrumb\":{\"@id\":\"https:\/\/librairie7l.com\/en\/produit\/poussiere-detoiles-2\/#breadcrumb\"},\"inLanguage\":\"en-US\",\"potentialAction\":[{\"@type\":\"ReadAction\",\"target\":[\"https:\/\/librairie7l.com\/en\/produit\/poussiere-detoiles-2\/\"]}]},{\"@type\":\"BreadcrumbList\",\"@id\":\"https:\/\/librairie7l.com\/en\/produit\/poussiere-detoiles-2\/#breadcrumb\",\"itemListElement\":[{\"@type\":\"ListItem\",\"position\":1,\"name\":\"Accueil\",\"item\":\"https:\/\/librairie7l.com\/en\/\"},{\"@type\":\"ListItem\",\"position\":2,\"name\":\"Shop\",\"item\":\"https:\/\/librairie7l.com\/en\/shop\/\"},{\"@type\":\"ListItem\",\"position\":3,\"name\":\"POUSSI\u00c8RE D&#8217;\u00c9TOILES\"}]},{\"@type\":\"WebSite\",\"@id\":\"https:\/\/librairie7l.com\/en\/#website\",\"url\":\"https:\/\/librairie7l.com\/en\/\",\"name\":\"Librairie 7L\",\"description\":\"Librairie fond\u00e9e en 1999 par Karl Lagerfeld \u00e0 Paris\",\"publisher\":{\"@id\":\"https:\/\/librairie7l.com\/en\/#organization\"},\"potentialAction\":[{\"@type\":\"SearchAction\",\"target\":{\"@type\":\"EntryPoint\",\"urlTemplate\":\"https:\/\/librairie7l.com\/en\/?s={search_term_string}\"},\"query-input\":\"required name=search_term_string\"}],\"inLanguage\":\"en-US\"},{\"@type\":\"Organization\",\"@id\":\"https:\/\/librairie7l.com\/en\/#organization\",\"name\":\"Librairie 7L\",\"url\":\"https:\/\/librairie7l.com\/en\/\",\"logo\":{\"@type\":\"ImageObject\",\"inLanguage\":\"en-US\",\"@id\":\"https:\/\/librairie7l.com\/en\/#\/schema\/logo\/image\/\",\"url\":\"https:\/\/librairie7l.com\/wp-content\/uploads\/2022\/08\/logo-1.png\",\"contentUrl\":\"https:\/\/librairie7l.com\/wp-content\/uploads\/2022\/08\/logo-1.png\",\"width\":227,\"height\":301,\"caption\":\"Librairie 7L\"},\"image\":{\"@id\":\"https:\/\/librairie7l.com\/en\/#\/schema\/logo\/image\/\"}}]}<\/script>\n<!-- \/ Yoast SEO plugin. -->","yoast_head_json":{"title":"Poussi\u00e8re d'\u00e9toiles - Librairie 7L","robots":{"index":"index","follow":"follow","max-snippet":"max-snippet:-1","max-image-preview":"max-image-preview:large","max-video-preview":"max-video-preview:-1"},"canonical":"https:\/\/librairie7l.com\/en\/produit\/poussiere-detoiles-2\/","og_locale":"en_US","og_type":"article","og_title":"Poussi\u00e8re d'\u00e9toiles - Librairie 7L","og_description":"En mai 2025, la Malmaison, Centre d&#8217;art contemporain et b\u00e2timent embl\u00e9matique de la croisette \u00e0 Cannes, invite Jean-Michel Othoniel pour une exposition inaugurale, apr\u00e8s deux ans de travaux de r\u00e9novation. L&#8217;ouvrage Poussi\u00e8re d&#8217;\u00e9toiles, qui s&#8217;inspire de l&#8217;or des \u00e9toiles d\u00e9chues, en est le catalogue d&#8217;exposition. En hommage \u00e0 la puissance contemplative du verre, l&#8217;exposition de [&hellip;]","og_url":"https:\/\/librairie7l.com\/en\/produit\/poussiere-detoiles-2\/","og_site_name":"Librairie 7L","article_modified_time":"2026-04-21T17:25:04+00:00","og_image":[{"width":600,"height":724,"url":"https:\/\/librairie7l.com\/wp-content\/uploads\/2025\/03\/9782363063793_1_75.jpg","type":"image\/jpeg"}],"twitter_card":"summary_large_image","twitter_misc":{"Est. reading time":"1 minute"},"schema":{"@context":"https:\/\/schema.org","@graph":[{"@type":"WebPage","@id":"https:\/\/librairie7l.com\/en\/produit\/poussiere-detoiles-2\/","url":"https:\/\/librairie7l.com\/en\/produit\/poussiere-detoiles-2\/","name":"Poussi\u00e8re d'\u00e9toiles - Librairie 7L","isPartOf":{"@id":"https:\/\/librairie7l.com\/en\/#website"},"datePublished":"2025-12-11T08:18:09+00:00","dateModified":"2026-04-21T17:25:04+00:00","breadcrumb":{"@id":"https:\/\/librairie7l.com\/en\/produit\/poussiere-detoiles-2\/#breadcrumb"},"inLanguage":"en-US","potentialAction":[{"@type":"ReadAction","target":["https:\/\/librairie7l.com\/en\/produit\/poussiere-detoiles-2\/"]}]},{"@type":"BreadcrumbList","@id":"https:\/\/librairie7l.com\/en\/produit\/poussiere-detoiles-2\/#breadcrumb","itemListElement":[{"@type":"ListItem","position":1,"name":"Accueil","item":"https:\/\/librairie7l.com\/en\/"},{"@type":"ListItem","position":2,"name":"Shop","item":"https:\/\/librairie7l.com\/en\/shop\/"},{"@type":"ListItem","position":3,"name":"POUSSI\u00c8RE D&#8217;\u00c9TOILES"}]},{"@type":"WebSite","@id":"https:\/\/librairie7l.com\/en\/#website","url":"https:\/\/librairie7l.com\/en\/","name":"Librairie 7L","description":"Librairie fond\u00e9e en 1999 par Karl Lagerfeld \u00e0 Paris","publisher":{"@id":"https:\/\/librairie7l.com\/en\/#organization"},"potentialAction":[{"@type":"SearchAction","target":{"@type":"EntryPoint","urlTemplate":"https:\/\/librairie7l.com\/en\/?s={search_term_string}"},"query-input":"required name=search_term_string"}],"inLanguage":"en-US"},{"@type":"Organization","@id":"https:\/\/librairie7l.com\/en\/#organization","name":"Librairie 7L","url":"https:\/\/librairie7l.com\/en\/","logo":{"@type":"ImageObject","inLanguage":"en-US","@id":"https:\/\/librairie7l.com\/en\/#\/schema\/logo\/image\/","url":"https:\/\/librairie7l.com\/wp-content\/uploads\/2022\/08\/logo-1.png","contentUrl":"https:\/\/librairie7l.com\/wp-content\/uploads\/2022\/08\/logo-1.png","width":227,"height":301,"caption":"Librairie 7L"},"image":{"@id":"https:\/\/librairie7l.com\/en\/#\/schema\/logo\/image\/"}}]}},"_links":{"self":[{"href":"https:\/\/librairie7l.com\/en\/wp-json\/wp\/v2\/product\/53098"}],"collection":[{"href":"https:\/\/librairie7l.com\/en\/wp-json\/wp\/v2\/product"}],"about":[{"href":"https:\/\/librairie7l.com\/en\/wp-json\/wp\/v2\/types\/product"}],"wp:featuredmedia":[{"embeddable":true,"href":"https:\/\/librairie7l.com\/en\/wp-json\/wp\/v2\/media\/53096"}],"wp:attachment":[{"href":"https:\/\/librairie7l.com\/en\/wp-json\/wp\/v2\/media?parent=53098"}],"wp:term":[{"taxonomy":"product_cat","embeddable":true,"href":"https:\/\/librairie7l.com\/en\/wp-json\/wp\/v2\/product_cat?post=53098"},{"taxonomy":"product_tag","embeddable":true,"href":"https:\/\/librairie7l.com\/en\/wp-json\/wp\/v2\/product_tag?post=53098"}],"curies":[{"name":"wp","href":"https:\/\/api.w.org\/{rel}","templated":true}]}}