{"id":53104,"date":"2025-12-11T09:18:14","date_gmt":"2025-12-11T08:18:14","guid":{"rendered":"https:\/\/librairie7l.com\/?post_type=product&#038;p=53104"},"modified":"2026-04-21T04:06:58","modified_gmt":"2026-04-21T02:06:58","slug":"nancy-1925-une-experience-de-la-vie-moderne-2","status":"publish","type":"product","link":"https:\/\/librairie7l.com\/en\/produit\/nancy-1925-une-experience-de-la-vie-moderne-2\/","title":{"rendered":"NANCY 1925 : UNE EXP\u00c9RIENCE DE LA VIE MODERNE"},"content":{"rendered":"<p>\u00c0 l&#8217;occasion de la c\u00e9l\u00e9bration du centenaire de l&#8217;Exposition internationale des arts d\u00e9coratifs et industriels modernes de Paris en 1925, Nancy 1925. Une exp\u00e9rience de la vie moderne revient sur la gen\u00e8se et l&#8217;expression des modernit\u00e9s \u00e0 Nancy durant la premi\u00e8re moiti\u00e9 du XXe si\u00e8cle. Plusieurs styles ont contribu\u00e9 \u00e0 renouveler dans la capitale lorraine le cadre de vie et \u00e0 inventer le confort moderne, entre Art nouveau et Art d\u00e9co. Loin des clich\u00e9s sur les Ann\u00e9es folles, ce catalogue fait rejaillir la culture visuelle et mat\u00e9rielle de l&#8217;entre-deux-guerres \u00e0 Nancy, exhumant des trajectoires oubli\u00e9es d&#8217;artistes, d&#8217;industriels et d&#8217;anonymes.<\/p>\n<p>Entre beaux-arts, arts d\u00e9coratifs, histoire et anthropologie sociale, cet ouvrage pluridisciplinaire remet en lumi\u00e8re les arts, les artisanats et les industries qui ont fait la r\u00e9putation de la Lorraine. \u00c0 travers les collections du mus\u00e9e des Beaux-Arts de Nancy, du mus\u00e9e de l&#8217;\u00c9cole de Nancy et du palais des ducs de Lorraine &#8211; Mus\u00e9e lorrain, ainsi que d&#8217;importantes collections particuli\u00e8res r\u00e9gionales, il propose une incursion dans le quotidien d&#8217;une ville aujourd&#8217;hui partiellement disparue. Essais scientifiques, notices d&#8217;oeuvres richement illustr\u00e9es et entretiens rythment la lecture de ce livre peupl\u00e9 d&#8217;histoires individuelles et collectives qui restitue l&#8217;esprit d&#8217;une \u00e9poque. <\/p>\n","protected":false},"excerpt":{"rendered":"<p>\u00c0 l&#8217;occasion de la c\u00e9l\u00e9bration du centenaire de l&#8217;Exposition internationale des arts d\u00e9coratifs et industriels modernes de Paris en 1925, Nancy 1925. Une exp\u00e9rience de la vie moderne revient sur la gen\u00e8se et l&#8217;expression des modernit\u00e9s \u00e0 Nancy durant la premi\u00e8re moiti\u00e9 du XXe si\u00e8cle. Plusieurs styles ont contribu\u00e9 \u00e0 renouveler dans la capitale lorraine [&hellip;]<\/p>\n","protected":false},"featured_media":53102,"template":"","meta":[],"product_cat":[2948],"product_tag":[],"acf":[],"yoast_head":"<!-- This site is optimized with the Yoast SEO plugin v20.11 - https:\/\/yoast.com\/wordpress\/plugins\/seo\/ -->\n<title>Nancy 1925 : Une exp\u00e9rience de la vie moderne - Librairie 7L<\/title>\n<meta name=\"robots\" content=\"index, follow, max-snippet:-1, max-image-preview:large, max-video-preview:-1\" \/>\n<link rel=\"canonical\" href=\"https:\/\/librairie7l.com\/en\/produit\/nancy-1925-une-experience-de-la-vie-moderne-2\/\" \/>\n<meta property=\"og:locale\" content=\"en_US\" \/>\n<meta property=\"og:type\" content=\"article\" \/>\n<meta property=\"og:title\" content=\"Nancy 1925 : Une exp\u00e9rience de la vie moderne - Librairie 7L\" \/>\n<meta property=\"og:description\" content=\"\u00c0 l&#8217;occasion de la c\u00e9l\u00e9bration du centenaire de l&#8217;Exposition internationale des arts d\u00e9coratifs et industriels modernes de Paris en 1925, Nancy 1925. Une exp\u00e9rience de la vie moderne revient sur la gen\u00e8se et l&#8217;expression des modernit\u00e9s \u00e0 Nancy durant la premi\u00e8re moiti\u00e9 du XXe si\u00e8cle. Plusieurs styles ont contribu\u00e9 \u00e0 renouveler dans la capitale lorraine [&hellip;]\" \/>\n<meta property=\"og:url\" content=\"https:\/\/librairie7l.com\/en\/produit\/nancy-1925-une-experience-de-la-vie-moderne-2\/\" \/>\n<meta property=\"og:site_name\" content=\"Librairie 7L\" \/>\n<meta property=\"article:modified_time\" content=\"2026-04-21T02:06:58+00:00\" \/>\n<meta property=\"og:image\" content=\"https:\/\/librairie7l.com\/wp-content\/uploads\/2025\/08\/9788836662821_1_75.jpg\" \/>\n\t<meta property=\"og:image:width\" content=\"600\" \/>\n\t<meta property=\"og:image:height\" content=\"727\" \/>\n\t<meta property=\"og:image:type\" content=\"image\/jpeg\" \/>\n<meta name=\"twitter:card\" content=\"summary_large_image\" \/>\n<meta name=\"twitter:label1\" content=\"Est. reading time\" \/>\n\t<meta name=\"twitter:data1\" content=\"1 minute\" \/>\n<script type=\"application\/ld+json\" class=\"yoast-schema-graph\">{\"@context\":\"https:\/\/schema.org\",\"@graph\":[{\"@type\":\"WebPage\",\"@id\":\"https:\/\/librairie7l.com\/en\/produit\/nancy-1925-une-experience-de-la-vie-moderne-2\/\",\"url\":\"https:\/\/librairie7l.com\/en\/produit\/nancy-1925-une-experience-de-la-vie-moderne-2\/\",\"name\":\"Nancy 1925 : Une exp\u00e9rience de la vie moderne - Librairie 7L\",\"isPartOf\":{\"@id\":\"https:\/\/librairie7l.com\/en\/#website\"},\"datePublished\":\"2025-12-11T08:18:14+00:00\",\"dateModified\":\"2026-04-21T02:06:58+00:00\",\"breadcrumb\":{\"@id\":\"https:\/\/librairie7l.com\/en\/produit\/nancy-1925-une-experience-de-la-vie-moderne-2\/#breadcrumb\"},\"inLanguage\":\"en-US\",\"potentialAction\":[{\"@type\":\"ReadAction\",\"target\":[\"https:\/\/librairie7l.com\/en\/produit\/nancy-1925-une-experience-de-la-vie-moderne-2\/\"]}]},{\"@type\":\"BreadcrumbList\",\"@id\":\"https:\/\/librairie7l.com\/en\/produit\/nancy-1925-une-experience-de-la-vie-moderne-2\/#breadcrumb\",\"itemListElement\":[{\"@type\":\"ListItem\",\"position\":1,\"name\":\"Accueil\",\"item\":\"https:\/\/librairie7l.com\/en\/\"},{\"@type\":\"ListItem\",\"position\":2,\"name\":\"Shop\",\"item\":\"https:\/\/librairie7l.com\/en\/shop\/\"},{\"@type\":\"ListItem\",\"position\":3,\"name\":\"NANCY 1925 : UNE EXP\u00c9RIENCE DE LA VIE MODERNE\"}]},{\"@type\":\"WebSite\",\"@id\":\"https:\/\/librairie7l.com\/en\/#website\",\"url\":\"https:\/\/librairie7l.com\/en\/\",\"name\":\"Librairie 7L\",\"description\":\"Librairie fond\u00e9e en 1999 par Karl Lagerfeld \u00e0 Paris\",\"publisher\":{\"@id\":\"https:\/\/librairie7l.com\/en\/#organization\"},\"potentialAction\":[{\"@type\":\"SearchAction\",\"target\":{\"@type\":\"EntryPoint\",\"urlTemplate\":\"https:\/\/librairie7l.com\/en\/?s={search_term_string}\"},\"query-input\":\"required name=search_term_string\"}],\"inLanguage\":\"en-US\"},{\"@type\":\"Organization\",\"@id\":\"https:\/\/librairie7l.com\/en\/#organization\",\"name\":\"Librairie 7L\",\"url\":\"https:\/\/librairie7l.com\/en\/\",\"logo\":{\"@type\":\"ImageObject\",\"inLanguage\":\"en-US\",\"@id\":\"https:\/\/librairie7l.com\/en\/#\/schema\/logo\/image\/\",\"url\":\"https:\/\/librairie7l.com\/wp-content\/uploads\/2022\/08\/logo-1.png\",\"contentUrl\":\"https:\/\/librairie7l.com\/wp-content\/uploads\/2022\/08\/logo-1.png\",\"width\":227,\"height\":301,\"caption\":\"Librairie 7L\"},\"image\":{\"@id\":\"https:\/\/librairie7l.com\/en\/#\/schema\/logo\/image\/\"}}]}<\/script>\n<!-- \/ Yoast SEO plugin. -->","yoast_head_json":{"title":"Nancy 1925 : Une exp\u00e9rience de la vie moderne - Librairie 7L","robots":{"index":"index","follow":"follow","max-snippet":"max-snippet:-1","max-image-preview":"max-image-preview:large","max-video-preview":"max-video-preview:-1"},"canonical":"https:\/\/librairie7l.com\/en\/produit\/nancy-1925-une-experience-de-la-vie-moderne-2\/","og_locale":"en_US","og_type":"article","og_title":"Nancy 1925 : Une exp\u00e9rience de la vie moderne - Librairie 7L","og_description":"\u00c0 l&#8217;occasion de la c\u00e9l\u00e9bration du centenaire de l&#8217;Exposition internationale des arts d\u00e9coratifs et industriels modernes de Paris en 1925, Nancy 1925. Une exp\u00e9rience de la vie moderne revient sur la gen\u00e8se et l&#8217;expression des modernit\u00e9s \u00e0 Nancy durant la premi\u00e8re moiti\u00e9 du XXe si\u00e8cle. Plusieurs styles ont contribu\u00e9 \u00e0 renouveler dans la capitale lorraine [&hellip;]","og_url":"https:\/\/librairie7l.com\/en\/produit\/nancy-1925-une-experience-de-la-vie-moderne-2\/","og_site_name":"Librairie 7L","article_modified_time":"2026-04-21T02:06:58+00:00","og_image":[{"width":600,"height":727,"url":"https:\/\/librairie7l.com\/wp-content\/uploads\/2025\/08\/9788836662821_1_75.jpg","type":"image\/jpeg"}],"twitter_card":"summary_large_image","twitter_misc":{"Est. reading time":"1 minute"},"schema":{"@context":"https:\/\/schema.org","@graph":[{"@type":"WebPage","@id":"https:\/\/librairie7l.com\/en\/produit\/nancy-1925-une-experience-de-la-vie-moderne-2\/","url":"https:\/\/librairie7l.com\/en\/produit\/nancy-1925-une-experience-de-la-vie-moderne-2\/","name":"Nancy 1925 : Une exp\u00e9rience de la vie moderne - Librairie 7L","isPartOf":{"@id":"https:\/\/librairie7l.com\/en\/#website"},"datePublished":"2025-12-11T08:18:14+00:00","dateModified":"2026-04-21T02:06:58+00:00","breadcrumb":{"@id":"https:\/\/librairie7l.com\/en\/produit\/nancy-1925-une-experience-de-la-vie-moderne-2\/#breadcrumb"},"inLanguage":"en-US","potentialAction":[{"@type":"ReadAction","target":["https:\/\/librairie7l.com\/en\/produit\/nancy-1925-une-experience-de-la-vie-moderne-2\/"]}]},{"@type":"BreadcrumbList","@id":"https:\/\/librairie7l.com\/en\/produit\/nancy-1925-une-experience-de-la-vie-moderne-2\/#breadcrumb","itemListElement":[{"@type":"ListItem","position":1,"name":"Accueil","item":"https:\/\/librairie7l.com\/en\/"},{"@type":"ListItem","position":2,"name":"Shop","item":"https:\/\/librairie7l.com\/en\/shop\/"},{"@type":"ListItem","position":3,"name":"NANCY 1925 : UNE EXP\u00c9RIENCE DE LA VIE MODERNE"}]},{"@type":"WebSite","@id":"https:\/\/librairie7l.com\/en\/#website","url":"https:\/\/librairie7l.com\/en\/","name":"Librairie 7L","description":"Librairie fond\u00e9e en 1999 par Karl Lagerfeld \u00e0 Paris","publisher":{"@id":"https:\/\/librairie7l.com\/en\/#organization"},"potentialAction":[{"@type":"SearchAction","target":{"@type":"EntryPoint","urlTemplate":"https:\/\/librairie7l.com\/en\/?s={search_term_string}"},"query-input":"required name=search_term_string"}],"inLanguage":"en-US"},{"@type":"Organization","@id":"https:\/\/librairie7l.com\/en\/#organization","name":"Librairie 7L","url":"https:\/\/librairie7l.com\/en\/","logo":{"@type":"ImageObject","inLanguage":"en-US","@id":"https:\/\/librairie7l.com\/en\/#\/schema\/logo\/image\/","url":"https:\/\/librairie7l.com\/wp-content\/uploads\/2022\/08\/logo-1.png","contentUrl":"https:\/\/librairie7l.com\/wp-content\/uploads\/2022\/08\/logo-1.png","width":227,"height":301,"caption":"Librairie 7L"},"image":{"@id":"https:\/\/librairie7l.com\/en\/#\/schema\/logo\/image\/"}}]}},"_links":{"self":[{"href":"https:\/\/librairie7l.com\/en\/wp-json\/wp\/v2\/product\/53104"}],"collection":[{"href":"https:\/\/librairie7l.com\/en\/wp-json\/wp\/v2\/product"}],"about":[{"href":"https:\/\/librairie7l.com\/en\/wp-json\/wp\/v2\/types\/product"}],"wp:featuredmedia":[{"embeddable":true,"href":"https:\/\/librairie7l.com\/en\/wp-json\/wp\/v2\/media\/53102"}],"wp:attachment":[{"href":"https:\/\/librairie7l.com\/en\/wp-json\/wp\/v2\/media?parent=53104"}],"wp:term":[{"taxonomy":"product_cat","embeddable":true,"href":"https:\/\/librairie7l.com\/en\/wp-json\/wp\/v2\/product_cat?post=53104"},{"taxonomy":"product_tag","embeddable":true,"href":"https:\/\/librairie7l.com\/en\/wp-json\/wp\/v2\/product_tag?post=53104"}],"curies":[{"name":"wp","href":"https:\/\/api.w.org\/{rel}","templated":true}]}}