{"id":53108,"date":"2025-12-11T09:18:18","date_gmt":"2025-12-11T08:18:18","guid":{"rendered":"https:\/\/librairie7l.com\/?post_type=product&#038;p=53108"},"modified":"2026-04-21T17:47:11","modified_gmt":"2026-04-21T15:47:11","slug":"maurice-denis-annees-1920-leclat-du-midi-2","status":"publish","type":"product","link":"https:\/\/librairie7l.com\/en\/produit\/maurice-denis-annees-1920-leclat-du-midi-2\/","title":{"rendered":"MAURICE DENIS, ANN\u00c9ES 1920 : L&#8217;\u00c9CLAT DU MIDI"},"content":{"rendered":"<p>Maurice Denis, connu comme l&#8217;un des fondateurs du mouvement Nabi pr\u00f4nant l&#8217;imaginaire et la subjectivit\u00e9 en art, il fut \u00e9galement dessinateur, illustrateur, d\u00e9corateur et graveur. Cette exposition intitul\u00e9e &#8220;Maurice Denis, ann\u00e9es 20. L&#8217;\u00e9clat du Midi&#8221;, c\u00e9l\u00e8bre le centenaire de l&#8217;exposition d\u00e9di\u00e9e au peintre qui s&#8217;est tenue \u00e0 Nice en 1925.<\/p>\n<p>Il s&#8217;agit \u00e9galement de retracer ses voyages dans le sud de la France et l&#8217;influence qu&#8217;ils ont pu avoir sur les projets d&#8217;illustrations et les grands d\u00e9cors architecturaux qui lui sont command\u00e9s \u00e0 cette p\u00e9riode.<\/p>\n","protected":false},"excerpt":{"rendered":"<p>Maurice Denis, connu comme l&#8217;un des fondateurs du mouvement Nabi pr\u00f4nant l&#8217;imaginaire et la subjectivit\u00e9 en art, il fut \u00e9galement dessinateur, illustrateur, d\u00e9corateur et graveur. Cette exposition intitul\u00e9e &#8220;Maurice Denis, ann\u00e9es 20. L&#8217;\u00e9clat du Midi&#8221;, c\u00e9l\u00e8bre le centenaire de l&#8217;exposition d\u00e9di\u00e9e au peintre qui s&#8217;est tenue \u00e0 Nice en 1925. Il s&#8217;agit \u00e9galement de retracer [&hellip;]<\/p>\n","protected":false},"featured_media":53106,"template":"","meta":[],"product_cat":[2948],"product_tag":[],"acf":[],"yoast_head":"<!-- This site is optimized with the Yoast SEO plugin v20.11 - https:\/\/yoast.com\/wordpress\/plugins\/seo\/ -->\n<title>Maurice Denis, ann\u00e9es 1920 : L&#039;\u00e9clat du Midi - Librairie 7L<\/title>\n<meta name=\"robots\" content=\"index, follow, max-snippet:-1, max-image-preview:large, max-video-preview:-1\" \/>\n<link rel=\"canonical\" href=\"https:\/\/librairie7l.com\/en\/produit\/maurice-denis-annees-1920-leclat-du-midi-2\/\" \/>\n<meta property=\"og:locale\" content=\"en_US\" \/>\n<meta property=\"og:type\" content=\"article\" \/>\n<meta property=\"og:title\" content=\"Maurice Denis, ann\u00e9es 1920 : L&#039;\u00e9clat du Midi - Librairie 7L\" \/>\n<meta property=\"og:description\" content=\"Maurice Denis, connu comme l&#8217;un des fondateurs du mouvement Nabi pr\u00f4nant l&#8217;imaginaire et la subjectivit\u00e9 en art, il fut \u00e9galement dessinateur, illustrateur, d\u00e9corateur et graveur. Cette exposition intitul\u00e9e &#8220;Maurice Denis, ann\u00e9es 20. L&#8217;\u00e9clat du Midi&#8221;, c\u00e9l\u00e8bre le centenaire de l&#8217;exposition d\u00e9di\u00e9e au peintre qui s&#8217;est tenue \u00e0 Nice en 1925. Il s&#8217;agit \u00e9galement de retracer [&hellip;]\" \/>\n<meta property=\"og:url\" content=\"https:\/\/librairie7l.com\/en\/produit\/maurice-denis-annees-1920-leclat-du-midi-2\/\" \/>\n<meta property=\"og:site_name\" content=\"Librairie 7L\" \/>\n<meta property=\"article:modified_time\" content=\"2026-04-21T15:47:11+00:00\" \/>\n<meta property=\"og:image\" content=\"https:\/\/librairie7l.com\/wp-content\/uploads\/2025\/09\/9788836663132_1_75.jpg\" \/>\n\t<meta property=\"og:image:width\" content=\"600\" \/>\n\t<meta property=\"og:image:height\" content=\"747\" \/>\n\t<meta property=\"og:image:type\" content=\"image\/jpeg\" \/>\n<meta name=\"twitter:card\" content=\"summary_large_image\" \/>\n<script type=\"application\/ld+json\" class=\"yoast-schema-graph\">{\"@context\":\"https:\/\/schema.org\",\"@graph\":[{\"@type\":\"WebPage\",\"@id\":\"https:\/\/librairie7l.com\/en\/produit\/maurice-denis-annees-1920-leclat-du-midi-2\/\",\"url\":\"https:\/\/librairie7l.com\/en\/produit\/maurice-denis-annees-1920-leclat-du-midi-2\/\",\"name\":\"Maurice Denis, ann\u00e9es 1920 : L'\u00e9clat du Midi - Librairie 7L\",\"isPartOf\":{\"@id\":\"https:\/\/librairie7l.com\/en\/#website\"},\"datePublished\":\"2025-12-11T08:18:18+00:00\",\"dateModified\":\"2026-04-21T15:47:11+00:00\",\"breadcrumb\":{\"@id\":\"https:\/\/librairie7l.com\/en\/produit\/maurice-denis-annees-1920-leclat-du-midi-2\/#breadcrumb\"},\"inLanguage\":\"en-US\",\"potentialAction\":[{\"@type\":\"ReadAction\",\"target\":[\"https:\/\/librairie7l.com\/en\/produit\/maurice-denis-annees-1920-leclat-du-midi-2\/\"]}]},{\"@type\":\"BreadcrumbList\",\"@id\":\"https:\/\/librairie7l.com\/en\/produit\/maurice-denis-annees-1920-leclat-du-midi-2\/#breadcrumb\",\"itemListElement\":[{\"@type\":\"ListItem\",\"position\":1,\"name\":\"Accueil\",\"item\":\"https:\/\/librairie7l.com\/en\/\"},{\"@type\":\"ListItem\",\"position\":2,\"name\":\"Shop\",\"item\":\"https:\/\/librairie7l.com\/en\/shop\/\"},{\"@type\":\"ListItem\",\"position\":3,\"name\":\"MAURICE DENIS, ANN\u00c9ES 1920 : L&#8217;\u00c9CLAT DU MIDI\"}]},{\"@type\":\"WebSite\",\"@id\":\"https:\/\/librairie7l.com\/en\/#website\",\"url\":\"https:\/\/librairie7l.com\/en\/\",\"name\":\"Librairie 7L\",\"description\":\"Librairie fond\u00e9e en 1999 par Karl Lagerfeld \u00e0 Paris\",\"publisher\":{\"@id\":\"https:\/\/librairie7l.com\/en\/#organization\"},\"potentialAction\":[{\"@type\":\"SearchAction\",\"target\":{\"@type\":\"EntryPoint\",\"urlTemplate\":\"https:\/\/librairie7l.com\/en\/?s={search_term_string}\"},\"query-input\":\"required name=search_term_string\"}],\"inLanguage\":\"en-US\"},{\"@type\":\"Organization\",\"@id\":\"https:\/\/librairie7l.com\/en\/#organization\",\"name\":\"Librairie 7L\",\"url\":\"https:\/\/librairie7l.com\/en\/\",\"logo\":{\"@type\":\"ImageObject\",\"inLanguage\":\"en-US\",\"@id\":\"https:\/\/librairie7l.com\/en\/#\/schema\/logo\/image\/\",\"url\":\"https:\/\/librairie7l.com\/wp-content\/uploads\/2022\/08\/logo-1.png\",\"contentUrl\":\"https:\/\/librairie7l.com\/wp-content\/uploads\/2022\/08\/logo-1.png\",\"width\":227,\"height\":301,\"caption\":\"Librairie 7L\"},\"image\":{\"@id\":\"https:\/\/librairie7l.com\/en\/#\/schema\/logo\/image\/\"}}]}<\/script>\n<!-- \/ Yoast SEO plugin. -->","yoast_head_json":{"title":"Maurice Denis, ann\u00e9es 1920 : L'\u00e9clat du Midi - Librairie 7L","robots":{"index":"index","follow":"follow","max-snippet":"max-snippet:-1","max-image-preview":"max-image-preview:large","max-video-preview":"max-video-preview:-1"},"canonical":"https:\/\/librairie7l.com\/en\/produit\/maurice-denis-annees-1920-leclat-du-midi-2\/","og_locale":"en_US","og_type":"article","og_title":"Maurice Denis, ann\u00e9es 1920 : L'\u00e9clat du Midi - Librairie 7L","og_description":"Maurice Denis, connu comme l&#8217;un des fondateurs du mouvement Nabi pr\u00f4nant l&#8217;imaginaire et la subjectivit\u00e9 en art, il fut \u00e9galement dessinateur, illustrateur, d\u00e9corateur et graveur. Cette exposition intitul\u00e9e &#8220;Maurice Denis, ann\u00e9es 20. L&#8217;\u00e9clat du Midi&#8221;, c\u00e9l\u00e8bre le centenaire de l&#8217;exposition d\u00e9di\u00e9e au peintre qui s&#8217;est tenue \u00e0 Nice en 1925. Il s&#8217;agit \u00e9galement de retracer [&hellip;]","og_url":"https:\/\/librairie7l.com\/en\/produit\/maurice-denis-annees-1920-leclat-du-midi-2\/","og_site_name":"Librairie 7L","article_modified_time":"2026-04-21T15:47:11+00:00","og_image":[{"width":600,"height":747,"url":"https:\/\/librairie7l.com\/wp-content\/uploads\/2025\/09\/9788836663132_1_75.jpg","type":"image\/jpeg"}],"twitter_card":"summary_large_image","schema":{"@context":"https:\/\/schema.org","@graph":[{"@type":"WebPage","@id":"https:\/\/librairie7l.com\/en\/produit\/maurice-denis-annees-1920-leclat-du-midi-2\/","url":"https:\/\/librairie7l.com\/en\/produit\/maurice-denis-annees-1920-leclat-du-midi-2\/","name":"Maurice Denis, ann\u00e9es 1920 : L'\u00e9clat du Midi - Librairie 7L","isPartOf":{"@id":"https:\/\/librairie7l.com\/en\/#website"},"datePublished":"2025-12-11T08:18:18+00:00","dateModified":"2026-04-21T15:47:11+00:00","breadcrumb":{"@id":"https:\/\/librairie7l.com\/en\/produit\/maurice-denis-annees-1920-leclat-du-midi-2\/#breadcrumb"},"inLanguage":"en-US","potentialAction":[{"@type":"ReadAction","target":["https:\/\/librairie7l.com\/en\/produit\/maurice-denis-annees-1920-leclat-du-midi-2\/"]}]},{"@type":"BreadcrumbList","@id":"https:\/\/librairie7l.com\/en\/produit\/maurice-denis-annees-1920-leclat-du-midi-2\/#breadcrumb","itemListElement":[{"@type":"ListItem","position":1,"name":"Accueil","item":"https:\/\/librairie7l.com\/en\/"},{"@type":"ListItem","position":2,"name":"Shop","item":"https:\/\/librairie7l.com\/en\/shop\/"},{"@type":"ListItem","position":3,"name":"MAURICE DENIS, ANN\u00c9ES 1920 : L&#8217;\u00c9CLAT DU MIDI"}]},{"@type":"WebSite","@id":"https:\/\/librairie7l.com\/en\/#website","url":"https:\/\/librairie7l.com\/en\/","name":"Librairie 7L","description":"Librairie fond\u00e9e en 1999 par Karl Lagerfeld \u00e0 Paris","publisher":{"@id":"https:\/\/librairie7l.com\/en\/#organization"},"potentialAction":[{"@type":"SearchAction","target":{"@type":"EntryPoint","urlTemplate":"https:\/\/librairie7l.com\/en\/?s={search_term_string}"},"query-input":"required name=search_term_string"}],"inLanguage":"en-US"},{"@type":"Organization","@id":"https:\/\/librairie7l.com\/en\/#organization","name":"Librairie 7L","url":"https:\/\/librairie7l.com\/en\/","logo":{"@type":"ImageObject","inLanguage":"en-US","@id":"https:\/\/librairie7l.com\/en\/#\/schema\/logo\/image\/","url":"https:\/\/librairie7l.com\/wp-content\/uploads\/2022\/08\/logo-1.png","contentUrl":"https:\/\/librairie7l.com\/wp-content\/uploads\/2022\/08\/logo-1.png","width":227,"height":301,"caption":"Librairie 7L"},"image":{"@id":"https:\/\/librairie7l.com\/en\/#\/schema\/logo\/image\/"}}]}},"_links":{"self":[{"href":"https:\/\/librairie7l.com\/en\/wp-json\/wp\/v2\/product\/53108"}],"collection":[{"href":"https:\/\/librairie7l.com\/en\/wp-json\/wp\/v2\/product"}],"about":[{"href":"https:\/\/librairie7l.com\/en\/wp-json\/wp\/v2\/types\/product"}],"wp:featuredmedia":[{"embeddable":true,"href":"https:\/\/librairie7l.com\/en\/wp-json\/wp\/v2\/media\/53106"}],"wp:attachment":[{"href":"https:\/\/librairie7l.com\/en\/wp-json\/wp\/v2\/media?parent=53108"}],"wp:term":[{"taxonomy":"product_cat","embeddable":true,"href":"https:\/\/librairie7l.com\/en\/wp-json\/wp\/v2\/product_cat?post=53108"},{"taxonomy":"product_tag","embeddable":true,"href":"https:\/\/librairie7l.com\/en\/wp-json\/wp\/v2\/product_tag?post=53108"}],"curies":[{"name":"wp","href":"https:\/\/api.w.org\/{rel}","templated":true}]}}