{"id":53133,"date":"2025-12-12T04:31:05","date_gmt":"2025-12-12T03:31:05","guid":{"rendered":"https:\/\/librairie7l.com\/?post_type=product&#038;p=53133"},"modified":"2026-05-14T03:25:48","modified_gmt":"2026-05-14T01:25:48","slug":"guerre-nucleaire-2","status":"publish","type":"product","link":"https:\/\/librairie7l.com\/en\/produit\/guerre-nucleaire-2\/","title":{"rendered":"GUERRE NUCL\u00c9AIRE"},"content":{"rendered":"<p>\u00abLe Pentagone, un b\u00e2timent qui compte cinq fa\u00e7ades et cinq niveaux au-dessus du sol, explose avec tout ce qu&#8217;il contient, six cent mille m\u00e8tres carr\u00e9s de bureaux r\u00e9duits en poussi\u00e8re ardente par le flash lumineux et thermique initial. L&#8217;arriv\u00e9e quasi simultan\u00e9e de l&#8217;onde de choc fracasse les murs. Les vingt-sept mille employ\u00e9s p\u00e9rissent sur le coup.\u00bb Un \u00c9tat voyou lance un missile nucl\u00e9aire sur le Pentagone. Dans les soixante-deux minutes qui suivent, le monde s&#8217;embrase dans une r\u00e9action en cha\u00eene \u00e9crite \u00e0 l&#8217;avance. Une fiction, une pure folie ? Pas tant que cela, d&#8217;apr\u00e8s Annie Jacobsen, car \u00abil suffit d&#8217;un seul dirigeant nihiliste et fou dot\u00e9 d&#8217;un arsenal nucl\u00e9aire pour d\u00e9clencher une guerre que personne ne peut gagner\u00bb. C&#8217;est ce qui se passe dans cette mod\u00e9lisation de l&#8217;apocalypse d\u00e9taill\u00e9e \u00e0 la minute, et parfois \u00e0 la seconde pr\u00e8s, avec une force d&#8217;argumentation implacable. Pour assembler ce sc\u00e9nario \u00e0 la mani\u00e8re d&#8217;un puzzle, Annie Jacobsen a compuls\u00e9 quantit\u00e9 de documents sp\u00e9cialis\u00e9s, dont certains viennent d&#8217;\u00eatre d\u00e9classifi\u00e9s, et interview\u00e9 des dizaines de sp\u00e9cialistes (physiciens nucl\u00e9aires, militaires haut grad\u00e9s, hauts fonctionnaires dans la confidence des feuilles de route r\u00e9elles en cas d&#8217;attaque nucl\u00e9aire). Une enqu\u00eate tir\u00e9e au cordeau, aussi gla\u00e7ante que r\u00e9aliste, qui se lit comme un thriller.<\/p>\n","protected":false},"excerpt":{"rendered":"<p>\u00abLe Pentagone, un b\u00e2timent qui compte cinq fa\u00e7ades et cinq niveaux au-dessus du sol, explose avec tout ce qu&#8217;il contient, six cent mille m\u00e8tres carr\u00e9s de bureaux r\u00e9duits en poussi\u00e8re ardente par le flash lumineux et thermique initial. L&#8217;arriv\u00e9e quasi simultan\u00e9e de l&#8217;onde de choc fracasse les murs. Les vingt-sept mille employ\u00e9s p\u00e9rissent sur le [&hellip;]<\/p>\n","protected":false},"featured_media":53131,"template":"","meta":[],"product_cat":[7364,2948],"product_tag":[],"acf":[],"yoast_head":"<!-- This site is optimized with the Yoast SEO plugin v20.11 - https:\/\/yoast.com\/wordpress\/plugins\/seo\/ -->\n<title>Guerre nucl\u00e9aire - Librairie 7L<\/title>\n<meta name=\"robots\" content=\"index, follow, max-snippet:-1, max-image-preview:large, max-video-preview:-1\" \/>\n<link rel=\"canonical\" href=\"https:\/\/librairie7l.com\/en\/produit\/guerre-nucleaire-2\/\" \/>\n<meta property=\"og:locale\" content=\"en_US\" \/>\n<meta property=\"og:type\" content=\"article\" \/>\n<meta property=\"og:title\" content=\"Guerre nucl\u00e9aire - Librairie 7L\" \/>\n<meta property=\"og:description\" content=\"\u00abLe Pentagone, un b\u00e2timent qui compte cinq fa\u00e7ades et cinq niveaux au-dessus du sol, explose avec tout ce qu&#8217;il contient, six cent mille m\u00e8tres carr\u00e9s de bureaux r\u00e9duits en poussi\u00e8re ardente par le flash lumineux et thermique initial. L&#8217;arriv\u00e9e quasi simultan\u00e9e de l&#8217;onde de choc fracasse les murs. Les vingt-sept mille employ\u00e9s p\u00e9rissent sur le [&hellip;]\" \/>\n<meta property=\"og:url\" content=\"https:\/\/librairie7l.com\/en\/produit\/guerre-nucleaire-2\/\" \/>\n<meta property=\"og:site_name\" content=\"Librairie 7L\" \/>\n<meta property=\"article:modified_time\" content=\"2026-05-14T01:25:48+00:00\" \/>\n<meta property=\"og:image\" content=\"https:\/\/librairie7l.com\/wp-content\/uploads\/2024\/05\/9782207180877_1_75.jpg\" \/>\n\t<meta property=\"og:image:width\" content=\"600\" \/>\n\t<meta property=\"og:image:height\" content=\"874\" \/>\n\t<meta property=\"og:image:type\" content=\"image\/jpeg\" \/>\n<meta name=\"twitter:card\" content=\"summary_large_image\" \/>\n<meta name=\"twitter:label1\" content=\"Est. reading time\" \/>\n\t<meta name=\"twitter:data1\" content=\"1 minute\" \/>\n<script type=\"application\/ld+json\" class=\"yoast-schema-graph\">{\"@context\":\"https:\/\/schema.org\",\"@graph\":[{\"@type\":\"WebPage\",\"@id\":\"https:\/\/librairie7l.com\/en\/produit\/guerre-nucleaire-2\/\",\"url\":\"https:\/\/librairie7l.com\/en\/produit\/guerre-nucleaire-2\/\",\"name\":\"Guerre nucl\u00e9aire - Librairie 7L\",\"isPartOf\":{\"@id\":\"https:\/\/librairie7l.com\/en\/#website\"},\"datePublished\":\"2025-12-12T03:31:05+00:00\",\"dateModified\":\"2026-05-14T01:25:48+00:00\",\"breadcrumb\":{\"@id\":\"https:\/\/librairie7l.com\/en\/produit\/guerre-nucleaire-2\/#breadcrumb\"},\"inLanguage\":\"en-US\",\"potentialAction\":[{\"@type\":\"ReadAction\",\"target\":[\"https:\/\/librairie7l.com\/en\/produit\/guerre-nucleaire-2\/\"]}]},{\"@type\":\"BreadcrumbList\",\"@id\":\"https:\/\/librairie7l.com\/en\/produit\/guerre-nucleaire-2\/#breadcrumb\",\"itemListElement\":[{\"@type\":\"ListItem\",\"position\":1,\"name\":\"Accueil\",\"item\":\"https:\/\/librairie7l.com\/en\/\"},{\"@type\":\"ListItem\",\"position\":2,\"name\":\"Shop\",\"item\":\"https:\/\/librairie7l.com\/en\/shop\/\"},{\"@type\":\"ListItem\",\"position\":3,\"name\":\"GUERRE NUCL\u00c9AIRE\"}]},{\"@type\":\"WebSite\",\"@id\":\"https:\/\/librairie7l.com\/en\/#website\",\"url\":\"https:\/\/librairie7l.com\/en\/\",\"name\":\"Librairie 7L\",\"description\":\"Librairie fond\u00e9e en 1999 par Karl Lagerfeld \u00e0 Paris\",\"publisher\":{\"@id\":\"https:\/\/librairie7l.com\/en\/#organization\"},\"potentialAction\":[{\"@type\":\"SearchAction\",\"target\":{\"@type\":\"EntryPoint\",\"urlTemplate\":\"https:\/\/librairie7l.com\/en\/?s={search_term_string}\"},\"query-input\":\"required name=search_term_string\"}],\"inLanguage\":\"en-US\"},{\"@type\":\"Organization\",\"@id\":\"https:\/\/librairie7l.com\/en\/#organization\",\"name\":\"Librairie 7L\",\"url\":\"https:\/\/librairie7l.com\/en\/\",\"logo\":{\"@type\":\"ImageObject\",\"inLanguage\":\"en-US\",\"@id\":\"https:\/\/librairie7l.com\/en\/#\/schema\/logo\/image\/\",\"url\":\"https:\/\/librairie7l.com\/wp-content\/uploads\/2022\/08\/logo-1.png\",\"contentUrl\":\"https:\/\/librairie7l.com\/wp-content\/uploads\/2022\/08\/logo-1.png\",\"width\":227,\"height\":301,\"caption\":\"Librairie 7L\"},\"image\":{\"@id\":\"https:\/\/librairie7l.com\/en\/#\/schema\/logo\/image\/\"}}]}<\/script>\n<!-- \/ Yoast SEO plugin. -->","yoast_head_json":{"title":"Guerre nucl\u00e9aire - Librairie 7L","robots":{"index":"index","follow":"follow","max-snippet":"max-snippet:-1","max-image-preview":"max-image-preview:large","max-video-preview":"max-video-preview:-1"},"canonical":"https:\/\/librairie7l.com\/en\/produit\/guerre-nucleaire-2\/","og_locale":"en_US","og_type":"article","og_title":"Guerre nucl\u00e9aire - Librairie 7L","og_description":"\u00abLe Pentagone, un b\u00e2timent qui compte cinq fa\u00e7ades et cinq niveaux au-dessus du sol, explose avec tout ce qu&#8217;il contient, six cent mille m\u00e8tres carr\u00e9s de bureaux r\u00e9duits en poussi\u00e8re ardente par le flash lumineux et thermique initial. L&#8217;arriv\u00e9e quasi simultan\u00e9e de l&#8217;onde de choc fracasse les murs. Les vingt-sept mille employ\u00e9s p\u00e9rissent sur le [&hellip;]","og_url":"https:\/\/librairie7l.com\/en\/produit\/guerre-nucleaire-2\/","og_site_name":"Librairie 7L","article_modified_time":"2026-05-14T01:25:48+00:00","og_image":[{"width":600,"height":874,"url":"https:\/\/librairie7l.com\/wp-content\/uploads\/2024\/05\/9782207180877_1_75.jpg","type":"image\/jpeg"}],"twitter_card":"summary_large_image","twitter_misc":{"Est. reading time":"1 minute"},"schema":{"@context":"https:\/\/schema.org","@graph":[{"@type":"WebPage","@id":"https:\/\/librairie7l.com\/en\/produit\/guerre-nucleaire-2\/","url":"https:\/\/librairie7l.com\/en\/produit\/guerre-nucleaire-2\/","name":"Guerre nucl\u00e9aire - Librairie 7L","isPartOf":{"@id":"https:\/\/librairie7l.com\/en\/#website"},"datePublished":"2025-12-12T03:31:05+00:00","dateModified":"2026-05-14T01:25:48+00:00","breadcrumb":{"@id":"https:\/\/librairie7l.com\/en\/produit\/guerre-nucleaire-2\/#breadcrumb"},"inLanguage":"en-US","potentialAction":[{"@type":"ReadAction","target":["https:\/\/librairie7l.com\/en\/produit\/guerre-nucleaire-2\/"]}]},{"@type":"BreadcrumbList","@id":"https:\/\/librairie7l.com\/en\/produit\/guerre-nucleaire-2\/#breadcrumb","itemListElement":[{"@type":"ListItem","position":1,"name":"Accueil","item":"https:\/\/librairie7l.com\/en\/"},{"@type":"ListItem","position":2,"name":"Shop","item":"https:\/\/librairie7l.com\/en\/shop\/"},{"@type":"ListItem","position":3,"name":"GUERRE NUCL\u00c9AIRE"}]},{"@type":"WebSite","@id":"https:\/\/librairie7l.com\/en\/#website","url":"https:\/\/librairie7l.com\/en\/","name":"Librairie 7L","description":"Librairie fond\u00e9e en 1999 par Karl Lagerfeld \u00e0 Paris","publisher":{"@id":"https:\/\/librairie7l.com\/en\/#organization"},"potentialAction":[{"@type":"SearchAction","target":{"@type":"EntryPoint","urlTemplate":"https:\/\/librairie7l.com\/en\/?s={search_term_string}"},"query-input":"required name=search_term_string"}],"inLanguage":"en-US"},{"@type":"Organization","@id":"https:\/\/librairie7l.com\/en\/#organization","name":"Librairie 7L","url":"https:\/\/librairie7l.com\/en\/","logo":{"@type":"ImageObject","inLanguage":"en-US","@id":"https:\/\/librairie7l.com\/en\/#\/schema\/logo\/image\/","url":"https:\/\/librairie7l.com\/wp-content\/uploads\/2022\/08\/logo-1.png","contentUrl":"https:\/\/librairie7l.com\/wp-content\/uploads\/2022\/08\/logo-1.png","width":227,"height":301,"caption":"Librairie 7L"},"image":{"@id":"https:\/\/librairie7l.com\/en\/#\/schema\/logo\/image\/"}}]}},"_links":{"self":[{"href":"https:\/\/librairie7l.com\/en\/wp-json\/wp\/v2\/product\/53133"}],"collection":[{"href":"https:\/\/librairie7l.com\/en\/wp-json\/wp\/v2\/product"}],"about":[{"href":"https:\/\/librairie7l.com\/en\/wp-json\/wp\/v2\/types\/product"}],"wp:featuredmedia":[{"embeddable":true,"href":"https:\/\/librairie7l.com\/en\/wp-json\/wp\/v2\/media\/53131"}],"wp:attachment":[{"href":"https:\/\/librairie7l.com\/en\/wp-json\/wp\/v2\/media?parent=53133"}],"wp:term":[{"taxonomy":"product_cat","embeddable":true,"href":"https:\/\/librairie7l.com\/en\/wp-json\/wp\/v2\/product_cat?post=53133"},{"taxonomy":"product_tag","embeddable":true,"href":"https:\/\/librairie7l.com\/en\/wp-json\/wp\/v2\/product_tag?post=53133"}],"curies":[{"name":"wp","href":"https:\/\/api.w.org\/{rel}","templated":true}]}}