{"id":53152,"date":"2025-12-13T09:18:04","date_gmt":"2025-12-13T08:18:04","guid":{"rendered":"https:\/\/librairie7l.com\/?post_type=product&#038;p=53152"},"modified":"2026-04-14T03:40:52","modified_gmt":"2026-04-14T01:40:52","slug":"joyaux-dynastiques-pouvoir-prestige-et-passion-1700-1950-2","status":"publish","type":"product","link":"https:\/\/librairie7l.com\/en\/produit\/joyaux-dynastiques-pouvoir-prestige-et-passion-1700-1950-2\/","title":{"rendered":"JOYAUX DYNASTIQUES : POUVOIR, PRESTIGE ET PASSION 1700-1950"},"content":{"rendered":"<p>Plongez dans l&#8217;\u00e9clat des joyaux royaux europ\u00e9ens: 200 illustrations somptueuses, des pi\u00e8ces embl\u00e9matiques issues de collections prestigieuses et une exploration captivante du pouvoir et du prestige v\u00e9hicul\u00e9s par la joaillerie du XVIIe au XXe si\u00e8cle.<br \/>\nLe livre met \u00e0 l&#8217;honneur le bijou moderne (\u00e0 partir du XVIIe si\u00e8cle) \u00e0 travers les tr\u00e9sors conserv\u00e9s dans deux collections prestigieuses : la Collection Al Thani et celle du Victoria and Albert Museum.<br \/>\nDe ces deux collections, il met en \u00e9vidence les points forts et les pi\u00e8ces phares, notamment des tiares spectaculaires, depuis les couronnes et les coiffes orn\u00e9es de bijoux de la France napol\u00e9onienne jusqu&#8217;aux cr\u00e9ations de Cartier \u00e0 la charni\u00e8re du XIXe et du XXe si\u00e8cle.<br \/>\nLe livre s&#8217;attarde sur l&#8217;id\u00e9e du pouvoir v\u00e9hicul\u00e9 par les joyaux et les parures ainsi que sur les significations multiples associ\u00e9es au don et \u00e0 la r\u00e9ception de bijoux \u00e0 travers les si\u00e8cles.<br \/>\nIl se concentre sur des figures historiques c\u00e9l\u00e8bres dont les bijoux ont surv\u00e9cu au passage du temps devenant des h\u00e9ritages familiaux et des pi\u00e8ces de collection.<br \/>\nEnfin il examine l&#8217;\u00e9volution de la relation avec les bijoux d&#8217;apparat au XXe si\u00e8cle dans le contexte des bouleversements historiques qui ont conduit \u00e0 la dispersion des collections (Russie, Allemagne, Autriche-Hongrie). Il explore l&#8217;influence de nouveaux m\u00e9c\u00e8nes sur l&#8217;\u00e9volution stylistique des bijoux, notamment \u00e0 travers le m\u00e9c\u00e9nat des maharajas et l&#8217;essor du style Art d\u00e9co. Il met en lumi\u00e8re le nouveau statut du bijou, devenu un embl\u00e8me de glamour et de prestige associ\u00e9 aux ic\u00f4nes du cin\u00e9ma hollywoodien.<\/p>\n","protected":false},"excerpt":{"rendered":"<p>Plongez dans l&#8217;\u00e9clat des joyaux royaux europ\u00e9ens: 200 illustrations somptueuses, des pi\u00e8ces embl\u00e9matiques issues de collections prestigieuses et une exploration captivante du pouvoir et du prestige v\u00e9hicul\u00e9s par la joaillerie du XVIIe au XXe si\u00e8cle. Le livre met \u00e0 l&#8217;honneur le bijou moderne (\u00e0 partir du XVIIe si\u00e8cle) \u00e0 travers les tr\u00e9sors conserv\u00e9s dans deux [&hellip;]<\/p>\n","protected":false},"featured_media":53150,"template":"","meta":[],"product_cat":[2948,2957],"product_tag":[],"acf":[],"yoast_head":"<!-- This site is optimized with the Yoast SEO plugin v20.11 - https:\/\/yoast.com\/wordpress\/plugins\/seo\/ -->\n<title>Joyaux dynastiques : Pouvoir, prestige et passion 1700-1950 - Librairie 7L<\/title>\n<meta name=\"robots\" content=\"index, follow, max-snippet:-1, max-image-preview:large, max-video-preview:-1\" \/>\n<link rel=\"canonical\" href=\"https:\/\/librairie7l.com\/en\/produit\/joyaux-dynastiques-pouvoir-prestige-et-passion-1700-1950-2\/\" \/>\n<meta property=\"og:locale\" content=\"en_US\" \/>\n<meta property=\"og:type\" content=\"article\" \/>\n<meta property=\"og:title\" content=\"Joyaux dynastiques : Pouvoir, prestige et passion 1700-1950 - Librairie 7L\" \/>\n<meta property=\"og:description\" content=\"Plongez dans l&#8217;\u00e9clat des joyaux royaux europ\u00e9ens: 200 illustrations somptueuses, des pi\u00e8ces embl\u00e9matiques issues de collections prestigieuses et une exploration captivante du pouvoir et du prestige v\u00e9hicul\u00e9s par la joaillerie du XVIIe au XXe si\u00e8cle. Le livre met \u00e0 l&#8217;honneur le bijou moderne (\u00e0 partir du XVIIe si\u00e8cle) \u00e0 travers les tr\u00e9sors conserv\u00e9s dans deux [&hellip;]\" \/>\n<meta property=\"og:url\" content=\"https:\/\/librairie7l.com\/en\/produit\/joyaux-dynastiques-pouvoir-prestige-et-passion-1700-1950-2\/\" \/>\n<meta property=\"og:site_name\" content=\"Librairie 7L\" \/>\n<meta property=\"article:modified_time\" content=\"2026-04-14T01:40:52+00:00\" \/>\n<meta property=\"og:image\" content=\"https:\/\/librairie7l.com\/wp-content\/uploads\/2025\/06\/9782757710876_1_75.jpg\" \/>\n\t<meta property=\"og:image:width\" content=\"600\" \/>\n\t<meta property=\"og:image:height\" content=\"751\" \/>\n\t<meta property=\"og:image:type\" content=\"image\/jpeg\" \/>\n<meta name=\"twitter:card\" content=\"summary_large_image\" \/>\n<meta name=\"twitter:label1\" content=\"Est. reading time\" \/>\n\t<meta name=\"twitter:data1\" content=\"1 minute\" \/>\n<script type=\"application\/ld+json\" class=\"yoast-schema-graph\">{\"@context\":\"https:\/\/schema.org\",\"@graph\":[{\"@type\":\"WebPage\",\"@id\":\"https:\/\/librairie7l.com\/en\/produit\/joyaux-dynastiques-pouvoir-prestige-et-passion-1700-1950-2\/\",\"url\":\"https:\/\/librairie7l.com\/en\/produit\/joyaux-dynastiques-pouvoir-prestige-et-passion-1700-1950-2\/\",\"name\":\"Joyaux dynastiques : Pouvoir, prestige et passion 1700-1950 - Librairie 7L\",\"isPartOf\":{\"@id\":\"https:\/\/librairie7l.com\/en\/#website\"},\"datePublished\":\"2025-12-13T08:18:04+00:00\",\"dateModified\":\"2026-04-14T01:40:52+00:00\",\"breadcrumb\":{\"@id\":\"https:\/\/librairie7l.com\/en\/produit\/joyaux-dynastiques-pouvoir-prestige-et-passion-1700-1950-2\/#breadcrumb\"},\"inLanguage\":\"en-US\",\"potentialAction\":[{\"@type\":\"ReadAction\",\"target\":[\"https:\/\/librairie7l.com\/en\/produit\/joyaux-dynastiques-pouvoir-prestige-et-passion-1700-1950-2\/\"]}]},{\"@type\":\"BreadcrumbList\",\"@id\":\"https:\/\/librairie7l.com\/en\/produit\/joyaux-dynastiques-pouvoir-prestige-et-passion-1700-1950-2\/#breadcrumb\",\"itemListElement\":[{\"@type\":\"ListItem\",\"position\":1,\"name\":\"Accueil\",\"item\":\"https:\/\/librairie7l.com\/en\/\"},{\"@type\":\"ListItem\",\"position\":2,\"name\":\"Shop\",\"item\":\"https:\/\/librairie7l.com\/en\/shop\/\"},{\"@type\":\"ListItem\",\"position\":3,\"name\":\"JOYAUX DYNASTIQUES : POUVOIR, PRESTIGE ET PASSION 1700-1950\"}]},{\"@type\":\"WebSite\",\"@id\":\"https:\/\/librairie7l.com\/en\/#website\",\"url\":\"https:\/\/librairie7l.com\/en\/\",\"name\":\"Librairie 7L\",\"description\":\"Librairie fond\u00e9e en 1999 par Karl Lagerfeld \u00e0 Paris\",\"publisher\":{\"@id\":\"https:\/\/librairie7l.com\/en\/#organization\"},\"potentialAction\":[{\"@type\":\"SearchAction\",\"target\":{\"@type\":\"EntryPoint\",\"urlTemplate\":\"https:\/\/librairie7l.com\/en\/?s={search_term_string}\"},\"query-input\":\"required name=search_term_string\"}],\"inLanguage\":\"en-US\"},{\"@type\":\"Organization\",\"@id\":\"https:\/\/librairie7l.com\/en\/#organization\",\"name\":\"Librairie 7L\",\"url\":\"https:\/\/librairie7l.com\/en\/\",\"logo\":{\"@type\":\"ImageObject\",\"inLanguage\":\"en-US\",\"@id\":\"https:\/\/librairie7l.com\/en\/#\/schema\/logo\/image\/\",\"url\":\"https:\/\/librairie7l.com\/wp-content\/uploads\/2022\/08\/logo-1.png\",\"contentUrl\":\"https:\/\/librairie7l.com\/wp-content\/uploads\/2022\/08\/logo-1.png\",\"width\":227,\"height\":301,\"caption\":\"Librairie 7L\"},\"image\":{\"@id\":\"https:\/\/librairie7l.com\/en\/#\/schema\/logo\/image\/\"}}]}<\/script>\n<!-- \/ Yoast SEO plugin. -->","yoast_head_json":{"title":"Joyaux dynastiques : Pouvoir, prestige et passion 1700-1950 - Librairie 7L","robots":{"index":"index","follow":"follow","max-snippet":"max-snippet:-1","max-image-preview":"max-image-preview:large","max-video-preview":"max-video-preview:-1"},"canonical":"https:\/\/librairie7l.com\/en\/produit\/joyaux-dynastiques-pouvoir-prestige-et-passion-1700-1950-2\/","og_locale":"en_US","og_type":"article","og_title":"Joyaux dynastiques : Pouvoir, prestige et passion 1700-1950 - Librairie 7L","og_description":"Plongez dans l&#8217;\u00e9clat des joyaux royaux europ\u00e9ens: 200 illustrations somptueuses, des pi\u00e8ces embl\u00e9matiques issues de collections prestigieuses et une exploration captivante du pouvoir et du prestige v\u00e9hicul\u00e9s par la joaillerie du XVIIe au XXe si\u00e8cle. Le livre met \u00e0 l&#8217;honneur le bijou moderne (\u00e0 partir du XVIIe si\u00e8cle) \u00e0 travers les tr\u00e9sors conserv\u00e9s dans deux [&hellip;]","og_url":"https:\/\/librairie7l.com\/en\/produit\/joyaux-dynastiques-pouvoir-prestige-et-passion-1700-1950-2\/","og_site_name":"Librairie 7L","article_modified_time":"2026-04-14T01:40:52+00:00","og_image":[{"width":600,"height":751,"url":"https:\/\/librairie7l.com\/wp-content\/uploads\/2025\/06\/9782757710876_1_75.jpg","type":"image\/jpeg"}],"twitter_card":"summary_large_image","twitter_misc":{"Est. reading time":"1 minute"},"schema":{"@context":"https:\/\/schema.org","@graph":[{"@type":"WebPage","@id":"https:\/\/librairie7l.com\/en\/produit\/joyaux-dynastiques-pouvoir-prestige-et-passion-1700-1950-2\/","url":"https:\/\/librairie7l.com\/en\/produit\/joyaux-dynastiques-pouvoir-prestige-et-passion-1700-1950-2\/","name":"Joyaux dynastiques : Pouvoir, prestige et passion 1700-1950 - Librairie 7L","isPartOf":{"@id":"https:\/\/librairie7l.com\/en\/#website"},"datePublished":"2025-12-13T08:18:04+00:00","dateModified":"2026-04-14T01:40:52+00:00","breadcrumb":{"@id":"https:\/\/librairie7l.com\/en\/produit\/joyaux-dynastiques-pouvoir-prestige-et-passion-1700-1950-2\/#breadcrumb"},"inLanguage":"en-US","potentialAction":[{"@type":"ReadAction","target":["https:\/\/librairie7l.com\/en\/produit\/joyaux-dynastiques-pouvoir-prestige-et-passion-1700-1950-2\/"]}]},{"@type":"BreadcrumbList","@id":"https:\/\/librairie7l.com\/en\/produit\/joyaux-dynastiques-pouvoir-prestige-et-passion-1700-1950-2\/#breadcrumb","itemListElement":[{"@type":"ListItem","position":1,"name":"Accueil","item":"https:\/\/librairie7l.com\/en\/"},{"@type":"ListItem","position":2,"name":"Shop","item":"https:\/\/librairie7l.com\/en\/shop\/"},{"@type":"ListItem","position":3,"name":"JOYAUX DYNASTIQUES : POUVOIR, PRESTIGE ET PASSION 1700-1950"}]},{"@type":"WebSite","@id":"https:\/\/librairie7l.com\/en\/#website","url":"https:\/\/librairie7l.com\/en\/","name":"Librairie 7L","description":"Librairie fond\u00e9e en 1999 par Karl Lagerfeld \u00e0 Paris","publisher":{"@id":"https:\/\/librairie7l.com\/en\/#organization"},"potentialAction":[{"@type":"SearchAction","target":{"@type":"EntryPoint","urlTemplate":"https:\/\/librairie7l.com\/en\/?s={search_term_string}"},"query-input":"required name=search_term_string"}],"inLanguage":"en-US"},{"@type":"Organization","@id":"https:\/\/librairie7l.com\/en\/#organization","name":"Librairie 7L","url":"https:\/\/librairie7l.com\/en\/","logo":{"@type":"ImageObject","inLanguage":"en-US","@id":"https:\/\/librairie7l.com\/en\/#\/schema\/logo\/image\/","url":"https:\/\/librairie7l.com\/wp-content\/uploads\/2022\/08\/logo-1.png","contentUrl":"https:\/\/librairie7l.com\/wp-content\/uploads\/2022\/08\/logo-1.png","width":227,"height":301,"caption":"Librairie 7L"},"image":{"@id":"https:\/\/librairie7l.com\/en\/#\/schema\/logo\/image\/"}}]}},"_links":{"self":[{"href":"https:\/\/librairie7l.com\/en\/wp-json\/wp\/v2\/product\/53152"}],"collection":[{"href":"https:\/\/librairie7l.com\/en\/wp-json\/wp\/v2\/product"}],"about":[{"href":"https:\/\/librairie7l.com\/en\/wp-json\/wp\/v2\/types\/product"}],"wp:featuredmedia":[{"embeddable":true,"href":"https:\/\/librairie7l.com\/en\/wp-json\/wp\/v2\/media\/53150"}],"wp:attachment":[{"href":"https:\/\/librairie7l.com\/en\/wp-json\/wp\/v2\/media?parent=53152"}],"wp:term":[{"taxonomy":"product_cat","embeddable":true,"href":"https:\/\/librairie7l.com\/en\/wp-json\/wp\/v2\/product_cat?post=53152"},{"taxonomy":"product_tag","embeddable":true,"href":"https:\/\/librairie7l.com\/en\/wp-json\/wp\/v2\/product_tag?post=53152"}],"curies":[{"name":"wp","href":"https:\/\/api.w.org\/{rel}","templated":true}]}}