{"id":53154,"date":"2025-12-13T09:18:06","date_gmt":"2025-12-13T08:18:06","guid":{"rendered":"https:\/\/librairie7l.com\/?post_type=product&#038;p=53154"},"modified":"2026-04-21T07:05:54","modified_gmt":"2026-04-21T05:05:54","slug":"wilmotte-2","status":"publish","type":"product","link":"https:\/\/librairie7l.com\/en\/produit\/wilmotte-2\/","title":{"rendered":"WILMOTTE"},"content":{"rendered":"<p>2025, l&#8217;agence WILMOTTE &amp; ASSOCIES f\u00eate ses cinquante ans. Un demi-si\u00e8cle de travail attestant de la vitalit\u00e9 de r\u00e9alisations qui d&#8217;embl\u00e9e ne se sont pas cantonn\u00e9es \u00e0 la France mais au monde entier. Des r\u00e9alisations qui se sont int\u00e9ress\u00e9es avec un m\u00eame int\u00e9r\u00eat \u00e0 l&#8217;architecture, la mus\u00e9ographie, la cr\u00e9ation de mobilier et l&#8217;urbanisme.<br \/>\n2025, l&#8217;agence WILMOTTE &amp; ASSOCIES f\u00eate ses cinquante ans. Un demi-si\u00e8cle de travail attestant de la vitalit\u00e9 de r\u00e9alisations qui d&#8217;embl\u00e9e ne se sont pas cantonn\u00e9es \u00e0 la France mais au monde entier. Des r\u00e9alisations qui se sont int\u00e9ress\u00e9es avec un m\u00eame int\u00e9r\u00eat \u00e0 l&#8217;architecture, la mus\u00e9ographie, la cr\u00e9ation de mobilier et l&#8217;urbanisme.<br \/>\n Pour Jean-Michel Wilmotte il n&#8217;y a pas de petits projets, tous sont dignes d&#8217;attention. En mati\u00e8re d&#8217;architecture, Wilmotte, d\u00e8s les ann\u00e9es 80, s&#8217;est impos\u00e9 en leader de la r\u00e9habilitation d&#8217;\u00e9difices anciens. Par ailleurs, il a \u00e9t\u00e9 le premier \u00e0 repenser la sc\u00e9nographie des mus\u00e9es avec un vocabulaire et une grammaire qui lui sont propres : structuration des flux de visiteurs, jeux de lumi\u00e8re, chromatisme apaisant, vitrines et mobiliers minimalistes, conception d&#8217;espace de d\u00e9tente, soit la conjonction id\u00e9ale de la culture et de la distraction.<br \/>\n L&#8217;urbanisme, la ville et ses ghettos sociaux, la figure anonyme de celui qui traverse les zones urbaines, l&#8217;absence de de fl\u00e2neurs. Un \u00e9tat d&#8217;esprit contre lequel Wilmotte s&#8217;insurge. Contre lequel il lutte en introduisant d&#8217;avantage d&#8217;esth\u00e9tisme, mais aussi un surcro\u00eet de convivialit\u00e9. Bref ! ce livre tente de retracer \u00e0 l&#8217;aide de remarquable photographies et dessins l&#8217;apport de Wilmotte dans notre environnement par nombre de r\u00e9alisations embl\u00e9matiques qui toutes r\u00e9v\u00e8lent le sens profond de l&#8217;agence, une architecture qui est aussi une morale.<br \/>\n Ainsi de la Tour Bleue Ciel \u00e0 Dallas, H\u00f4tel-atelier Solex, Cours Albert premier, bureaux, Science Po, Paris, Centre Pompidou, S\u00e9oul, Mus\u00e9e Breus, Tbilissi, Institut de recherche Servier, Gif-sur-Yvette &#8211; Si\u00e8ge du Cr\u00e9dit Agricole Aquitaine, Bordeau &#8211; Hippodrome de Rabat &#8211; H\u00f4tel \u00e0 Boukara &#8211; Logements Flatmates, Yvry-sur-seine &#8211; H\u00f4tel Mamilla, J\u00e9rusalem &#8211; Tour Mona, Monaco &#8211; Reims Arena, Reims &#8211; H\u00f4tel de Police, Nice, etc&#8230;<\/p>\n","protected":false},"excerpt":{"rendered":"<p>2025, l&#8217;agence WILMOTTE &amp; ASSOCIES f\u00eate ses cinquante ans. Un demi-si\u00e8cle de travail attestant de la vitalit\u00e9 de r\u00e9alisations qui d&#8217;embl\u00e9e ne se sont pas cantonn\u00e9es \u00e0 la France mais au monde entier. Des r\u00e9alisations qui se sont int\u00e9ress\u00e9es avec un m\u00eame int\u00e9r\u00eat \u00e0 l&#8217;architecture, la mus\u00e9ographie, la cr\u00e9ation de mobilier et l&#8217;urbanisme. 2025, l&#8217;agence [&hellip;]<\/p>\n","protected":false},"featured_media":53839,"template":"","meta":[],"product_cat":[2948],"product_tag":[],"acf":[],"yoast_head":"<!-- This site is optimized with the Yoast SEO plugin v20.11 - https:\/\/yoast.com\/wordpress\/plugins\/seo\/ -->\n<title>Wilmotte - Librairie 7L<\/title>\n<meta name=\"robots\" content=\"index, follow, max-snippet:-1, max-image-preview:large, max-video-preview:-1\" \/>\n<link rel=\"canonical\" href=\"https:\/\/librairie7l.com\/en\/produit\/wilmotte-2\/\" \/>\n<meta property=\"og:locale\" content=\"en_US\" \/>\n<meta property=\"og:type\" content=\"article\" \/>\n<meta property=\"og:title\" content=\"Wilmotte - Librairie 7L\" \/>\n<meta property=\"og:description\" content=\"2025, l&#8217;agence WILMOTTE &amp; ASSOCIES f\u00eate ses cinquante ans. Un demi-si\u00e8cle de travail attestant de la vitalit\u00e9 de r\u00e9alisations qui d&#8217;embl\u00e9e ne se sont pas cantonn\u00e9es \u00e0 la France mais au monde entier. Des r\u00e9alisations qui se sont int\u00e9ress\u00e9es avec un m\u00eame int\u00e9r\u00eat \u00e0 l&#8217;architecture, la mus\u00e9ographie, la cr\u00e9ation de mobilier et l&#8217;urbanisme. 2025, l&#8217;agence [&hellip;]\" \/>\n<meta property=\"og:url\" content=\"https:\/\/librairie7l.com\/en\/produit\/wilmotte-2\/\" \/>\n<meta property=\"og:site_name\" content=\"Librairie 7L\" \/>\n<meta property=\"article:modified_time\" content=\"2026-04-21T05:05:54+00:00\" \/>\n<meta name=\"twitter:card\" content=\"summary_large_image\" \/>\n<meta name=\"twitter:label1\" content=\"Est. reading time\" \/>\n\t<meta name=\"twitter:data1\" content=\"2 minutes\" \/>\n<script type=\"application\/ld+json\" class=\"yoast-schema-graph\">{\"@context\":\"https:\/\/schema.org\",\"@graph\":[{\"@type\":\"WebPage\",\"@id\":\"https:\/\/librairie7l.com\/en\/produit\/wilmotte-2\/\",\"url\":\"https:\/\/librairie7l.com\/en\/produit\/wilmotte-2\/\",\"name\":\"Wilmotte - Librairie 7L\",\"isPartOf\":{\"@id\":\"https:\/\/librairie7l.com\/en\/#website\"},\"datePublished\":\"2025-12-13T08:18:06+00:00\",\"dateModified\":\"2026-04-21T05:05:54+00:00\",\"breadcrumb\":{\"@id\":\"https:\/\/librairie7l.com\/en\/produit\/wilmotte-2\/#breadcrumb\"},\"inLanguage\":\"en-US\",\"potentialAction\":[{\"@type\":\"ReadAction\",\"target\":[\"https:\/\/librairie7l.com\/en\/produit\/wilmotte-2\/\"]}]},{\"@type\":\"BreadcrumbList\",\"@id\":\"https:\/\/librairie7l.com\/en\/produit\/wilmotte-2\/#breadcrumb\",\"itemListElement\":[{\"@type\":\"ListItem\",\"position\":1,\"name\":\"Accueil\",\"item\":\"https:\/\/librairie7l.com\/en\/\"},{\"@type\":\"ListItem\",\"position\":2,\"name\":\"Shop\",\"item\":\"https:\/\/librairie7l.com\/en\/shop\/\"},{\"@type\":\"ListItem\",\"position\":3,\"name\":\"WILMOTTE\"}]},{\"@type\":\"WebSite\",\"@id\":\"https:\/\/librairie7l.com\/en\/#website\",\"url\":\"https:\/\/librairie7l.com\/en\/\",\"name\":\"Librairie 7L\",\"description\":\"Librairie fond\u00e9e en 1999 par Karl Lagerfeld \u00e0 Paris\",\"publisher\":{\"@id\":\"https:\/\/librairie7l.com\/en\/#organization\"},\"potentialAction\":[{\"@type\":\"SearchAction\",\"target\":{\"@type\":\"EntryPoint\",\"urlTemplate\":\"https:\/\/librairie7l.com\/en\/?s={search_term_string}\"},\"query-input\":\"required name=search_term_string\"}],\"inLanguage\":\"en-US\"},{\"@type\":\"Organization\",\"@id\":\"https:\/\/librairie7l.com\/en\/#organization\",\"name\":\"Librairie 7L\",\"url\":\"https:\/\/librairie7l.com\/en\/\",\"logo\":{\"@type\":\"ImageObject\",\"inLanguage\":\"en-US\",\"@id\":\"https:\/\/librairie7l.com\/en\/#\/schema\/logo\/image\/\",\"url\":\"https:\/\/librairie7l.com\/wp-content\/uploads\/2022\/08\/logo-1.png\",\"contentUrl\":\"https:\/\/librairie7l.com\/wp-content\/uploads\/2022\/08\/logo-1.png\",\"width\":227,\"height\":301,\"caption\":\"Librairie 7L\"},\"image\":{\"@id\":\"https:\/\/librairie7l.com\/en\/#\/schema\/logo\/image\/\"}}]}<\/script>\n<!-- \/ Yoast SEO plugin. -->","yoast_head_json":{"title":"Wilmotte - Librairie 7L","robots":{"index":"index","follow":"follow","max-snippet":"max-snippet:-1","max-image-preview":"max-image-preview:large","max-video-preview":"max-video-preview:-1"},"canonical":"https:\/\/librairie7l.com\/en\/produit\/wilmotte-2\/","og_locale":"en_US","og_type":"article","og_title":"Wilmotte - Librairie 7L","og_description":"2025, l&#8217;agence WILMOTTE &amp; ASSOCIES f\u00eate ses cinquante ans. Un demi-si\u00e8cle de travail attestant de la vitalit\u00e9 de r\u00e9alisations qui d&#8217;embl\u00e9e ne se sont pas cantonn\u00e9es \u00e0 la France mais au monde entier. Des r\u00e9alisations qui se sont int\u00e9ress\u00e9es avec un m\u00eame int\u00e9r\u00eat \u00e0 l&#8217;architecture, la mus\u00e9ographie, la cr\u00e9ation de mobilier et l&#8217;urbanisme. 2025, l&#8217;agence [&hellip;]","og_url":"https:\/\/librairie7l.com\/en\/produit\/wilmotte-2\/","og_site_name":"Librairie 7L","article_modified_time":"2026-04-21T05:05:54+00:00","twitter_card":"summary_large_image","twitter_misc":{"Est. reading time":"2 minutes"},"schema":{"@context":"https:\/\/schema.org","@graph":[{"@type":"WebPage","@id":"https:\/\/librairie7l.com\/en\/produit\/wilmotte-2\/","url":"https:\/\/librairie7l.com\/en\/produit\/wilmotte-2\/","name":"Wilmotte - Librairie 7L","isPartOf":{"@id":"https:\/\/librairie7l.com\/en\/#website"},"datePublished":"2025-12-13T08:18:06+00:00","dateModified":"2026-04-21T05:05:54+00:00","breadcrumb":{"@id":"https:\/\/librairie7l.com\/en\/produit\/wilmotte-2\/#breadcrumb"},"inLanguage":"en-US","potentialAction":[{"@type":"ReadAction","target":["https:\/\/librairie7l.com\/en\/produit\/wilmotte-2\/"]}]},{"@type":"BreadcrumbList","@id":"https:\/\/librairie7l.com\/en\/produit\/wilmotte-2\/#breadcrumb","itemListElement":[{"@type":"ListItem","position":1,"name":"Accueil","item":"https:\/\/librairie7l.com\/en\/"},{"@type":"ListItem","position":2,"name":"Shop","item":"https:\/\/librairie7l.com\/en\/shop\/"},{"@type":"ListItem","position":3,"name":"WILMOTTE"}]},{"@type":"WebSite","@id":"https:\/\/librairie7l.com\/en\/#website","url":"https:\/\/librairie7l.com\/en\/","name":"Librairie 7L","description":"Librairie fond\u00e9e en 1999 par Karl Lagerfeld \u00e0 Paris","publisher":{"@id":"https:\/\/librairie7l.com\/en\/#organization"},"potentialAction":[{"@type":"SearchAction","target":{"@type":"EntryPoint","urlTemplate":"https:\/\/librairie7l.com\/en\/?s={search_term_string}"},"query-input":"required name=search_term_string"}],"inLanguage":"en-US"},{"@type":"Organization","@id":"https:\/\/librairie7l.com\/en\/#organization","name":"Librairie 7L","url":"https:\/\/librairie7l.com\/en\/","logo":{"@type":"ImageObject","inLanguage":"en-US","@id":"https:\/\/librairie7l.com\/en\/#\/schema\/logo\/image\/","url":"https:\/\/librairie7l.com\/wp-content\/uploads\/2022\/08\/logo-1.png","contentUrl":"https:\/\/librairie7l.com\/wp-content\/uploads\/2022\/08\/logo-1.png","width":227,"height":301,"caption":"Librairie 7L"},"image":{"@id":"https:\/\/librairie7l.com\/en\/#\/schema\/logo\/image\/"}}]}},"_links":{"self":[{"href":"https:\/\/librairie7l.com\/en\/wp-json\/wp\/v2\/product\/53154"}],"collection":[{"href":"https:\/\/librairie7l.com\/en\/wp-json\/wp\/v2\/product"}],"about":[{"href":"https:\/\/librairie7l.com\/en\/wp-json\/wp\/v2\/types\/product"}],"wp:featuredmedia":[{"embeddable":true,"href":"https:\/\/librairie7l.com\/en\/wp-json\/wp\/v2\/media\/53839"}],"wp:attachment":[{"href":"https:\/\/librairie7l.com\/en\/wp-json\/wp\/v2\/media?parent=53154"}],"wp:term":[{"taxonomy":"product_cat","embeddable":true,"href":"https:\/\/librairie7l.com\/en\/wp-json\/wp\/v2\/product_cat?post=53154"},{"taxonomy":"product_tag","embeddable":true,"href":"https:\/\/librairie7l.com\/en\/wp-json\/wp\/v2\/product_tag?post=53154"}],"curies":[{"name":"wp","href":"https:\/\/api.w.org\/{rel}","templated":true}]}}