{"id":53158,"date":"2025-12-13T09:18:08","date_gmt":"2025-12-13T08:18:08","guid":{"rendered":"https:\/\/librairie7l.com\/?post_type=product&#038;p=53158"},"modified":"2026-04-14T13:38:17","modified_gmt":"2026-04-14T11:38:17","slug":"jadore-la-mode-mais-cest-tout-ce-que-je-deteste-2","status":"publish","type":"product","link":"https:\/\/librairie7l.com\/en\/produit\/jadore-la-mode-mais-cest-tout-ce-que-je-deteste-2\/","title":{"rendered":"J&#8217;ADORE LA MODE MAIS C&#8217;EST TOUT CE QUE JE D\u00c9TESTE"},"content":{"rendered":"<p>Le livre le plus dr\u00f4le jamais \u00e9crit sur la mode, augment\u00e9 d&#8217;une saison 2017 in\u00e9dite.<\/p>\n<p>\u00ab Elle va manger au Flore, \u00e7a lui donne l&#8217;impression de lire \u00bb.<\/p>\n<p>\u00ab Me fais pas rire, \u00e7a fait des rides \u00bb.<\/p>\n<p>\u00ab- Elle habite o\u00f9 ?<br \/>\n&#8211; Devant un miroir. \u00bb<\/p>\n","protected":false},"excerpt":{"rendered":"<p>Le livre le plus dr\u00f4le jamais \u00e9crit sur la mode, augment\u00e9 d&#8217;une saison 2017 in\u00e9dite. \u00ab Elle va manger au Flore, \u00e7a lui donne l&#8217;impression de lire \u00bb. \u00ab Me fais pas rire, \u00e7a fait des rides \u00bb. \u00ab- Elle habite o\u00f9 ? &#8211; Devant un miroir. \u00bb<\/p>\n","protected":false},"featured_media":53156,"template":"","meta":[],"product_cat":[2948,2957],"product_tag":[],"acf":[],"yoast_head":"<!-- This site is optimized with the Yoast SEO plugin v20.11 - https:\/\/yoast.com\/wordpress\/plugins\/seo\/ -->\n<title>J&#039;adore la mode mais c&#039;est tout ce que je d\u00e9teste - Librairie 7L<\/title>\n<meta name=\"robots\" content=\"index, follow, max-snippet:-1, max-image-preview:large, max-video-preview:-1\" \/>\n<link rel=\"canonical\" href=\"https:\/\/librairie7l.com\/en\/produit\/jadore-la-mode-mais-cest-tout-ce-que-je-deteste-2\/\" \/>\n<meta property=\"og:locale\" content=\"en_US\" \/>\n<meta property=\"og:type\" content=\"article\" \/>\n<meta property=\"og:title\" content=\"J&#039;adore la mode mais c&#039;est tout ce que je d\u00e9teste - Librairie 7L\" \/>\n<meta property=\"og:description\" content=\"Le livre le plus dr\u00f4le jamais \u00e9crit sur la mode, augment\u00e9 d&#8217;une saison 2017 in\u00e9dite. \u00ab Elle va manger au Flore, \u00e7a lui donne l&#8217;impression de lire \u00bb. \u00ab Me fais pas rire, \u00e7a fait des rides \u00bb. \u00ab- Elle habite o\u00f9 ? &#8211; Devant un miroir. \u00bb\" \/>\n<meta property=\"og:url\" content=\"https:\/\/librairie7l.com\/en\/produit\/jadore-la-mode-mais-cest-tout-ce-que-je-deteste-2\/\" \/>\n<meta property=\"og:site_name\" content=\"Librairie 7L\" \/>\n<meta property=\"article:modified_time\" content=\"2026-04-14T11:38:17+00:00\" \/>\n<meta property=\"og:image\" content=\"https:\/\/librairie7l.com\/wp-content\/uploads\/2017\/07\/9782757866184_1_75.jpg\" \/>\n\t<meta property=\"og:image:width\" content=\"332\" \/>\n\t<meta property=\"og:image:height\" content=\"550\" \/>\n\t<meta property=\"og:image:type\" content=\"image\/jpeg\" \/>\n<meta name=\"twitter:card\" content=\"summary_large_image\" \/>\n<script type=\"application\/ld+json\" class=\"yoast-schema-graph\">{\"@context\":\"https:\/\/schema.org\",\"@graph\":[{\"@type\":\"WebPage\",\"@id\":\"https:\/\/librairie7l.com\/en\/produit\/jadore-la-mode-mais-cest-tout-ce-que-je-deteste-2\/\",\"url\":\"https:\/\/librairie7l.com\/en\/produit\/jadore-la-mode-mais-cest-tout-ce-que-je-deteste-2\/\",\"name\":\"J'adore la mode mais c'est tout ce que je d\u00e9teste - Librairie 7L\",\"isPartOf\":{\"@id\":\"https:\/\/librairie7l.com\/en\/#website\"},\"datePublished\":\"2025-12-13T08:18:08+00:00\",\"dateModified\":\"2026-04-14T11:38:17+00:00\",\"breadcrumb\":{\"@id\":\"https:\/\/librairie7l.com\/en\/produit\/jadore-la-mode-mais-cest-tout-ce-que-je-deteste-2\/#breadcrumb\"},\"inLanguage\":\"en-US\",\"potentialAction\":[{\"@type\":\"ReadAction\",\"target\":[\"https:\/\/librairie7l.com\/en\/produit\/jadore-la-mode-mais-cest-tout-ce-que-je-deteste-2\/\"]}]},{\"@type\":\"BreadcrumbList\",\"@id\":\"https:\/\/librairie7l.com\/en\/produit\/jadore-la-mode-mais-cest-tout-ce-que-je-deteste-2\/#breadcrumb\",\"itemListElement\":[{\"@type\":\"ListItem\",\"position\":1,\"name\":\"Accueil\",\"item\":\"https:\/\/librairie7l.com\/en\/\"},{\"@type\":\"ListItem\",\"position\":2,\"name\":\"Shop\",\"item\":\"https:\/\/librairie7l.com\/en\/shop\/\"},{\"@type\":\"ListItem\",\"position\":3,\"name\":\"J&#8217;ADORE LA MODE MAIS C&#8217;EST TOUT CE QUE JE D\u00c9TESTE\"}]},{\"@type\":\"WebSite\",\"@id\":\"https:\/\/librairie7l.com\/en\/#website\",\"url\":\"https:\/\/librairie7l.com\/en\/\",\"name\":\"Librairie 7L\",\"description\":\"Librairie fond\u00e9e en 1999 par Karl Lagerfeld \u00e0 Paris\",\"publisher\":{\"@id\":\"https:\/\/librairie7l.com\/en\/#organization\"},\"potentialAction\":[{\"@type\":\"SearchAction\",\"target\":{\"@type\":\"EntryPoint\",\"urlTemplate\":\"https:\/\/librairie7l.com\/en\/?s={search_term_string}\"},\"query-input\":\"required name=search_term_string\"}],\"inLanguage\":\"en-US\"},{\"@type\":\"Organization\",\"@id\":\"https:\/\/librairie7l.com\/en\/#organization\",\"name\":\"Librairie 7L\",\"url\":\"https:\/\/librairie7l.com\/en\/\",\"logo\":{\"@type\":\"ImageObject\",\"inLanguage\":\"en-US\",\"@id\":\"https:\/\/librairie7l.com\/en\/#\/schema\/logo\/image\/\",\"url\":\"https:\/\/librairie7l.com\/wp-content\/uploads\/2022\/08\/logo-1.png\",\"contentUrl\":\"https:\/\/librairie7l.com\/wp-content\/uploads\/2022\/08\/logo-1.png\",\"width\":227,\"height\":301,\"caption\":\"Librairie 7L\"},\"image\":{\"@id\":\"https:\/\/librairie7l.com\/en\/#\/schema\/logo\/image\/\"}}]}<\/script>\n<!-- \/ Yoast SEO plugin. -->","yoast_head_json":{"title":"J'adore la mode mais c'est tout ce que je d\u00e9teste - Librairie 7L","robots":{"index":"index","follow":"follow","max-snippet":"max-snippet:-1","max-image-preview":"max-image-preview:large","max-video-preview":"max-video-preview:-1"},"canonical":"https:\/\/librairie7l.com\/en\/produit\/jadore-la-mode-mais-cest-tout-ce-que-je-deteste-2\/","og_locale":"en_US","og_type":"article","og_title":"J'adore la mode mais c'est tout ce que je d\u00e9teste - Librairie 7L","og_description":"Le livre le plus dr\u00f4le jamais \u00e9crit sur la mode, augment\u00e9 d&#8217;une saison 2017 in\u00e9dite. \u00ab Elle va manger au Flore, \u00e7a lui donne l&#8217;impression de lire \u00bb. \u00ab Me fais pas rire, \u00e7a fait des rides \u00bb. \u00ab- Elle habite o\u00f9 ? &#8211; Devant un miroir. \u00bb","og_url":"https:\/\/librairie7l.com\/en\/produit\/jadore-la-mode-mais-cest-tout-ce-que-je-deteste-2\/","og_site_name":"Librairie 7L","article_modified_time":"2026-04-14T11:38:17+00:00","og_image":[{"width":332,"height":550,"url":"https:\/\/librairie7l.com\/wp-content\/uploads\/2017\/07\/9782757866184_1_75.jpg","type":"image\/jpeg"}],"twitter_card":"summary_large_image","schema":{"@context":"https:\/\/schema.org","@graph":[{"@type":"WebPage","@id":"https:\/\/librairie7l.com\/en\/produit\/jadore-la-mode-mais-cest-tout-ce-que-je-deteste-2\/","url":"https:\/\/librairie7l.com\/en\/produit\/jadore-la-mode-mais-cest-tout-ce-que-je-deteste-2\/","name":"J'adore la mode mais c'est tout ce que je d\u00e9teste - Librairie 7L","isPartOf":{"@id":"https:\/\/librairie7l.com\/en\/#website"},"datePublished":"2025-12-13T08:18:08+00:00","dateModified":"2026-04-14T11:38:17+00:00","breadcrumb":{"@id":"https:\/\/librairie7l.com\/en\/produit\/jadore-la-mode-mais-cest-tout-ce-que-je-deteste-2\/#breadcrumb"},"inLanguage":"en-US","potentialAction":[{"@type":"ReadAction","target":["https:\/\/librairie7l.com\/en\/produit\/jadore-la-mode-mais-cest-tout-ce-que-je-deteste-2\/"]}]},{"@type":"BreadcrumbList","@id":"https:\/\/librairie7l.com\/en\/produit\/jadore-la-mode-mais-cest-tout-ce-que-je-deteste-2\/#breadcrumb","itemListElement":[{"@type":"ListItem","position":1,"name":"Accueil","item":"https:\/\/librairie7l.com\/en\/"},{"@type":"ListItem","position":2,"name":"Shop","item":"https:\/\/librairie7l.com\/en\/shop\/"},{"@type":"ListItem","position":3,"name":"J&#8217;ADORE LA MODE MAIS C&#8217;EST TOUT CE QUE JE D\u00c9TESTE"}]},{"@type":"WebSite","@id":"https:\/\/librairie7l.com\/en\/#website","url":"https:\/\/librairie7l.com\/en\/","name":"Librairie 7L","description":"Librairie fond\u00e9e en 1999 par Karl Lagerfeld \u00e0 Paris","publisher":{"@id":"https:\/\/librairie7l.com\/en\/#organization"},"potentialAction":[{"@type":"SearchAction","target":{"@type":"EntryPoint","urlTemplate":"https:\/\/librairie7l.com\/en\/?s={search_term_string}"},"query-input":"required name=search_term_string"}],"inLanguage":"en-US"},{"@type":"Organization","@id":"https:\/\/librairie7l.com\/en\/#organization","name":"Librairie 7L","url":"https:\/\/librairie7l.com\/en\/","logo":{"@type":"ImageObject","inLanguage":"en-US","@id":"https:\/\/librairie7l.com\/en\/#\/schema\/logo\/image\/","url":"https:\/\/librairie7l.com\/wp-content\/uploads\/2022\/08\/logo-1.png","contentUrl":"https:\/\/librairie7l.com\/wp-content\/uploads\/2022\/08\/logo-1.png","width":227,"height":301,"caption":"Librairie 7L"},"image":{"@id":"https:\/\/librairie7l.com\/en\/#\/schema\/logo\/image\/"}}]}},"_links":{"self":[{"href":"https:\/\/librairie7l.com\/en\/wp-json\/wp\/v2\/product\/53158"}],"collection":[{"href":"https:\/\/librairie7l.com\/en\/wp-json\/wp\/v2\/product"}],"about":[{"href":"https:\/\/librairie7l.com\/en\/wp-json\/wp\/v2\/types\/product"}],"wp:featuredmedia":[{"embeddable":true,"href":"https:\/\/librairie7l.com\/en\/wp-json\/wp\/v2\/media\/53156"}],"wp:attachment":[{"href":"https:\/\/librairie7l.com\/en\/wp-json\/wp\/v2\/media?parent=53158"}],"wp:term":[{"taxonomy":"product_cat","embeddable":true,"href":"https:\/\/librairie7l.com\/en\/wp-json\/wp\/v2\/product_cat?post=53158"},{"taxonomy":"product_tag","embeddable":true,"href":"https:\/\/librairie7l.com\/en\/wp-json\/wp\/v2\/product_tag?post=53158"}],"curies":[{"name":"wp","href":"https:\/\/api.w.org\/{rel}","templated":true}]}}