{"id":53162,"date":"2025-12-13T09:18:11","date_gmt":"2025-12-13T08:18:11","guid":{"rendered":"https:\/\/librairie7l.com\/?post_type=product&#038;p=53162"},"modified":"2026-04-20T10:25:13","modified_gmt":"2026-04-20T08:25:13","slug":"dun-seul-souffle-claire-tabouret-2","status":"publish","type":"product","link":"https:\/\/librairie7l.com\/en\/produit\/dun-seul-souffle-claire-tabouret-2\/","title":{"rendered":"D&#8217;UN SEUL SOUFFLE : CLAIRE TABOURET"},"content":{"rendered":"<p>Claire Tabouret a \u00e9t\u00e9 retenue sur concours pour r\u00e9aliser les prochains vitraux de<br \/>\nNotre-Dame. Elle vient de cr\u00e9er les cartons pour une ex\u00e9cution de 6 nouvelles<br \/>\nverri\u00e8res pour les chapelles du bas-c\u00f4t\u00e9 sud, soit une surface vitr\u00e9e de 121  m\u00b2<br \/>\n(repr\u00e9sentant 5 % de la surface des 120 verri\u00e8res &#8211; datant du xiie<br \/>\n au xxe<br \/>\n si\u00e8cle, en<br \/>\nplace dans la cath\u00e9drale. Son travail pr\u00e9paratoire comprend un puzzle de pr\u00e8s de<br \/>\n700 pi\u00e8ces (des petits comme des grands formats ; diff\u00e9rentes techniques : des<br \/>\nmonotypes sur plexiglas aux cartons \u00e0 \u00e9chelle 1, soit des peintures monumentales<br \/>\nd&#8217;environ 7 m\u00e8tres de haut). Claire Tabouret collaborera avec les ateliers du ma\u00eetre<br \/>\nverrier Simon-Marq.<br \/>\n\u00ab Dans une \u00e9poque comme la n\u00f4tre marqu\u00e9e par les guerres, les divisions et les<br \/>\ntensions extr\u00eames, cette opportunit\u00e9 de mettre mon art au service de l&#8217;unit\u00e9 \u00e0<br \/>\ntravers le th\u00e8me de la Pentec\u00f4te est une magnifique main tendue, explique l&#8217;artiste.<br \/>\nJ&#8217;ai consid\u00e9r\u00e9 le chemin du visiteur comme un voyage profond\u00e9ment personnel et<br \/>\nspirituel \u00e0 travers Notre-Dame. \u00bb<br \/>\nDans la religion Chr\u00e9tienne, l&#8217;\u00e9pisode de la Pentec\u00f4te est \u00e9crit dans la Bible, dans<br \/>\nLes Actes des Ap\u00f4tres, 5e<br \/>\n livre du Nouveau Testament : \u00ab Les disciples du Christ sont<br \/>\ntous ensemble dans le m\u00eame lieu, tout \u00e0 coup il vint du ciel un bruit comme celui<br \/>\nd&#8217;un vent imp\u00e9tueux et il remplit toute la maison o\u00f9 ils \u00e9taient assis. Des langues<br \/>\nsemblables \u00e0 des langues de feux leur apparurent s\u00e9par\u00e9es les unes des autres et<br \/>\nse pos\u00e8rent sur chacun d&#8217;eux, et ils furent tous remplis du Saint Esprit. Ils se mirent \u00e0<br \/>\nparler en d&#8217;autres langues selon que l&#8217;Esprit leur donnait \u00e0 s&#8217;exprimer. \u00bb<br \/>\nLa Pentec\u00f4te est la c\u00e9l\u00e9bration de la venue de l&#8217;Esprit Saint sur les anciens disciples<br \/>\nde J\u00e9sus Christ.<br \/>\nCe catalogue va raconter l&#8217;histoire de ce projet avec une approche humaniste et<br \/>\nuniversaliste<\/p>\n","protected":false},"excerpt":{"rendered":"<p>Claire Tabouret a \u00e9t\u00e9 retenue sur concours pour r\u00e9aliser les prochains vitraux de Notre-Dame. Elle vient de cr\u00e9er les cartons pour une ex\u00e9cution de 6 nouvelles verri\u00e8res pour les chapelles du bas-c\u00f4t\u00e9 sud, soit une surface vitr\u00e9e de 121 m\u00b2 (repr\u00e9sentant 5 % de la surface des 120 verri\u00e8res &#8211; datant du xiie au xxe [&hellip;]<\/p>\n","protected":false},"featured_media":53160,"template":"","meta":[],"product_cat":[2948,2953],"product_tag":[],"acf":[],"yoast_head":"<!-- This site is optimized with the Yoast SEO plugin v20.11 - https:\/\/yoast.com\/wordpress\/plugins\/seo\/ -->\n<title>D&#039;un seul souffle : Claire Tabouret - Librairie 7L<\/title>\n<meta name=\"robots\" content=\"index, follow, max-snippet:-1, max-image-preview:large, max-video-preview:-1\" \/>\n<link rel=\"canonical\" href=\"https:\/\/librairie7l.com\/en\/produit\/dun-seul-souffle-claire-tabouret-2\/\" \/>\n<meta property=\"og:locale\" content=\"en_US\" \/>\n<meta property=\"og:type\" content=\"article\" \/>\n<meta property=\"og:title\" content=\"D&#039;un seul souffle : Claire Tabouret - Librairie 7L\" \/>\n<meta property=\"og:description\" content=\"Claire Tabouret a \u00e9t\u00e9 retenue sur concours pour r\u00e9aliser les prochains vitraux de Notre-Dame. Elle vient de cr\u00e9er les cartons pour une ex\u00e9cution de 6 nouvelles verri\u00e8res pour les chapelles du bas-c\u00f4t\u00e9 sud, soit une surface vitr\u00e9e de 121 m\u00b2 (repr\u00e9sentant 5 % de la surface des 120 verri\u00e8res &#8211; datant du xiie au xxe [&hellip;]\" \/>\n<meta property=\"og:url\" content=\"https:\/\/librairie7l.com\/en\/produit\/dun-seul-souffle-claire-tabouret-2\/\" \/>\n<meta property=\"og:site_name\" content=\"Librairie 7L\" \/>\n<meta property=\"article:modified_time\" content=\"2026-04-20T08:25:13+00:00\" \/>\n<meta property=\"og:image\" content=\"https:\/\/librairie7l.com\/wp-content\/uploads\/2025\/05\/9782711881734_1_75.jpg\" \/>\n\t<meta property=\"og:image:width\" content=\"600\" \/>\n\t<meta property=\"og:image:height\" content=\"828\" \/>\n\t<meta property=\"og:image:type\" content=\"image\/jpeg\" \/>\n<meta name=\"twitter:card\" content=\"summary_large_image\" \/>\n<meta name=\"twitter:label1\" content=\"Est. reading time\" \/>\n\t<meta name=\"twitter:data1\" content=\"2 minutes\" \/>\n<script type=\"application\/ld+json\" class=\"yoast-schema-graph\">{\"@context\":\"https:\/\/schema.org\",\"@graph\":[{\"@type\":\"WebPage\",\"@id\":\"https:\/\/librairie7l.com\/en\/produit\/dun-seul-souffle-claire-tabouret-2\/\",\"url\":\"https:\/\/librairie7l.com\/en\/produit\/dun-seul-souffle-claire-tabouret-2\/\",\"name\":\"D'un seul souffle : Claire Tabouret - Librairie 7L\",\"isPartOf\":{\"@id\":\"https:\/\/librairie7l.com\/en\/#website\"},\"datePublished\":\"2025-12-13T08:18:11+00:00\",\"dateModified\":\"2026-04-20T08:25:13+00:00\",\"breadcrumb\":{\"@id\":\"https:\/\/librairie7l.com\/en\/produit\/dun-seul-souffle-claire-tabouret-2\/#breadcrumb\"},\"inLanguage\":\"en-US\",\"potentialAction\":[{\"@type\":\"ReadAction\",\"target\":[\"https:\/\/librairie7l.com\/en\/produit\/dun-seul-souffle-claire-tabouret-2\/\"]}]},{\"@type\":\"BreadcrumbList\",\"@id\":\"https:\/\/librairie7l.com\/en\/produit\/dun-seul-souffle-claire-tabouret-2\/#breadcrumb\",\"itemListElement\":[{\"@type\":\"ListItem\",\"position\":1,\"name\":\"Accueil\",\"item\":\"https:\/\/librairie7l.com\/en\/\"},{\"@type\":\"ListItem\",\"position\":2,\"name\":\"Shop\",\"item\":\"https:\/\/librairie7l.com\/en\/shop\/\"},{\"@type\":\"ListItem\",\"position\":3,\"name\":\"D&#8217;UN SEUL SOUFFLE : CLAIRE TABOURET\"}]},{\"@type\":\"WebSite\",\"@id\":\"https:\/\/librairie7l.com\/en\/#website\",\"url\":\"https:\/\/librairie7l.com\/en\/\",\"name\":\"Librairie 7L\",\"description\":\"Librairie fond\u00e9e en 1999 par Karl Lagerfeld \u00e0 Paris\",\"publisher\":{\"@id\":\"https:\/\/librairie7l.com\/en\/#organization\"},\"potentialAction\":[{\"@type\":\"SearchAction\",\"target\":{\"@type\":\"EntryPoint\",\"urlTemplate\":\"https:\/\/librairie7l.com\/en\/?s={search_term_string}\"},\"query-input\":\"required name=search_term_string\"}],\"inLanguage\":\"en-US\"},{\"@type\":\"Organization\",\"@id\":\"https:\/\/librairie7l.com\/en\/#organization\",\"name\":\"Librairie 7L\",\"url\":\"https:\/\/librairie7l.com\/en\/\",\"logo\":{\"@type\":\"ImageObject\",\"inLanguage\":\"en-US\",\"@id\":\"https:\/\/librairie7l.com\/en\/#\/schema\/logo\/image\/\",\"url\":\"https:\/\/librairie7l.com\/wp-content\/uploads\/2022\/08\/logo-1.png\",\"contentUrl\":\"https:\/\/librairie7l.com\/wp-content\/uploads\/2022\/08\/logo-1.png\",\"width\":227,\"height\":301,\"caption\":\"Librairie 7L\"},\"image\":{\"@id\":\"https:\/\/librairie7l.com\/en\/#\/schema\/logo\/image\/\"}}]}<\/script>\n<!-- \/ Yoast SEO plugin. -->","yoast_head_json":{"title":"D'un seul souffle : Claire Tabouret - Librairie 7L","robots":{"index":"index","follow":"follow","max-snippet":"max-snippet:-1","max-image-preview":"max-image-preview:large","max-video-preview":"max-video-preview:-1"},"canonical":"https:\/\/librairie7l.com\/en\/produit\/dun-seul-souffle-claire-tabouret-2\/","og_locale":"en_US","og_type":"article","og_title":"D'un seul souffle : Claire Tabouret - Librairie 7L","og_description":"Claire Tabouret a \u00e9t\u00e9 retenue sur concours pour r\u00e9aliser les prochains vitraux de Notre-Dame. Elle vient de cr\u00e9er les cartons pour une ex\u00e9cution de 6 nouvelles verri\u00e8res pour les chapelles du bas-c\u00f4t\u00e9 sud, soit une surface vitr\u00e9e de 121 m\u00b2 (repr\u00e9sentant 5 % de la surface des 120 verri\u00e8res &#8211; datant du xiie au xxe [&hellip;]","og_url":"https:\/\/librairie7l.com\/en\/produit\/dun-seul-souffle-claire-tabouret-2\/","og_site_name":"Librairie 7L","article_modified_time":"2026-04-20T08:25:13+00:00","og_image":[{"width":600,"height":828,"url":"https:\/\/librairie7l.com\/wp-content\/uploads\/2025\/05\/9782711881734_1_75.jpg","type":"image\/jpeg"}],"twitter_card":"summary_large_image","twitter_misc":{"Est. reading time":"2 minutes"},"schema":{"@context":"https:\/\/schema.org","@graph":[{"@type":"WebPage","@id":"https:\/\/librairie7l.com\/en\/produit\/dun-seul-souffle-claire-tabouret-2\/","url":"https:\/\/librairie7l.com\/en\/produit\/dun-seul-souffle-claire-tabouret-2\/","name":"D'un seul souffle : Claire Tabouret - Librairie 7L","isPartOf":{"@id":"https:\/\/librairie7l.com\/en\/#website"},"datePublished":"2025-12-13T08:18:11+00:00","dateModified":"2026-04-20T08:25:13+00:00","breadcrumb":{"@id":"https:\/\/librairie7l.com\/en\/produit\/dun-seul-souffle-claire-tabouret-2\/#breadcrumb"},"inLanguage":"en-US","potentialAction":[{"@type":"ReadAction","target":["https:\/\/librairie7l.com\/en\/produit\/dun-seul-souffle-claire-tabouret-2\/"]}]},{"@type":"BreadcrumbList","@id":"https:\/\/librairie7l.com\/en\/produit\/dun-seul-souffle-claire-tabouret-2\/#breadcrumb","itemListElement":[{"@type":"ListItem","position":1,"name":"Accueil","item":"https:\/\/librairie7l.com\/en\/"},{"@type":"ListItem","position":2,"name":"Shop","item":"https:\/\/librairie7l.com\/en\/shop\/"},{"@type":"ListItem","position":3,"name":"D&#8217;UN SEUL SOUFFLE : CLAIRE TABOURET"}]},{"@type":"WebSite","@id":"https:\/\/librairie7l.com\/en\/#website","url":"https:\/\/librairie7l.com\/en\/","name":"Librairie 7L","description":"Librairie fond\u00e9e en 1999 par Karl Lagerfeld \u00e0 Paris","publisher":{"@id":"https:\/\/librairie7l.com\/en\/#organization"},"potentialAction":[{"@type":"SearchAction","target":{"@type":"EntryPoint","urlTemplate":"https:\/\/librairie7l.com\/en\/?s={search_term_string}"},"query-input":"required name=search_term_string"}],"inLanguage":"en-US"},{"@type":"Organization","@id":"https:\/\/librairie7l.com\/en\/#organization","name":"Librairie 7L","url":"https:\/\/librairie7l.com\/en\/","logo":{"@type":"ImageObject","inLanguage":"en-US","@id":"https:\/\/librairie7l.com\/en\/#\/schema\/logo\/image\/","url":"https:\/\/librairie7l.com\/wp-content\/uploads\/2022\/08\/logo-1.png","contentUrl":"https:\/\/librairie7l.com\/wp-content\/uploads\/2022\/08\/logo-1.png","width":227,"height":301,"caption":"Librairie 7L"},"image":{"@id":"https:\/\/librairie7l.com\/en\/#\/schema\/logo\/image\/"}}]}},"_links":{"self":[{"href":"https:\/\/librairie7l.com\/en\/wp-json\/wp\/v2\/product\/53162"}],"collection":[{"href":"https:\/\/librairie7l.com\/en\/wp-json\/wp\/v2\/product"}],"about":[{"href":"https:\/\/librairie7l.com\/en\/wp-json\/wp\/v2\/types\/product"}],"wp:featuredmedia":[{"embeddable":true,"href":"https:\/\/librairie7l.com\/en\/wp-json\/wp\/v2\/media\/53160"}],"wp:attachment":[{"href":"https:\/\/librairie7l.com\/en\/wp-json\/wp\/v2\/media?parent=53162"}],"wp:term":[{"taxonomy":"product_cat","embeddable":true,"href":"https:\/\/librairie7l.com\/en\/wp-json\/wp\/v2\/product_cat?post=53162"},{"taxonomy":"product_tag","embeddable":true,"href":"https:\/\/librairie7l.com\/en\/wp-json\/wp\/v2\/product_tag?post=53162"}],"curies":[{"name":"wp","href":"https:\/\/api.w.org\/{rel}","templated":true}]}}