{"id":53168,"date":"2025-12-13T09:18:17","date_gmt":"2025-12-13T08:18:17","guid":{"rendered":"https:\/\/librairie7l.com\/?post_type=product&#038;p=53168"},"modified":"2026-04-23T12:57:21","modified_gmt":"2026-04-23T10:57:21","slug":"modernisms-iranian-turkish-and-indian-highlights-from-nyu-s-abby-weed-grey-collection-2","status":"publish","type":"product","link":"https:\/\/librairie7l.com\/en\/produit\/modernisms-iranian-turkish-and-indian-highlights-from-nyu-s-abby-weed-grey-collection-2\/","title":{"rendered":"MODERNISMS IRANIAN, TURKISH, AND INDIAN HIGHLIGHTS FROM NYU S ABBY WEED GREY COLLECTION"},"content":{"rendered":"<p>Modernisms explore l&#8217;art des ann\u00e9es 1960 et du d\u00e9but des ann\u00e9es 70 d&#8217;Iran, de Turquie et d&#8217;Inde via des s\u00e9lections d&#8217;une collection in\u00e9gal\u00e9e \u00e0 l&#8217;Universit\u00e9 de New York. Pr\u00e9sentant de nouvelles recherches et des essais fondamentaux, ce livre illustre des peintures, des sculptures, des dessins et des estampes de ces trois pays ainsi que des r\u00e9cits biographiques de chaque artiste.<\/p>\n","protected":false},"excerpt":{"rendered":"<p>Modernisms explore l&#8217;art des ann\u00e9es 1960 et du d\u00e9but des ann\u00e9es 70 d&#8217;Iran, de Turquie et d&#8217;Inde via des s\u00e9lections d&#8217;une collection in\u00e9gal\u00e9e \u00e0 l&#8217;Universit\u00e9 de New York. Pr\u00e9sentant de nouvelles recherches et des essais fondamentaux, ce livre illustre des peintures, des sculptures, des dessins et des estampes de ces trois pays ainsi que des [&hellip;]<\/p>\n","protected":false},"featured_media":53166,"template":"","meta":[],"product_cat":[2948],"product_tag":[],"acf":[],"yoast_head":"<!-- This site is optimized with the Yoast SEO plugin v20.11 - https:\/\/yoast.com\/wordpress\/plugins\/seo\/ -->\n<title>Modernisms iranian, turkish, and indian highlights from nyu s abby weed grey collection - Librairie 7L<\/title>\n<meta name=\"robots\" content=\"index, follow, max-snippet:-1, max-image-preview:large, max-video-preview:-1\" \/>\n<link rel=\"canonical\" href=\"https:\/\/librairie7l.com\/en\/produit\/modernisms-iranian-turkish-and-indian-highlights-from-nyu-s-abby-weed-grey-collection-2\/\" \/>\n<meta property=\"og:locale\" content=\"en_US\" \/>\n<meta property=\"og:type\" content=\"article\" \/>\n<meta property=\"og:title\" content=\"Modernisms iranian, turkish, and indian highlights from nyu s abby weed grey collection - Librairie 7L\" \/>\n<meta property=\"og:description\" content=\"Modernisms explore l&#8217;art des ann\u00e9es 1960 et du d\u00e9but des ann\u00e9es 70 d&#8217;Iran, de Turquie et d&#8217;Inde via des s\u00e9lections d&#8217;une collection in\u00e9gal\u00e9e \u00e0 l&#8217;Universit\u00e9 de New York. Pr\u00e9sentant de nouvelles recherches et des essais fondamentaux, ce livre illustre des peintures, des sculptures, des dessins et des estampes de ces trois pays ainsi que des [&hellip;]\" \/>\n<meta property=\"og:url\" content=\"https:\/\/librairie7l.com\/en\/produit\/modernisms-iranian-turkish-and-indian-highlights-from-nyu-s-abby-weed-grey-collection-2\/\" \/>\n<meta property=\"og:site_name\" content=\"Librairie 7L\" \/>\n<meta property=\"article:modified_time\" content=\"2026-04-23T10:57:21+00:00\" \/>\n<meta property=\"og:image\" content=\"https:\/\/librairie7l.com\/wp-content\/uploads\/2019\/06\/9783777433172_1_75.jpg\" \/>\n\t<meta property=\"og:image:width\" content=\"600\" \/>\n\t<meta property=\"og:image:height\" content=\"771\" \/>\n\t<meta property=\"og:image:type\" content=\"image\/jpeg\" \/>\n<meta name=\"twitter:card\" content=\"summary_large_image\" \/>\n<script type=\"application\/ld+json\" class=\"yoast-schema-graph\">{\"@context\":\"https:\/\/schema.org\",\"@graph\":[{\"@type\":\"WebPage\",\"@id\":\"https:\/\/librairie7l.com\/en\/produit\/modernisms-iranian-turkish-and-indian-highlights-from-nyu-s-abby-weed-grey-collection-2\/\",\"url\":\"https:\/\/librairie7l.com\/en\/produit\/modernisms-iranian-turkish-and-indian-highlights-from-nyu-s-abby-weed-grey-collection-2\/\",\"name\":\"Modernisms iranian, turkish, and indian highlights from nyu s abby weed grey collection - Librairie 7L\",\"isPartOf\":{\"@id\":\"https:\/\/librairie7l.com\/en\/#website\"},\"datePublished\":\"2025-12-13T08:18:17+00:00\",\"dateModified\":\"2026-04-23T10:57:21+00:00\",\"breadcrumb\":{\"@id\":\"https:\/\/librairie7l.com\/en\/produit\/modernisms-iranian-turkish-and-indian-highlights-from-nyu-s-abby-weed-grey-collection-2\/#breadcrumb\"},\"inLanguage\":\"en-US\",\"potentialAction\":[{\"@type\":\"ReadAction\",\"target\":[\"https:\/\/librairie7l.com\/en\/produit\/modernisms-iranian-turkish-and-indian-highlights-from-nyu-s-abby-weed-grey-collection-2\/\"]}]},{\"@type\":\"BreadcrumbList\",\"@id\":\"https:\/\/librairie7l.com\/en\/produit\/modernisms-iranian-turkish-and-indian-highlights-from-nyu-s-abby-weed-grey-collection-2\/#breadcrumb\",\"itemListElement\":[{\"@type\":\"ListItem\",\"position\":1,\"name\":\"Accueil\",\"item\":\"https:\/\/librairie7l.com\/en\/\"},{\"@type\":\"ListItem\",\"position\":2,\"name\":\"Shop\",\"item\":\"https:\/\/librairie7l.com\/en\/shop\/\"},{\"@type\":\"ListItem\",\"position\":3,\"name\":\"MODERNISMS IRANIAN, TURKISH, AND INDIAN HIGHLIGHTS FROM NYU S ABBY WEED GREY COLLECTION\"}]},{\"@type\":\"WebSite\",\"@id\":\"https:\/\/librairie7l.com\/en\/#website\",\"url\":\"https:\/\/librairie7l.com\/en\/\",\"name\":\"Librairie 7L\",\"description\":\"Librairie fond\u00e9e en 1999 par Karl Lagerfeld \u00e0 Paris\",\"publisher\":{\"@id\":\"https:\/\/librairie7l.com\/en\/#organization\"},\"potentialAction\":[{\"@type\":\"SearchAction\",\"target\":{\"@type\":\"EntryPoint\",\"urlTemplate\":\"https:\/\/librairie7l.com\/en\/?s={search_term_string}\"},\"query-input\":\"required name=search_term_string\"}],\"inLanguage\":\"en-US\"},{\"@type\":\"Organization\",\"@id\":\"https:\/\/librairie7l.com\/en\/#organization\",\"name\":\"Librairie 7L\",\"url\":\"https:\/\/librairie7l.com\/en\/\",\"logo\":{\"@type\":\"ImageObject\",\"inLanguage\":\"en-US\",\"@id\":\"https:\/\/librairie7l.com\/en\/#\/schema\/logo\/image\/\",\"url\":\"https:\/\/librairie7l.com\/wp-content\/uploads\/2022\/08\/logo-1.png\",\"contentUrl\":\"https:\/\/librairie7l.com\/wp-content\/uploads\/2022\/08\/logo-1.png\",\"width\":227,\"height\":301,\"caption\":\"Librairie 7L\"},\"image\":{\"@id\":\"https:\/\/librairie7l.com\/en\/#\/schema\/logo\/image\/\"}}]}<\/script>\n<!-- \/ Yoast SEO plugin. -->","yoast_head_json":{"title":"Modernisms iranian, turkish, and indian highlights from nyu s abby weed grey collection - Librairie 7L","robots":{"index":"index","follow":"follow","max-snippet":"max-snippet:-1","max-image-preview":"max-image-preview:large","max-video-preview":"max-video-preview:-1"},"canonical":"https:\/\/librairie7l.com\/en\/produit\/modernisms-iranian-turkish-and-indian-highlights-from-nyu-s-abby-weed-grey-collection-2\/","og_locale":"en_US","og_type":"article","og_title":"Modernisms iranian, turkish, and indian highlights from nyu s abby weed grey collection - Librairie 7L","og_description":"Modernisms explore l&#8217;art des ann\u00e9es 1960 et du d\u00e9but des ann\u00e9es 70 d&#8217;Iran, de Turquie et d&#8217;Inde via des s\u00e9lections d&#8217;une collection in\u00e9gal\u00e9e \u00e0 l&#8217;Universit\u00e9 de New York. Pr\u00e9sentant de nouvelles recherches et des essais fondamentaux, ce livre illustre des peintures, des sculptures, des dessins et des estampes de ces trois pays ainsi que des [&hellip;]","og_url":"https:\/\/librairie7l.com\/en\/produit\/modernisms-iranian-turkish-and-indian-highlights-from-nyu-s-abby-weed-grey-collection-2\/","og_site_name":"Librairie 7L","article_modified_time":"2026-04-23T10:57:21+00:00","og_image":[{"width":600,"height":771,"url":"https:\/\/librairie7l.com\/wp-content\/uploads\/2019\/06\/9783777433172_1_75.jpg","type":"image\/jpeg"}],"twitter_card":"summary_large_image","schema":{"@context":"https:\/\/schema.org","@graph":[{"@type":"WebPage","@id":"https:\/\/librairie7l.com\/en\/produit\/modernisms-iranian-turkish-and-indian-highlights-from-nyu-s-abby-weed-grey-collection-2\/","url":"https:\/\/librairie7l.com\/en\/produit\/modernisms-iranian-turkish-and-indian-highlights-from-nyu-s-abby-weed-grey-collection-2\/","name":"Modernisms iranian, turkish, and indian highlights from nyu s abby weed grey collection - Librairie 7L","isPartOf":{"@id":"https:\/\/librairie7l.com\/en\/#website"},"datePublished":"2025-12-13T08:18:17+00:00","dateModified":"2026-04-23T10:57:21+00:00","breadcrumb":{"@id":"https:\/\/librairie7l.com\/en\/produit\/modernisms-iranian-turkish-and-indian-highlights-from-nyu-s-abby-weed-grey-collection-2\/#breadcrumb"},"inLanguage":"en-US","potentialAction":[{"@type":"ReadAction","target":["https:\/\/librairie7l.com\/en\/produit\/modernisms-iranian-turkish-and-indian-highlights-from-nyu-s-abby-weed-grey-collection-2\/"]}]},{"@type":"BreadcrumbList","@id":"https:\/\/librairie7l.com\/en\/produit\/modernisms-iranian-turkish-and-indian-highlights-from-nyu-s-abby-weed-grey-collection-2\/#breadcrumb","itemListElement":[{"@type":"ListItem","position":1,"name":"Accueil","item":"https:\/\/librairie7l.com\/en\/"},{"@type":"ListItem","position":2,"name":"Shop","item":"https:\/\/librairie7l.com\/en\/shop\/"},{"@type":"ListItem","position":3,"name":"MODERNISMS IRANIAN, TURKISH, AND INDIAN HIGHLIGHTS FROM NYU S ABBY WEED GREY COLLECTION"}]},{"@type":"WebSite","@id":"https:\/\/librairie7l.com\/en\/#website","url":"https:\/\/librairie7l.com\/en\/","name":"Librairie 7L","description":"Librairie fond\u00e9e en 1999 par Karl Lagerfeld \u00e0 Paris","publisher":{"@id":"https:\/\/librairie7l.com\/en\/#organization"},"potentialAction":[{"@type":"SearchAction","target":{"@type":"EntryPoint","urlTemplate":"https:\/\/librairie7l.com\/en\/?s={search_term_string}"},"query-input":"required name=search_term_string"}],"inLanguage":"en-US"},{"@type":"Organization","@id":"https:\/\/librairie7l.com\/en\/#organization","name":"Librairie 7L","url":"https:\/\/librairie7l.com\/en\/","logo":{"@type":"ImageObject","inLanguage":"en-US","@id":"https:\/\/librairie7l.com\/en\/#\/schema\/logo\/image\/","url":"https:\/\/librairie7l.com\/wp-content\/uploads\/2022\/08\/logo-1.png","contentUrl":"https:\/\/librairie7l.com\/wp-content\/uploads\/2022\/08\/logo-1.png","width":227,"height":301,"caption":"Librairie 7L"},"image":{"@id":"https:\/\/librairie7l.com\/en\/#\/schema\/logo\/image\/"}}]}},"_links":{"self":[{"href":"https:\/\/librairie7l.com\/en\/wp-json\/wp\/v2\/product\/53168"}],"collection":[{"href":"https:\/\/librairie7l.com\/en\/wp-json\/wp\/v2\/product"}],"about":[{"href":"https:\/\/librairie7l.com\/en\/wp-json\/wp\/v2\/types\/product"}],"wp:featuredmedia":[{"embeddable":true,"href":"https:\/\/librairie7l.com\/en\/wp-json\/wp\/v2\/media\/53166"}],"wp:attachment":[{"href":"https:\/\/librairie7l.com\/en\/wp-json\/wp\/v2\/media?parent=53168"}],"wp:term":[{"taxonomy":"product_cat","embeddable":true,"href":"https:\/\/librairie7l.com\/en\/wp-json\/wp\/v2\/product_cat?post=53168"},{"taxonomy":"product_tag","embeddable":true,"href":"https:\/\/librairie7l.com\/en\/wp-json\/wp\/v2\/product_tag?post=53168"}],"curies":[{"name":"wp","href":"https:\/\/api.w.org\/{rel}","templated":true}]}}