{"id":53221,"date":"2025-12-14T20:25:18","date_gmt":"2025-12-14T19:25:18","guid":{"rendered":"https:\/\/librairie7l.com\/?post_type=product&#038;p=53221"},"modified":"2026-04-05T21:40:19","modified_gmt":"2026-04-05T19:40:19","slug":"le-cercle-litteraire-des-amoureux-de-jane-austen-2","status":"publish","type":"product","link":"https:\/\/librairie7l.com\/en\/produit\/le-cercle-litteraire-des-amoureux-de-jane-austen-2\/","title":{"rendered":"LE CERCLE LITT\u00c9RAIRE DES AMOUREUX DE JANE AUSTEN"},"content":{"rendered":"<p>Jane Austen savait que rien ne pouvait procurer aux femmes une r\u00e9elle ind\u00e9pendance. Par son seul g\u00e9nie, pourtant, elle avait fini par acqu\u00e9rir un peu de cette libert\u00e9. Suffisamment pour travailler, vivre et mourir comme elle l&#8217;entendait. C&#8217;\u00e9tait un v\u00e9ritable accomplissement, d&#8217;avoir pu pr\u00e9senter au monde son h\u00e9ritage de six romans, enti\u00e8rement \u00e9crits, r\u00e9vis\u00e9s et corrig\u00e9s par elle, sans qu&#8217;aucun homme ne vienne interf\u00e9rer dans son travail.Au lendemain de la Seconde Guerre mondiale, une nouvelle bataille s&#8217;engage dans le petit village anglais de Chawton, qui fut la derni\u00e8re r\u00e9sidence de Jane Austen. Son domaine s&#8217;\u00e9tiole et risque d&#8217;\u00eatre vendu au plus offrant&#8230; Lorsque Mimi, actrice hollywoodienne glamour, croise le chemin d&#8217;Adam, un jeune fermier d\u00e9soeuvr\u00e9, commence une aventure qui poussera huit inconnus hant\u00e9s par leur pass\u00e9 \u00e0 se retrouver autour de leur passion pour Jane Austen. Alors que tout semble les opposer, ils allient leurs forces pour tenter l&#8217;impossible : sauver la maison de leur romanci\u00e8re bien-aim\u00e9e. Ses \u00e9crits pourront-ils en retour changer la vie de ce cercle litt\u00e9raire atypique ?Un roman bouleversant et \u00e9difiant sur l&#8217;espoir, le deuil et l&#8217;amour, montrant l&#8217;humanit\u00e9 qui r\u00e9side en chacun de nous.<br \/>\nUn incontournable pour tous les fans de Jane Austen.\u00ab Un magnifique livre, une superbe histoire. \u00bb Karen Joy Fowler\u00ab Un r\u00e9cit agr\u00e9able mais doux-amer sur le pouvoir de la litt\u00e9rature &#8211; et en particulier de Jane Austen &#8211; de gu\u00e9rir et d&#8217;\u00e9lever l&#8217;esprit humain. \u00bb Marie Benedict\u00ab Quiconque recherchant un antidote au chaos contemporain trouvera un r\u00e9pit bienvenu parmi les membres d&#8217;un groupe dont les vies peuvent sembler simples, mais dont l&#8217;esprit a besoin du r\u00e9confort que Jane Austen sait si bien apporter. \u00bb The Washington Post\u00ab Tout comme une histoire \u00e9crite par Jane Austen elle-m\u00eame, le premier roman de Natalie Jenner regorge de moments charmants, de personnages attachants et de relations nuanc\u00e9es, le tout refl\u00e9tant bien l&#8217;atmosph\u00e8re parfois \u00e9touffante d&#8217;une petite communaut\u00e9 de campagne. Un hommage intelligent \u00e0 la bien-aim\u00e9e autrice, dont l&#8217;influence ne cesse d&#8217;inspirer de nouveaux chefs d&#8217;oeuvres. \u00bb Booklist \u00ab Un premier roman touchant et inoubliable, qui nous rappelle que la litt\u00e9rature est un langage universel qui a le pouvoir d&#8217;unir et de gu\u00e9rir. \u00bb Pam Jenoff\u00ab Une histoire tr\u00e8s \u00e9mouvante, qui donne mati\u00e8re \u00e0 penser&#8230; Un de ces somptueux romans qui vous font tour \u00e0 tour \u00e9clater de rire, pleurer et sauter de joie. \u00bb Jane Austen&#8217;s Regency World Magazine\u00ab Un roman qui offre une douce \u00e9chappatoire, \u00e9crit avec beaucoup de justesse et d&#8217;intelligence. \u00bb People\u00ab Un premier roman extr\u00eamement impressionnant, regorgeant de personnages vibrants, nuanc\u00e9s et bien bross\u00e9s. \u00bb Mark Sullivan\u00ab Je ne me souviens pas \u00e0 quand remonte la derni\u00e8re fois o\u00f9 je suis tomb\u00e9e \u00e0 ce point sous le charme d&#8217;une histoire&#8230; Un roman qui c\u00e9l\u00e8bre l&#8217;humain et le pouvoir de la litt\u00e9rature. \u00bb Ann Hood<\/p>\n","protected":false},"excerpt":{"rendered":"<p>Jane Austen savait que rien ne pouvait procurer aux femmes une r\u00e9elle ind\u00e9pendance. Par son seul g\u00e9nie, pourtant, elle avait fini par acqu\u00e9rir un peu de cette libert\u00e9. Suffisamment pour travailler, vivre et mourir comme elle l&#8217;entendait. C&#8217;\u00e9tait un v\u00e9ritable accomplissement, d&#8217;avoir pu pr\u00e9senter au monde son h\u00e9ritage de six romans, enti\u00e8rement \u00e9crits, r\u00e9vis\u00e9s et [&hellip;]<\/p>\n","protected":false},"featured_media":53219,"template":"","meta":[],"product_cat":[7364,2948],"product_tag":[],"acf":[],"yoast_head":"<!-- This site is optimized with the Yoast SEO plugin v20.11 - https:\/\/yoast.com\/wordpress\/plugins\/seo\/ -->\n<title>Le cercle litt\u00e9raire des amoureux de Jane Austen - Librairie 7L<\/title>\n<meta name=\"robots\" content=\"index, follow, max-snippet:-1, max-image-preview:large, max-video-preview:-1\" \/>\n<link rel=\"canonical\" href=\"https:\/\/librairie7l.com\/en\/produit\/le-cercle-litteraire-des-amoureux-de-jane-austen-2\/\" \/>\n<meta property=\"og:locale\" content=\"en_US\" \/>\n<meta property=\"og:type\" content=\"article\" \/>\n<meta property=\"og:title\" content=\"Le cercle litt\u00e9raire des amoureux de Jane Austen - Librairie 7L\" \/>\n<meta property=\"og:description\" content=\"Jane Austen savait que rien ne pouvait procurer aux femmes une r\u00e9elle ind\u00e9pendance. Par son seul g\u00e9nie, pourtant, elle avait fini par acqu\u00e9rir un peu de cette libert\u00e9. Suffisamment pour travailler, vivre et mourir comme elle l&#8217;entendait. C&#8217;\u00e9tait un v\u00e9ritable accomplissement, d&#8217;avoir pu pr\u00e9senter au monde son h\u00e9ritage de six romans, enti\u00e8rement \u00e9crits, r\u00e9vis\u00e9s et [&hellip;]\" \/>\n<meta property=\"og:url\" content=\"https:\/\/librairie7l.com\/en\/produit\/le-cercle-litteraire-des-amoureux-de-jane-austen-2\/\" \/>\n<meta property=\"og:site_name\" content=\"Librairie 7L\" \/>\n<meta property=\"article:modified_time\" content=\"2026-04-05T19:40:19+00:00\" \/>\n<meta property=\"og:image\" content=\"https:\/\/librairie7l.com\/wp-content\/uploads\/2023\/04\/9791093835648_1_75.jpg\" \/>\n\t<meta property=\"og:image:width\" content=\"600\" \/>\n\t<meta property=\"og:image:height\" content=\"900\" \/>\n\t<meta property=\"og:image:type\" content=\"image\/jpeg\" \/>\n<meta name=\"twitter:card\" content=\"summary_large_image\" \/>\n<meta name=\"twitter:label1\" content=\"Est. reading time\" \/>\n\t<meta name=\"twitter:data1\" content=\"2 minutes\" \/>\n<script type=\"application\/ld+json\" class=\"yoast-schema-graph\">{\"@context\":\"https:\/\/schema.org\",\"@graph\":[{\"@type\":\"WebPage\",\"@id\":\"https:\/\/librairie7l.com\/en\/produit\/le-cercle-litteraire-des-amoureux-de-jane-austen-2\/\",\"url\":\"https:\/\/librairie7l.com\/en\/produit\/le-cercle-litteraire-des-amoureux-de-jane-austen-2\/\",\"name\":\"Le cercle litt\u00e9raire des amoureux de Jane Austen - Librairie 7L\",\"isPartOf\":{\"@id\":\"https:\/\/librairie7l.com\/en\/#website\"},\"datePublished\":\"2025-12-14T19:25:18+00:00\",\"dateModified\":\"2026-04-05T19:40:19+00:00\",\"breadcrumb\":{\"@id\":\"https:\/\/librairie7l.com\/en\/produit\/le-cercle-litteraire-des-amoureux-de-jane-austen-2\/#breadcrumb\"},\"inLanguage\":\"en-US\",\"potentialAction\":[{\"@type\":\"ReadAction\",\"target\":[\"https:\/\/librairie7l.com\/en\/produit\/le-cercle-litteraire-des-amoureux-de-jane-austen-2\/\"]}]},{\"@type\":\"BreadcrumbList\",\"@id\":\"https:\/\/librairie7l.com\/en\/produit\/le-cercle-litteraire-des-amoureux-de-jane-austen-2\/#breadcrumb\",\"itemListElement\":[{\"@type\":\"ListItem\",\"position\":1,\"name\":\"Accueil\",\"item\":\"https:\/\/librairie7l.com\/en\/\"},{\"@type\":\"ListItem\",\"position\":2,\"name\":\"Shop\",\"item\":\"https:\/\/librairie7l.com\/en\/shop\/\"},{\"@type\":\"ListItem\",\"position\":3,\"name\":\"LE CERCLE LITT\u00c9RAIRE DES AMOUREUX DE JANE AUSTEN\"}]},{\"@type\":\"WebSite\",\"@id\":\"https:\/\/librairie7l.com\/en\/#website\",\"url\":\"https:\/\/librairie7l.com\/en\/\",\"name\":\"Librairie 7L\",\"description\":\"Librairie fond\u00e9e en 1999 par Karl Lagerfeld \u00e0 Paris\",\"publisher\":{\"@id\":\"https:\/\/librairie7l.com\/en\/#organization\"},\"potentialAction\":[{\"@type\":\"SearchAction\",\"target\":{\"@type\":\"EntryPoint\",\"urlTemplate\":\"https:\/\/librairie7l.com\/en\/?s={search_term_string}\"},\"query-input\":\"required name=search_term_string\"}],\"inLanguage\":\"en-US\"},{\"@type\":\"Organization\",\"@id\":\"https:\/\/librairie7l.com\/en\/#organization\",\"name\":\"Librairie 7L\",\"url\":\"https:\/\/librairie7l.com\/en\/\",\"logo\":{\"@type\":\"ImageObject\",\"inLanguage\":\"en-US\",\"@id\":\"https:\/\/librairie7l.com\/en\/#\/schema\/logo\/image\/\",\"url\":\"https:\/\/librairie7l.com\/wp-content\/uploads\/2022\/08\/logo-1.png\",\"contentUrl\":\"https:\/\/librairie7l.com\/wp-content\/uploads\/2022\/08\/logo-1.png\",\"width\":227,\"height\":301,\"caption\":\"Librairie 7L\"},\"image\":{\"@id\":\"https:\/\/librairie7l.com\/en\/#\/schema\/logo\/image\/\"}}]}<\/script>\n<!-- \/ Yoast SEO plugin. -->","yoast_head_json":{"title":"Le cercle litt\u00e9raire des amoureux de Jane Austen - Librairie 7L","robots":{"index":"index","follow":"follow","max-snippet":"max-snippet:-1","max-image-preview":"max-image-preview:large","max-video-preview":"max-video-preview:-1"},"canonical":"https:\/\/librairie7l.com\/en\/produit\/le-cercle-litteraire-des-amoureux-de-jane-austen-2\/","og_locale":"en_US","og_type":"article","og_title":"Le cercle litt\u00e9raire des amoureux de Jane Austen - Librairie 7L","og_description":"Jane Austen savait que rien ne pouvait procurer aux femmes une r\u00e9elle ind\u00e9pendance. Par son seul g\u00e9nie, pourtant, elle avait fini par acqu\u00e9rir un peu de cette libert\u00e9. Suffisamment pour travailler, vivre et mourir comme elle l&#8217;entendait. C&#8217;\u00e9tait un v\u00e9ritable accomplissement, d&#8217;avoir pu pr\u00e9senter au monde son h\u00e9ritage de six romans, enti\u00e8rement \u00e9crits, r\u00e9vis\u00e9s et [&hellip;]","og_url":"https:\/\/librairie7l.com\/en\/produit\/le-cercle-litteraire-des-amoureux-de-jane-austen-2\/","og_site_name":"Librairie 7L","article_modified_time":"2026-04-05T19:40:19+00:00","og_image":[{"width":600,"height":900,"url":"https:\/\/librairie7l.com\/wp-content\/uploads\/2023\/04\/9791093835648_1_75.jpg","type":"image\/jpeg"}],"twitter_card":"summary_large_image","twitter_misc":{"Est. reading time":"2 minutes"},"schema":{"@context":"https:\/\/schema.org","@graph":[{"@type":"WebPage","@id":"https:\/\/librairie7l.com\/en\/produit\/le-cercle-litteraire-des-amoureux-de-jane-austen-2\/","url":"https:\/\/librairie7l.com\/en\/produit\/le-cercle-litteraire-des-amoureux-de-jane-austen-2\/","name":"Le cercle litt\u00e9raire des amoureux de Jane Austen - Librairie 7L","isPartOf":{"@id":"https:\/\/librairie7l.com\/en\/#website"},"datePublished":"2025-12-14T19:25:18+00:00","dateModified":"2026-04-05T19:40:19+00:00","breadcrumb":{"@id":"https:\/\/librairie7l.com\/en\/produit\/le-cercle-litteraire-des-amoureux-de-jane-austen-2\/#breadcrumb"},"inLanguage":"en-US","potentialAction":[{"@type":"ReadAction","target":["https:\/\/librairie7l.com\/en\/produit\/le-cercle-litteraire-des-amoureux-de-jane-austen-2\/"]}]},{"@type":"BreadcrumbList","@id":"https:\/\/librairie7l.com\/en\/produit\/le-cercle-litteraire-des-amoureux-de-jane-austen-2\/#breadcrumb","itemListElement":[{"@type":"ListItem","position":1,"name":"Accueil","item":"https:\/\/librairie7l.com\/en\/"},{"@type":"ListItem","position":2,"name":"Shop","item":"https:\/\/librairie7l.com\/en\/shop\/"},{"@type":"ListItem","position":3,"name":"LE CERCLE LITT\u00c9RAIRE DES AMOUREUX DE JANE AUSTEN"}]},{"@type":"WebSite","@id":"https:\/\/librairie7l.com\/en\/#website","url":"https:\/\/librairie7l.com\/en\/","name":"Librairie 7L","description":"Librairie fond\u00e9e en 1999 par Karl Lagerfeld \u00e0 Paris","publisher":{"@id":"https:\/\/librairie7l.com\/en\/#organization"},"potentialAction":[{"@type":"SearchAction","target":{"@type":"EntryPoint","urlTemplate":"https:\/\/librairie7l.com\/en\/?s={search_term_string}"},"query-input":"required name=search_term_string"}],"inLanguage":"en-US"},{"@type":"Organization","@id":"https:\/\/librairie7l.com\/en\/#organization","name":"Librairie 7L","url":"https:\/\/librairie7l.com\/en\/","logo":{"@type":"ImageObject","inLanguage":"en-US","@id":"https:\/\/librairie7l.com\/en\/#\/schema\/logo\/image\/","url":"https:\/\/librairie7l.com\/wp-content\/uploads\/2022\/08\/logo-1.png","contentUrl":"https:\/\/librairie7l.com\/wp-content\/uploads\/2022\/08\/logo-1.png","width":227,"height":301,"caption":"Librairie 7L"},"image":{"@id":"https:\/\/librairie7l.com\/en\/#\/schema\/logo\/image\/"}}]}},"_links":{"self":[{"href":"https:\/\/librairie7l.com\/en\/wp-json\/wp\/v2\/product\/53221"}],"collection":[{"href":"https:\/\/librairie7l.com\/en\/wp-json\/wp\/v2\/product"}],"about":[{"href":"https:\/\/librairie7l.com\/en\/wp-json\/wp\/v2\/types\/product"}],"wp:featuredmedia":[{"embeddable":true,"href":"https:\/\/librairie7l.com\/en\/wp-json\/wp\/v2\/media\/53219"}],"wp:attachment":[{"href":"https:\/\/librairie7l.com\/en\/wp-json\/wp\/v2\/media?parent=53221"}],"wp:term":[{"taxonomy":"product_cat","embeddable":true,"href":"https:\/\/librairie7l.com\/en\/wp-json\/wp\/v2\/product_cat?post=53221"},{"taxonomy":"product_tag","embeddable":true,"href":"https:\/\/librairie7l.com\/en\/wp-json\/wp\/v2\/product_tag?post=53221"}],"curies":[{"name":"wp","href":"https:\/\/api.w.org\/{rel}","templated":true}]}}