{"id":53225,"date":"2025-12-14T20:25:46","date_gmt":"2025-12-14T19:25:46","guid":{"rendered":"https:\/\/librairie7l.com\/?post_type=product&#038;p=53225"},"modified":"2026-04-05T23:27:04","modified_gmt":"2026-04-05T21:27:04","slug":"le-cercle-litteraire-des-amoureux-de-jane-austen-3","status":"publish","type":"product","link":"https:\/\/librairie7l.com\/en\/produit\/le-cercle-litteraire-des-amoureux-de-jane-austen-3\/","title":{"rendered":"LE CERCLE LITT\u00c9RAIRE DES AMOUREUX DE JANE AUSTEN"},"content":{"rendered":"<p>Jane Austen savait que rien ne pouvait procurer aux femmes une r\u00e9elle ind\u00e9pendance. Par son seul g\u00e9nie, pourtant, elle avait fini par acqu\u00e9rir un peu de cette libert\u00e9. Suffisamment pour travailler, vivre et mourir comme elle l&#8217;entendait. C&#8217;\u00e9tait un v\u00e9ritable accomplissement, d&#8217;avoir pu pr\u00e9senter au monde son h\u00e9ritage de six romans, enti\u00e8rement \u00e9crits, r\u00e9vis\u00e9s et corrig\u00e9s par elle, sans qu&#8217;aucun homme ne vienne interf\u00e9rer dans son travail.<br \/>\nAu lendemain de la Seconde Guerre mondiale, une nouvelle bataille s&#8217;engage dans le petit village anglais de Chawton, qui fut la derni\u00e8re r\u00e9sidence de Jane Austen. Son domaine s&#8217;\u00e9tiole et risque d&#8217;\u00eatre vendu au plus offrant&#8230; Lorsque Mimi, actrice hollywoodienne glamour, croise le chemin d&#8217;Adam, un jeune fermier d\u00e9soeuvr\u00e9, commence une aventure qui poussera huit inconnus hant\u00e9s par leur pass\u00e9 \u00e0 se retrouver autour de leur passion pour Jane Austen. Alors que tout semble les opposer, ils allient leurs forces pour tenter l&#8217;impossible : sauver la maison de leur romanci\u00e8re bien-aim\u00e9e. Ses \u00e9crits pourront-ils en retour changer la vie de ce cercle litt\u00e9raire atypique ?<br \/>\nUn roman bouleversant et \u00e9difiant sur l&#8217;espoir, le deuil et l&#8217;amour, montrant l&#8217;humanit\u00e9 qui r\u00e9side en chacun de nous.<br \/>\nUn incontournable pour tous les fans de Jane Austen.<\/p>\n","protected":false},"excerpt":{"rendered":"<p>Jane Austen savait que rien ne pouvait procurer aux femmes une r\u00e9elle ind\u00e9pendance. Par son seul g\u00e9nie, pourtant, elle avait fini par acqu\u00e9rir un peu de cette libert\u00e9. Suffisamment pour travailler, vivre et mourir comme elle l&#8217;entendait. C&#8217;\u00e9tait un v\u00e9ritable accomplissement, d&#8217;avoir pu pr\u00e9senter au monde son h\u00e9ritage de six romans, enti\u00e8rement \u00e9crits, r\u00e9vis\u00e9s et [&hellip;]<\/p>\n","protected":false},"featured_media":53223,"template":"","meta":[],"product_cat":[7364,2948],"product_tag":[],"acf":[],"yoast_head":"<!-- This site is optimized with the Yoast SEO plugin v20.11 - https:\/\/yoast.com\/wordpress\/plugins\/seo\/ -->\n<title>Le Cercle litt\u00e9raire des amoureux de Jane Austen - Librairie 7L<\/title>\n<meta name=\"robots\" content=\"index, follow, max-snippet:-1, max-image-preview:large, max-video-preview:-1\" \/>\n<link rel=\"canonical\" href=\"https:\/\/librairie7l.com\/en\/produit\/le-cercle-litteraire-des-amoureux-de-jane-austen-3\/\" \/>\n<meta property=\"og:locale\" content=\"en_US\" \/>\n<meta property=\"og:type\" content=\"article\" \/>\n<meta property=\"og:title\" content=\"Le Cercle litt\u00e9raire des amoureux de Jane Austen - Librairie 7L\" \/>\n<meta property=\"og:description\" content=\"Jane Austen savait que rien ne pouvait procurer aux femmes une r\u00e9elle ind\u00e9pendance. Par son seul g\u00e9nie, pourtant, elle avait fini par acqu\u00e9rir un peu de cette libert\u00e9. Suffisamment pour travailler, vivre et mourir comme elle l&#8217;entendait. C&#8217;\u00e9tait un v\u00e9ritable accomplissement, d&#8217;avoir pu pr\u00e9senter au monde son h\u00e9ritage de six romans, enti\u00e8rement \u00e9crits, r\u00e9vis\u00e9s et [&hellip;]\" \/>\n<meta property=\"og:url\" content=\"https:\/\/librairie7l.com\/en\/produit\/le-cercle-litteraire-des-amoureux-de-jane-austen-3\/\" \/>\n<meta property=\"og:site_name\" content=\"Librairie 7L\" \/>\n<meta property=\"article:modified_time\" content=\"2026-04-05T21:27:04+00:00\" \/>\n<meta property=\"og:image\" content=\"https:\/\/librairie7l.com\/wp-content\/uploads\/2024\/01\/9782381229539_1_75.jpg\" \/>\n\t<meta property=\"og:image:width\" content=\"600\" \/>\n\t<meta property=\"og:image:height\" content=\"951\" \/>\n\t<meta property=\"og:image:type\" content=\"image\/jpeg\" \/>\n<meta name=\"twitter:card\" content=\"summary_large_image\" \/>\n<meta name=\"twitter:label1\" content=\"Est. reading time\" \/>\n\t<meta name=\"twitter:data1\" content=\"1 minute\" \/>\n<script type=\"application\/ld+json\" class=\"yoast-schema-graph\">{\"@context\":\"https:\/\/schema.org\",\"@graph\":[{\"@type\":\"WebPage\",\"@id\":\"https:\/\/librairie7l.com\/en\/produit\/le-cercle-litteraire-des-amoureux-de-jane-austen-3\/\",\"url\":\"https:\/\/librairie7l.com\/en\/produit\/le-cercle-litteraire-des-amoureux-de-jane-austen-3\/\",\"name\":\"Le Cercle litt\u00e9raire des amoureux de Jane Austen - Librairie 7L\",\"isPartOf\":{\"@id\":\"https:\/\/librairie7l.com\/en\/#website\"},\"datePublished\":\"2025-12-14T19:25:46+00:00\",\"dateModified\":\"2026-04-05T21:27:04+00:00\",\"breadcrumb\":{\"@id\":\"https:\/\/librairie7l.com\/en\/produit\/le-cercle-litteraire-des-amoureux-de-jane-austen-3\/#breadcrumb\"},\"inLanguage\":\"en-US\",\"potentialAction\":[{\"@type\":\"ReadAction\",\"target\":[\"https:\/\/librairie7l.com\/en\/produit\/le-cercle-litteraire-des-amoureux-de-jane-austen-3\/\"]}]},{\"@type\":\"BreadcrumbList\",\"@id\":\"https:\/\/librairie7l.com\/en\/produit\/le-cercle-litteraire-des-amoureux-de-jane-austen-3\/#breadcrumb\",\"itemListElement\":[{\"@type\":\"ListItem\",\"position\":1,\"name\":\"Accueil\",\"item\":\"https:\/\/librairie7l.com\/en\/\"},{\"@type\":\"ListItem\",\"position\":2,\"name\":\"Shop\",\"item\":\"https:\/\/librairie7l.com\/en\/shop\/\"},{\"@type\":\"ListItem\",\"position\":3,\"name\":\"LE CERCLE LITT\u00c9RAIRE DES AMOUREUX DE JANE AUSTEN\"}]},{\"@type\":\"WebSite\",\"@id\":\"https:\/\/librairie7l.com\/en\/#website\",\"url\":\"https:\/\/librairie7l.com\/en\/\",\"name\":\"Librairie 7L\",\"description\":\"Librairie fond\u00e9e en 1999 par Karl Lagerfeld \u00e0 Paris\",\"publisher\":{\"@id\":\"https:\/\/librairie7l.com\/en\/#organization\"},\"potentialAction\":[{\"@type\":\"SearchAction\",\"target\":{\"@type\":\"EntryPoint\",\"urlTemplate\":\"https:\/\/librairie7l.com\/en\/?s={search_term_string}\"},\"query-input\":\"required name=search_term_string\"}],\"inLanguage\":\"en-US\"},{\"@type\":\"Organization\",\"@id\":\"https:\/\/librairie7l.com\/en\/#organization\",\"name\":\"Librairie 7L\",\"url\":\"https:\/\/librairie7l.com\/en\/\",\"logo\":{\"@type\":\"ImageObject\",\"inLanguage\":\"en-US\",\"@id\":\"https:\/\/librairie7l.com\/en\/#\/schema\/logo\/image\/\",\"url\":\"https:\/\/librairie7l.com\/wp-content\/uploads\/2022\/08\/logo-1.png\",\"contentUrl\":\"https:\/\/librairie7l.com\/wp-content\/uploads\/2022\/08\/logo-1.png\",\"width\":227,\"height\":301,\"caption\":\"Librairie 7L\"},\"image\":{\"@id\":\"https:\/\/librairie7l.com\/en\/#\/schema\/logo\/image\/\"}}]}<\/script>\n<!-- \/ Yoast SEO plugin. -->","yoast_head_json":{"title":"Le Cercle litt\u00e9raire des amoureux de Jane Austen - Librairie 7L","robots":{"index":"index","follow":"follow","max-snippet":"max-snippet:-1","max-image-preview":"max-image-preview:large","max-video-preview":"max-video-preview:-1"},"canonical":"https:\/\/librairie7l.com\/en\/produit\/le-cercle-litteraire-des-amoureux-de-jane-austen-3\/","og_locale":"en_US","og_type":"article","og_title":"Le Cercle litt\u00e9raire des amoureux de Jane Austen - Librairie 7L","og_description":"Jane Austen savait que rien ne pouvait procurer aux femmes une r\u00e9elle ind\u00e9pendance. Par son seul g\u00e9nie, pourtant, elle avait fini par acqu\u00e9rir un peu de cette libert\u00e9. Suffisamment pour travailler, vivre et mourir comme elle l&#8217;entendait. C&#8217;\u00e9tait un v\u00e9ritable accomplissement, d&#8217;avoir pu pr\u00e9senter au monde son h\u00e9ritage de six romans, enti\u00e8rement \u00e9crits, r\u00e9vis\u00e9s et [&hellip;]","og_url":"https:\/\/librairie7l.com\/en\/produit\/le-cercle-litteraire-des-amoureux-de-jane-austen-3\/","og_site_name":"Librairie 7L","article_modified_time":"2026-04-05T21:27:04+00:00","og_image":[{"width":600,"height":951,"url":"https:\/\/librairie7l.com\/wp-content\/uploads\/2024\/01\/9782381229539_1_75.jpg","type":"image\/jpeg"}],"twitter_card":"summary_large_image","twitter_misc":{"Est. reading time":"1 minute"},"schema":{"@context":"https:\/\/schema.org","@graph":[{"@type":"WebPage","@id":"https:\/\/librairie7l.com\/en\/produit\/le-cercle-litteraire-des-amoureux-de-jane-austen-3\/","url":"https:\/\/librairie7l.com\/en\/produit\/le-cercle-litteraire-des-amoureux-de-jane-austen-3\/","name":"Le Cercle litt\u00e9raire des amoureux de Jane Austen - Librairie 7L","isPartOf":{"@id":"https:\/\/librairie7l.com\/en\/#website"},"datePublished":"2025-12-14T19:25:46+00:00","dateModified":"2026-04-05T21:27:04+00:00","breadcrumb":{"@id":"https:\/\/librairie7l.com\/en\/produit\/le-cercle-litteraire-des-amoureux-de-jane-austen-3\/#breadcrumb"},"inLanguage":"en-US","potentialAction":[{"@type":"ReadAction","target":["https:\/\/librairie7l.com\/en\/produit\/le-cercle-litteraire-des-amoureux-de-jane-austen-3\/"]}]},{"@type":"BreadcrumbList","@id":"https:\/\/librairie7l.com\/en\/produit\/le-cercle-litteraire-des-amoureux-de-jane-austen-3\/#breadcrumb","itemListElement":[{"@type":"ListItem","position":1,"name":"Accueil","item":"https:\/\/librairie7l.com\/en\/"},{"@type":"ListItem","position":2,"name":"Shop","item":"https:\/\/librairie7l.com\/en\/shop\/"},{"@type":"ListItem","position":3,"name":"LE CERCLE LITT\u00c9RAIRE DES AMOUREUX DE JANE AUSTEN"}]},{"@type":"WebSite","@id":"https:\/\/librairie7l.com\/en\/#website","url":"https:\/\/librairie7l.com\/en\/","name":"Librairie 7L","description":"Librairie fond\u00e9e en 1999 par Karl Lagerfeld \u00e0 Paris","publisher":{"@id":"https:\/\/librairie7l.com\/en\/#organization"},"potentialAction":[{"@type":"SearchAction","target":{"@type":"EntryPoint","urlTemplate":"https:\/\/librairie7l.com\/en\/?s={search_term_string}"},"query-input":"required name=search_term_string"}],"inLanguage":"en-US"},{"@type":"Organization","@id":"https:\/\/librairie7l.com\/en\/#organization","name":"Librairie 7L","url":"https:\/\/librairie7l.com\/en\/","logo":{"@type":"ImageObject","inLanguage":"en-US","@id":"https:\/\/librairie7l.com\/en\/#\/schema\/logo\/image\/","url":"https:\/\/librairie7l.com\/wp-content\/uploads\/2022\/08\/logo-1.png","contentUrl":"https:\/\/librairie7l.com\/wp-content\/uploads\/2022\/08\/logo-1.png","width":227,"height":301,"caption":"Librairie 7L"},"image":{"@id":"https:\/\/librairie7l.com\/en\/#\/schema\/logo\/image\/"}}]}},"_links":{"self":[{"href":"https:\/\/librairie7l.com\/en\/wp-json\/wp\/v2\/product\/53225"}],"collection":[{"href":"https:\/\/librairie7l.com\/en\/wp-json\/wp\/v2\/product"}],"about":[{"href":"https:\/\/librairie7l.com\/en\/wp-json\/wp\/v2\/types\/product"}],"wp:featuredmedia":[{"embeddable":true,"href":"https:\/\/librairie7l.com\/en\/wp-json\/wp\/v2\/media\/53223"}],"wp:attachment":[{"href":"https:\/\/librairie7l.com\/en\/wp-json\/wp\/v2\/media?parent=53225"}],"wp:term":[{"taxonomy":"product_cat","embeddable":true,"href":"https:\/\/librairie7l.com\/en\/wp-json\/wp\/v2\/product_cat?post=53225"},{"taxonomy":"product_tag","embeddable":true,"href":"https:\/\/librairie7l.com\/en\/wp-json\/wp\/v2\/product_tag?post=53225"}],"curies":[{"name":"wp","href":"https:\/\/api.w.org\/{rel}","templated":true}]}}