{"id":53249,"date":"2025-12-16T11:35:47","date_gmt":"2025-12-16T10:35:47","guid":{"rendered":"https:\/\/librairie7l.com\/?post_type=product&#038;p=53249"},"modified":"2026-04-05T22:09:38","modified_gmt":"2026-04-05T20:09:38","slug":"maya-goded-the-serpents-trail-2","status":"publish","type":"product","link":"https:\/\/librairie7l.com\/en\/produit\/maya-goded-the-serpents-trail-2\/","title":{"rendered":"MAYA GODED THE SERPENT&#8217;S TRAIL"},"content":{"rendered":"<p>The Trail of the Serpent de Maya Goded Colichio est un ouvrage puissant m\u00ealant photographie, po\u00e9sie, t\u00e9moignages et essai pour tracer un voyage intime, politique et spirituel. \u00c0 travers un design original en trois livrets imbriqu\u00e9s, le livre explore les violences subies par les femmes dans des territoires marqu\u00e9s par l&#8217;histoire, l&#8217;extractivisme et l&#8217;oubli, notamment dans le d\u00e9sert d&#8217;Atacama et la jungle du Chiapas. S&#8217;inspirant de sa propre histoire familiale et des luttes des femmes autochtones, l&#8217;auteure utilise le serpent, symbole ancestral de sagesse f\u00e9minine et de transformation, comme fil conducteur d&#8217;un r\u00e9cit en spirale, invitant \u00e0 une m\u00e9moire collective, un deuil et une renaissance \u00e9cof\u00e9ministe.<\/p>\n","protected":false},"excerpt":{"rendered":"<p>The Trail of the Serpent de Maya Goded Colichio est un ouvrage puissant m\u00ealant photographie, po\u00e9sie, t\u00e9moignages et essai pour tracer un voyage intime, politique et spirituel. \u00c0 travers un design original en trois livrets imbriqu\u00e9s, le livre explore les violences subies par les femmes dans des territoires marqu\u00e9s par l&#8217;histoire, l&#8217;extractivisme et l&#8217;oubli, notamment [&hellip;]<\/p>\n","protected":false},"featured_media":53247,"template":"","meta":[],"product_cat":[7364,2948],"product_tag":[],"acf":[],"yoast_head":"<!-- This site is optimized with the Yoast SEO plugin v20.11 - https:\/\/yoast.com\/wordpress\/plugins\/seo\/ -->\n<title>Maya Goded the Serpent&#039;s Trail - Librairie 7L<\/title>\n<meta name=\"robots\" content=\"index, follow, max-snippet:-1, max-image-preview:large, max-video-preview:-1\" \/>\n<link rel=\"canonical\" href=\"https:\/\/librairie7l.com\/en\/produit\/maya-goded-the-serpents-trail-2\/\" \/>\n<meta property=\"og:locale\" content=\"en_US\" \/>\n<meta property=\"og:type\" content=\"article\" \/>\n<meta property=\"og:title\" content=\"Maya Goded the Serpent&#039;s Trail - Librairie 7L\" \/>\n<meta property=\"og:description\" content=\"The Trail of the Serpent de Maya Goded Colichio est un ouvrage puissant m\u00ealant photographie, po\u00e9sie, t\u00e9moignages et essai pour tracer un voyage intime, politique et spirituel. \u00c0 travers un design original en trois livrets imbriqu\u00e9s, le livre explore les violences subies par les femmes dans des territoires marqu\u00e9s par l&#8217;histoire, l&#8217;extractivisme et l&#8217;oubli, notamment [&hellip;]\" \/>\n<meta property=\"og:url\" content=\"https:\/\/librairie7l.com\/en\/produit\/maya-goded-the-serpents-trail-2\/\" \/>\n<meta property=\"og:site_name\" content=\"Librairie 7L\" \/>\n<meta property=\"article:modified_time\" content=\"2026-04-05T20:09:38+00:00\" \/>\n<meta property=\"og:image\" content=\"https:\/\/librairie7l.com\/wp-content\/uploads\/2025\/07\/9788410290198_1_75.jpg\" \/>\n\t<meta property=\"og:image:width\" content=\"600\" \/>\n\t<meta property=\"og:image:height\" content=\"753\" \/>\n\t<meta property=\"og:image:type\" content=\"image\/jpeg\" \/>\n<meta name=\"twitter:card\" content=\"summary_large_image\" \/>\n<meta name=\"twitter:label1\" content=\"Est. reading time\" \/>\n\t<meta name=\"twitter:data1\" content=\"1 minute\" \/>\n<script type=\"application\/ld+json\" class=\"yoast-schema-graph\">{\"@context\":\"https:\/\/schema.org\",\"@graph\":[{\"@type\":\"WebPage\",\"@id\":\"https:\/\/librairie7l.com\/en\/produit\/maya-goded-the-serpents-trail-2\/\",\"url\":\"https:\/\/librairie7l.com\/en\/produit\/maya-goded-the-serpents-trail-2\/\",\"name\":\"Maya Goded the Serpent's Trail - Librairie 7L\",\"isPartOf\":{\"@id\":\"https:\/\/librairie7l.com\/en\/#website\"},\"datePublished\":\"2025-12-16T10:35:47+00:00\",\"dateModified\":\"2026-04-05T20:09:38+00:00\",\"breadcrumb\":{\"@id\":\"https:\/\/librairie7l.com\/en\/produit\/maya-goded-the-serpents-trail-2\/#breadcrumb\"},\"inLanguage\":\"en-US\",\"potentialAction\":[{\"@type\":\"ReadAction\",\"target\":[\"https:\/\/librairie7l.com\/en\/produit\/maya-goded-the-serpents-trail-2\/\"]}]},{\"@type\":\"BreadcrumbList\",\"@id\":\"https:\/\/librairie7l.com\/en\/produit\/maya-goded-the-serpents-trail-2\/#breadcrumb\",\"itemListElement\":[{\"@type\":\"ListItem\",\"position\":1,\"name\":\"Accueil\",\"item\":\"https:\/\/librairie7l.com\/en\/\"},{\"@type\":\"ListItem\",\"position\":2,\"name\":\"Shop\",\"item\":\"https:\/\/librairie7l.com\/en\/shop\/\"},{\"@type\":\"ListItem\",\"position\":3,\"name\":\"MAYA GODED THE SERPENT&#8217;S TRAIL\"}]},{\"@type\":\"WebSite\",\"@id\":\"https:\/\/librairie7l.com\/en\/#website\",\"url\":\"https:\/\/librairie7l.com\/en\/\",\"name\":\"Librairie 7L\",\"description\":\"Librairie fond\u00e9e en 1999 par Karl Lagerfeld \u00e0 Paris\",\"publisher\":{\"@id\":\"https:\/\/librairie7l.com\/en\/#organization\"},\"potentialAction\":[{\"@type\":\"SearchAction\",\"target\":{\"@type\":\"EntryPoint\",\"urlTemplate\":\"https:\/\/librairie7l.com\/en\/?s={search_term_string}\"},\"query-input\":\"required name=search_term_string\"}],\"inLanguage\":\"en-US\"},{\"@type\":\"Organization\",\"@id\":\"https:\/\/librairie7l.com\/en\/#organization\",\"name\":\"Librairie 7L\",\"url\":\"https:\/\/librairie7l.com\/en\/\",\"logo\":{\"@type\":\"ImageObject\",\"inLanguage\":\"en-US\",\"@id\":\"https:\/\/librairie7l.com\/en\/#\/schema\/logo\/image\/\",\"url\":\"https:\/\/librairie7l.com\/wp-content\/uploads\/2022\/08\/logo-1.png\",\"contentUrl\":\"https:\/\/librairie7l.com\/wp-content\/uploads\/2022\/08\/logo-1.png\",\"width\":227,\"height\":301,\"caption\":\"Librairie 7L\"},\"image\":{\"@id\":\"https:\/\/librairie7l.com\/en\/#\/schema\/logo\/image\/\"}}]}<\/script>\n<!-- \/ Yoast SEO plugin. -->","yoast_head_json":{"title":"Maya Goded the Serpent's Trail - Librairie 7L","robots":{"index":"index","follow":"follow","max-snippet":"max-snippet:-1","max-image-preview":"max-image-preview:large","max-video-preview":"max-video-preview:-1"},"canonical":"https:\/\/librairie7l.com\/en\/produit\/maya-goded-the-serpents-trail-2\/","og_locale":"en_US","og_type":"article","og_title":"Maya Goded the Serpent's Trail - Librairie 7L","og_description":"The Trail of the Serpent de Maya Goded Colichio est un ouvrage puissant m\u00ealant photographie, po\u00e9sie, t\u00e9moignages et essai pour tracer un voyage intime, politique et spirituel. \u00c0 travers un design original en trois livrets imbriqu\u00e9s, le livre explore les violences subies par les femmes dans des territoires marqu\u00e9s par l&#8217;histoire, l&#8217;extractivisme et l&#8217;oubli, notamment [&hellip;]","og_url":"https:\/\/librairie7l.com\/en\/produit\/maya-goded-the-serpents-trail-2\/","og_site_name":"Librairie 7L","article_modified_time":"2026-04-05T20:09:38+00:00","og_image":[{"width":600,"height":753,"url":"https:\/\/librairie7l.com\/wp-content\/uploads\/2025\/07\/9788410290198_1_75.jpg","type":"image\/jpeg"}],"twitter_card":"summary_large_image","twitter_misc":{"Est. reading time":"1 minute"},"schema":{"@context":"https:\/\/schema.org","@graph":[{"@type":"WebPage","@id":"https:\/\/librairie7l.com\/en\/produit\/maya-goded-the-serpents-trail-2\/","url":"https:\/\/librairie7l.com\/en\/produit\/maya-goded-the-serpents-trail-2\/","name":"Maya Goded the Serpent's Trail - Librairie 7L","isPartOf":{"@id":"https:\/\/librairie7l.com\/en\/#website"},"datePublished":"2025-12-16T10:35:47+00:00","dateModified":"2026-04-05T20:09:38+00:00","breadcrumb":{"@id":"https:\/\/librairie7l.com\/en\/produit\/maya-goded-the-serpents-trail-2\/#breadcrumb"},"inLanguage":"en-US","potentialAction":[{"@type":"ReadAction","target":["https:\/\/librairie7l.com\/en\/produit\/maya-goded-the-serpents-trail-2\/"]}]},{"@type":"BreadcrumbList","@id":"https:\/\/librairie7l.com\/en\/produit\/maya-goded-the-serpents-trail-2\/#breadcrumb","itemListElement":[{"@type":"ListItem","position":1,"name":"Accueil","item":"https:\/\/librairie7l.com\/en\/"},{"@type":"ListItem","position":2,"name":"Shop","item":"https:\/\/librairie7l.com\/en\/shop\/"},{"@type":"ListItem","position":3,"name":"MAYA GODED THE SERPENT&#8217;S TRAIL"}]},{"@type":"WebSite","@id":"https:\/\/librairie7l.com\/en\/#website","url":"https:\/\/librairie7l.com\/en\/","name":"Librairie 7L","description":"Librairie fond\u00e9e en 1999 par Karl Lagerfeld \u00e0 Paris","publisher":{"@id":"https:\/\/librairie7l.com\/en\/#organization"},"potentialAction":[{"@type":"SearchAction","target":{"@type":"EntryPoint","urlTemplate":"https:\/\/librairie7l.com\/en\/?s={search_term_string}"},"query-input":"required name=search_term_string"}],"inLanguage":"en-US"},{"@type":"Organization","@id":"https:\/\/librairie7l.com\/en\/#organization","name":"Librairie 7L","url":"https:\/\/librairie7l.com\/en\/","logo":{"@type":"ImageObject","inLanguage":"en-US","@id":"https:\/\/librairie7l.com\/en\/#\/schema\/logo\/image\/","url":"https:\/\/librairie7l.com\/wp-content\/uploads\/2022\/08\/logo-1.png","contentUrl":"https:\/\/librairie7l.com\/wp-content\/uploads\/2022\/08\/logo-1.png","width":227,"height":301,"caption":"Librairie 7L"},"image":{"@id":"https:\/\/librairie7l.com\/en\/#\/schema\/logo\/image\/"}}]}},"_links":{"self":[{"href":"https:\/\/librairie7l.com\/en\/wp-json\/wp\/v2\/product\/53249"}],"collection":[{"href":"https:\/\/librairie7l.com\/en\/wp-json\/wp\/v2\/product"}],"about":[{"href":"https:\/\/librairie7l.com\/en\/wp-json\/wp\/v2\/types\/product"}],"wp:featuredmedia":[{"embeddable":true,"href":"https:\/\/librairie7l.com\/en\/wp-json\/wp\/v2\/media\/53247"}],"wp:attachment":[{"href":"https:\/\/librairie7l.com\/en\/wp-json\/wp\/v2\/media?parent=53249"}],"wp:term":[{"taxonomy":"product_cat","embeddable":true,"href":"https:\/\/librairie7l.com\/en\/wp-json\/wp\/v2\/product_cat?post=53249"},{"taxonomy":"product_tag","embeddable":true,"href":"https:\/\/librairie7l.com\/en\/wp-json\/wp\/v2\/product_tag?post=53249"}],"curies":[{"name":"wp","href":"https:\/\/api.w.org\/{rel}","templated":true}]}}